{"id":524,"date":"2018-02-24T07:53:38","date_gmt":"2018-02-24T06:53:38","guid":{"rendered":"http:\/\/www.geoparkzh.cz\/cs\/?page_id=524"},"modified":"2018-05-18T13:16:56","modified_gmt":"2018-05-18T11:16:56","slug":"education","status":"publish","type":"page","link":"https:\/\/www.geoparkzh.cz\/en\/education\/","title":{"rendered":"Education"},"content":{"rendered":"<style type=\"text\/css\"> \n#cmsms_row_69de2667973ce .cmsms_row_outer_parent { \n\tpadding-top: 50px; \n} \n\n#cmsms_row_69de2667973ce .cmsms_row_outer_parent { \n\tpadding-bottom: 0px; \n} \n\n \n#cmsms_row_69de266797528 .cmsms_row_outer_parent { \n\tpadding-top: 0px; \n} \n\n#cmsms_row_69de266797528 .cmsms_row_outer_parent { \n\tpadding-bottom: 0px; \n} \n\n \n#cmsms_divider_69de2667975da { \n\tpadding-top:20px; \n\tmargin-bottom:20px; \n} \n \n#cmsms_heading_69de266797610, #cmsms_heading_69de266797610 a { \n\ttext-align:center; \n\tfont-weight:400; \n\tfont-style:normal; \n\tmargin-top:0px; \n\tmargin-bottom:20px; \n} \n \n#cmsms_divider_69de266797629 { \n\tpadding-top:20px; \n\tmargin-bottom:20px; \n} \n \n#cmsms_row_69de266797677 .cmsms_row_outer_parent { \n\tpadding-top: 0px; \n} \n\n#cmsms_row_69de266797677 .cmsms_row_outer_parent { \n\tpadding-bottom: 0px; \n} \n\n \n#cmsms_heading_69de266797718, #cmsms_heading_69de266797718 a { \n\ttext-align:center; \n\tfont-weight:400; \n\tfont-style:normal; \n\tmargin-top:0px; \n\tmargin-bottom:0px; \n} \n \n#cmsms_row_69de266797754 .cmsms_row_outer_parent { \n\tpadding-top: 10px; \n} \n\n#cmsms_row_69de266797754 .cmsms_row_outer_parent { \n\tpadding-bottom: 10px; \n} \n\n#cmsms_row_69de266797754 .cmsms_row_inner.cmsms_row_fullwidth { \n\tpadding-left:25%; \n} \n#cmsms_row_69de266797754 .cmsms_row_inner.cmsms_row_fullwidth { \n\tpadding-right:25%; \n} \n \n#cmsms_divider_69de2667977f9 { \n\tpadding-top:20px; \n\tmargin-bottom:20px; \n} \n \n#cmsms_row_69de266797846 .cmsms_row_outer_parent { \n\tpadding-top: 0px; \n} \n\n#cmsms_row_69de266797846 .cmsms_row_outer_parent { \n\tpadding-bottom: 50px; \n} \n\n#cmsms_row_69de266797846 .cmsms_row_inner.cmsms_row_fullwidth { \n\tpadding-left:32%; \n} \n#cmsms_row_69de266797846 .cmsms_row_inner.cmsms_row_fullwidth { \n\tpadding-right:32%; \n} \n \n#cmsms_row_69de2667979c2 .cmsms_row_outer_parent { \n\tpadding-top: 10px; \n} \n\n#cmsms_row_69de2667979c2 .cmsms_row_outer_parent { \n\tpadding-bottom: 10px; \n} \n\n#cmsms_row_69de2667979c2 .cmsms_row_inner.cmsms_row_fullwidth { \n\tpadding-left:25%; \n} \n#cmsms_row_69de2667979c2 .cmsms_row_inner.cmsms_row_fullwidth { \n\tpadding-right:25%; \n} \n \n#cmsms_divider_69de266797a65 { \n\tpadding-top:20px; \n\tmargin-bottom:20px; \n} \n \n#cmsms_row_69de266797ab0 .cmsms_row_outer_parent { \n\tpadding-top: 0px; \n} \n\n#cmsms_row_69de266797ab0 .cmsms_row_outer_parent { \n\tpadding-bottom: 0px; \n} \n\n \n#cmsms_heading_69de266797b4a, #cmsms_heading_69de266797b4a a { \n\ttext-align:center; \n\tfont-weight:400; \n\tfont-style:normal; \n\tmargin-top:0px; \n\tmargin-bottom:0px; \n} \n \n#cmsms_row_69de266797b85 .cmsms_row_outer_parent { \n\tpadding-top: 10px; \n} \n\n#cmsms_row_69de266797b85 .cmsms_row_outer_parent { \n\tpadding-bottom: 10px; \n} \n\n#cmsms_row_69de266797b85 .cmsms_row_inner.cmsms_row_fullwidth { \n\tpadding-left:25%; \n} \n#cmsms_row_69de266797b85 .cmsms_row_inner.cmsms_row_fullwidth { \n\tpadding-right:25%; \n} \n \n#cmsms_divider_69de266797c22 { \n\tpadding-top:20px; \n\tmargin-bottom:20px; \n} \n \n#cmsms_row_69de266797c6f .cmsms_row_outer_parent { \n\tpadding-top: 0px; \n} \n\n#cmsms_row_69de266797c6f .cmsms_row_outer_parent { \n\tpadding-bottom: 50px; \n} \n\n#cmsms_row_69de266797c6f .cmsms_row_inner.cmsms_row_fullwidth { \n\tpadding-left:32%; \n} \n#cmsms_row_69de266797c6f .cmsms_row_inner.cmsms_row_fullwidth { \n\tpadding-right:32%; \n} \n \n#cmsms_row_69de266797de5 .cmsms_row_outer_parent { \n\tpadding-top: 0px; \n} \n\n#cmsms_row_69de266797de5 .cmsms_row_outer_parent { \n\tpadding-bottom: 0px; \n} \n\n \n#cmsms_divider_69de266797e8b { \n\tpadding-top:20px; \n\tmargin-bottom:20px; \n} \n \n#cmsms_heading_69de266797eb9, #cmsms_heading_69de266797eb9 a { \n\ttext-align:center; \n\tfont-weight:400; \n\tfont-style:normal; \n\tmargin-top:0px; \n\tmargin-bottom:20px; \n} \n \n#cmsms_divider_69de266797ecf { \n\tpadding-top:20px; \n\tmargin-bottom:20px; \n} \n \n#cmsms_row_69de266797f1f .cmsms_row_outer_parent { \n\tpadding-top: 0px; \n} \n\n#cmsms_row_69de266797f1f .cmsms_row_outer_parent { \n\tpadding-bottom: 50px; \n} \n\n#cmsms_row_69de266797f1f .cmsms_row_inner.cmsms_row_fullwidth { \n\tpadding-left:32%; \n} \n#cmsms_row_69de266797f1f .cmsms_row_inner.cmsms_row_fullwidth { \n\tpadding-right:32%; \n} \n \n#cmsms_row_69de266798134 .cmsms_row_outer_parent { \n\tpadding-top: 0px; \n} \n\n#cmsms_row_69de266798134 .cmsms_row_outer_parent { \n\tpadding-bottom: 0px; \n} \n\n \n#cmsms_divider_69de2667981db { \n\tpadding-top:20px; \n\tmargin-bottom:20px; \n} \n \n#cmsms_heading_69de26679820a, #cmsms_heading_69de26679820a a { \n\ttext-align:center; \n\tfont-weight:400; \n\tfont-style:normal; \n\tmargin-top:0px; \n\tmargin-bottom:20px; \n} \n \n#cmsms_divider_69de266798220 { \n\tpadding-top:20px; \n\tmargin-bottom:20px; \n} \n \n#cmsms_row_69de26679827a .cmsms_row_outer_parent { \n\tpadding-top: 0px; \n} \n\n#cmsms_row_69de26679827a .cmsms_row_outer_parent { \n\tpadding-bottom: 50px; \n} \n\n#cmsms_row_69de26679827a .cmsms_row_inner.cmsms_row_fullwidth { \n\tpadding-left:32%; \n} \n#cmsms_row_69de26679827a .cmsms_row_inner.cmsms_row_fullwidth { \n\tpadding-right:32%; \n} \n<\/style><div id=\"cmsms_row_69de2667973ce\" class=\"cmsms_row cmsms_color_scheme_default\">\n<div class=\"cmsms_row_outer_parent\">\n<div class=\"cmsms_row_outer\">\n<div class=\"cmsms_row_inner\">\n<div class=\"cmsms_row_margin\">\n<div class=\"cmsms_column one_first\">\n<div class=\"cmsms_text\">\n<h1 style=\"text-align: center;\"><span style=\"color: #925683;\">Geopark<\/span><span style=\"color: #000;\"> &#8211; education<\/span><\/h1>\n<\/div>\n<\/div>\n<\/div>\n<\/div>\n<\/div>\n<\/div>\n<\/div>\n<div id=\"cmsms_row_69de266797528\" class=\"cmsms_row cmsms_color_scheme_default\">\n<div class=\"cmsms_row_outer_parent\">\n<div class=\"cmsms_row_outer\">\n<div class=\"cmsms_row_inner\">\n<div class=\"cmsms_row_margin\">\n<div class=\"cmsms_column one_first\">\n<div id=\"cmsms_divider_69de2667975da\" class=\"cmsms_divider solid\"><\/div>\n<h2 id=\"cmsms_heading_69de266797610\" class=\"cmsms_heading\">Prim. and sec. schools<\/h2>\n<div id=\"cmsms_divider_69de266797629\" class=\"cmsms_divider solid\"><\/div>\n<\/div>\n<\/div>\n<\/div>\n<\/div>\n<\/div>\n<\/div>\n<div id=\"cmsms_row_69de266797677\" class=\"cmsms_row cmsms_color_scheme_default\">\n<div class=\"cmsms_row_outer_parent\">\n<div class=\"cmsms_row_outer\">\n<div class=\"cmsms_row_inner\">\n<div class=\"cmsms_row_margin\">\n<div class=\"cmsms_column one_first\">\n<h3 id=\"cmsms_heading_69de266797718\" class=\"cmsms_heading\">Geological educational program<\/h3>\n<\/div>\n<\/div>\n<\/div>\n<\/div>\n<\/div>\n<\/div>\n<div id=\"cmsms_row_69de266797754\" class=\"cmsms_row cmsms_color_scheme_default\">\n<div class=\"cmsms_row_outer_parent\">\n<div class=\"cmsms_row_outer\">\n<div class=\"cmsms_row_inner cmsms_row_fullwidth\">\n<div class=\"cmsms_row_margin\">\n<div class=\"cmsms_column one_first\">\n<div id=\"cmsms_divider_69de2667977f9\" class=\"cmsms_divider solid\"><\/div>\n<\/div>\n<\/div>\n<\/div>\n<\/div>\n<\/div>\n<\/div>\n<div id=\"cmsms_row_69de266797846\" class=\"cmsms_row cmsms_color_scheme_default\">\n<div class=\"cmsms_row_outer_parent\">\n<div class=\"cmsms_row_outer\">\n<div class=\"cmsms_row_inner cmsms_row_fullwidth\">\n<div class=\"cmsms_row_margin\">\n<div class=\"cmsms_column one_first\">\n<div class=\"cmsms_text\">\n<p style=\"text-align: center;\">We have prepared an attractive program for students of primary and secondary school \u2013 experiential programs that guide you through the geology of the Iron Mountains. The following programs are offered for groups of all ages.<\/p>\n<p style=\"font-size: 120%; text-align: center;\">How a granite cube stone is made?<br \/>\nwandering to water<br \/>\nEarth\u2019s history in two days<br \/>\nIn the footsteps of lime in the Iron Mountains<\/p>\n<p style=\"text-align: center;\">For more info, please see the attached flyer (in Czech).<\/p>\n<p style=\"text-align: center;\"><a href=\"\/cs\/wp-content\/uploads\/sites\/2\/2018\/03\/geologicky_vyukovy_program.pdf\" target=\"_blank\" rel=\"noopener\"><img decoding=\"async\" src=\"\/cs\/wp-content\/uploads\/sites\/2\/2018\/02\/download-icon.png\" alt=\"Download\" \/><\/a><br \/>\n<a href=\"\/cs\/wp-content\/uploads\/sites\/2\/2018\/03\/geologicky_vyukovy_program.pdf\" target=\"_blank\" rel=\"noopener\">Geologick\u00fd<br \/>\nv\u00fdukov\u00fd<br \/>\nprogram<\/a><\/p>\n<\/div>\n<\/div>\n<\/div>\n<\/div>\n<\/div>\n<\/div>\n<\/div>\n<div id=\"cmsms_row_69de2667979c2\" class=\"cmsms_row cmsms_color_scheme_default\">\n<div class=\"cmsms_row_outer_parent\">\n<div class=\"cmsms_row_outer\">\n<div class=\"cmsms_row_inner cmsms_row_fullwidth\">\n<div class=\"cmsms_row_margin\">\n<div class=\"cmsms_column one_first\">\n<div id=\"cmsms_divider_69de266797a65\" class=\"cmsms_divider solid\"><\/div>\n<\/div>\n<\/div>\n<\/div>\n<\/div>\n<\/div>\n<\/div>\n<div id=\"cmsms_row_69de266797ab0\" class=\"cmsms_row cmsms_color_scheme_default\">\n<div class=\"cmsms_row_outer_parent\">\n<div class=\"cmsms_row_outer\">\n<div class=\"cmsms_row_inner\">\n<div class=\"cmsms_row_margin\">\n<div class=\"cmsms_column one_first\">\n<h3 id=\"cmsms_heading_69de266797b4a\" class=\"cmsms_heading\">School trips in the Chrudim-Hlinsko area<\/h3>\n<\/div>\n<\/div>\n<\/div>\n<\/div>\n<\/div>\n<\/div>\n<div id=\"cmsms_row_69de266797b85\" class=\"cmsms_row cmsms_color_scheme_default\">\n<div class=\"cmsms_row_outer_parent\">\n<div class=\"cmsms_row_outer\">\n<div class=\"cmsms_row_inner cmsms_row_fullwidth\">\n<div class=\"cmsms_row_margin\">\n<div class=\"cmsms_column one_first\">\n<div id=\"cmsms_divider_69de266797c22\" class=\"cmsms_divider solid\"><\/div>\n<\/div>\n<\/div>\n<\/div>\n<\/div>\n<\/div>\n<\/div>\n<div id=\"cmsms_row_69de266797c6f\" class=\"cmsms_row cmsms_color_scheme_default\">\n<div class=\"cmsms_row_outer_parent\">\n<div class=\"cmsms_row_outer\">\n<div class=\"cmsms_row_inner cmsms_row_fullwidth\">\n<div class=\"cmsms_row_margin\">\n<div class=\"cmsms_column one_first\">\n<div class=\"cmsms_text\">\n<p style=\"text-align: center;\">Chrudim-Hlinsko area prepared 7 educational programs for students of primary and secondary school:<\/p>\n<p style=\"font-size: 120%; text-align: center;\">Earth\u2019s history in two days<br \/>\nCeltic world<br \/>\nUnder the Old Kladruby Blackhorse princely way<br \/>\nJourney of the human bravery \u2013 In the Footsteps of lager tragedy<br \/>\nWandering in the countryside to see animals<br \/>\nFairytale journey with Kacaf\u00edrek<br \/>\nThrough the landscape of tranditions on a bicycle<\/p>\n<p style=\"text-align: center;\">For more info, please see the attached flyer (in Czech).<\/p>\n<p style=\"text-align: center;\"><a href=\"\/cs\/wp-content\/uploads\/sites\/2\/2018\/03\/Skolni_vylety.pdf\" target=\"_blank\" rel=\"noopener\"><img decoding=\"async\" src=\"\/cs\/wp-content\/uploads\/sites\/2\/2018\/02\/download-icon.png\" alt=\"Download\" \/><\/a><br \/>\n<a href=\"\/cs\/wp-content\/uploads\/sites\/2\/2018\/03\/Skolni_vylety.pdf\" target=\"_blank\" rel=\"noopener\">School trips<br \/>\nin the Chrudim-Hlinsko<br \/>\narea<\/a><\/p>\n<\/div>\n<\/div>\n<\/div>\n<\/div>\n<\/div>\n<\/div>\n<\/div>\n<div id=\"cmsms_row_69de266797de5\" class=\"cmsms_row cmsms_color_scheme_default\">\n<div class=\"cmsms_row_outer_parent\">\n<div class=\"cmsms_row_outer\">\n<div class=\"cmsms_row_inner\">\n<div class=\"cmsms_row_margin\">\n<div class=\"cmsms_column one_first\">\n<div id=\"cmsms_divider_69de266797e8b\" class=\"cmsms_divider solid\"><\/div>\n<h2 id=\"cmsms_heading_69de266797eb9\" class=\"cmsms_heading\">Universities<\/h2>\n<div id=\"cmsms_divider_69de266797ecf\" class=\"cmsms_divider solid\"><\/div>\n<\/div>\n<\/div>\n<\/div>\n<\/div>\n<\/div>\n<\/div>\n<div id=\"cmsms_row_69de266797f1f\" class=\"cmsms_row cmsms_color_scheme_default\">\n<div class=\"cmsms_row_outer_parent\">\n<div class=\"cmsms_row_outer\">\n<div class=\"cmsms_row_inner cmsms_row_fullwidth\">\n<div class=\"cmsms_row_margin\">\n<div class=\"cmsms_column one_first\">\n<div class=\"cmsms_text\">\n<p style=\"text-align: center;\">A necessary and desirable part of the geopark activities is also a training of university students. For students, we offer a range of circuits for processing bachelor\u2019s, master\u2019s and doctoral theses. Topics are not focused only on the professional geological issues, but also on areas of geoparks marketing and management and other topics including history, botany and zoology.<\/p>\n<p style=\"text-align: center;\">We also offer realization of professional courses and excursions, mapping courses and specialized workshops for universities.<\/p>\n<p style=\"text-align: center;\">For more information please contact Mgr. Jan Doucek (<a href=\"mailto:doucek@vz.cz\">doucek@vz.cz, +420 607 756 371).<\/a><\/p>\n<h4 style=\"text-align: center;\">Geopr\u016fvodce<\/h4>\n<p style=\"text-align: center;\"><a href=\"\/wp-content\/uploads\/sites\/2\/2018\/05\/geopruvodce2_final.pdf\">Geopr\u016fvodce \u2013 Speci\u00e1ln\u00ed pr\u016fvodce po geoparku \u017delezn\u00e9 hory (2. roz\u0161\u00ed\u0159en\u00e9 vyd\u00e1n\u00ed)<\/a><\/p>\n<h4 style=\"text-align: center;\">Multicultural differencies<\/h4>\n<p style=\"text-align: center;\"><a href=\"\/wp-content\/uploads\/sites\/2\/2018\/05\/multikulturni_rozdily_skripta.pdf\">Multikulturn\u00ed rozd\u00edly n\u00e1v\u0161t\u011bvn\u00edk\u016f<\/a><br \/>\n<a href=\"\/wp-content\/uploads\/sites\/2\/2018\/05\/multikulturni_rozdily_lektor.pdf\">Multikulturn\u00ed rozd\u00edly n\u00e1v\u0161t\u011bvn\u00edk\u016f \u2013 Skripta pro lektory kurzu<\/a><br \/>\n<a href=\"\/wp-content\/uploads\/sites\/2\/2018\/05\/multikulturni_rozdily_ucastnik.pdf\">Multikulturn\u00ed rozd\u00edly n\u00e1v\u0161t\u011bvn\u00edk\u016f \u2013 V\u00fdukov\u00e1 skripta pro \u00fa\u010dastn\u00edky kurzu<\/a><\/p>\n<h4 style=\"text-align: center;\">Methodologies<\/h4>\n<p style=\"text-align: center;\"><a href=\"\/wp-content\/uploads\/sites\/2\/2018\/05\/metodiky_final.pdf\">Metodiky n\u00e1rodn\u00edch geopark\u016f<\/a><\/p>\n<p style=\"text-align: center;\"><a href=\"\/wp-content\/uploads\/sites\/2\/2018\/05\/m_info_system_geoparku.pdf\">Metodika pro informa\u010dn\u00ed syst\u00e9m geoparku<\/a><br \/>\n<a href=\"\/wp-content\/uploads\/sites\/2\/2018\/05\/m_navstevnicka_centra_geoparku.pdf\">Metodika pro n\u00e1v\u0161t\u011bvnick\u00e1 centra geopark\u016f<\/a><br \/>\n<a href=\"\/wp-content\/uploads\/sites\/2\/2018\/05\/m_geol_expozic_a_nauc_geostezek.pdf\">Metodika pro tvorbu geologick\u00fdch expozic a nau\u010dn\u00fdch geostezek<\/a><br \/>\n<a href=\"\/wp-content\/uploads\/sites\/2\/2018\/05\/m_tvorba_tistenych_pruvodcu_uzemim_geoparku.pdf\">Metodika pro tvorbu ti\u0161t\u011bn\u00fdch pr\u016fvodc\u016f \u00fazem\u00edm geoparku<\/a><br \/>\n<a href=\"\/wp-content\/uploads\/sites\/2\/2018\/05\/m_vznik_geoparku_a_certifikaci_v_CR.pdf\">Metodika pro vznik geoparku a jeho certifikaci v \u010cesk\u00e9 republice<\/a><br \/>\n<a href=\"\/wp-content\/uploads\/sites\/2\/2018\/05\/m_znalosti_geopruvodcu_a_zpusob_rozvijeni.pdf\">Metodika znalosti geopr\u016fvodc\u016f a zp\u016fsob jejich rozv\u00edjen\u00ed<\/a><br \/>\n<a href=\"\/wp-content\/uploads\/sites\/2\/2018\/05\/m_zpusob_a_obsah_skoleni_geopruvodcu.pdf\">Metodika zp\u016fsob a obsah \u0161kolen\u00ed geopr\u016fvodc\u016f<\/a><\/p>\n<\/div>\n<\/div>\n<\/div>\n<\/div>\n<\/div>\n<\/div>\n<\/div>\n<div id=\"cmsms_row_69de266798134\" class=\"cmsms_row cmsms_color_scheme_default\">\n<div class=\"cmsms_row_outer_parent\">\n<div class=\"cmsms_row_outer\">\n<div class=\"cmsms_row_inner\">\n<div class=\"cmsms_row_margin\">\n<div class=\"cmsms_column one_first\">\n<div id=\"cmsms_divider_69de2667981db\" class=\"cmsms_divider solid\"><\/div>\n<h2 id=\"cmsms_heading_69de26679820a\" class=\"cmsms_heading\">Individual programs<\/h2>\n<div id=\"cmsms_divider_69de266798220\" class=\"cmsms_divider solid\"><\/div>\n<\/div>\n<\/div>\n<\/div>\n<\/div>\n<\/div>\n<\/div>\n<div id=\"cmsms_row_69de26679827a\" class=\"cmsms_row cmsms_color_scheme_default\">\n<div class=\"cmsms_row_outer_parent\">\n<div class=\"cmsms_row_outer\">\n<div class=\"cmsms_row_inner cmsms_row_fullwidth\">\n<div class=\"cmsms_row_margin\">\n<div class=\"cmsms_column one_first\">\n<div class=\"cmsms_text\">\n<h4 style=\"text-align: center;\">Geological-artistic education program<\/h4>\n<p style=\"text-align: center;\">Come with us and explore creative and destructive forces of the Earth. You will get acquainted with the young Tertiary volcanoes of the Iron Mountains. Within a half-day program, you visit, for example, the ruins of a Renaissance castle Ko\u0161umberk, a baroque jewel \u2013 the pilgrimage church of the Virgin Mary on Chlumek and other interesting places. Throughout the day, you will find an artistic inspiration in the creative and destructive forces of the Earth under the guidance of Mgr. Ma\u0161\u00ednov\u00e1, a georanger and artist in one person.<\/p>\n<p>The all-day program is suitable for all interest groups of all ages. More info in the attached flyer.<\/p>\n<p style=\"text-align: center;\"><a href=\"\/cs\/wp-content\/uploads\/sites\/2\/2018\/05\/geologicky_vyukovy_program.pdf\" target=\"_blank\" rel=\"noopener\"><img decoding=\"async\" src=\"\/cs\/wp-content\/uploads\/sites\/2\/2018\/02\/download-icon.png\" alt=\"Download\" \/><\/a><br \/>\n<a href=\"\/cs\/wp-content\/uploads\/sites\/2\/2018\/05\/geologicky_vyukovy_program.pdf\" target=\"_blank\" rel=\"noopener\">Geological-artistic<br \/>\neducation program<\/a><\/p>\n<\/div>\n<\/div>\n<\/div>\n<\/div>\n<\/div>\n<\/div>\n<\/div>\n\n","protected":false},"excerpt":{"rendered":"","protected":false},"author":1,"featured_media":0,"parent":0,"menu_order":0,"comment_status":"closed","ping_status":"closed","template":"","meta":{"footnotes":""},"class_list":["post-524","page","type-page","status-publish","hentry"],"_links":{"self":[{"href":"https:\/\/www.geoparkzh.cz\/en\/wp-json\/wp\/v2\/pages\/524"}],"collection":[{"href":"https:\/\/www.geoparkzh.cz\/en\/wp-json\/wp\/v2\/pages"}],"about":[{"href":"https:\/\/www.geoparkzh.cz\/en\/wp-json\/wp\/v2\/types\/page"}],"author":[{"embeddable":true,"href":"https:\/\/www.geoparkzh.cz\/en\/wp-json\/wp\/v2\/users\/1"}],"replies":[{"embeddable":true,"href":"https:\/\/www.geoparkzh.cz\/en\/wp-json\/wp\/v2\/comments?post=524"}],"version-history":[{"count":6,"href":"https:\/\/www.geoparkzh.cz\/en\/wp-json\/wp\/v2\/pages\/524\/revisions"}],"predecessor-version":[{"id":2098,"href":"https:\/\/www.geoparkzh.cz\/en\/wp-json\/wp\/v2\/pages\/524\/revisions\/2098"}],"wp:attachment":[{"href":"https:\/\/www.geoparkzh.cz\/en\/wp-json\/wp\/v2\/media?parent=524"}],"curies":[{"name":"wp","href":"https:\/\/api.w.org\/{rel}","templated":true}]}}