{"id":2081,"date":"2018-05-18T12:54:10","date_gmt":"2018-05-18T10:54:10","guid":{"rendered":"https:\/\/www.geoparkzh.cz\/en\/?page_id=2081"},"modified":"2019-07-29T10:21:19","modified_gmt":"2019-07-29T08:21:19","slug":"links","status":"publish","type":"page","link":"https:\/\/www.geoparkzh.cz\/en\/links\/","title":{"rendered":"Links"},"content":{"rendered":"<style type=\"text\/css\"> \n#cmsms_row_69e7699d1f1c7 .cmsms_row_outer_parent { \n\tpadding-top: 50px; \n} \n\n#cmsms_row_69e7699d1f1c7 .cmsms_row_outer_parent { \n\tpadding-bottom: 10px; \n} \n\n \n#cmsms_row_69e7699d1f324 .cmsms_row_outer_parent { \n\tpadding-top: 0px; \n} \n\n#cmsms_row_69e7699d1f324 .cmsms_row_outer_parent { \n\tpadding-bottom: 10px; \n} \n\n \n#cmsms_divider_69e7699d1f3d3 { \n\tpadding-top:0px; \n\tmargin-bottom:0px; \n} \n \n#cmsms_row_69e7699d1f42f .cmsms_row_outer_parent { \n\tpadding-top: 0px; \n} \n\n#cmsms_row_69e7699d1f42f .cmsms_row_outer_parent { \n\tpadding-bottom: 50px; \n} \n\n<\/style><div id=\"cmsms_row_69e7699d1f1c7\" class=\"cmsms_row cmsms_color_scheme_default\">\n<div class=\"cmsms_row_outer_parent\">\n<div class=\"cmsms_row_outer\">\n<div class=\"cmsms_row_inner\">\n<div class=\"cmsms_row_margin\">\n<div class=\"cmsms_column one_first\">\n<div class=\"cmsms_text\">\n<h1 style=\"text-align: center;\"><span style=\"color: #925683;\">Geopark<\/span><span style=\"color: #000;\"> &#8211; links<\/span><\/h1>\n<\/div>\n<\/div>\n<\/div>\n<\/div>\n<\/div>\n<\/div>\n<\/div>\n<div id=\"cmsms_row_69e7699d1f324\" class=\"cmsms_row cmsms_color_scheme_default\">\n<div class=\"cmsms_row_outer_parent\">\n<div class=\"cmsms_row_outer\">\n<div class=\"cmsms_row_inner\">\n<div class=\"cmsms_row_margin\">\n<div class=\"cmsms_column one_first\">\n<div id=\"cmsms_divider_69e7699d1f3d3\" class=\"cmsms_divider solid\"><\/div>\n<\/div>\n<\/div>\n<\/div>\n<\/div>\n<\/div>\n<\/div>\n<div id=\"cmsms_row_69e7699d1f42f\" class=\"cmsms_row cmsms_color_scheme_default\">\n<div class=\"cmsms_row_outer_parent\">\n<div class=\"cmsms_row_outer\">\n<div class=\"cmsms_row_inner\">\n<div class=\"cmsms_row_margin\">\n<div class=\"cmsms_column one_third\">\n<div class=\"cmsms_text\">\n<ul>\n<li>Ministry of the Environment of the Czech Republic (<a href=\"http:\/\/www.mzp.cz\/en\/\" target=\"_blank\" rel=\"noopener\">http:\/\/www.mzp.cz\/en<\/a>)<\/li>\n<li>Nature Conservation Agency of the Czech Republic (<a href=\"http:\/\/www.ochranaprirody.cz\/en\/\">http:\/\/www.ochranaprirody.cz\/en\/<\/a>)<\/li>\n<li>National Geoparks Network \u2013 <strong>CZ<\/strong> (<a href=\"http:\/\/www.geology.cz\/narodnigeoparky\" target=\"_blank\" rel=\"noopener\">http:\/\/www.geology.cz\/narodnigeoparky<\/a>)<\/li>\n<li>European Geoparks Network (<a href=\"http:\/\/www.europeangeoparks.org\/\" target=\"_blank\" rel=\"noopener\">http:\/\/www.europeangeoparks.org<\/a>)<\/li>\n<li>Global Geoparks Network (<a href=\"http:\/\/unesco.org\/new\/en\/natural-sciences\/environment\/earth-sciences\/global-geoparks\/\/\" target=\"_blank\" rel=\"noopener\">http:\/\/www.unesco.org\/\u2026\/geoparks<\/a>)<\/li>\n<li>What Wikipedie server writes about the term \u201cgeopark\u201d (<a href=\"https:\/\/en.wikipedia.org\/wiki\/Geopark\">https:\/\/en.wikipedia.org\/wiki\/Geopark\/<\/a>)<\/li>\n<li>\u017delezn\u00e9 hory.net \u2013 Czech tourist guide about Iron Mountains region \u2013 <strong>CZ<\/strong> (<a href=\"http:\/\/www.zeleznehory.net\/\">http:\/\/www.zeleznehory.net\/<\/a>)<\/li>\n<\/ul>\n<\/div>\n<\/div>\n<div class=\"cmsms_column one_third\">\n<div class=\"cmsms_text\">\n<h4>National Geoparks<\/h4>\n<ul>\n<li>Bohemian European Geopark UNESCO (<a href=\"http:\/\/www.geopark-ceskyraj.cz\/en\/\" target=\"_blank\" rel=\"noopener\">http:\/\/www.geopark-ceskyraj.cz\/en\/<\/a>)<\/li>\n<li>National Geopark Egeria (<a href=\"http:\/\/www.geopark.cz\/\" target=\"_blank\" rel=\"noopener\">http:\/\/www.geopark.cz<\/a>)<\/li>\n<li>Nationa Geopark GeoLoci \u2013 <strong>CZ<\/strong> (<a href=\"http:\/\/geoloci.webnode.cz\/\" target=\"_blank\" rel=\"noopener\">http:\/\/geoloci.webnode.cz<\/a>)<\/li>\n<li>National Geopark Kraj Blanick\u00fdch ryt\u00ed\u0159\u016f \u2013 <strong>CZ<\/strong> (<a href=\"http:\/\/blanicti-rytiri.cz\/\" target=\"_blank\" rel=\"noopener\">http:\/\/www.blanicti-rytiri.cz<\/a>)<\/li>\n<li>National Geopark Podbeskyd\u00ed \u2013 <strong>CZ<\/strong> (<a href=\"http:\/\/www.geoparkpodbeskydi.cz\">http:\/\/www.geoparkpodbeskydi.cz<\/a>)<\/li>\n<li>Ralsko Geopark \u2013 <strong>CZ<\/strong> (<a href=\"http:\/\/www.geoparkralsko.cz\">http:\/\/www.geoparkralsko.cz<\/a>)<\/li>\n<li>Broumovsko Geopark \u2013 <strong>CZ<\/strong> (<a href=\"http:\/\/www.geopark.broumovsko.cz\">http:\/\/www.geopark.broumovsko.cz<\/a>)<\/li>\n<li>Vyso\u010dina Geopark (<a href=\"http:\/\/geoparkvysocina.cz\/en\/\">http:\/\/geoparkvysocina.cz\/en\/<\/a>)<\/li>\n<\/ul>\n<\/div>\n<\/div>\n<div class=\"cmsms_column one_third\">\n<div class=\"cmsms_text\">\n<h4>Candidate Geoparks<\/h4>\n<ul>\n<li>Joachim Barrande Geopark (<a href=\"http:\/\/www.barrandien.cz\/english-info\/\">http:\/\/www.barrandien.cz\/english-info\/<\/a>)<\/li>\n<li>Geopark Kr\u00e1lovsk\u00e1 \u0160umava (<a href=\"https:\/\/www.csoprejstejn.cz\/cs\/kgks\/aktuality-ngks\/80-ziskali-jsme-titul-kandidatsky-geopark-kralovska-sumava\" target=\"_blank\" rel=\"noopener\">https:\/\/www.csoprejstejn.cz\/cs\/kgks\/aktuality-ngks\/80-ziskali-jsme-titul-kandidatsky-geopark-kralovska-sumava<\/a>)<\/li>\n<\/ul>\n<\/div>\n<\/div>\n<\/div>\n<\/div>\n<\/div>\n<\/div>\n<\/div>\n\n","protected":false},"excerpt":{"rendered":"","protected":false},"author":1,"featured_media":0,"parent":0,"menu_order":0,"comment_status":"closed","ping_status":"closed","template":"","meta":{"footnotes":""},"class_list":["post-2081","page","type-page","status-publish","hentry"],"_links":{"self":[{"href":"https:\/\/www.geoparkzh.cz\/en\/wp-json\/wp\/v2\/pages\/2081"}],"collection":[{"href":"https:\/\/www.geoparkzh.cz\/en\/wp-json\/wp\/v2\/pages"}],"about":[{"href":"https:\/\/www.geoparkzh.cz\/en\/wp-json\/wp\/v2\/types\/page"}],"author":[{"embeddable":true,"href":"https:\/\/www.geoparkzh.cz\/en\/wp-json\/wp\/v2\/users\/1"}],"replies":[{"embeddable":true,"href":"https:\/\/www.geoparkzh.cz\/en\/wp-json\/wp\/v2\/comments?post=2081"}],"version-history":[{"count":17,"href":"https:\/\/www.geoparkzh.cz\/en\/wp-json\/wp\/v2\/pages\/2081\/revisions"}],"predecessor-version":[{"id":2140,"href":"https:\/\/www.geoparkzh.cz\/en\/wp-json\/wp\/v2\/pages\/2081\/revisions\/2140"}],"wp:attachment":[{"href":"https:\/\/www.geoparkzh.cz\/en\/wp-json\/wp\/v2\/media?parent=2081"}],"curies":[{"name":"wp","href":"https:\/\/api.w.org\/{rel}","templated":true}]}}