{"id":1600,"date":"2018-03-26T13:42:07","date_gmt":"2018-03-26T11:42:07","guid":{"rendered":"http:\/\/www.geoparkzh.cz\/cs\/?page_id=1600"},"modified":"2018-05-10T14:13:47","modified_gmt":"2018-05-10T12:13:47","slug":"hydrogeology","status":"publish","type":"page","link":"https:\/\/www.geoparkzh.cz\/en\/hydrogeology\/","title":{"rendered":"Hydrogeology"},"content":{"rendered":"<style type=\"text\/css\"> \n#cmsms_row_69d7e18e6a369 { \n\tbackground-image: url(https:\/\/www.geoparkzh.cz\/en\/wp-content\/uploads\/sites\/3\/2018\/05\/hydrogeologie-titel-en.png); \n\tbackground-position: top center; \n\tbackground-repeat: no-repeat; \n\tbackground-attachment: scroll; \n\tbackground-size: cover; \n} \n\n#cmsms_row_69d7e18e6a369 .cmsms_row_outer_parent { \n\tpadding-top: 80px; \n} \n\n#cmsms_row_69d7e18e6a369 .cmsms_row_outer_parent { \n\tpadding-bottom: 95px; \n} \n\n#cmsms_row_69d7e18e6a369 .cmsms_row_inner.cmsms_row_fullwidth { \n\tpadding-left:0%; \n} \n#cmsms_row_69d7e18e6a369 .cmsms_row_inner.cmsms_row_fullwidth { \n\tpadding-right:0%; \n} \n \n#cmsms_row_69d7e18e6a758 .cmsms_row_outer_parent { \n\tpadding-top: 50px; \n} \n\n#cmsms_row_69d7e18e6a758 .cmsms_row_outer_parent { \n\tpadding-bottom: 20px; \n} \n\n#cmsms_row_69d7e18e6a758 .cmsms_row_inner.cmsms_row_fullwidth { \n\tpadding-left:30%; \n} \n#cmsms_row_69d7e18e6a758 .cmsms_row_inner.cmsms_row_fullwidth { \n\tpadding-right:30%; \n} \n\n#cmsms_button_69d7e18e6ac5a { \n\ttext-align:center; \n} \n\n#cmsms_button_69d7e18e6ac5a .cmsms_button:before { \n\tmargin-right:.5em; \n\tmargin-left:0; \n\tvertical-align:baseline; \n} \n\n#cmsms_button_69d7e18e6ac5a .cmsms_button { \n\tfont-weight:100; \n\tfont-style:normal; \n\tpadding-right:20px; \n\tpadding-left:20px; \n\tborder-width:0px; \n\tborder-style:solid; \n\tbackground-color:#549cc7; \n\tcolor:#ffffff; \n} \n#cmsms_button_69d7e18e6ac5a .cmsms_button:hover { \n\tbackground-color:#0d83c6; \n} \n\n#cmsms_button_69d7e18e6b09b { \n\ttext-align:center; \n} \n\n#cmsms_button_69d7e18e6b09b .cmsms_button:before { \n\tmargin-right:.5em; \n\tmargin-left:0; \n\tvertical-align:baseline; \n} \n\n#cmsms_button_69d7e18e6b09b .cmsms_button { \n\tfont-weight:100; \n\tfont-style:normal; \n\tpadding-right:20px; \n\tpadding-left:20px; \n\tborder-width:0px; \n\tborder-style:solid; \n\tbackground-color:#549cc7; \n\tcolor:#ffffff; \n} \n#cmsms_button_69d7e18e6b09b .cmsms_button:hover { \n\tbackground-color:#0d83c6; \n} \n \n#cmsms_row_69d7e18e6b0fb .cmsms_row_outer_parent { \n\tpadding-top: 0px; \n} \n\n#cmsms_row_69d7e18e6b0fb .cmsms_row_outer_parent { \n\tpadding-bottom: 20px; \n} \n\n#cmsms_row_69d7e18e6b0fb .cmsms_row_inner.cmsms_row_fullwidth { \n\tpadding-left:30%; \n} \n#cmsms_row_69d7e18e6b0fb .cmsms_row_inner.cmsms_row_fullwidth { \n\tpadding-right:30%; \n} \n\n#cmsms_button_69d7e18e6b580 { \n\ttext-align:center; \n} \n\n#cmsms_button_69d7e18e6b580 .cmsms_button:before { \n\tmargin-right:.5em; \n\tmargin-left:0; \n\tvertical-align:baseline; \n} \n\n#cmsms_button_69d7e18e6b580 .cmsms_button { \n\tfont-weight:100; \n\tfont-style:normal; \n\tpadding-right:20px; \n\tpadding-left:20px; \n\tborder-width:0px; \n\tborder-style:solid; \n\tbackground-color:#549cc7; \n\tcolor:#ffffff; \n} \n#cmsms_button_69d7e18e6b580 .cmsms_button:hover { \n\tbackground-color:#0d83c6; \n} \n\n#cmsms_button_69d7e18e6b995 { \n\ttext-align:center; \n} \n\n#cmsms_button_69d7e18e6b995 .cmsms_button:before { \n\tmargin-right:.5em; \n\tmargin-left:0; \n\tvertical-align:baseline; \n} \n\n#cmsms_button_69d7e18e6b995 .cmsms_button { \n\tfont-weight:100; \n\tfont-style:normal; \n\tpadding-right:20px; \n\tpadding-left:20px; \n\tborder-width:0px; \n\tborder-style:solid; \n\tbackground-color:#549cc7; \n\tcolor:#ffffff; \n} \n#cmsms_button_69d7e18e6b995 .cmsms_button:hover { \n\tbackground-color:#0d83c6; \n} \n \n#cmsms_row_69d7e18e6b9f1 .cmsms_row_outer_parent { \n\tpadding-top: 0px; \n} \n\n#cmsms_row_69d7e18e6b9f1 .cmsms_row_outer_parent { \n\tpadding-bottom: 20px; \n} \n\n#cmsms_row_69d7e18e6b9f1 .cmsms_row_inner.cmsms_row_fullwidth { \n\tpadding-left:30%; \n} \n#cmsms_row_69d7e18e6b9f1 .cmsms_row_inner.cmsms_row_fullwidth { \n\tpadding-right:30%; \n} \n\n#cmsms_button_69d7e18e6bee0 { \n\ttext-align:center; \n} \n\n#cmsms_button_69d7e18e6bee0 .cmsms_button:before { \n\tmargin-right:.5em; \n\tmargin-left:0; \n\tvertical-align:baseline; \n} \n\n#cmsms_button_69d7e18e6bee0 .cmsms_button { \n\tfont-weight:100; \n\tfont-style:normal; \n\tpadding-right:20px; \n\tpadding-left:20px; \n\tborder-width:0px; \n\tborder-style:solid; \n\tbackground-color:#549cc7; \n\tcolor:#ffffff; \n} \n#cmsms_button_69d7e18e6bee0 .cmsms_button:hover { \n\tbackground-color:#0d83c6; \n} \n\n#cmsms_button_69d7e18e6c329 { \n\ttext-align:center; \n} \n\n#cmsms_button_69d7e18e6c329 .cmsms_button:before { \n\tmargin-right:.5em; \n\tmargin-left:0; \n\tvertical-align:baseline; \n} \n\n#cmsms_button_69d7e18e6c329 .cmsms_button { \n\tfont-weight:100; \n\tfont-style:normal; \n\tpadding-right:20px; \n\tpadding-left:20px; \n\tborder-width:0px; \n\tborder-style:solid; \n\tbackground-color:#549cc7; \n\tcolor:#ffffff; \n} \n#cmsms_button_69d7e18e6c329 .cmsms_button:hover { \n\tbackground-color:#0d83c6; \n} \n \n#cmsms_row_69d7e18e6c38b .cmsms_row_outer_parent { \n\tpadding-top: 0px; \n} \n\n#cmsms_row_69d7e18e6c38b .cmsms_row_outer_parent { \n\tpadding-bottom: 20px; \n} \n\n#cmsms_row_69d7e18e6c38b .cmsms_row_inner.cmsms_row_fullwidth { \n\tpadding-left:30%; \n} \n#cmsms_row_69d7e18e6c38b .cmsms_row_inner.cmsms_row_fullwidth { \n\tpadding-right:30%; \n} \n\n#cmsms_button_69d7e18e6c7fd { \n\ttext-align:center; \n} \n\n#cmsms_button_69d7e18e6c7fd .cmsms_button:before { \n\tmargin-right:.5em; \n\tmargin-left:0; \n\tvertical-align:baseline; \n} \n\n#cmsms_button_69d7e18e6c7fd .cmsms_button { \n\tfont-weight:100; \n\tfont-style:normal; \n\tpadding-right:20px; \n\tpadding-left:20px; \n\tborder-width:0px; \n\tborder-style:solid; \n\tbackground-color:#549cc7; \n\tcolor:#ffffff; \n} \n#cmsms_button_69d7e18e6c7fd .cmsms_button:hover { \n\tbackground-color:#0d83c6; \n} \n\n#cmsms_button_69d7e18e6cc74 { \n\ttext-align:center; \n} \n\n#cmsms_button_69d7e18e6cc74 .cmsms_button:before { \n\tmargin-right:.5em; \n\tmargin-left:0; \n\tvertical-align:baseline; \n} \n\n#cmsms_button_69d7e18e6cc74 .cmsms_button { \n\tfont-weight:100; \n\tfont-style:normal; \n\tpadding-right:20px; \n\tpadding-left:20px; \n\tborder-width:0px; \n\tborder-style:solid; \n\tbackground-color:#549cc7; \n\tcolor:#ffffff; \n} \n#cmsms_button_69d7e18e6cc74 .cmsms_button:hover { \n\tbackground-color:#0d83c6; \n} \n \n#cmsms_row_69d7e18e6cccd .cmsms_row_outer_parent { \n\tpadding-top: 0px; \n} \n\n#cmsms_row_69d7e18e6cccd .cmsms_row_outer_parent { \n\tpadding-bottom: 20px; \n} \n\n#cmsms_row_69d7e18e6cccd .cmsms_row_inner.cmsms_row_fullwidth { \n\tpadding-left:30%; \n} \n#cmsms_row_69d7e18e6cccd .cmsms_row_inner.cmsms_row_fullwidth { \n\tpadding-right:30%; \n} \n\n#cmsms_button_69d7e18e6d106 { \n\ttext-align:center; \n} \n\n#cmsms_button_69d7e18e6d106 .cmsms_button:before { \n\tmargin-right:.5em; \n\tmargin-left:0; \n\tvertical-align:baseline; \n} \n\n#cmsms_button_69d7e18e6d106 .cmsms_button { \n\tfont-weight:100; \n\tfont-style:normal; \n\tpadding-right:20px; \n\tpadding-left:20px; \n\tborder-width:0px; \n\tborder-style:solid; \n\tbackground-color:#549cc7; \n\tcolor:#ffffff; \n} \n#cmsms_button_69d7e18e6d106 .cmsms_button:hover { \n\tbackground-color:#0d83c6; \n} \n\n#cmsms_button_69d7e18e6d51a { \n\ttext-align:center; \n} \n\n#cmsms_button_69d7e18e6d51a .cmsms_button:before { \n\tmargin-right:.5em; \n\tmargin-left:0; \n\tvertical-align:baseline; \n} \n\n#cmsms_button_69d7e18e6d51a .cmsms_button { \n\tfont-weight:100; \n\tfont-style:normal; \n\tpadding-right:20px; \n\tpadding-left:20px; \n\tborder-width:0px; \n\tborder-style:solid; \n\tbackground-color:#549cc7; \n\tcolor:#ffffff; \n} \n#cmsms_button_69d7e18e6d51a .cmsms_button:hover { \n\tbackground-color:#0d83c6; \n} \n \n#cmsms_row_69d7e18e6d577 .cmsms_row_outer_parent { \n\tpadding-top: 0px; \n} \n\n#cmsms_row_69d7e18e6d577 .cmsms_row_outer_parent { \n\tpadding-bottom: 50px; \n} \n\n#cmsms_row_69d7e18e6d577 .cmsms_row_inner.cmsms_row_fullwidth { \n\tpadding-left:30%; \n} \n#cmsms_row_69d7e18e6d577 .cmsms_row_inner.cmsms_row_fullwidth { \n\tpadding-right:30%; \n} \n\n#cmsms_button_69d7e18e6d9f3 { \n\ttext-align:center; \n} \n\n#cmsms_button_69d7e18e6d9f3 .cmsms_button:before { \n\tmargin-right:.5em; \n\tmargin-left:0; \n\tvertical-align:baseline; \n} \n\n#cmsms_button_69d7e18e6d9f3 .cmsms_button { \n\tfont-weight:100; \n\tfont-style:normal; \n\tpadding-right:20px; \n\tpadding-left:20px; \n\tborder-width:0px; \n\tborder-style:solid; \n\tbackground-color:#549cc7; \n\tcolor:#ffffff; \n} \n#cmsms_button_69d7e18e6d9f3 .cmsms_button:hover { \n\tbackground-color:#0d83c6; \n} \n\n#cmsms_button_69d7e18e6de02 { \n\ttext-align:center; \n} \n\n#cmsms_button_69d7e18e6de02 .cmsms_button:before { \n\tmargin-right:.5em; \n\tmargin-left:0; \n\tvertical-align:baseline; \n} \n\n#cmsms_button_69d7e18e6de02 .cmsms_button { \n\tfont-weight:100; \n\tfont-style:normal; \n\tpadding-right:20px; \n\tpadding-left:20px; \n\tborder-width:0px; \n\tborder-style:solid; \n\tbackground-color:#549cc7; \n\tcolor:#ffffff; \n} \n#cmsms_button_69d7e18e6de02 .cmsms_button:hover { \n\tbackground-color:#0d83c6; \n} \n<\/style><div id=\"cmsms_row_69d7e18e6a369\" class=\"cmsms_row cmsms_color_scheme_default\">\n<div class=\"cmsms_row_outer_parent\">\n<div class=\"cmsms_row_outer\">\n<div class=\"cmsms_row_inner cmsms_row_fullwidth\">\n<div class=\"cmsms_row_margin\">\n<div class=\"cmsms_column one_first\">\n<\/div>\n<\/div>\n<\/div>\n<\/div>\n<\/div>\n<\/div>\n<div id=\"cmsms_row_69d7e18e6a758\" class=\"cmsms_row cmsms_color_scheme_default\">\n<div class=\"cmsms_row_outer_parent\">\n<div class=\"cmsms_row_outer\">\n<div class=\"cmsms_row_inner cmsms_row_fullwidth\">\n<div class=\"cmsms_row_margin\">\n<div class=\"cmsms_column one_half hydro-box\">\n<div class=\"cmsms_img  cmsms_image_n\">\n<img decoding=\"async\" src=\"https:\/\/www.geoparkzh.cz\/en\/wp-content\/uploads\/sites\/3\/2018\/03\/projekt33-podlazice-1.png\" \/>\n<\/div>\n<div class=\"cmsms_text\">\n<h2 style=\"text-align: center;\">Podla\u017eice<\/h2>\n<p style=\"text-align: center;\">V okol\u00ed Podla\u017eic se nach\u00e1z\u00ed \u0159ada velmi v\u00fdznamn\u00fdch vodohospod\u00e1\u0159sk\u00fdch objekt\u016f, kter\u00e9 z\u00e1sobuj\u00ed pitnou vodou aglomerace Chrudimi, Pardubic i Hradce Kr\u00e1lov\u00e9. S vodou je spojen\u00e1 i existence zdej\u0161\u00edho kl\u00e1\u0161tera zn\u00e1m\u00e9ho n\u00e1lezem tzv. \u010e\u00e1blovy bible.<\/p>\n<p style=\"text-align: center;\">GPS: 49\u00b0 53\u2032 49.65\u2033 N, 15\u00b0 56\u2032 57.62\u2033 E<\/p>\n<\/div>\n\n<div id=\"cmsms_button_69d7e18e6ac5a\" class=\"button_wrap\"><a href=\"https:\/\/mapy.cz\/s\/2v4vR\" class=\"cmsms_button\" target=\"_blank\">UK\u00c1ZAT NA MAP\u011a<\/a><\/div>\n<\/div>\n<div class=\"cmsms_column one_half hydro-box\">\n<div class=\"cmsms_img  cmsms_image_n\">\n<img decoding=\"async\" src=\"https:\/\/www.geoparkzh.cz\/en\/wp-content\/uploads\/sites\/3\/2018\/03\/projekt35-horni-studenec-1.png\" \/>\n<\/div>\n<div class=\"cmsms_text\">\n<h2 style=\"text-align: center;\">Horn\u00ed Studenec<\/h2>\n<p style=\"text-align: center;\">V obci a v jej\u00edm bl\u00edzk\u00e9m okol\u00ed se nach\u00e1z\u00ed \u0159ada velmi v\u00fdznamn\u00fdch vod\u00e1rensk\u00fdch objekt\u016f. \u0158ada z nich je v\u00fdznamn\u00fdch i z hlediska stavebn\u011b technick\u00e9ho, nebo\u0165 se jedn\u00e1 o j\u00edmac\u00ed \u0161toly star\u00e9 t\u00e9m\u011b\u0159 sto let.<\/p>\n<p style=\"text-align: center;\">GPS: 49\u00b0 42\u2032 50.12\u2033 N, 15\u00b0 48\u2032 10.74\u2033 E<\/p>\n<\/div>\n\n<div id=\"cmsms_button_69d7e18e6b09b\" class=\"button_wrap\"><a href=\"https:\/\/mapy.cz\/s\/2v4wS\" class=\"cmsms_button\" target=\"_blank\">UK\u00c1ZAT NA MAP\u011a<\/a><\/div>\n<\/div>\n<\/div>\n<\/div>\n<\/div>\n<\/div>\n<\/div>\n<div id=\"cmsms_row_69d7e18e6b0fb\" class=\"cmsms_row cmsms_color_scheme_default\">\n<div class=\"cmsms_row_outer_parent\">\n<div class=\"cmsms_row_outer\">\n<div class=\"cmsms_row_inner cmsms_row_fullwidth\">\n<div class=\"cmsms_row_margin\">\n<div class=\"cmsms_column one_half hydro-box\">\n<div class=\"cmsms_img  cmsms_image_n\">\n<img decoding=\"async\" src=\"https:\/\/www.geoparkzh.cz\/en\/wp-content\/uploads\/sites\/3\/2018\/03\/projekt36-blatnice-1.png\" \/>\n<\/div>\n<div class=\"cmsms_text\">\n<h2 style=\"text-align: center;\">Blatnice<\/h2>\n<p style=\"text-align: center;\">Mal\u00e1 vesni\u010dka je doslova oblo\u017eena syst\u00e9mem j\u00edmac\u00edch zdroj\u016f na velmi kvalitn\u00ed pitnou vodu vystav\u011bn\u00fdch v prvn\u00ed polovin\u011b 20. stolet\u00ed. \u0158ada t\u011bchto objekt\u016f by si zaslou\u017eila status technick\u00e9 pam\u00e1tky.<\/p>\n<p style=\"text-align: center;\">GPS: 49\u00b0 46\u2032 6.92\u2033 N, 15\u00b0 42\u2032 7.96\u2033 E<\/p>\n<\/div>\n\n<div id=\"cmsms_button_69d7e18e6b580\" class=\"button_wrap\"><a href=\"https:\/\/mapy.cz\/s\/2v4Ap\" class=\"cmsms_button\" target=\"_blank\">UK\u00c1ZAT NA MAP\u011a<\/a><\/div>\n<\/div>\n<div class=\"cmsms_column one_half hydro-box\">\n<div class=\"cmsms_img  cmsms_image_n\">\n<img decoding=\"async\" src=\"https:\/\/www.geoparkzh.cz\/en\/wp-content\/uploads\/sites\/3\/2018\/03\/projekt37-kladruby-1.png\" \/>\n<\/div>\n<div class=\"cmsms_text\">\n<h2 style=\"text-align: center;\">Kladruby u Libice nad Doubravou<\/h2>\n<p style=\"text-align: center;\">Ve svahu nad obc\u00ed se nach\u00e1z\u00ed mok\u0159adn\u00ed louka. Pramenn\u00ed v\u00fdv\u011bry jsou vyu\u017e\u00edv\u00e1ny jako zdroj pitn\u00e9 vody pro skupinov\u00fd vodovod. Pod prameni\u0161t\u011bm se nach\u00e1z\u00ed ponorn\u00fd potok.<\/p>\n<p style=\"text-align: center;\">GPS: 49\u00b0 44\u2032 41.91\u2033 N, 15\u00b0 44\u2032 39.57\u2033 E<\/p>\n<\/div>\n\n<div id=\"cmsms_button_69d7e18e6b995\" class=\"button_wrap\"><a href=\"https:\/\/mapy.cz\/s\/2v4B1\" class=\"cmsms_button\" target=\"_blank\">UK\u00c1ZAT NA MAP\u011a<\/a><\/div>\n<\/div>\n<\/div>\n<\/div>\n<\/div>\n<\/div>\n<\/div>\n<div id=\"cmsms_row_69d7e18e6b9f1\" class=\"cmsms_row cmsms_color_scheme_default\">\n<div class=\"cmsms_row_outer_parent\">\n<div class=\"cmsms_row_outer\">\n<div class=\"cmsms_row_inner cmsms_row_fullwidth\">\n<div class=\"cmsms_row_margin\">\n<div class=\"cmsms_column one_half hydro-box\">\n<div class=\"cmsms_img  cmsms_image_n\">\n<img decoding=\"async\" src=\"https:\/\/www.geoparkzh.cz\/en\/wp-content\/uploads\/sites\/3\/2018\/03\/projekt45-nove-hrady-1.png\" \/>\n<\/div>\n<div class=\"cmsms_text\">\n<h2 style=\"text-align: center;\">Nov\u00e9 Hrady<\/h2>\n<p style=\"text-align: center;\">Dominantou obce je rokokov\u00fd z\u00e1mek s p\u0159ilehl\u00fdmi zahradami a muzeem cyklistiky. Mezi z\u00e1mkem a oborou se nach\u00e1z\u00ed v\u00fdznamn\u00e9 j\u00edmac\u00ed \u00fazem\u00ed s vyhl\u00e1\u0161en\u00fdm pramenn\u00edm v\u00fdv\u011brem Nadyma\u010d.<\/p>\n<p style=\"text-align: center;\">GPS: 49\u00b0 51\u2032 12.83\u2033 N, 16\u00b0 8\u2032 55.25\u2033 E<\/p>\n<\/div>\n\n<div id=\"cmsms_button_69d7e18e6bee0\" class=\"button_wrap\"><a href=\"https:\/\/mapy.cz\/s\/2v4Bx\" class=\"cmsms_button\" target=\"_blank\">UK\u00c1ZAT NA MAP\u011a<\/a><\/div>\n<\/div>\n<div class=\"cmsms_column one_half hydro-box\">\n<div class=\"cmsms_img  cmsms_image_n\">\n<img decoding=\"async\" src=\"https:\/\/www.geoparkzh.cz\/en\/wp-content\/uploads\/sites\/3\/2018\/03\/projekt74-hudec-1.png\" \/>\n<\/div>\n<div class=\"cmsms_text\">\n<h2 style=\"text-align: center;\">Hude\u010d<\/h2>\n<p style=\"text-align: center;\">Pod vesni\u010dkou Hude\u010d se nach\u00e1z\u00ed n\u011bkolik zaj\u00edmav\u00fdch pramen\u016f, z nich\u017e jeden z nich vyt\u00e9k\u00e1 spod stromu. V t\u00e9to oblasti se jedn\u00e1 o zaj\u00edmavou uk\u00e1zku su\u0165ov\u00fdch pramen\u016f s evidentn\u00edm zdrojem vody.<\/p>\n<p style=\"text-align: center;\">GPS: 49\u00b0 43\u2032 42.32\u2033 N, 15\u00b0 46\u2032 52.51\u2033 E<\/p>\n<\/div>\n\n<div id=\"cmsms_button_69d7e18e6c329\" class=\"button_wrap\"><a href=\"https:\/\/mapy.cz\/s\/2v4Cd\" class=\"cmsms_button\" target=\"_blank\">UK\u00c1ZAT NA MAP\u011a<\/a><\/div>\n<\/div>\n<\/div>\n<\/div>\n<\/div>\n<\/div>\n<\/div>\n<div id=\"cmsms_row_69d7e18e6c38b\" class=\"cmsms_row cmsms_color_scheme_default\">\n<div class=\"cmsms_row_outer_parent\">\n<div class=\"cmsms_row_outer\">\n<div class=\"cmsms_row_inner cmsms_row_fullwidth\">\n<div class=\"cmsms_row_margin\">\n<div class=\"cmsms_column one_half hydro-box\">\n<div class=\"cmsms_img  cmsms_image_n\">\n<img decoding=\"async\" src=\"https:\/\/www.geoparkzh.cz\/en\/wp-content\/uploads\/sites\/3\/2018\/03\/projekt87-jenisovice-1.png\" \/>\n<\/div>\n<div class=\"cmsms_text\">\n<h2 style=\"text-align: center;\">Jeni\u0161ovice<\/h2>\n<p style=\"text-align: center;\">Oblast p\u016fvodn\u00edch rybn\u00edk\u016f byla v minulosti vyu\u017eita jako m\u00edsto pro zbudov\u00e1n\u00ed j\u00edmac\u00edch vrt\u016f. Jeden vrt slou\u017e\u00ed k z\u00e1sobov\u00e1n\u00ed skupinov\u00fdch vodovod\u016f okoln\u00edch obc\u00ed, druh\u00fd vrt je nevyu\u017e\u00edvan\u00fd d\u00edky extr\u00e9mn\u00edm koncentrac\u00edm \u017eeleza v t\u00e9to vod\u011b.<\/p>\n<p style=\"text-align: center;\">GPS: 49\u00b0 56\u2032 7.46\u2033 N, 16\u00b0 2\u2032 30.87\u2033 E<\/p>\n<\/div>\n\n<div id=\"cmsms_button_69d7e18e6c7fd\" class=\"button_wrap\"><a href=\"https:\/\/mapy.cz\/s\/2v4D8\" class=\"cmsms_button\" target=\"_blank\">UK\u00c1ZAT NA MAP\u011a<\/a><\/div>\n<\/div>\n<div class=\"cmsms_column one_half hydro-box\">\n<div class=\"cmsms_img  cmsms_image_n\">\n<img decoding=\"async\" src=\"https:\/\/www.geoparkzh.cz\/en\/wp-content\/uploads\/sites\/3\/2018\/03\/projekt92-kapalice-1.png\" \/>\n<\/div>\n<div class=\"cmsms_text\">\n<h2 style=\"text-align: center;\">Kapalice<\/h2>\n<p style=\"text-align: center;\">Pramen Kapalice je od nepam\u011bti vyu\u017e\u00edv\u00e1n jako zdroj kvalitn\u00ed pitn\u00e9 vody. Vydatnost pramene je pom\u011brn\u011b velk\u00e1, co\u017e zna\u010d\u00ed velkou zdrojovou oblast. Jedn\u00e1 se o romantick\u00e9 a poutn\u00ed m\u00edsto.<\/p>\n<p style=\"text-align: center;\">GPS: 49\u00b0 50\u2032 44.11\u2033 N, 16\u00b0 7\u2032 27.00\u2033 E<\/p>\n<\/div>\n\n<div id=\"cmsms_button_69d7e18e6cc74\" class=\"button_wrap\"><a href=\"https:\/\/mapy.cz\/s\/2v4DQ\" class=\"cmsms_button\" target=\"_blank\">UK\u00c1ZAT NA MAP\u011a<\/a><\/div>\n<\/div>\n<\/div>\n<\/div>\n<\/div>\n<\/div>\n<\/div>\n<div id=\"cmsms_row_69d7e18e6cccd\" class=\"cmsms_row cmsms_color_scheme_default\">\n<div class=\"cmsms_row_outer_parent\">\n<div class=\"cmsms_row_outer\">\n<div class=\"cmsms_row_inner cmsms_row_fullwidth\">\n<div class=\"cmsms_row_margin\">\n<div class=\"cmsms_column one_half hydro-box\">\n<div class=\"cmsms_img  cmsms_image_n\">\n<img decoding=\"async\" src=\"https:\/\/www.geoparkzh.cz\/en\/wp-content\/uploads\/sites\/3\/2018\/03\/projekt93-bily-kun-1.png\" \/>\n<\/div>\n<div class=\"cmsms_text\">\n<h2 style=\"text-align: center;\">B\u00edl\u00fd K\u016f\u0148 \u2013 pramen<\/h2>\n<p style=\"text-align: center;\">Pramen pod obc\u00ed B\u00edl\u00fd K\u016f\u0148 se nach\u00e1z\u00ed na po\u010d\u00e1tku slatini\u0161t\u011b, tedy mok\u0159adn\u00edho prost\u0159ed\u00ed s v\u00fdraznou mocnost\u00ed \u010dern\u00e9ho hum\u00f3zn\u00edho bahna. Voda z pramene byla vyu\u017e\u00edv\u00e1na k pran\u00ed, co\u017e dokl\u00e1d\u00e1 kamenn\u00e1 valcha um\u00edst\u011bn\u00e1 u pramene.<\/p>\n<p style=\"text-align: center;\">GPS: 49\u00b0 52\u2032 43.70\u2033 N, 16\u00b0 3\u2032 57.72\u2033 E<\/p>\n<\/div>\n\n<div id=\"cmsms_button_69d7e18e6d106\" class=\"button_wrap\"><a href=\"https:\/\/mapy.cz\/s\/2v4Es\" class=\"cmsms_button\" target=\"_blank\">UK\u00c1ZAT NA MAP\u011a<\/a><\/div>\n<\/div>\n<div class=\"cmsms_column one_half hydro-box\">\n<div class=\"cmsms_img  cmsms_image_n\">\n<img decoding=\"async\" src=\"https:\/\/www.geoparkzh.cz\/en\/wp-content\/uploads\/sites\/3\/2018\/03\/projekt109-blansko-1.png\" \/>\n<\/div>\n<div class=\"cmsms_text\">\n<h2 style=\"text-align: center;\">Blansko<\/h2>\n<p style=\"text-align: center;\">U obce byl v k\u0159\u00eddov\u00fdch sedimentech vybudov\u00e1n jeden z nejhlub\u0161\u00edch vrt\u016f v okol\u00ed \u017delezn\u00fdch hor. Z hloubky t\u00e9m\u011b\u0159 300 m vyt\u00e9k\u00e1 voda se zvl\u00e1\u0161tn\u00ed \u201em\u00fddelnatou\u201c chut\u00ed.<\/p>\n<p style=\"text-align: center;\">GPS: 49\u00b056\u201955.734\u2033N 15\u00b056\u201926.239\u2033 E<\/p>\n<\/div>\n\n<div id=\"cmsms_button_69d7e18e6d51a\" class=\"button_wrap\"><a href=\"https:\/\/mapy.cz\/s\/2v4F0\" class=\"cmsms_button\" target=\"_blank\">UK\u00c1ZAT NA MAP\u011a<\/a><\/div>\n<\/div>\n<\/div>\n<\/div>\n<\/div>\n<\/div>\n<\/div>\n<div id=\"cmsms_row_69d7e18e6d577\" class=\"cmsms_row cmsms_color_scheme_default\">\n<div class=\"cmsms_row_outer_parent\">\n<div class=\"cmsms_row_outer\">\n<div class=\"cmsms_row_inner cmsms_row_fullwidth\">\n<div class=\"cmsms_row_margin\">\n<div class=\"cmsms_column one_half hydro-box\">\n<div class=\"cmsms_img  cmsms_image_n\">\n<img decoding=\"async\" src=\"https:\/\/www.geoparkzh.cz\/en\/wp-content\/uploads\/sites\/3\/2018\/03\/projekt110-ceckovice-1.png\" \/>\n<\/div>\n<div class=\"cmsms_text\">\n<h2 style=\"text-align: center;\">\u010ce\u010dkovice<\/h2>\n<p style=\"text-align: center;\">Na n\u00e1vsi \u010ce\u010dkovic je soustava podchycen\u00fdch pramenn\u00edch v\u00fdv\u011br\u016f (pramen St\u00edrka), kter\u00e9 jsou typickou uk\u00e1zkou odvodn\u011bn\u00ed prachovc\u016f a sl\u00ednovc\u016f na \u00fapat\u00ed \u017delezn\u00fdch hor.<\/p>\n<p style=\"text-align: center;\">GPS: 49\u00b047\u20194.657\u2033N 15\u00b039\u201952.182\u2033 E<\/p>\n<\/div>\n\n<div id=\"cmsms_button_69d7e18e6d9f3\" class=\"button_wrap\"><a href=\"https:\/\/mapy.cz\/s\/2v4Fq\" class=\"cmsms_button\" target=\"_blank\">UK\u00c1ZAT NA MAP\u011a<\/a><\/div>\n<\/div>\n<div class=\"cmsms_column one_half hydro-box\">\n<div class=\"cmsms_img  cmsms_image_n\">\n<img decoding=\"async\" src=\"https:\/\/www.geoparkzh.cz\/en\/wp-content\/uploads\/sites\/3\/2018\/03\/projekt111-skutec-1.png\" \/>\n<\/div>\n<div class=\"cmsms_text\">\n<h2 style=\"text-align: center;\">Skute\u010d \u2013 Sv. Anna<\/h2>\n<p style=\"text-align: center;\">V \u00fadol\u00ed Anensk\u00e9ho potoka u kapli\u010dky vyv\u011br\u00e1 z opuk pramen. Nedaleko odtud jsou hlubok\u00e9 vrty, ze kter\u00fdch je \u010derp\u00e1na voda pro Skute\u010d.<\/p>\n<p style=\"text-align: center;\">GPS: 49\u00b052\u201918.008\u2033N 15\u00b059\u201930.188\u2033 E<\/p>\n<\/div>\n\n<div id=\"cmsms_button_69d7e18e6de02\" class=\"button_wrap\"><a href=\"https:\/\/mapy.cz\/s\/2v4FY\" class=\"cmsms_button\" target=\"_blank\">UK\u00c1ZAT NA MAP\u011a<\/a><\/div>\n<\/div>\n<\/div>\n<\/div>\n<\/div>\n<\/div>\n<\/div>\n\n","protected":false},"excerpt":{"rendered":"","protected":false},"author":1,"featured_media":0,"parent":0,"menu_order":0,"comment_status":"closed","ping_status":"closed","template":"","meta":{"footnotes":""},"class_list":["post-1600","page","type-page","status-publish","hentry"],"_links":{"self":[{"href":"https:\/\/www.geoparkzh.cz\/en\/wp-json\/wp\/v2\/pages\/1600"}],"collection":[{"href":"https:\/\/www.geoparkzh.cz\/en\/wp-json\/wp\/v2\/pages"}],"about":[{"href":"https:\/\/www.geoparkzh.cz\/en\/wp-json\/wp\/v2\/types\/page"}],"author":[{"embeddable":true,"href":"https:\/\/www.geoparkzh.cz\/en\/wp-json\/wp\/v2\/users\/1"}],"replies":[{"embeddable":true,"href":"https:\/\/www.geoparkzh.cz\/en\/wp-json\/wp\/v2\/comments?post=1600"}],"version-history":[{"count":2,"href":"https:\/\/www.geoparkzh.cz\/en\/wp-json\/wp\/v2\/pages\/1600\/revisions"}],"predecessor-version":[{"id":2005,"href":"https:\/\/www.geoparkzh.cz\/en\/wp-json\/wp\/v2\/pages\/1600\/revisions\/2005"}],"wp:attachment":[{"href":"https:\/\/www.geoparkzh.cz\/en\/wp-json\/wp\/v2\/media?parent=1600"}],"curies":[{"name":"wp","href":"https:\/\/api.w.org\/{rel}","templated":true}]}}