{"id":1187,"date":"2018-03-05T10:00:21","date_gmt":"2018-03-05T09:00:21","guid":{"rendered":"http:\/\/www.geoparkzh.cz\/cs\/?page_id=1187"},"modified":"2018-05-17T14:27:53","modified_gmt":"2018-05-17T12:27:53","slug":"completed-projects","status":"publish","type":"page","link":"https:\/\/www.geoparkzh.cz\/en\/science-research\/completed-projects\/","title":{"rendered":"Completed projects"},"content":{"rendered":"<style type=\"text\/css\"> \n#cmsms_row_69de5702625d5 .cmsms_row_outer_parent { \n\tpadding-top: 50px; \n} \n\n#cmsms_row_69de5702625d5 .cmsms_row_outer_parent { \n\tpadding-bottom: 0px; \n} \n\n \n#cmsms_row_69de570262818 .cmsms_row_outer_parent { \n\tpadding-top: 0px; \n} \n\n#cmsms_row_69de570262818 .cmsms_row_outer_parent { \n\tpadding-bottom: 10px; \n} \n\n \n#cmsms_divider_69de570262949 { \n\tpadding-top:10px; \n\tmargin-bottom:10px; \n} \n \n#cmsms_row_69de5702629e9 .cmsms_row_outer_parent { \n\tpadding-top: 20px; \n} \n\n#cmsms_row_69de5702629e9 .cmsms_row_outer_parent { \n\tpadding-bottom: 20px; \n} \n\n#cmsms_row_69de5702629e9 .cmsms_row_inner.cmsms_row_fullwidth { \n\tpadding-left:32%; \n} \n#cmsms_row_69de5702629e9 .cmsms_row_inner.cmsms_row_fullwidth { \n\tpadding-right:32%; \n} \n\n#cmsms_button_69de570262b11 { \n\ttext-align:center; \n} \n\n#cmsms_button_69de570262b11 .cmsms_button:before { \n\tmargin-right:.5em; \n\tmargin-left:0; \n\tvertical-align:baseline; \n} \n\n#cmsms_button_69de570262b11 .cmsms_button { \n\tfont-weight:100; \n\tfont-style:normal; \n\tpadding-right:20px; \n\tpadding-left:20px; \n\tborder-width:0px; \n\tborder-style:solid; \n\tbackground-color:#616d72; \n\tcolor:#ffffff; \n} \n#cmsms_button_69de570262b11 .cmsms_button:hover { \n\tbackground-color:#306572; \n} \n\n#cmsms_button_69de570262bfe { \n\ttext-align:center; \n} \n\n#cmsms_button_69de570262bfe .cmsms_button:before { \n\tmargin-right:.5em; \n\tmargin-left:0; \n\tvertical-align:baseline; \n} \n\n#cmsms_button_69de570262bfe .cmsms_button { \n\tfont-weight:100; \n\tfont-style:normal; \n\tpadding-right:20px; \n\tpadding-left:20px; \n\tborder-width:0px; \n\tborder-style:solid; \n\tbackground-color:#8f5081; \n\tcolor:#ffffff; \n} \n#cmsms_button_69de570262bfe .cmsms_button:hover { \n\tbackground-color:#8e006f; \n} \n \n#cmsms_row_69de570262c50 .cmsms_row_outer_parent { \n\tpadding-top: 30px; \n} \n\n#cmsms_row_69de570262c50 .cmsms_row_outer_parent { \n\tpadding-bottom: 20px; \n} \n\n \n#cmsms_row_69de570262d67 .cmsms_row_outer_parent { \n\tpadding-top: 10px; \n} \n\n#cmsms_row_69de570262d67 .cmsms_row_outer_parent { \n\tpadding-bottom: 0px; \n} \n\n#cmsms_row_69de570262d67 .cmsms_row_inner.cmsms_row_fullwidth { \n\tpadding-left:32%; \n} \n#cmsms_row_69de570262d67 .cmsms_row_inner.cmsms_row_fullwidth { \n\tpadding-right:32%; \n} \n \n#cmsms_divider_69de570262e4c { \n\tpadding-top:10px; \n\tmargin-bottom:30px; \n} \n \n#cmsms_divider_69de570262f02 { \n\tpadding-top:10px; \n\tmargin-bottom:10px; \n} \n \n#cmsms_row_69de570262f9c .cmsms_row_outer_parent { \n\tpadding-top: 0px; \n} \n\n#cmsms_row_69de570262f9c .cmsms_row_outer_parent { \n\tpadding-bottom: 50px; \n} \n\n#cmsms_row_69de570262f9c .cmsms_row_inner.cmsms_row_fullwidth { \n\tpadding-left:32%; \n} \n#cmsms_row_69de570262f9c .cmsms_row_inner.cmsms_row_fullwidth { \n\tpadding-right:32%; \n} \n \n#cmsms_row_69de570263194 .cmsms_row_outer_parent { \n\tpadding-top: 10px; \n} \n\n#cmsms_row_69de570263194 .cmsms_row_outer_parent { \n\tpadding-bottom: 0px; \n} \n\n#cmsms_row_69de570263194 .cmsms_row_inner.cmsms_row_fullwidth { \n\tpadding-left:32%; \n} \n#cmsms_row_69de570263194 .cmsms_row_inner.cmsms_row_fullwidth { \n\tpadding-right:32%; \n} \n \n#cmsms_divider_69de5702632e6 { \n\tpadding-top:10px; \n\tmargin-bottom:30px; \n} \n \n#cmsms_divider_69de570263398 { \n\tpadding-top:10px; \n\tmargin-bottom:10px; \n} \n \n#cmsms_row_69de5702634a7 .cmsms_row_outer_parent { \n\tpadding-top: 10px; \n} \n\n#cmsms_row_69de5702634a7 .cmsms_row_outer_parent { \n\tpadding-bottom: 0px; \n} \n\n#cmsms_row_69de5702634a7 .cmsms_row_inner.cmsms_row_fullwidth { \n\tpadding-left:32%; \n} \n#cmsms_row_69de5702634a7 .cmsms_row_inner.cmsms_row_fullwidth { \n\tpadding-right:32%; \n} \n \n#cmsms_divider_69de570263648 { \n\tpadding-top:10px; \n\tmargin-bottom:10px; \n} \n \n#cmsms_divider_69de570263714 { \n\tpadding-top:10px; \n\tmargin-bottom:10px; \n} \n \n#cmsms_row_69de570263849 .cmsms_row_outer_parent { \n\tpadding-top: 0px; \n} \n\n#cmsms_row_69de570263849 .cmsms_row_outer_parent { \n\tpadding-bottom: 20px; \n} \n\n#cmsms_row_69de570263849 .cmsms_row_inner.cmsms_row_fullwidth { \n\tpadding-left:32%; \n} \n#cmsms_row_69de570263849 .cmsms_row_inner.cmsms_row_fullwidth { \n\tpadding-right:32%; \n} \n \n#cmsms_row_69de570263ec7 .cmsms_row_outer_parent { \n\tpadding-top: 10px; \n} \n\n#cmsms_row_69de570263ec7 .cmsms_row_outer_parent { \n\tpadding-bottom: 0px; \n} \n\n#cmsms_row_69de570263ec7 .cmsms_row_inner.cmsms_row_fullwidth { \n\tpadding-left:32%; \n} \n#cmsms_row_69de570263ec7 .cmsms_row_inner.cmsms_row_fullwidth { \n\tpadding-right:32%; \n} \n \n#cmsms_divider_69de570264059 { \n\tpadding-top:10px; \n\tmargin-bottom:30px; \n} \n \n#cmsms_divider_69de57026411d { \n\tpadding-top:10px; \n\tmargin-bottom:10px; \n} \n<\/style><div id=\"cmsms_row_69de5702625d5\" class=\"cmsms_row cmsms_color_scheme_default\">\n<div class=\"cmsms_row_outer_parent\">\n<div class=\"cmsms_row_outer\">\n<div class=\"cmsms_row_inner\">\n<div class=\"cmsms_row_margin\">\n<div class=\"cmsms_column one_first\">\n<div class=\"cmsms_text\">\n<h1 style=\"text-align: center;\"><span style=\"color: #925683;\">Geopark<\/span><span style=\"color: #000;\"> &#8211; science, research<br \/>\n<\/span><\/h1>\n<\/div>\n<\/div>\n<\/div>\n<\/div>\n<\/div>\n<\/div>\n<\/div>\n<div id=\"cmsms_row_69de570262818\" class=\"cmsms_row cmsms_color_scheme_default\">\n<div class=\"cmsms_row_outer_parent\">\n<div class=\"cmsms_row_outer\">\n<div class=\"cmsms_row_inner\">\n<div class=\"cmsms_row_margin\">\n<div class=\"cmsms_column one_first\">\n<div id=\"cmsms_divider_69de570262949\" class=\"cmsms_divider solid\"><\/div>\n<\/div>\n<\/div>\n<\/div>\n<\/div>\n<\/div>\n<\/div>\n<div id=\"cmsms_row_69de5702629e9\" class=\"cmsms_row cmsms_color_scheme_default\">\n<div class=\"cmsms_row_outer_parent\">\n<div class=\"cmsms_row_outer\">\n<div class=\"cmsms_row_inner cmsms_row_fullwidth\">\n<div class=\"cmsms_row_margin\">\n<div class=\"cmsms_column one_half\">\n\n<div id=\"cmsms_button_69de570262b11\" class=\"button_wrap\"><a href=\"\/en\/science-research\/ongoing-projects\/\" class=\"cmsms_button\">ONGOING PROJECTS<\/a><\/div>\n<\/div>\n<div class=\"cmsms_column one_half\">\n\n<div id=\"cmsms_button_69de570262bfe\" class=\"button_wrap\"><a href=\"\/en\/science-research\/completed-projects\/\" class=\"cmsms_button\">COMPLETED PROJECTS<\/a><\/div>\n<\/div>\n<\/div>\n<\/div>\n<\/div>\n<\/div>\n<\/div>\n<div id=\"cmsms_row_69de570262c50\" class=\"cmsms_row cmsms_color_scheme_default\">\n<div class=\"cmsms_row_outer_parent\">\n<div class=\"cmsms_row_outer\">\n<div class=\"cmsms_row_inner\">\n<div class=\"cmsms_row_margin\">\n<div class=\"cmsms_column one_first\">\n<div class=\"cmsms_text\">\n<h2 style=\"text-align: center;\">Completed projects<\/h2>\n<\/div>\n<\/div>\n<\/div>\n<\/div>\n<\/div>\n<\/div>\n<\/div>\n<div id=\"cmsms_row_69de570262d67\" class=\"cmsms_row cmsms_color_scheme_default\">\n<div class=\"cmsms_row_outer_parent\">\n<div class=\"cmsms_row_outer\">\n<div class=\"cmsms_row_inner cmsms_row_fullwidth\">\n<div class=\"cmsms_row_margin\">\n<div class=\"cmsms_column one_first\">\n<div id=\"cmsms_divider_69de570262e4c\" class=\"cmsms_divider solid\"><\/div>\n<div class=\"cmsms_text\">\n<p style=\"font-size: 120%; text-align: center;\">REVOLVINGOV\u00dd FOND MINISTERSTVA \u017dIVOTN\u00cdHO PROST\u0158ED\u00cd NA PODPORU<br \/>\nUDR\u017dITELN\u00c9HO ROZVOJE \u2013 N\u00c1RODN\u00cd GEOPARK \u017dELEZN\u00c9 HORY (UR 5\/2011)<\/p>\n<\/div>\n\n<div id=\"cmsms_divider_69de570262f02\" class=\"cmsms_divider solid\"><\/div>\n<\/div>\n<\/div>\n<\/div>\n<\/div>\n<\/div>\n<\/div>\n<div id=\"cmsms_row_69de570262f9c\" class=\"cmsms_row cmsms_color_scheme_default\">\n<div class=\"cmsms_row_outer_parent\">\n<div class=\"cmsms_row_outer\">\n<div class=\"cmsms_row_inner cmsms_row_fullwidth\">\n<div class=\"cmsms_row_margin\">\n<div class=\"cmsms_column one_first\">\n<div class=\"cmsms_text\">\n<p style=\"text-align: center;\">Projekt je zam\u011b\u0159en na p\u0159\u00edpravn\u00e9 pr\u00e1ce vedouc\u00ed k vyhl\u00e1\u0161en\u00ed N\u00e1rodn\u00edho geoparku \u017delezn\u00e9 hory, tj. samotnou technickou p\u0159\u00edpravu, zaji\u0161t\u011bn\u00ed odborn\u00e9ho a technick\u00e9ho z\u00e1zem\u00ed pro veden\u00ed geoparku a nav\u00e1z\u00e1n\u00ed spolupr\u00e1ce s kl\u00ed\u010dov\u00fdmi partnery a c\u00edlov\u00fdmi skupinami. D\u00e9lka realizace projektu je 16 m\u011bs\u00edc\u016f (srpen 2011 \u2013 prosinec 2012).<br \/>\nV r\u00e1mci projektu vznikne podrobn\u00e1 datab\u00e1ze minim\u00e1ln\u011b 100 nejv\u00fdznamn\u011bj\u0161\u00edch geotop\u016f, d\u00e1le dojde k z\u0159\u00edzen\u00ed a vybaven\u00ed kancel\u00e1\u0159e geoparku. Sou\u010d\u00e1st\u00ed projektu jsou i tyto webov\u00e9 str\u00e1nky, d\u00e1le vznikne informa\u010dn\u00ed publikace.<br \/>\n27. z\u00e1\u0159\u00ed z\u00e1rove\u0148 prob\u011bhl prvn\u00ed informativn\u00ed semin\u00e1\u0159 pro vybran\u00e9 partnery. Tento semin\u00e1\u0159 bude pokra\u010dovat v dubnu roku 2012 a na n\u011bj bude v \u010dervnu t\u00e9ho\u017e roku navazovat exkurze. Pro \u0161irokou ve\u0159ejnost je pl\u00e1nov\u00e1n informa\u010dn\u00ed semin\u00e1\u0159 v pr\u016fb\u011bhu z\u00e1\u0159\u00ed 2012. Informace o tomto semin\u00e1\u0159i budou s dostate\u010dn\u00fdm p\u0159edstihem zve\u0159ejn\u011bny v tisku i na t\u011bchto webov\u00fdch str\u00e1nk\u00e1ch.<\/p>\n<\/div>\n<\/div>\n<\/div>\n<\/div>\n<\/div>\n<\/div>\n<\/div>\n<div id=\"cmsms_row_69de570263194\" class=\"cmsms_row cmsms_color_scheme_default\">\n<div class=\"cmsms_row_outer_parent\">\n<div class=\"cmsms_row_outer\">\n<div class=\"cmsms_row_inner cmsms_row_fullwidth\">\n<div class=\"cmsms_row_margin\">\n<div class=\"cmsms_column one_first\">\n<div id=\"cmsms_divider_69de5702632e6\" class=\"cmsms_divider solid\"><\/div>\n<div class=\"cmsms_text\">\n<h3 style=\"text-align: center;\">GEOPARK GYMN\u00c1ZIA CHOT\u011aBO\u0158<\/h3>\n<\/div>\n\n<div id=\"cmsms_divider_69de570263398\" class=\"cmsms_divider solid\"><\/div>\n<div class=\"cmsms_text\">\n<p style=\"text-align: center;\">Ve spolupr\u00e1ci s Gymn\u00e1ziem Chot\u011bbo\u0159 a Ekoklubem gymn\u00e1zia je p\u0159ipravov\u00e1na venkovn\u00ed geologick\u00e1 expozice na pozemku \u0161koly. Tato expozice zahrnuje instalaci 14 blok\u016f vybran\u00fdch druh\u016f hornin z bl\u00edzk\u00e9ho okol\u00ed Chot\u011bbo\u0159e, p\u0159\u00edp. z \u00fazem\u00ed Geoparku \u017delezn\u00e9 hory. D\u00e1le budou vytvo\u0159eny informa\u010dn\u00ed tabulky ke ka\u017ed\u00e9 hornin\u011b a dv\u011b velk\u00e9 informa\u010dn\u00ed tabule. Projekt je spolufinancov\u00e1n s programu Thing Big Nadace O2. V\u00edce o projektu na\u00a0<a href=\"http:\/\/www.gch.cz\">www.gch.cz<\/a>\u00a0nebo\u00a0<a href=\"http:\/\/www.o2thinkbig.cz\">www.o2thinkbig.cz<\/a>.<\/p>\n<\/div>\n<\/div>\n<\/div>\n<\/div>\n<\/div>\n<\/div>\n<\/div>\n<div id=\"cmsms_row_69de5702634a7\" class=\"cmsms_row cmsms_color_scheme_default\">\n<div class=\"cmsms_row_outer_parent\">\n<div class=\"cmsms_row_outer\">\n<div class=\"cmsms_row_inner cmsms_row_fullwidth\">\n<div class=\"cmsms_row_margin\">\n<div class=\"cmsms_column one_first\">\n<div id=\"cmsms_divider_69de570263648\" class=\"cmsms_divider solid\"><\/div>\n<div class=\"cmsms_text\">\n<h3 style=\"text-align: center;\">GEOV\u011aDY \u2013 vzd\u011bl\u00e1v\u00e1n\u00ed pedagogick\u00fdch pracovn\u00edk\u016f z\u00e1kladn\u00edch a st\u0159edn\u00edch \u0161kol<br \/>\nv geov\u011bdn\u00edch a jim bl\u00edzk\u00fdch oborech s d\u016frazem na jejich region\u00e1ln\u00ed p\u0159\u00edslu\u0161nost<\/h3>\n<\/div>\n\n<div id=\"cmsms_divider_69de570263714\" class=\"cmsms_divider solid\"><\/div>\n<div class=\"cmsms_text\">\n<p style=\"text-align: center;\">Znalost region\u00e1ln\u00edch pom\u011br\u016f \u017e\u00e1k\u016f a student\u016f z\u00e1kladn\u00edch a st\u0159edn\u00edch \u0161kol je p\u0159\u00edmo z\u00e1visl\u00e1 na znalostech pedagog\u016f. Vy\u0161\u0161\u00ed znalost regionu zvy\u0161uje \u0161anci na um\u00edst\u011bn\u00ed budouc\u00edch absolvent\u016f na trhu pr\u00e1ce v tomto regionu a zvy\u0161uje celkovou m\u00edru z\u00e1jmu o region.<br \/>\nC\u00edlem projektu je vytvo\u0159it vzd\u011bl\u00e1vac\u00ed program v geov\u011bdn\u00edch a na n\u011b navazuj\u00edc\u00edch oborech (chemie, fyzika, zem\u011bpis,..), jeho\u017e struktura bude pod\u0159\u00edzena postup\u016fm, na z\u00e1klad\u011b kter\u00fdch bude mo\u017en\u00e9 z\u00edskat akreditaci od M\u0160MT.<br \/>\nV\u00fdsledkem bude vzd\u011bl\u00e1vac\u00ed program, kter\u00fd je kombinac\u00ed samostudia pomoc\u00ed elektronick\u00e9 prezentace na internetu, elektronick\u00e9, fyzick\u00e9 a materi\u00e1ln\u00ed podpory a prezenta\u010dn\u00edch semin\u00e1\u0159\u016f, kter\u00e9 budou sv\u00fdm obsahem zam\u011b\u0159eny na aplikaci do u\u010ditelsk\u00e9 praxe, v\u010detn\u011b uv\u00e1d\u011bn\u00fdch p\u0159\u00edklad\u016f na zvolen\u00fdch typov\u00fdch lokalit\u00e1ch.<br \/>\nD\u00e9lka trv\u00e1n\u00ed projektu je b\u0159ezen 2012 a\u017e \u0159\u00edjen 2013. B\u011bhem t\u00e9to doby prob\u011bhne \u00favodn\u00ed semin\u00e1\u0159 (kv\u011bten\/\u010derven 2012), prvn\u00ed workshop s exkurz\u00ed (z\u00e1\u0159\u00ed\/\u0159\u00edjen 2012), druh\u00fd workshop s exkurz\u00ed (duben\/kv\u011bten 2013) a z\u00e1v\u011bre\u010dn\u00fd semin\u00e1\u0159 (z\u00e1\u0159\u00ed\/\u0159\u00edjen 2013).<br \/>\nWorkshop s exkurz\u00ed je koncipov\u00e1n jako dvoudenn\u00ed akce, kdy prvn\u00ed den bude \u00fa\u010dastn\u00edk\u016fm poskytnuta teoretick\u00e1 p\u0159\u00edprava spojen\u00e1 s uk\u00e1zkami hmotn\u00e9 dokumentace. Druh\u00fd den budou n\u00e1sledovat praktick\u00e9 uk\u00e1zky prob\u00edran\u00fdch t\u00e9mat v ter\u00e9nu na vybran\u00fdch region\u00e1ln\u00edch lokalit\u00e1ch.<br \/>\nKa\u017ed\u00fd \u00fa\u010dastn\u00edk kurzu, tedy v\u0161ech semin\u00e1\u0159\u016f, kurz\u016f i exkurz\u00ed, obdr\u017e\u00ed certifik\u00e1t o absolvov\u00e1n\u00ed tohoto vzd\u011bl\u00e1vac\u00edho programu. Ka\u017ed\u00e1 \u0161kola z\u00e1rove\u0148 obdr\u017e\u00ed do dlouhodob\u00e9ho bezplatn\u00e9ho pron\u00e1jmu komplexn\u00ed sb\u00edrku hornin (24 typ\u016f v\u010detn\u011b 6ti le\u0161t\u011bn\u00fdch), miner\u00e1l\u016f (40 druh\u016f) a zkamen\u011blin (24 druh\u016f). Tato sb\u00edrka bude p\u0159ed\u00e1v\u00e1na postupn\u011b b\u011bhem realizace cel\u00e9ho programu.<\/p>\n<p style=\"text-align: center;\">Projekt je financov\u00e1n z Opera\u010dn\u00edho programu Vzd\u011bl\u00e1v\u00e1n\u00ed pro konkurenceschopnost.<\/p>\n<\/div>\n<\/div>\n<\/div>\n<\/div>\n<\/div>\n<\/div>\n<\/div>\n<div id=\"cmsms_row_69de570263849\" class=\"cmsms_row cmsms_color_scheme_default\">\n<div class=\"cmsms_row_outer_parent\">\n<div class=\"cmsms_row_outer\">\n<div class=\"cmsms_row_inner cmsms_row_fullwidth\">\n<div class=\"cmsms_row_margin\">\n<div class=\"cmsms_column one_first\">\n<div class=\"aligncenter\">\n<div class=\"cmsms_img  cmsms_image_c\">\n<img decoding=\"async\" src=\"https:\/\/www.geoparkzh.cz\/en\/wp-content\/uploads\/sites\/3\/2018\/02\/loga-esf-1.jpg\" \/>\n<\/div>\n<\/div>\n<\/div>\n<\/div>\n<\/div>\n<\/div>\n<\/div>\n<\/div>\n<div id=\"cmsms_row_69de570263ec7\" class=\"cmsms_row cmsms_color_scheme_default\">\n<div class=\"cmsms_row_outer_parent\">\n<div class=\"cmsms_row_outer\">\n<div class=\"cmsms_row_inner cmsms_row_fullwidth\">\n<div class=\"cmsms_row_margin\">\n<div class=\"cmsms_column one_first\">\n<div id=\"cmsms_divider_69de570264059\" class=\"cmsms_divider solid\"><\/div>\n<div class=\"cmsms_text\">\n<h3 style=\"text-align: center;\">VENKOVN\u00cd GEOLOGICK\u00c1 EXPOZICE<\/h3>\n<\/div>\n\n<div id=\"cmsms_divider_69de57026411d\" class=\"cmsms_divider solid\"><\/div>\n<div class=\"cmsms_text\">\n<p style=\"text-align: center;\">r\u00e1mci projektu je pl\u00e1nov\u00e1no obohacen\u00ed st\u00e1vaj\u00edc\u00ed geologick\u00e9 expozice o venkovn\u00ed \u010d\u00e1st, kter\u00e1 bude um\u00edst\u011bna na pozemku spole\u010dnosti Vodn\u00ed zdroje Chrudim, spol. s r. o. Pod\u00e9l plotu je pl\u00e1nov\u00e1no um\u00edst\u011bn\u00ed 9 stojan\u016f z nerezav\u011bj\u00edc\u00edho materi\u00e1lu. Do t\u011bchto stojan\u016f budou um\u00edst\u011bny velkoform\u00e1tov\u00e9 le\u0161t\u011bn\u00e9 kamenn\u00e9 desky (form\u00e1t max.30 cmx70 cm), kter\u00e9 p\u0159edstavuj\u00ed r\u016fzn\u00e9 typy hornin. T\u00edmto bude vytvo\u0159ena ucelen\u00e1 petrologick\u00e1 expozice, jej\u00ed\u017e v\u00fdhodou bude mo\u017enost nahl\u00e9dnout do detailn\u00ed stavby jednotliv\u00fdch hornin. Do ka\u017ed\u00e9ho stojanu bude um\u00edst\u011bno po t\u0159ech desk\u00e1ch, celkem je pl\u00e1nov\u00e1no zhotoven\u00ed 9 stojan\u016f pro 27 kamenn\u00fdch desek.\u00a0U ka\u017ed\u00e9ho panelu budou popisky kamenn\u00fdch desek ve form\u011b lepen\u00fdch etiket. Realizace projektu je pl\u00e1nov\u00e1na mezi dubnem a \u010dervencem 2012.<br \/>\nV r\u00e1mci propagace nov\u00e9 expozice je pl\u00e1nov\u00e1no zhotoven\u00ed jednoduch\u00e9ho informa\u010dn\u00edho let\u00e1ku, kter\u00fd bude roz\u0161\u00ed\u0159en jednak elektronickou formou, jednak tiskovou formou do v\u0161ech informa\u010dn\u00edch center a \u0161kol v regionu. D\u00e1le je po\u010d\u00edt\u00e1no s kr\u00e1tkou medi\u00e1ln\u00ed kampan\u00ed ve form\u011b tiskov\u00e9 zpr\u00e1vy v m\u00edstn\u00edch m\u00e9di\u00edch. Informace o expozici budou um\u00edst\u011bny i na webov\u00fdch str\u00e1nk\u00e1ch\u00a0<a href=\"http:\/\/www.vz.cz\">www.vz.cz<\/a>\u00a0a\u00a0<a href=\"http:\/\/www.geoparkzh.cz\/cs\/veda-a-vyzkum\/ukoncene-projekty\/www.geoparkzh.cz\">www.geoparkzh.cz<\/a>.<\/p>\n<p style=\"text-align: center;\">Projekt je spolufinancov\u00e1n Pardubick\u00fdm krajem.<\/p>\n<\/div>\n<\/div>\n<\/div>\n<\/div>\n<\/div>\n<\/div>\n<\/div>\n\n","protected":false},"excerpt":{"rendered":"","protected":false},"author":1,"featured_media":0,"parent":526,"menu_order":2,"comment_status":"closed","ping_status":"closed","template":"","meta":{"footnotes":""},"class_list":["post-1187","page","type-page","status-publish","hentry"],"_links":{"self":[{"href":"https:\/\/www.geoparkzh.cz\/en\/wp-json\/wp\/v2\/pages\/1187"}],"collection":[{"href":"https:\/\/www.geoparkzh.cz\/en\/wp-json\/wp\/v2\/pages"}],"about":[{"href":"https:\/\/www.geoparkzh.cz\/en\/wp-json\/wp\/v2\/types\/page"}],"author":[{"embeddable":true,"href":"https:\/\/www.geoparkzh.cz\/en\/wp-json\/wp\/v2\/users\/1"}],"replies":[{"embeddable":true,"href":"https:\/\/www.geoparkzh.cz\/en\/wp-json\/wp\/v2\/comments?post=1187"}],"version-history":[{"count":2,"href":"https:\/\/www.geoparkzh.cz\/en\/wp-json\/wp\/v2\/pages\/1187\/revisions"}],"predecessor-version":[{"id":2071,"href":"https:\/\/www.geoparkzh.cz\/en\/wp-json\/wp\/v2\/pages\/1187\/revisions\/2071"}],"up":[{"embeddable":true,"href":"https:\/\/www.geoparkzh.cz\/en\/wp-json\/wp\/v2\/pages\/526"}],"wp:attachment":[{"href":"https:\/\/www.geoparkzh.cz\/en\/wp-json\/wp\/v2\/media?parent=1187"}],"curies":[{"name":"wp","href":"https:\/\/api.w.org\/{rel}","templated":true}]}}