{"id":1128,"date":"2018-02-27T17:40:20","date_gmt":"2018-02-27T16:40:20","guid":{"rendered":"http:\/\/www.geoparkzh.cz\/cs\/?page_id=1128"},"modified":"2019-07-29T09:12:58","modified_gmt":"2019-07-29T07:12:58","slug":"georanger","status":"publish","type":"page","link":"https:\/\/www.geoparkzh.cz\/en\/geoturism\/georanger\/","title":{"rendered":"Georanger"},"content":{"rendered":"<style type=\"text\/css\"> \n#cmsms_row_69dd4c1a4f28d .cmsms_row_outer_parent { \n\tpadding-top: 50px; \n} \n\n#cmsms_row_69dd4c1a4f28d .cmsms_row_outer_parent { \n\tpadding-bottom: 0px; \n} \n\n \n#cmsms_row_69dd4c1a4f3df .cmsms_row_outer_parent { \n\tpadding-top: 10px; \n} \n\n#cmsms_row_69dd4c1a4f3df .cmsms_row_outer_parent { \n\tpadding-bottom: 10px; \n} \n\n \n#cmsms_divider_69dd4c1a4f4ba { \n\tpadding-top:10px; \n\tmargin-bottom:10px; \n} \n \n#cmsms_row_69dd4c1a4f50e .cmsms_row_outer_parent { \n\tpadding-top: 20px; \n} \n\n#cmsms_row_69dd4c1a4f50e .cmsms_row_outer_parent { \n\tpadding-bottom: 50px; \n} \n\n \n#cmsms_row_69dd4c1a4f6a7 .cmsms_row_outer_parent { \n\tpadding-top: 0px; \n} \n\n#cmsms_row_69dd4c1a4f6a7 .cmsms_row_outer_parent { \n\tpadding-bottom: 20px; \n} \n\n#cmsms_row_69dd4c1a4f6a7 .cmsms_row_inner.cmsms_row_fullwidth { \n\tpadding-left:25%; \n} \n#cmsms_row_69dd4c1a4f6a7 .cmsms_row_inner.cmsms_row_fullwidth { \n\tpadding-right:25%; \n} \n \n#cmsms_divider_69dd4c1a4f7a5 { \n\tpadding-top:10px; \n\tmargin-bottom:20px; \n} \n \n#cmsms_divider_69dd4c1a4f80f { \n\tpadding-top:0px; \n\tmargin-bottom:20px; \n} \n \n#cmsms_row_69dd4c1a4fc89 .cmsms_row_outer_parent { \n\tpadding-top: 0px; \n} \n\n#cmsms_row_69dd4c1a4fc89 .cmsms_row_outer_parent { \n\tpadding-bottom: 50px; \n} \n\n#cmsms_row_69dd4c1a4fc89 .cmsms_row_inner.cmsms_row_fullwidth { \n\tpadding-left:32%; \n} \n#cmsms_row_69dd4c1a4fc89 .cmsms_row_inner.cmsms_row_fullwidth { \n\tpadding-right:32%; \n} \n<\/style><div id=\"cmsms_row_69dd4c1a4f28d\" class=\"cmsms_row cmsms_color_scheme_default\">\n<div class=\"cmsms_row_outer_parent\">\n<div class=\"cmsms_row_outer\">\n<div class=\"cmsms_row_inner\">\n<div class=\"cmsms_row_margin\">\n<div class=\"cmsms_column one_first\">\n<div class=\"cmsms_text\">\n<h1 style=\"text-align: center;\"><span style=\"color: #925683;\">Geopark<\/span><span style=\"color: #000;\"> &#8211; geoturistika<\/span><\/h1>\n<\/div>\n<\/div>\n<\/div>\n<\/div>\n<\/div>\n<\/div>\n<\/div>\n<div id=\"cmsms_row_69dd4c1a4f3df\" class=\"cmsms_row cmsms_color_scheme_default\">\n<div class=\"cmsms_row_outer_parent\">\n<div class=\"cmsms_row_outer\">\n<div class=\"cmsms_row_inner\">\n<div class=\"cmsms_row_margin\">\n<div class=\"cmsms_column one_first\">\n<div id=\"cmsms_divider_69dd4c1a4f4ba\" class=\"cmsms_divider solid\"><\/div>\n<\/div>\n<\/div>\n<\/div>\n<\/div>\n<\/div>\n<\/div>\n<div id=\"cmsms_row_69dd4c1a4f50e\" class=\"cmsms_row cmsms_color_scheme_default\">\n<div class=\"cmsms_row_outer_parent\">\n<div class=\"cmsms_row_outer\">\n<div class=\"cmsms_row_inner\">\n<div class=\"cmsms_row_margin\">\n<div class=\"cmsms_column one_first\">\n<div class=\"cmsms_text nastred\">\n<p><a href=\"\/en\/geoturism\/information-centers\/\"><img decoding=\"async\" class=\"size-full wp-image-980 aligncenter\" style=\"margin-right: 18px;\" src=\"\/cs\/wp-content\/uploads\/sites\/3\/2018\/05\/informacni-centra-en.png\" alt=\"Information Centers\" \/><\/a> <a href=\"\/en\/geoturism\/permanent-exhibitions\/\"><img decoding=\"async\" class=\"size-full wp-image-980 aligncenter\" style=\"margin-right: 18px;\" src=\"\/cs\/wp-content\/uploads\/sites\/3\/2018\/05\/stale-expozice-en.png\" alt=\"Permanent Exhibitions\" \/><\/a> <a href=\"\/en\/geoturism\/educative-trails\/\"><img decoding=\"async\" class=\"size-full wp-image-980 aligncenter\" style=\"margin-right: 18px;\" src=\"\/cs\/wp-content\/uploads\/sites\/3\/2018\/05\/naucne-stezky-en.png\" alt=\"Educative Trails\" \/><\/a> <a href=\"\/en\/geoturism\/tips-on-trips\/\"><img decoding=\"async\" class=\"size-full wp-image-980 aligncenter\" style=\"margin-right: 18px;\" src=\"\/cs\/wp-content\/uploads\/sites\/3\/2018\/05\/tipy-na-vylety-en.png\" alt=\"Tips on Trips\" \/><\/a> <a href=\"\/en\/geoturism\/georanger\/\"><img decoding=\"async\" class=\"size-full wp-image-980 aligncenter\" style=\"margin-right: 18px;\" src=\"\/cs\/wp-content\/uploads\/sites\/3\/2018\/05\/geopruvodce-en.png\" alt=\"Georanger\" \/><\/a> <a href=\"\/en\/geoturism\/where-did-it-come-from\/\"><img decoding=\"async\" class=\"size-full wp-image-980 aligncenter\" style=\"margin-right: 18px;\" src=\"\/en\/wp-content\/uploads\/sites\/3\/2019\/03\/kde-se-to-vzalo-en.png\" alt=\"Where did it come from?\" \/><\/a><\/p>\n<\/div>\n<\/div>\n<\/div>\n<\/div>\n<\/div>\n<\/div>\n<\/div>\n<div id=\"cmsms_row_69dd4c1a4f6a7\" class=\"cmsms_row cmsms_color_scheme_default\">\n<div class=\"cmsms_row_outer_parent\">\n<div class=\"cmsms_row_outer\">\n<div class=\"cmsms_row_inner cmsms_row_fullwidth\">\n<div class=\"cmsms_row_margin\">\n<div class=\"cmsms_column one_first\">\n<div id=\"cmsms_divider_69dd4c1a4f7a5\" class=\"cmsms_divider solid\"><\/div>\n<div class=\"cmsms_text\">\n<h2 style=\"text-align: center;\">Geopr\u016fvodce<\/h2>\n<\/div>\n\n<div id=\"cmsms_divider_69dd4c1a4f80f\" class=\"cmsms_divider solid\"><\/div>\n<div class=\"cmsms_text\">\n<p style=\"text-align: center;\">Prezentace ze \u0161kolen\u00ed Geopr\u016fvodce NG\u017dH z 8.3. 2013 naleznete v sekci <a href=\"\/cs\/ke-stazeni\">Ke sta\u017een\u00ed<\/a>.<\/p>\n<p style=\"text-align: center;\"><strong><u>Z d\u016fvod\u016f napln\u011bn\u00ed kapacity nen\u00ed ji\u017e registrace nov\u00fdch geopr\u016fvodc\u016f mo\u017en\u00e1.<\/u><\/strong><\/p>\n<p style=\"text-align: center;\">\u0160kolen\u00ed je ur\u010deno v\u0161em z\u00e1jemc\u016fm o \u017delezn\u00e9 hory a jejich okol\u00ed, kte\u0159\u00ed jsou ochotni se u\u010dit nov\u00fdm v\u011bcem a neboj\u00ed se p\u0159ed\u00e1vat informace dal\u0161\u00edm lidem. V\u011bkov\u00fd limit nen\u00ed stanoven, \u00fa\u010dastnit se mohu jak studenti st\u0159edn\u00edch \u010di vysok\u00fdch \u0161kol, tak i z\u00e1jemci z \u0159ad penzist\u016f. Kapacita \u0161kolen\u00ed je p\u0159ibli\u017en\u011b 50 osob.<\/p>\n<\/div>\n<div class=\"aligncenter\">\n<div class=\"cmsms_img  cmsms_image_c\">\n<a href=\"\/wp-content\/uploads\/sites\/2\/2018\/03\/pozvanka-na-seminar-geopruvodce.pdf\" target=\"_blank\"><img decoding=\"async\" src=\"https:\/\/www.geoparkzh.cz\/en\/wp-content\/uploads\/sites\/3\/2018\/02\/download-icon-1.png\" \/><\/a>\n<\/div>\n<\/div>\n<div class=\"cmsms_text\">\n<p style=\"text-align: center;\"><a href=\"\/wp-content\/uploads\/sites\/2\/2018\/03\/pozvanka-na-seminar-geopruvodce.pdf\" target=\"_blank\" rel=\"noopener\">St\u00e1hn\u011bte si pozv\u00e1nku na semin\u00e1\u0159<\/a><\/p>\n<\/div>\n<\/div>\n<\/div>\n<\/div>\n<\/div>\n<\/div>\n<\/div>\n<div id=\"cmsms_row_69dd4c1a4fc89\" class=\"cmsms_row cmsms_color_scheme_default\">\n<div class=\"cmsms_row_outer_parent\">\n<div class=\"cmsms_row_outer\">\n<div class=\"cmsms_row_inner cmsms_row_fullwidth\">\n<div class=\"cmsms_row_margin\">\n<div class=\"cmsms_column one_first\">\n<div class=\"cmsms_text\">\n<p style=\"text-align: center;\">Certifikace geopr\u016fvodc\u016f bude m\u00edt n\u011bkolik krok\u016f. Nejprve prob\u011bhne jednodenn\u00ed \u0161kolen\u00ed, kde budou formou p\u0159edn\u00e1\u0161ek prezentov\u00e1na t\u00e9mata geologick\u00e9ho a geoturistick\u00e9ho charakteru. \u00da\u010dastn\u00edci semin\u00e1\u0159e obdr\u017e\u00ed \u0159adu studijn\u00edch materi\u00e1l\u016f pro samostatn\u00e9 studium. N\u00e1sleduj\u00ed dv\u011b exkurze, v\u017edy na r\u016fzn\u00e1 t\u00e9mata. Od \u00fa\u010dastn\u00edk\u016f bude vy\u017eadov\u00e1na <strong>\u00fa\u010dast minim\u00e1ln\u011b na jedn\u00e9 exkurzi<\/strong>. Samostudium bude z\u00e1rove\u0148 prob\u00edhat na elektronick\u00e9m \u0161kol\u00edc\u00edm port\u00e1lu Univerzity Hradec Kr\u00e1lov\u00e9, kde budou \u00fa\u010dastn\u00edci muset proj\u00edt povinn\u00fdm testem.\u00a0Ob\u010derstven\u00ed na exkurz\u00edch a semin\u00e1\u0159\u016f je zaji\u0161t\u011bno.<\/p>\n<p style=\"text-align: center;\"><strong>Semin\u00e1\u0159 ani exkurze nejsou zpoplatn\u011bny!<\/strong><\/p>\n<p style=\"text-align: center;\">Ve vybran\u00fdch term\u00ednech bude cel\u00fd <strong>kurz ukon\u010den certifika\u010dn\u00ed \u00fastn\u00ed zkou\u0161kou<\/strong>, kde budou ov\u011b\u0159eny schopnosti a znalosti jednotliv\u00fdch \u00fa\u010dastn\u00edk\u016f.<\/p>\n<p style=\"text-align: center;\">Dr\u017eitel certifik\u00e1tu \u201eGeopr\u016fvodce N\u00e1rodn\u00edho geoparku \u017delezn\u00e9 hory\u201c bude opr\u00e1vn\u011bn prov\u00e1zet turisty v\u00a0r\u00e1mci turistick\u00fdch bal\u00ed\u010dk\u016f po \u00fazem\u00ed N\u00e1rodn\u00edho geoparku \u017delezn\u00e9 hory. Za pr\u016fvodcovskou \u010dinnost bude m\u00edt n\u00e1rok na finan\u010dn\u00ed odm\u011bnu dle nastaven\u00fdch pravidel a cen.<\/p>\n<p style=\"text-align: center;\">Certifikovan\u00fd <strong>geopr\u016fvodce<\/strong> bude ve sv\u00fdch aktivit\u00e1ch <strong>pln\u011b pod\u0159\u00edzen veden\u00ed N\u00e1rodn\u00edho geoparku \u017delezn\u00e9 hory<\/strong> a nen\u00ed opr\u00e1vn\u011bn vyv\u00edjet vlastn\u00ed komer\u010dn\u00ed aktivity bez p\u0159edchoz\u00ed dohody s\u00a0veden\u00edm geoparku. Poru\u0161en\u00ed tohoto pravidla m\u016f\u017ee v\u00e9st k\u00a0odebr\u00e1n\u00ed certifik\u00e1tu.<\/p>\n<p style=\"text-align: center;\">Geopr\u016fvodce mus\u00ed db\u00e1t z\u00e1kladn\u00edch pravidel slu\u0161n\u00e9ho chov\u00e1n\u00ed a dobr\u00fdch mrav\u016f, nesm\u00ed n\u00e1v\u0161t\u011bvn\u00edk\u016fm \u00famysln\u011b pod\u00e1vat myln\u00e9, zkreslen\u00e9 \u010di zcela chybn\u00e9 informace. Z\u00e1rove\u0148 mus\u00ed db\u00e1t na dobr\u00e9 jm\u00e9no N\u00e1rodn\u00edho geoparku \u017delezn\u00e9 hory a nesm\u00ed toto jm\u00e9no \u00famysln\u011b jakkoliv po\u0161kozovat.<\/p>\n<\/div>\n<\/div>\n<\/div>\n<\/div>\n<\/div>\n<\/div>\n<\/div>\n\n","protected":false},"excerpt":{"rendered":"","protected":false},"author":1,"featured_media":0,"parent":522,"menu_order":5,"comment_status":"closed","ping_status":"closed","template":"","meta":{"footnotes":""},"class_list":["post-1128","page","type-page","status-publish","hentry"],"_links":{"self":[{"href":"https:\/\/www.geoparkzh.cz\/en\/wp-json\/wp\/v2\/pages\/1128"}],"collection":[{"href":"https:\/\/www.geoparkzh.cz\/en\/wp-json\/wp\/v2\/pages"}],"about":[{"href":"https:\/\/www.geoparkzh.cz\/en\/wp-json\/wp\/v2\/types\/page"}],"author":[{"embeddable":true,"href":"https:\/\/www.geoparkzh.cz\/en\/wp-json\/wp\/v2\/users\/1"}],"replies":[{"embeddable":true,"href":"https:\/\/www.geoparkzh.cz\/en\/wp-json\/wp\/v2\/comments?post=1128"}],"version-history":[{"count":4,"href":"https:\/\/www.geoparkzh.cz\/en\/wp-json\/wp\/v2\/pages\/1128\/revisions"}],"predecessor-version":[{"id":2135,"href":"https:\/\/www.geoparkzh.cz\/en\/wp-json\/wp\/v2\/pages\/1128\/revisions\/2135"}],"up":[{"embeddable":true,"href":"https:\/\/www.geoparkzh.cz\/en\/wp-json\/wp\/v2\/pages\/522"}],"wp:attachment":[{"href":"https:\/\/www.geoparkzh.cz\/en\/wp-json\/wp\/v2\/media?parent=1128"}],"curies":[{"name":"wp","href":"https:\/\/api.w.org\/{rel}","templated":true}]}}