{"id":999,"date":"2018-02-27T10:14:11","date_gmt":"2018-02-27T09:14:11","guid":{"rendered":"https:\/\/www.geoparkzh.cz\/cs\/?page_id=999"},"modified":"2020-06-02T13:59:09","modified_gmt":"2020-06-02T11:59:09","slug":"aplikace","status":"publish","type":"page","link":"https:\/\/www.geoparkzh.cz\/cs\/media\/aplikace\/","title":{"rendered":"Aplikace"},"content":{"rendered":"<style type=\"text\/css\"> \n#cmsms_row_69dc22d3254a7 .cmsms_row_outer_parent { \n\tpadding-top: 50px; \n} \n\n#cmsms_row_69dc22d3254a7 .cmsms_row_outer_parent { \n\tpadding-bottom: 0px; \n} \n\n \n#cmsms_row_69dc22d325622 .cmsms_row_outer_parent { \n\tpadding-top: 0px; \n} \n\n#cmsms_row_69dc22d325622 .cmsms_row_outer_parent { \n\tpadding-bottom: 10px; \n} \n\n \n#cmsms_divider_69dc22d3256d1 { \n\tpadding-top:10px; \n\tmargin-bottom:10px; \n} \n \n#cmsms_row_69dc22d325725 .cmsms_row_outer_parent { \n\tpadding-top: 20px; \n} \n\n#cmsms_row_69dc22d325725 .cmsms_row_outer_parent { \n\tpadding-bottom: 10px; \n} \n\n#cmsms_row_69dc22d325725 .cmsms_row_inner.cmsms_row_fullwidth { \n\tpadding-left:25%; \n} \n#cmsms_row_69dc22d325725 .cmsms_row_inner.cmsms_row_fullwidth { \n\tpadding-right:25%; \n} \n \n#cmsms_row_69dc22d325884 .cmsms_row_outer_parent { \n\tpadding-top: 0px; \n} \n\n#cmsms_row_69dc22d325884 .cmsms_row_outer_parent { \n\tpadding-bottom: 20px; \n} \n\n \n#cmsms_row_69dc22d325990 .cmsms_row_outer_parent { \n\tpadding-top: 0px; \n} \n\n#cmsms_row_69dc22d325990 .cmsms_row_outer_parent { \n\tpadding-bottom: 50px; \n} \n\n#cmsms_row_69dc22d325990 .cmsms_row_inner.cmsms_row_fullwidth { \n\tpadding-left:31%; \n} \n#cmsms_row_69dc22d325990 .cmsms_row_inner.cmsms_row_fullwidth { \n\tpadding-right:31%; \n} \n \n#cmsms_divider_69dc22d325b45 { \n\tpadding-top:10px; \n\tmargin-bottom:13px; \n} \n \n#cmsms_divider_69dc22d325bb2 { \n\tpadding-top:10px; \n\tmargin-bottom:13px; \n} \n \n#cmsms_row_69dc22d3260a6 .cmsms_row_outer_parent { \n\tpadding-top: 0px; \n} \n\n#cmsms_row_69dc22d3260a6 .cmsms_row_outer_parent { \n\tpadding-bottom: 50px; \n} \n\n#cmsms_row_69dc22d3260a6 .cmsms_row_inner.cmsms_row_fullwidth { \n\tpadding-left:31%; \n} \n#cmsms_row_69dc22d3260a6 .cmsms_row_inner.cmsms_row_fullwidth { \n\tpadding-right:31%; \n} \n \n#cmsms_divider_69dc22d32626c { \n\tpadding-top:10px; \n\tmargin-bottom:13px; \n} \n \n#cmsms_divider_69dc22d3262da { \n\tpadding-top:10px; \n\tmargin-bottom:13px; \n} \n \n#cmsms_row_69dc22d32673b .cmsms_row_outer_parent { \n\tpadding-top: 0px; \n} \n\n#cmsms_row_69dc22d32673b .cmsms_row_outer_parent { \n\tpadding-bottom: 50px; \n} \n\n#cmsms_row_69dc22d32673b .cmsms_row_inner.cmsms_row_fullwidth { \n\tpadding-left:31%; \n} \n#cmsms_row_69dc22d32673b .cmsms_row_inner.cmsms_row_fullwidth { \n\tpadding-right:31%; \n} \n \n#cmsms_divider_69dc22d32690b { \n\tpadding-top:10px; \n\tmargin-bottom:13px; \n} \n \n#cmsms_divider_69dc22d326979 { \n\tpadding-top:10px; \n\tmargin-bottom:13px; \n} \n \n#cmsms_row_69dc22d32712e .cmsms_row_outer_parent { \n\tpadding-top: 0px; \n} \n\n#cmsms_row_69dc22d32712e .cmsms_row_outer_parent { \n\tpadding-bottom: 50px; \n} \n\n#cmsms_row_69dc22d32712e .cmsms_row_inner.cmsms_row_fullwidth { \n\tpadding-left:31%; \n} \n#cmsms_row_69dc22d32712e .cmsms_row_inner.cmsms_row_fullwidth { \n\tpadding-right:31%; \n} \n \n#cmsms_divider_69dc22d327310 { \n\tpadding-top:10px; \n\tmargin-bottom:13px; \n} \n \n#cmsms_divider_69dc22d32737c { \n\tpadding-top:10px; \n\tmargin-bottom:13px; \n} \n \n#cmsms_row_69dc22d327442 .cmsms_row_outer_parent { \n\tpadding-top: 0px; \n} \n\n#cmsms_row_69dc22d327442 .cmsms_row_outer_parent { \n\tpadding-bottom: 50px; \n} \n\n#cmsms_row_69dc22d327442 .cmsms_row_inner.cmsms_row_fullwidth { \n\tpadding-left:31%; \n} \n#cmsms_row_69dc22d327442 .cmsms_row_inner.cmsms_row_fullwidth { \n\tpadding-right:31%; \n} \n \n#cmsms_divider_69dc22d32760f { \n\tpadding-top:10px; \n\tmargin-bottom:13px; \n} \n \n#cmsms_divider_69dc22d32767b { \n\tpadding-top:0px; \n\tmargin-bottom:20px; \n} \n \n#cmsms_row_69dc22d327720 .cmsms_row_outer_parent { \n\tpadding-top: 0px; \n} \n\n#cmsms_row_69dc22d327720 .cmsms_row_outer_parent { \n\tpadding-bottom: 50px; \n} \n\n#cmsms_row_69dc22d327720 .cmsms_row_inner.cmsms_row_fullwidth { \n\tpadding-left:31%; \n} \n#cmsms_row_69dc22d327720 .cmsms_row_inner.cmsms_row_fullwidth { \n\tpadding-right:31%; \n} \n \n#cmsms_divider_69dc22d3278ce { \n\tpadding-top:10px; \n\tmargin-bottom:13px; \n} \n \n#cmsms_divider_69dc22d32793a { \n\tpadding-top:0px; \n\tmargin-bottom:20px; \n} \n<\/style><div id=\"cmsms_row_69dc22d3254a7\" class=\"cmsms_row cmsms_color_scheme_default\">\n<div class=\"cmsms_row_outer_parent\">\n<div class=\"cmsms_row_outer\">\n<div class=\"cmsms_row_inner\">\n<div class=\"cmsms_row_margin\">\n<div class=\"cmsms_column one_first\">\n<div class=\"cmsms_text\">\n<h1 style=\"text-align: center;\"><span style=\"color: #925683;\">Geopark<\/span><span style=\"color: #000;\"> v m\u00e9di\u00edch<\/span><\/h1>\n<\/div>\n<\/div>\n<\/div>\n<\/div>\n<\/div>\n<\/div>\n<\/div>\n<div id=\"cmsms_row_69dc22d325622\" class=\"cmsms_row cmsms_color_scheme_default\">\n<div class=\"cmsms_row_outer_parent\">\n<div class=\"cmsms_row_outer\">\n<div class=\"cmsms_row_inner\">\n<div class=\"cmsms_row_margin\">\n<div class=\"cmsms_column one_first\">\n<div id=\"cmsms_divider_69dc22d3256d1\" class=\"cmsms_divider solid\"><\/div>\n<\/div>\n<\/div>\n<\/div>\n<\/div>\n<\/div>\n<\/div>\n<div id=\"cmsms_row_69dc22d325725\" class=\"cmsms_row cmsms_color_scheme_default\">\n<div class=\"cmsms_row_outer_parent\">\n<div class=\"cmsms_row_outer\">\n<div class=\"cmsms_row_inner cmsms_row_fullwidth\">\n<div class=\"cmsms_row_margin\">\n<div class=\"cmsms_column one_first\">\n<div class=\"cmsms_text nastred\">\n<p><a href=\"\/cs\/media\/podcasty\/\"><img loading=\"lazy\" decoding=\"async\" class=\"aligncenter wp-image-980 size-full\" style=\"margin-right: 18px;\" src=\"https:\/\/www.geoparkzh.cz\/cs\/wp-content\/uploads\/sites\/2\/2018\/02\/rozhovory-ico.jpg\" alt=\"Podcasty\" width=\"170\" height=\"170\" srcset=\"https:\/\/www.geoparkzh.cz\/cs\/wp-content\/uploads\/sites\/2\/2018\/02\/rozhovory-ico.jpg 170w, https:\/\/www.geoparkzh.cz\/cs\/wp-content\/uploads\/sites\/2\/2018\/02\/rozhovory-ico-55x55.jpg 55w\" sizes=\"(max-width: 170px) 100vw, 170px\" \/><\/a> <a href=\"\/cs\/media\/videa\/\"><img loading=\"lazy\" decoding=\"async\" class=\"size-full wp-image-979 aligncenter\" style=\"margin-right: 18px;\" src=\"\/cs\/wp-content\/uploads\/sites\/2\/2018\/02\/videa-ico.jpg\" alt=\"Videa\" width=\"170\" height=\"170\" srcset=\"https:\/\/www.geoparkzh.cz\/cs\/wp-content\/uploads\/sites\/2\/2018\/02\/videa-ico.jpg 170w, https:\/\/www.geoparkzh.cz\/cs\/wp-content\/uploads\/sites\/2\/2018\/02\/videa-ico-55x55.jpg 55w\" sizes=\"(max-width: 170px) 100vw, 170px\" \/><\/a> <a href=\"\/cs\/media\/aplikace\/\"><img loading=\"lazy\" decoding=\"async\" class=\"size-full wp-image-978 aligncenter\" style=\"margin-right: 18px;\" src=\"\/cs\/wp-content\/uploads\/sites\/2\/2018\/02\/aplikace-ico-on.jpg\" alt=\"Aplikace\" width=\"170\" height=\"170\" \/><\/a> <a href=\"\/cs\/media\/napsali-o-nas\/\"><img loading=\"lazy\" decoding=\"async\" class=\"size-full wp-image-977 aligncenter\" style=\"margin-right: 18px;\" src=\"\/cs\/wp-content\/uploads\/sites\/2\/2018\/02\/napsali-o-nas-ico.jpg\" alt=\"Napsali o n\u00e1s\" width=\"170\" height=\"170\" srcset=\"https:\/\/www.geoparkzh.cz\/cs\/wp-content\/uploads\/sites\/2\/2018\/02\/napsali-o-nas-ico.jpg 170w, https:\/\/www.geoparkzh.cz\/cs\/wp-content\/uploads\/sites\/2\/2018\/02\/napsali-o-nas-ico-55x55.jpg 55w\" sizes=\"(max-width: 170px) 100vw, 170px\" \/><\/a><\/p>\n<\/div>\n<\/div>\n<\/div>\n<\/div>\n<\/div>\n<\/div>\n<\/div>\n<div id=\"cmsms_row_69dc22d325884\" class=\"cmsms_row cmsms_color_scheme_default\">\n<div class=\"cmsms_row_outer_parent\">\n<div class=\"cmsms_row_outer\">\n<div class=\"cmsms_row_inner\">\n<div class=\"cmsms_row_margin\">\n<div class=\"cmsms_column one_first\">\n<div class=\"cmsms_text\">\n<h2 style=\"text-align: center;\">Aplikace<\/h2>\n<\/div>\n<\/div>\n<\/div>\n<\/div>\n<\/div>\n<\/div>\n<\/div>\n<div id=\"cmsms_row_69dc22d325990\" class=\"cmsms_row cmsms_color_scheme_default\">\n<div class=\"cmsms_row_outer_parent\">\n<div class=\"cmsms_row_outer\">\n<div class=\"cmsms_row_inner cmsms_row_fullwidth\">\n<div class=\"cmsms_row_margin\">\n<div class=\"cmsms_column one_fourth\">\n<div class=\"cmsms_text\">\n<p style=\"text-align: right; margin-top: 20px;\"><img loading=\"lazy\" decoding=\"async\" class=\"size-full wp-image-981\" src=\"https:\/\/www.geoparkzh.cz\/cs\/wp-content\/uploads\/sites\/2\/2018\/02\/aplikace-ico-sm.png\" alt=\"Rozhovory\" width=\"50\" height=\"50\" \/><\/p>\n<p style=\"text-align: right;\">06.01.<br \/>\n2020<\/p>\n<\/div>\n<\/div>\n<div class=\"cmsms_column three_fourth\">\n<div id=\"cmsms_divider_69dc22d325b45\" class=\"cmsms_divider solid\"><\/div>\n<div class=\"cmsms_text\">\n<h3><strong>GeoApp &#8211; Danube GeoTour<\/strong><\/h3>\n<\/div>\n\n<div id=\"cmsms_divider_69dc22d325bb2\" class=\"cmsms_divider solid\"><\/div>\n<div class=\"cmsms_text\">\n<p><strong>NOVINKA &#8211; aplikace evropsk\u00fdch geopark\u016f<\/strong><\/p>\n<p>V r\u00e1mci projektu Danube Transnational Programme: Danube GeoTour 1.1.2017 &#8211; 31.12.2019 vznikla jedine\u010dn\u00e1 aplikace, kter\u00e1 sdru\u017euje v\u0161echny partnersk\u00e9 geoparky, kter\u00e9 byly sou\u010d\u00e1st\u00ed zaj\u00edmav\u00e9ho projektu. V aplikaci m\u016f\u017eete naj\u00edt mapu, kter\u00e1 obsahuje zaj\u00edmav\u00e9 informace o geoproduktech, geologick\u00fdch stezk\u00e1ch, geologick\u00fdch zastaven\u00edch a dal\u0161\u00edch zaj\u00edmav\u00fdch m\u00edstech jednotliv\u00fdch geopark\u016f. Naleznete zde tipy na v\u00fdlet a zaj\u00edmav\u00e9 informace o geoparc\u00edch samotn\u00fdch. Nav\u00edc to v\u0161echno funguje i v mobilu!<\/p>\n<p>Mrknout na aplikaci a jej\u00ed obsah m\u016f\u017eete <a href=\"https:\/\/danubegeotour.eu\/\" target=\"_blank\" rel=\"noopener\">ZDE<\/a>.<\/p>\n<\/div>\n<div class=\"cmsms_img  cmsms_image_l\">\n<a href=\"https:\/\/danubegeotour.eu\/\"><img decoding=\"async\" src=\"https:\/\/www.geoparkzh.cz\/cs\/wp-content\/uploads\/sites\/2\/2020\/02\/geoapp-300x138.jpg\" \/><\/a>\n<\/div>\n<\/div>\n<\/div>\n<\/div>\n<\/div>\n<\/div>\n<\/div>\n<div id=\"cmsms_row_69dc22d3260a6\" class=\"cmsms_row cmsms_color_scheme_default\">\n<div class=\"cmsms_row_outer_parent\">\n<div class=\"cmsms_row_outer\">\n<div class=\"cmsms_row_inner cmsms_row_fullwidth\">\n<div class=\"cmsms_row_margin\">\n<div class=\"cmsms_column one_fourth\">\n<div class=\"cmsms_text\">\n<p style=\"text-align: right; margin-top: 20px;\"><img loading=\"lazy\" decoding=\"async\" class=\"size-full wp-image-981\" src=\"https:\/\/www.geoparkzh.cz\/cs\/wp-content\/uploads\/sites\/2\/2018\/02\/aplikace-ico-sm.png\" alt=\"Rozhovory\" width=\"50\" height=\"50\" \/><\/p>\n<p style=\"text-align: right;\">20.06.<br \/>\n2019<\/p>\n<\/div>\n<\/div>\n<div class=\"cmsms_column three_fourth\">\n<div id=\"cmsms_divider_69dc22d32626c\" class=\"cmsms_divider solid\"><\/div>\n<div class=\"cmsms_text\">\n<h3><strong>Proch\u00e1zka zaplavenou Chrudim\u00ed<\/strong><\/h3>\n<\/div>\n\n<div id=\"cmsms_divider_69dc22d3262da\" class=\"cmsms_divider solid\"><\/div>\n<div class=\"cmsms_text\">\n<p><strong>NOVINKA &#8211; aplikace s ROZ\u0160\u00cd\u0158ENOU REALITOU!<\/strong><\/p>\n<p>Povodn\u011b. Vzbuzuj\u00ed obavy, strach, ale i \u00fa\u017eas. V minulosti se jim nevyhnula ani Chrudim. St\u00e1hn\u011bte si aplikaci z kamenn\u00e9 dla\u017eby a na t\u0159ech m\u00edstech v centru m\u011bsta nahl\u00e9dn\u011bte do historie, sou\u010dasnosti a budoucnosti chrudimsk\u00e9 \u201evysok\u00e9\u201c vody.<\/p>\n<p>Obyvatel\u00e9 i n\u00e1v\u0161t\u011bvn\u00edci Chrudim\u011b se dozv\u011bd\u00ed v\u00edce o z\u00e1plav\u00e1ch, je\u017e se v minulosti prohnaly m\u011bstem. Hned na t\u0159ech chrudimsk\u00fdch lokalit\u00e1ch jsou um\u00edst\u011bny kamenn\u00e9 informa\u010dn\u00ed dla\u017edice s QR k\u00f3dy, po jejich\u017e sejmut\u00ed budou majitel\u00e9 chytr\u00fdch telefon\u016f p\u0159esm\u011brov\u00e1ni na internetovou adresu, kter\u00e1 jim umo\u017en\u00ed sta\u017een\u00ed aplikace obsahuj\u00edc\u00ed p\u0159\u00edslu\u0161n\u00e9 detaily. Jedna dla\u017edice je um\u00edst\u011bna pod \u0160irok\u00fdmi schody na n\u00e1m\u011bst\u00ed U Vod\u00e1rny (49.9495036N, 15.7957972E), dal\u0161\u00ed je sou\u010d\u00e1st\u00ed chodn\u00edku p\u0159ed hotelem Alfa (49.9520231N, 15.7913622E) v ulici \u010cs. partyz\u00e1n\u016f a t\u0159et\u00ed kamenn\u00fd prvek se nach\u00e1z\u00ed v chodn\u00edku na Tylov\u011b n\u00e1b\u0159e\u017e\u00ed (49.9542128N, 15.7946261E) v bl\u00edzkosti mostu p\u0159es \u0159eku Chrudimku (za restaurac\u00ed Modr\u00e1 hv\u011bzda).<\/p>\n<p>St\u00e1hnout aplikaci si m\u016f\u017eete <a href=\"https:\/\/play.google.com\/store\/apps\/details?id=com.cgs.chrudim&amp;hl=cs\" target=\"_blank\" rel=\"noopener\">ZDE<\/a>.<\/p>\n<\/div>\n<div class=\"cmsms_img  cmsms_image_l\">\n<a href=\"https:\/\/play.google.com\/store\/apps\/details?id=com.cgs.chrudim&#038;hl=cs\"><img decoding=\"async\" src=\"https:\/\/www.geoparkzh.cz\/cs\/wp-content\/uploads\/sites\/2\/2019\/05\/GEOHAZARD1-300x109.jpg\" \/><\/a>\n<\/div>\n<\/div>\n<\/div>\n<\/div>\n<\/div>\n<\/div>\n<\/div>\n<div id=\"cmsms_row_69dc22d32673b\" class=\"cmsms_row cmsms_color_scheme_default\">\n<div class=\"cmsms_row_outer_parent\">\n<div class=\"cmsms_row_outer\">\n<div class=\"cmsms_row_inner cmsms_row_fullwidth\">\n<div class=\"cmsms_row_margin\">\n<div class=\"cmsms_column one_fourth\">\n<div class=\"cmsms_text\">\n<p style=\"text-align: right; margin-top: 20px;\"><img loading=\"lazy\" decoding=\"async\" class=\"size-full wp-image-981\" src=\"https:\/\/www.geoparkzh.cz\/cs\/wp-content\/uploads\/sites\/2\/2018\/02\/aplikace-ico-sm.png\" alt=\"Rozhovory\" width=\"50\" height=\"50\" \/><\/p>\n<p style=\"text-align: right;\">04.06.<br \/>\n2018<\/p>\n<\/div>\n<\/div>\n<div class=\"cmsms_column three_fourth\">\n<div id=\"cmsms_divider_69dc22d32690b\" class=\"cmsms_divider solid\"><\/div>\n<div class=\"cmsms_text\">\n<h3><strong>Zkamen\u011bliny roz\u0161\u00ed\u0159en\u00e1 realita<\/strong><\/h3>\n<\/div>\n\n<div id=\"cmsms_divider_69dc22d326979\" class=\"cmsms_divider solid\"><\/div>\n<div class=\"cmsms_text\">\n<p><strong>NOVINKA &#8211; bro\u017eura s\u00a0fotografiemi s ROZ\u0160\u00cd\u0158ENOU REALITOU!<\/strong><\/p>\n<p><a href=\"http:\/\/obchod.geology.cz\/cs\/Periodika-a-edice\/Geologie-pro-zvidave\/Geologie-pro-zvidave-Zkameneliny-p26364c199c202.html\">Bro\u017eura <\/a>p\u0159ibli\u017euje z\u00e1jemc\u016fm o paleontologii vznik zkamen\u011blin a jejich druhy. Zobrazuje jednotliv\u00e9 organismy &#8211; rostlinn\u00e9 i \u017eivo\u010di\u0161n\u00e9, z nich\u017e se zkamen\u011blina vytvo\u0159ila, a napom\u00e1h\u00e1 pochopen\u00ed procesu petrifikace. Je perfektn\u00edm v\u00fdukov\u00fdm materi\u00e1lem a obsahuje\u00a0fotografie s roz\u0161\u00ed\u0159enou realitou! Fotografie se zobraz\u00ed pomoc\u00ed aplikace\u00a0<a href=\"https:\/\/play.google.com\/store\/apps\/details?id=com.cgs.zkameneliny\" target=\"_blank\" rel=\"noopener\">Geologie pro zv\u00eddav\u00e9 &#8211; Zkamen\u011bliny<\/a>, kterou lze zdarma st\u00e1hnout z Google Play do chytr\u00e9ho telefonu \u010di tabletu.<\/p>\n<p>Bro\u017euru si m\u016f\u017eete st\u00e1hnout na str\u00e1nk\u00e1ch <a href=\"http:\/\/obchod.geology.cz\/cs\/Periodika-a-edice\/Geologie-pro-zvidave\/Geologie-pro-zvidave-Zkameneliny-p26364c199c202.html\">\u010cesk\u00e9 geologick\u00e9 slu\u017eby<\/a>.<\/p>\n<\/div>\n\n<div class=\"cmsms_embed_wrap\">\n<iframe loading=\"lazy\" width=\"1160\" height=\"653\" src=\"https:\/\/www.youtube.com\/embed\/XC0pze_DVnI?feature=oembed\" frameborder=\"0\" allow=\"autoplay; encrypted-media\" allowfullscreen><\/iframe><\/div>\n<\/div>\n<\/div>\n<\/div>\n<\/div>\n<\/div>\n<\/div>\n<div id=\"cmsms_row_69dc22d32712e\" class=\"cmsms_row cmsms_color_scheme_default\">\n<div class=\"cmsms_row_outer_parent\">\n<div class=\"cmsms_row_outer\">\n<div class=\"cmsms_row_inner cmsms_row_fullwidth\">\n<div class=\"cmsms_row_margin\">\n<div class=\"cmsms_column one_fourth\">\n<div class=\"cmsms_text\">\n<p style=\"text-align: right; margin-top: 20px;\"><img loading=\"lazy\" decoding=\"async\" class=\"size-full wp-image-981\" src=\"https:\/\/www.geoparkzh.cz\/cs\/wp-content\/uploads\/sites\/2\/2018\/02\/aplikace-ico-sm.png\" alt=\"Rozhovory\" width=\"50\" height=\"50\" \/><\/p>\n<p style=\"text-align: right;\">5.10.<br \/>\n2016<\/p>\n<\/div>\n<\/div>\n<div class=\"cmsms_column three_fourth\">\n<div id=\"cmsms_divider_69dc22d327310\" class=\"cmsms_divider solid\"><\/div>\n<div class=\"cmsms_text\">\n<h3>Roz\u0161\u00ed\u0159en\u00e1 realita<\/h3>\n<\/div>\n\n<div id=\"cmsms_divider_69dc22d32737c\" class=\"cmsms_divider solid\"><\/div>\n<div class=\"cmsms_text\">\n<p>Animace vizu\u00e1ln\u011b atraktivn\u00ed formou seznamuj\u00ed s utv\u00e1\u0159en\u00edm krajiny a s postupn\u011b vznikaj\u00edc\u00edm \u017eivotem na vybran\u00fdch lokalit\u00e1ch \u010cesk\u00e9 republiky. Prost\u0159ednictv\u00edm aplikace Czech Geology AR, kter\u00e1 je <a href=\"https:\/\/play.google.com\/store\/apps\/details?id=air.GeologyAR.bara\" target=\"_blank&quot;\">zdarma ke sta\u017een\u00ed<\/a> z Google Play, lze s pomoc\u00ed chytr\u00e9ho telefonu \u010di tabletu sledovat p\u0159\u00edmo v ter\u00e9nu, jak zde vypadala krajina a \u017eivot v jednotliv\u00fdch geologick\u00fdch obdob\u00edch v\u00fdvoje Zem\u011b.<\/p>\n<p>Geopark m\u00e1 to \u0161t\u011bst\u00ed, \u017ee i na jeho \u00fazem\u00ed vznikla roz\u0161\u00ed\u0159en\u00e1 realita. N\u00e1v\u0161t\u011bvn\u00edci se tak mohou pod\u00edvat, jak to vypadalo na Podh\u016f\u0159e u Chrudimi p\u0159ed 90 miliony lety v druhohor\u00e1ch. V p\u0159\u00edpad\u011b, \u017ee vlastn\u00edte chytr\u00fd mobiln\u00ed telefon s opera\u010dn\u00edm syst\u00e9mem Android, je mo\u017en\u00e9 si p\u0159\u00edmo na Podh\u016f\u0159e (u rozhledny B\u00e1ra) zdarma st\u00e1hnout QR k\u00f3d s aplikac\u00ed. Aplikaci lze st\u00e1hnout i ve v\u00fd\u0161e uveden\u00e9m odkazu. Pokud V\u00e1m to ned\u00e1 a chcete se na realitu pod\u00edvat u\u017e te\u010f, m\u00e1te mo\u017enost p\u0159i kliknut\u00ed na obr\u00e1zek dole. Ale v\u011bzte, \u017ee v ter\u00e9nu je to mnohem autenti\u010dt\u011bj\u0161\u00ed! \ud83d\ude09<\/p>\n<p><strong>Rozhledna B\u00e1ra u Chrudimi<\/strong><br \/>\nD\u00edv\u00e1me se na m\u011blk\u00e9 a tepl\u00e9 k\u0159\u00eddov\u00e9 mo\u0159e, v dob\u011b p\u0159ed 90 miliony let v obdob\u00ed zvan\u00e9m k\u0159\u00edda. Na jeho dn\u011b se usazuj\u00ed p\u00edsky a v hlub\u0161\u00edch \u010d\u00e1stech i j\u00edly. Podneb\u00ed je tepl\u00e9 a vlhk\u00e9, zimy m\u00edrn\u00e9. Podm\u00ednky vyhovuj\u00ed jak faun\u011b, tak fl\u00f3\u0159e. Z fauny jsou b\u011b\u017en\u00ed \u017eraloci, mo\u0159\u0161t\u00ed je\u0161t\u011b\u0159i, amoniti, pl\u017ei i ml\u017ei. Fl\u00f3ra je bujn\u00e1, krajinu zar\u016fstaj\u00ed stromovit\u00e9 sekvoje a kordaitov\u00e9 stromy, vysok\u00e9 a\u017e 40 m. Ve vzduchu vl\u00e1dnou velc\u00ed ptakoje\u0161t\u011b\u0159i.<\/p>\n<p>Kliknut\u00edm na obr\u00e1zek se spust\u00ed 3D realita.<\/p>\n<p><a href=\"http:\/\/www.geology.cz\/img\/svet-geologie\/krajina\/8\/\" target=\"_blank\" rel=\"noopener\"><img loading=\"lazy\" decoding=\"async\" class=\"alignleft size-full wp-image-1034\" src=\"https:\/\/www.geoparkzh.cz\/cs\/wp-content\/uploads\/sites\/2\/2018\/02\/aplikace-virtualni-realit.jpg\" alt=\"Geopark \u017delezn\u00e9 hory\" width=\"550\" height=\"309\" \/><\/a><\/p>\n<\/div>\n<\/div>\n<\/div>\n<\/div>\n<\/div>\n<\/div>\n<\/div>\n<div id=\"cmsms_row_69dc22d327442\" class=\"cmsms_row cmsms_color_scheme_default\">\n<div class=\"cmsms_row_outer_parent\">\n<div class=\"cmsms_row_outer\">\n<div class=\"cmsms_row_inner cmsms_row_fullwidth\">\n<div class=\"cmsms_row_margin\">\n<div class=\"cmsms_column one_fourth\">\n<div class=\"cmsms_text\">\n<p style=\"text-align: right; margin-top: 20px;\"><img loading=\"lazy\" decoding=\"async\" class=\"size-full wp-image-981\" src=\"https:\/\/www.geoparkzh.cz\/cs\/wp-content\/uploads\/sites\/2\/2018\/02\/aplikace-ico-sm.png\" alt=\"Rozhovory\" width=\"50\" height=\"50\" \/><\/p>\n<p style=\"text-align: right;\">12.7.<br \/>\n2016<\/p>\n<\/div>\n<\/div>\n<div class=\"cmsms_column three_fourth\">\n<div id=\"cmsms_divider_69dc22d32760f\" class=\"cmsms_divider solid\"><\/div>\n<div class=\"cmsms_text\">\n<h3><strong>Geologick\u00e9 zaj\u00edmavosti \u010cR<\/strong><\/h3>\n<\/div>\n\n<div id=\"cmsms_divider_69dc22d32767b\" class=\"cmsms_divider solid\"><\/div>\n<div class=\"cmsms_text\">\n<p>Mapa geologicky atraktivn\u00edch m\u00edst nejen z na\u0161eho geoparku, ale i z ostatn\u00edch \u010desk\u00fdch geopark\u016f. Mo\u017enost zobrazen\u00ed r\u016fzn\u00fdch vrstev \u2013 p\u0159\u00edrodn\u00ed geotopy, lidsk\u00e1 d\u00edla \u2013 d\u016fln\u00ed d\u00edla, expozice, exkurzn\u00ed pr\u016fvodce, animace geologick\u00fdch obdob\u00ed.<br \/>\nAplikace je vytvo\u0159ena \u010ceskou geologickou slu\u017ebou pro popularizaci geologick\u00fdch v\u011bd \u0161irok\u00e9 ve\u0159ejnosti. Kliknut\u00edm na mapu zobraz\u00edte aplikaci.<\/p>\n<p><a href=\"http:\/\/mapy.geology.cz\/zajimavosti\/?x=-645636&amp;y=-1076569&amp;s=241920&amp;lv=l05-l02-l03-l01-l06-l04-l00\" target=\"_blank\" rel=\"noopener\"><img loading=\"lazy\" decoding=\"async\" class=\"alignleft size-full wp-image-1034\" src=\"https:\/\/www.geoparkzh.cz\/cs\/wp-content\/uploads\/sites\/2\/2018\/02\/aplikace-geologicke-zajimavosti.jpg\" alt=\"Geopark \u017delezn\u00e9 hory\" width=\"550\" height=\"309\" \/><\/a><\/p>\n<\/div>\n<\/div>\n<\/div>\n<\/div>\n<\/div>\n<\/div>\n<\/div>\n<div id=\"cmsms_row_69dc22d327720\" class=\"cmsms_row cmsms_color_scheme_default\">\n<div class=\"cmsms_row_outer_parent\">\n<div class=\"cmsms_row_outer\">\n<div class=\"cmsms_row_inner cmsms_row_fullwidth\">\n<div class=\"cmsms_row_margin\">\n<div class=\"cmsms_column one_fourth\">\n<div class=\"cmsms_text\">\n<p style=\"text-align: right; margin-top: 20px;\"><img loading=\"lazy\" decoding=\"async\" class=\"size-full wp-image-981\" src=\"https:\/\/www.geoparkzh.cz\/cs\/wp-content\/uploads\/sites\/2\/2018\/02\/aplikace-ico-sm.png\" alt=\"Rozhovory\" width=\"50\" height=\"50\" \/><\/p>\n<p style=\"text-align: right;\">30.1.<br \/>\n2016<\/p>\n<\/div>\n<\/div>\n<div class=\"cmsms_column three_fourth\">\n<div id=\"cmsms_divider_69dc22d3278ce\" class=\"cmsms_divider solid\"><\/div>\n<div class=\"cmsms_text\">\n<h3><strong>L\u00e1zn\u011b, miner\u00e1ln\u00ed prameny a l\u00e9\u010debn\u00e1 m\u00edsta \u010cR<\/strong><\/h3>\n<\/div>\n\n<div id=\"cmsms_divider_69dc22d32793a\" class=\"cmsms_divider solid\"><\/div>\n<div class=\"cmsms_text\">\n<p>Pracovn\u00edci geoparku moment\u00e1ln\u011b pracuj\u00ed na webov\u00e9 mapov\u00e9 aplikaci, kter\u00e1 bude zahrnovat v\u0161echna historick\u00e1 i sou\u010dasn\u00e1 l\u00e1ze\u0148sk\u00e1 m\u00edsta v \u010cesk\u00e9 republice. Mapa \u010derp\u00e1 s historicky vz\u00e1cn\u00e9 publikace vydan\u00e9 ji\u017e v roce 1899 nazvan\u00e9 \u201eAlamanach l\u00e9\u010debn\u00fdch m\u00edst, l\u00e1zn\u00ed a letn\u00edch s\u00eddel \u010desk\u00fdch\u201c. M\u00e1te tak mo\u017enost zjistit, \u017ee na \u00fazem\u00ed \u017delezn\u00fdch hor se ji\u017e na konci 19. stolet\u00ed nach\u00e1zela \u0159ada l\u00e1ze\u0148sk\u00fdch lokalit.<br \/>\n<a href=\"http:\/\/www.arcgis.com\/apps\/View\/index.html?appid=dea8235a26354a00852b85cfabb6dc02\" target=\"_blank\" rel=\"noopener\">Odkaz na aplikaci zde&#8230;<\/a><\/p>\n<p><a href=\"http:\/\/www.arcgis.com\/apps\/View\/index.html?appid=dea8235a26354a00852b85cfabb6dc02\" target=\"_blank\" rel=\"noopener\"><img loading=\"lazy\" decoding=\"async\" class=\"alignleft size-full wp-image-1034\" src=\"https:\/\/www.geoparkzh.cz\/cs\/wp-content\/uploads\/sites\/2\/2018\/02\/aplikace-lazne.jpg\" alt=\"Geopark \u017delezn\u00e9 hory\" width=\"550\" height=\"309\" \/><\/a><\/p>\n<\/div>\n<\/div>\n<\/div>\n<\/div>\n<\/div>\n<\/div>\n<\/div>\n\n","protected":false},"excerpt":{"rendered":"","protected":false},"author":1,"featured_media":0,"parent":530,"menu_order":3,"comment_status":"closed","ping_status":"closed","template":"","meta":{"footnotes":""},"class_list":["post-999","page","type-page","status-publish","hentry"],"_links":{"self":[{"href":"https:\/\/www.geoparkzh.cz\/cs\/wp-json\/wp\/v2\/pages\/999"}],"collection":[{"href":"https:\/\/www.geoparkzh.cz\/cs\/wp-json\/wp\/v2\/pages"}],"about":[{"href":"https:\/\/www.geoparkzh.cz\/cs\/wp-json\/wp\/v2\/types\/page"}],"author":[{"embeddable":true,"href":"https:\/\/www.geoparkzh.cz\/cs\/wp-json\/wp\/v2\/users\/1"}],"replies":[{"embeddable":true,"href":"https:\/\/www.geoparkzh.cz\/cs\/wp-json\/wp\/v2\/comments?post=999"}],"version-history":[{"count":13,"href":"https:\/\/www.geoparkzh.cz\/cs\/wp-json\/wp\/v2\/pages\/999\/revisions"}],"predecessor-version":[{"id":2792,"href":"https:\/\/www.geoparkzh.cz\/cs\/wp-json\/wp\/v2\/pages\/999\/revisions\/2792"}],"up":[{"embeddable":true,"href":"https:\/\/www.geoparkzh.cz\/cs\/wp-json\/wp\/v2\/pages\/530"}],"wp:attachment":[{"href":"https:\/\/www.geoparkzh.cz\/cs\/wp-json\/wp\/v2\/media?parent=999"}],"curies":[{"name":"wp","href":"https:\/\/api.w.org\/{rel}","templated":true}]}}