{"id":526,"date":"2018-02-24T07:53:49","date_gmt":"2018-02-24T06:53:49","guid":{"rendered":"https:\/\/www.geoparkzh.cz\/cs\/?page_id=526"},"modified":"2024-05-03T09:53:59","modified_gmt":"2024-05-03T07:53:59","slug":"veda-a-vyzkum","status":"publish","type":"page","link":"https:\/\/www.geoparkzh.cz\/cs\/veda-a-vyzkum\/","title":{"rendered":"V\u011bda a v\u00fdzkum"},"content":{"rendered":"<style type=\"text\/css\"> \n#cmsms_row_69dc22d39d83e .cmsms_row_outer_parent { \n\tpadding-top: 50px; \n} \n\n#cmsms_row_69dc22d39d83e .cmsms_row_outer_parent { \n\tpadding-bottom: 0px; \n} \n\n \n#cmsms_row_69dc22d39d9af .cmsms_row_outer_parent { \n\tpadding-top: 0px; \n} \n\n#cmsms_row_69dc22d39d9af .cmsms_row_outer_parent { \n\tpadding-bottom: 10px; \n} \n\n \n#cmsms_divider_69dc22d39da5d { \n\tpadding-top:10px; \n\tmargin-bottom:10px; \n} \n \n#cmsms_row_69dc22d39daaf .cmsms_row_outer_parent { \n\tpadding-top: 20px; \n} \n\n#cmsms_row_69dc22d39daaf .cmsms_row_outer_parent { \n\tpadding-bottom: 20px; \n} \n\n#cmsms_row_69dc22d39daaf .cmsms_row_inner.cmsms_row_fullwidth { \n\tpadding-left:32%; \n} \n#cmsms_row_69dc22d39daaf .cmsms_row_inner.cmsms_row_fullwidth { \n\tpadding-right:32%; \n} \n\n#cmsms_button_69dc22d39db5d { \n\ttext-align:center; \n} \n\n#cmsms_button_69dc22d39db5d .cmsms_button:before { \n\tmargin-right:.5em; \n\tmargin-left:0; \n\tvertical-align:baseline; \n} \n\n#cmsms_button_69dc22d39db5d .cmsms_button { \n\tfont-weight:100; \n\tfont-style:normal; \n\tpadding-right:20px; \n\tpadding-left:20px; \n\tborder-width:0px; \n\tborder-style:solid; \n\tbackground-color:#8f5081; \n\tcolor:#ffffff; \n} \n#cmsms_button_69dc22d39db5d .cmsms_button:hover { \n\tbackground-color:#8e008e; \n} \n\n#cmsms_button_69dc22d39dc11 { \n\ttext-align:center; \n} \n\n#cmsms_button_69dc22d39dc11 .cmsms_button:before { \n\tmargin-right:.5em; \n\tmargin-left:0; \n\tvertical-align:baseline; \n} \n\n#cmsms_button_69dc22d39dc11 .cmsms_button { \n\tfont-weight:100; \n\tfont-style:normal; \n\tpadding-right:20px; \n\tpadding-left:20px; \n\tborder-width:0px; \n\tborder-style:solid; \n\tbackground-color:#616d72; \n\tcolor:#ffffff; \n} \n#cmsms_button_69dc22d39dc11 .cmsms_button:hover { \n\tbackground-color:#337272; \n} \n \n#cmsms_row_69dc22d39dc69 .cmsms_row_outer_parent { \n\tpadding-top: 30px; \n} \n\n#cmsms_row_69dc22d39dc69 .cmsms_row_outer_parent { \n\tpadding-bottom: 20px; \n} \n\n \n#cmsms_row_69dc22d39dd8f .cmsms_row_outer_parent { \n\tpadding-top: 0px; \n} \n\n#cmsms_row_69dc22d39dd8f .cmsms_row_outer_parent { \n\tpadding-bottom: 0px; \n} \n\n \n#cmsms_divider_69dc22d39df5e { \n\tpadding-top:10px; \n\tmargin-bottom:30px; \n} \n \n#cmsms_divider_69dc22d39dfd0 { \n\tpadding-top:10px; \n\tmargin-bottom:50px; \n} \n \n#cmsms_row_69dc22d39e15c .cmsms_row_outer_parent { \n\tpadding-top: 0px; \n} \n\n#cmsms_row_69dc22d39e15c .cmsms_row_outer_parent { \n\tpadding-bottom: 50px; \n} \n\n\n#cmsms_button_69dc22d39e205 { \n\ttext-align:center; \n} \n\n#cmsms_button_69dc22d39e205 .cmsms_button:before { \n\tmargin-right:.5em; \n\tmargin-left:0; \n\tvertical-align:baseline; \n} \n\n#cmsms_button_69dc22d39e205 .cmsms_button { \n\tfont-weight:100; \n\tfont-style:normal; \n\tpadding-right:20px; \n\tpadding-left:20px; \n\tborder-width:0px; \n\tborder-style:solid; \n\tbackground-color:#616d72; \n\tcolor:#ffffff; \n} \n#cmsms_button_69dc22d39e205 .cmsms_button:hover { \n\tbackground-color:#337272; \n} \n<\/style><div id=\"cmsms_row_69dc22d39d83e\" class=\"cmsms_row cmsms_color_scheme_default\">\n<div class=\"cmsms_row_outer_parent\">\n<div class=\"cmsms_row_outer\">\n<div class=\"cmsms_row_inner\">\n<div class=\"cmsms_row_margin\">\n<div class=\"cmsms_column one_first\">\n<div class=\"cmsms_text\">\n<h1 style=\"text-align: center;\"><span style=\"color: #925683;\">Geopark<\/span><span style=\"color: #000;\"> &#8211; v\u011bda a v\u00fdzkum<\/span><\/h1>\n<\/div>\n<\/div>\n<\/div>\n<\/div>\n<\/div>\n<\/div>\n<\/div>\n<div id=\"cmsms_row_69dc22d39d9af\" class=\"cmsms_row cmsms_color_scheme_default\">\n<div class=\"cmsms_row_outer_parent\">\n<div class=\"cmsms_row_outer\">\n<div class=\"cmsms_row_inner\">\n<div class=\"cmsms_row_margin\">\n<div class=\"cmsms_column one_first\">\n<div id=\"cmsms_divider_69dc22d39da5d\" class=\"cmsms_divider solid\"><\/div>\n<\/div>\n<\/div>\n<\/div>\n<\/div>\n<\/div>\n<\/div>\n<div id=\"cmsms_row_69dc22d39daaf\" class=\"cmsms_row cmsms_color_scheme_default\">\n<div class=\"cmsms_row_outer_parent\">\n<div class=\"cmsms_row_outer\">\n<div class=\"cmsms_row_inner cmsms_row_fullwidth\">\n<div class=\"cmsms_row_margin\">\n<div class=\"cmsms_column one_half\">\n\n<div id=\"cmsms_button_69dc22d39db5d\" class=\"button_wrap\"><a href=\"\/cs\/veda-a-vyzkum\/probihajici-projekty\/\" class=\"cmsms_button\">PROB\u00cdHAJ\u00cdC\u00cd PROJEKTY<\/a><\/div>\n<\/div>\n<div class=\"cmsms_column one_half\">\n\n<div id=\"cmsms_button_69dc22d39dc11\" class=\"button_wrap\"><a href=\"\/cs\/veda-a-vyzkum\/ukoncene-projekty\/\" class=\"cmsms_button\">UKON\u010cEN\u00c9 PROJEKTY<\/a><\/div>\n<\/div>\n<\/div>\n<\/div>\n<\/div>\n<\/div>\n<\/div>\n<div id=\"cmsms_row_69dc22d39dc69\" class=\"cmsms_row cmsms_color_scheme_default\">\n<div class=\"cmsms_row_outer_parent\">\n<div class=\"cmsms_row_outer\">\n<div class=\"cmsms_row_inner\">\n<div class=\"cmsms_row_margin\">\n<div class=\"cmsms_column one_first\">\n<div class=\"cmsms_text\">\n<h2 style=\"text-align: center;\">Prob\u00edhaj\u00edc\u00ed projekty<\/h2>\n<\/div>\n<\/div>\n<\/div>\n<\/div>\n<\/div>\n<\/div>\n<\/div>\n<div id=\"cmsms_row_69dc22d39dd8f\" class=\"cmsms_row cmsms_color_scheme_default\">\n<div class=\"cmsms_row_outer_parent\">\n<div class=\"cmsms_row_outer\">\n<div class=\"cmsms_row_inner\">\n<div class=\"cmsms_row_margin\">\n<div class=\"cmsms_column one_first\">\n<div id=\"cmsms_divider_69dc22d39df5e\" class=\"cmsms_divider solid\"><\/div>\n<div class=\"cmsms_text\">\n<h1 class=\"text-white font-bold xs:text-5xl text-4xl text-left\" style=\"text-align: center;\">Danube GeoTour Plus<\/h1>\n<\/div>\n\n<div id=\"cmsms_divider_69dc22d39dfd0\" class=\"cmsms_divider solid\"><\/div>\n<div class=\"cmsms_text\">\n<p class=\"text-5xl font-bold\"><strong>Popis projektu<\/strong><\/p>\n<div class=\"prose max-w-full\">Danube GeoTour Plus stav\u00ed na zaveden\u00e9 spolupr\u00e1ci 9 partner\u016f geoparku s r\u016fzn\u00fdm institucion\u00e1ln\u00edm z\u00e1zem\u00edm, 2 v\u00fdzkumn\u00fdch a vzd\u011bl\u00e1vac\u00edch partner\u016f a 18 ASP. V\u00fdsledky p\u0159edchoz\u00edho projektu nazna\u010duj\u00ed nov\u00e9 trendy, kter\u00e9 zahrnuj\u00ed budoucnost geopark\u016f a dosud nevyu\u017eit\u00fd potenci\u00e1l d\u011bdictv\u00ed.<\/div>\n<p><!--more--><\/p>\n<div class=\"prose max-w-full\">Vylid\u0148ov\u00e1n\u00ed venkovsk\u00fdch oblast\u00ed, marginalizace ur\u010dit\u00fdch skupin obyvatel, zn\u00e1mky zv\u00fd\u0161en\u00e9 turistick\u00e9 popt\u00e1vky po skryt\u00fdch klenotech d\u011bdictv\u00ed a na druh\u00e9 stran\u011b mezery v kompetenc\u00edch, managementu, produktech a n\u00e1v\u0161t\u011bvnick\u00e9 infrastruktu\u0159e vyvol\u00e1vaj\u00ed kl\u00ed\u010dov\u00e9 V\u00ddZVY p\u0159ed dunajsk\u00fdmi geoparky. Jejich venkovsk\u00e1 \u00fazem\u00ed zahrnuj\u00ed 416 obc\u00ed v 9 zem\u00edch na plo\u0161e 14 601 km2. B\u011bhem posledn\u00edho desetilet\u00ed geoparky ztratily 6 % populace a zv\u00fd\u0161ily n\u00e1v\u0161t\u011bvnost o 77 %, z 317 000 na 562 000.<\/div>\n<div><\/div>\n<p><!--more--><\/p>\n<div class=\"prose max-w-full\">C\u00edlem projektu je tedy konkretizovat a d\u00e1le vyu\u017e\u00edvat ned\u00e1vno vyvinut\u00fd spole\u010dn\u00fd turistick\u00fd produkt Danube GeoTour. Obrovsk\u00fd potenci\u00e1l d\u011bdictv\u00ed a st\u00e1vaj\u00edc\u00ed model \u00fazemn\u00edho rozvoje geoparku je t\u0159eba vyu\u017e\u00edt tak, aby se zlep\u0161ily mo\u017enosti udr\u017eiteln\u00e9ho cestovn\u00edho ruchu odlehl\u00fdch venkovsk\u00fdch komunit a aby se staly inkluzivn\u011bj\u0161\u00ed a oce\u0148ovan\u011bj\u0161\u00ed obyvateli a n\u00e1v\u0161t\u011bvn\u00edky. Je t\u0159eba aby jejich produkty byly cenn\u011bj\u0161\u00ed a p\u0159\u00edrodn\u00ed i kulturn\u00ed bohatstv\u00ed bylo spravovan\u00e9 vyv\u00e1\u017een\u011bj\u0161\u00edm a udr\u017eiteln\u011bj\u0161\u00edm zp\u016fsobem. Aby toho bylo dosa\u017eeno, bude P\u0158\u00cdSTUP k \u00fazemn\u00edmu rozvoji geopark\u016f UNESCO modernizov\u00e1n o inkluzivn\u00ed, inovativn\u00ed a na m\u00edru \u0161it\u00e1 \u0159e\u0161en\u00ed v oblasti n\u00e1vrhu hodnoty produktu a \u0159\u00edzen\u00ed n\u00e1v\u0161t\u011bvn\u00edka. Spole\u010dn\u00e1 \u0159e\u0161en\u00ed budou testov\u00e1na a aplikov\u00e1na v participuj\u00edc\u00edch geoparc\u00edch.<\/div>\n<div><\/div>\n<p><!--more--><\/p>\n<div class=\"prose max-w-full\">To povede k n\u00e1sleduj\u00edc\u00edmu::<\/div>\n<div><\/div>\n<p><!--more--><\/p>\n<div class=\"prose max-w-full\">\u2022 ZAPOJEN\u00cd zraniteln\u00fdch skupin do struktur, produkt\u016f a slu\u017eeb geopark\u016f v n\u00e1vaznosti na spole\u010dnou strategii zapojen\u00ed a 9 ak\u010dn\u00edch pl\u00e1n\u016f, motivovan\u00fdch nov\u00fdmi p\u0159\u00edle\u017eitostmi, kter\u00e9 geoparky a p\u0159eshrani\u010dn\u00edmi partnersk\u00fdmi v\u00fdm\u011bnami nab\u00edzej\u00ed<\/div>\n<div><\/div>\n<p><!--more--><\/p>\n<div class=\"prose max-w-full\">\u2022 GENEROV\u00c1N\u00cd HODNOT pro m\u00edstn\u00ed MSP a zvy\u0161ov\u00e1n\u00ed pracovn\u00edch p\u0159\u00edle\u017eitost\u00ed pro zraniteln\u00e9 skupiny pilotov\u00e1n\u00edm 9 GeoExperiences jako nov\u00e9ho participativn\u00edho modelu v\u00fdvoje produktu a funk\u010dn\u00ed sou\u010d\u00e1sti \u0161pi\u010dkov\u00e9ho segmentu produktu Danube GeoTour a jeho platformy budouc\u00ed spolupr\u00e1ce<\/div>\n<div><\/div>\n<p><!--more--><\/p>\n<div class=\"prose max-w-full\">\u2022 VYV\u00c1\u017dEN\u00dd MANAGEMENT N\u00c1V\u0160T\u011aVN\u00cdK\u016e zalo\u017een\u00fd na vyvinut\u00fdch a ov\u011b\u0159en\u00fdch spole\u010dn\u00fdch \u0159e\u0161en\u00edch pro monitorov\u00e1n\u00ed n\u00e1v\u0161t\u011bvn\u00edk\u016f pro trasy, hot spoty a v\u011bt\u0161\u00ed \u00fazem\u00ed, spole\u010dn\u00e9 analytick\u00e9 n\u00e1stroje a po\u010d\u00e1te\u010dn\u00ed opat\u0159en\u00ed pro p\u0159erozd\u011blen\u00ed n\u00e1v\u0161t\u011bvn\u00edk\u016f. Intenzivn\u00ed nadn\u00e1rodn\u00ed spolupr\u00e1ce v t\u011bchto, pro dunajsk\u00e9 geoparky a podobn\u00e1 \u00fazem\u00ed d\u016fle\u017eit\u00fdch zm\u011bnov\u00fdch procesech, v\u00fdrazn\u011b zlep\u0161\u00ed kompetence v\u0161ech 29 z\u00fa\u010dastn\u011bn\u00fdch organizac\u00ed poch\u00e1zej\u00edc\u00edch z 8 \u010dlensk\u00fdch a 3 ne\u010dlensk\u00fdch zem\u00ed, v oblasti inkluzivn\u00edho integrovan\u00e9ho \u00fazemn\u00edho rozvoje, produktov\u00e9 (zku\u0161enostn\u00ed) inovace spr\u00e1va a inteligentn\u00ed sledov\u00e1n\u00ed n\u00e1v\u0161t\u011bvn\u00edk\u016f.<\/div>\n<div><\/div>\n<p><!--more--><\/p>\n<div class=\"prose max-w-full\">Danube GeoTour Plus tak nen\u00ed jen dal\u0161\u00edm nadn\u00e1rodn\u00edm turistick\u00fdm produktem, ale je cestou do platformy pro spolupr\u00e1ci, kter\u00e1 po uzav\u0159en\u00ed projektu zajist\u00ed budouc\u00ed udr\u017eitelnost produktu Danube GeoTour a umo\u017en\u00ed trval\u00e9 propojen\u00ed dunajsk\u00fdch geopark\u016f pro spole\u010dn\u00e9, udr\u017eiteln\u011bj\u0161\u00ed a inkluzivn\u00ed \u00fazemn\u00ed c\u00edle.<\/div>\n<div><\/div>\n<p><!--more--><\/p>\n<div class=\"prose max-w-full\">Celkov\u00fd rozpo\u010det: 2 288 015,00 EUR<\/div>\n<div><\/div>\n<p><!--more--><\/p>\n<div><\/div>\n<p style=\"text-align: center;\"><img loading=\"lazy\" decoding=\"async\" class=\"aligncenter wp-image-3079\" src=\"https:\/\/www.geoparkzh.cz\/cs\/wp-content\/uploads\/sites\/2\/2024\/04\/loga.png\" alt=\"\" width=\"808\" height=\"209\" srcset=\"https:\/\/www.geoparkzh.cz\/cs\/wp-content\/uploads\/sites\/2\/2024\/04\/loga.png 3475w, https:\/\/www.geoparkzh.cz\/cs\/wp-content\/uploads\/sites\/2\/2024\/04\/loga-300x78.png 300w, https:\/\/www.geoparkzh.cz\/cs\/wp-content\/uploads\/sites\/2\/2024\/04\/loga-768x199.png 768w, https:\/\/www.geoparkzh.cz\/cs\/wp-content\/uploads\/sites\/2\/2024\/04\/loga-1024x265.png 1024w, https:\/\/www.geoparkzh.cz\/cs\/wp-content\/uploads\/sites\/2\/2024\/04\/loga-580x150.png 580w, https:\/\/www.geoparkzh.cz\/cs\/wp-content\/uploads\/sites\/2\/2024\/04\/loga-820x212.png 820w, https:\/\/www.geoparkzh.cz\/cs\/wp-content\/uploads\/sites\/2\/2024\/04\/loga-1160x300.png 1160w\" sizes=\"(max-width: 808px) 100vw, 808px\" \/><\/p>\n<\/div>\n<div class=\"cmsms_text\">\n<p>&nbsp;<\/p>\n<\/div>\n<\/div>\n<\/div>\n<\/div>\n<\/div>\n<\/div>\n<\/div>\n<div id=\"cmsms_row_69dc22d39e15c\" class=\"cmsms_row cmsms_color_scheme_default\">\n<div class=\"cmsms_row_outer_parent\">\n<div class=\"cmsms_row_outer\">\n<div class=\"cmsms_row_inner\">\n<div class=\"cmsms_row_margin\">\n<div class=\"cmsms_column one_first\">\n\n<div id=\"cmsms_button_69dc22d39e205\" class=\"button_wrap\"><a href=\"https:\/\/interreg-danube.eu\/projects\/danube-geotour-plus\" class=\"cmsms_button\" target=\"_blank\">STR\u00c1NKY PROJEKTU<\/a><\/div>\n<\/div>\n<\/div>\n<\/div>\n<\/div>\n<\/div>\n<\/div>\n\n","protected":false},"excerpt":{"rendered":"<p>Popis projektu Danube GeoTour Plus stav\u00ed na zaveden\u00e9 spolupr\u00e1ci 9 partner\u016f geoparku s r\u016fzn\u00fdm institucion\u00e1ln\u00edm z\u00e1zem\u00edm, 2 v\u00fdzkumn\u00fdch a vzd\u011bl\u00e1vac\u00edch partner\u016f a 18 ASP. V\u00fdsledky p\u0159edchoz\u00edho projektu nazna\u010duj\u00ed nov\u00e9 trendy, kter\u00e9 zahrnuj\u00ed budoucnost geopark\u016f a dosud nevyu\u017eit\u00fd potenci\u00e1l d\u011bdictv\u00ed.<\/p>\n","protected":false},"author":1,"featured_media":0,"parent":0,"menu_order":0,"comment_status":"closed","ping_status":"closed","template":"","meta":{"footnotes":""},"class_list":["post-526","page","type-page","status-publish","hentry"],"_links":{"self":[{"href":"https:\/\/www.geoparkzh.cz\/cs\/wp-json\/wp\/v2\/pages\/526"}],"collection":[{"href":"https:\/\/www.geoparkzh.cz\/cs\/wp-json\/wp\/v2\/pages"}],"about":[{"href":"https:\/\/www.geoparkzh.cz\/cs\/wp-json\/wp\/v2\/types\/page"}],"author":[{"embeddable":true,"href":"https:\/\/www.geoparkzh.cz\/cs\/wp-json\/wp\/v2\/users\/1"}],"replies":[{"embeddable":true,"href":"https:\/\/www.geoparkzh.cz\/cs\/wp-json\/wp\/v2\/comments?post=526"}],"version-history":[{"count":63,"href":"https:\/\/www.geoparkzh.cz\/cs\/wp-json\/wp\/v2\/pages\/526\/revisions"}],"predecessor-version":[{"id":3088,"href":"https:\/\/www.geoparkzh.cz\/cs\/wp-json\/wp\/v2\/pages\/526\/revisions\/3088"}],"wp:attachment":[{"href":"https:\/\/www.geoparkzh.cz\/cs\/wp-json\/wp\/v2\/media?parent=526"}],"curies":[{"name":"wp","href":"https:\/\/api.w.org\/{rel}","templated":true}]}}