{"id":520,"date":"2018-02-24T07:53:12","date_gmt":"2018-02-24T06:53:12","guid":{"rendered":"https:\/\/www.geoparkzh.cz\/cs\/?page_id=520"},"modified":"2018-02-24T09:09:00","modified_gmt":"2018-02-24T08:09:00","slug":"novinky","status":"publish","type":"page","link":"https:\/\/www.geoparkzh.cz\/cs\/novinky\/","title":{"rendered":"Novinky"},"content":{"rendered":"<style type=\"text\/css\"> \n#cmsms_row_69dc0f784750e .cmsms_row_outer_parent { \n\tpadding-top: 0px; \n} \n\n#cmsms_row_69dc0f784750e .cmsms_row_outer_parent { \n\tpadding-bottom: 50px; \n} \n\n<\/style><div id=\"cmsms_row_69dc0f784750e\" class=\"cmsms_row cmsms_color_scheme_default\">\n<div class=\"cmsms_row_outer_parent\">\n<div class=\"cmsms_row_outer\">\n<div class=\"cmsms_row_inner\">\n<div class=\"cmsms_row_margin\">\n<div class=\"cmsms_column one_first\">\n<div class=\"cmsms_wrap_blog entry-summary\" id=\"blog_69dc0f78475d1\"><div class=\"blog standard\">\r\n<!--_________________________ Start Standard Article _________________________ -->\r\n\r\n<article id=\"post-2965\" class=\"cmsms_post_default post post-2965 type-post status-publish format-standard hentry category-nezarazene category-novinky category-uncategorized category-z-geoparku tag-kniha tag-vestan\">\r\n\t<div class=\"cmsms_post_info entry-meta\">\r\n\t\t<span class=\"cmsms_post_format_img  cmsms-icon-desktop-3\"><\/span>\r\n\t\t\r\n\t\t<abbr class=\"published cmsms_post_date\" title=\"2.9.2022\"><span class=\"cmsms_day_mon\">02.09<\/span><span class=\"cmsms_year\">2022<\/span><\/abbr><abbr class=\"dn date updated\" title=\"2.9.2022\">2.9.2022<\/abbr>\t<\/div>\r\n\t<div class=\"cmsms_post_cont\">\r\n\t<header class=\"cmsms_post_header entry-header\"><h3 class=\"cmsms_post_title entry-title cmsms_h1_font_style\"><a href=\"https:\/\/www.geoparkzh.cz\/cs\/vestan-nova-kniha-regionu-zeleznych-hor-velkym-tematickym-presahem\/\">VESTAN &#8211; Nov\u00e1 kniha o regionu \u017delezn\u00fdch hor, ale s velk\u00fdm tematick\u00fdm p\u0159esahem<\/a><\/h3><\/header><div class=\"cmsms_post_cont_info entry-meta\"><span class=\"cmsms_post_tags\">Tags <a href=\"https:\/\/www.geoparkzh.cz\/cs\/stitek\/kniha\/\" rel=\"tag\">kniha<\/a>, <a href=\"https:\/\/www.geoparkzh.cz\/cs\/stitek\/vestan\/\" rel=\"tag\">vestan<\/a><\/span><\/div><div class=\"cmsms_post_content entry-content\">\n<p>&#8222;Rozs\u00e1hl\u00e9 kompendium nazvan\u00e9 Vestan je studnic\u00ed informac\u00ed, kde z\u00e1jemce najde n\u011bco zaj\u00edmav\u00e9ho a pou\u010dn\u00e9ho. \u00da\u017easn\u00e9 mno\u017estv\u00ed fakt a b\u00e1jn\u00fdch mytick\u00fdch p\u0159\u00edb\u011bh\u016f je zachov\u00e1no i pro...<\/p>\n<\/div>\n<footer class=\"cmsms_post_footer entry-meta\"><a class=\"button cmsms_post_read_more\" href=\"https:\/\/www.geoparkzh.cz\/cs\/vestan-nova-kniha-regionu-zeleznych-hor-velkym-tematickym-presahem\/\">Read More<\/a><\/footer>\t<\/div>\r\n<\/article>\r\n<!--_________________________ Finish Standard Article _________________________ -->\r\n\r\n\r\n<!--_________________________ Start Standard Article _________________________ -->\r\n\r\n<article id=\"post-2928\" class=\"cmsms_post_default post post-2928 type-post status-publish format-standard hentry category-akce category-nezarazene category-novinky category-z-geoparku\">\r\n\t<div class=\"cmsms_post_info entry-meta\">\r\n\t\t<span class=\"cmsms_post_format_img  cmsms-icon-desktop-3\"><\/span>\r\n\t\t\r\n\t\t<abbr class=\"published cmsms_post_date\" title=\"18.5.2022\"><span class=\"cmsms_day_mon\">18.05<\/span><span class=\"cmsms_year\">2022<\/span><\/abbr><abbr class=\"dn date updated\" title=\"18.5.2022\">18.5.2022<\/abbr>\t<\/div>\r\n\t<div class=\"cmsms_post_cont\">\r\n\t<header class=\"cmsms_post_header entry-header\"><h3 class=\"cmsms_post_title entry-title cmsms_h1_font_style\"><a href=\"https:\/\/www.geoparkzh.cz\/cs\/6-rocnik-tradicniho-chrudimskeho-ryzovani\/\">6. ro\u010dn\u00edk tradi\u010dn\u00edho chrudimsk\u00e9ho r\u00fd\u017eov\u00e1n\u00ed<\/a><\/h3><\/header><div class=\"cmsms_post_content entry-content\">\n<\/div>\n<footer class=\"cmsms_post_footer entry-meta\"><a class=\"button cmsms_post_read_more\" href=\"https:\/\/www.geoparkzh.cz\/cs\/6-rocnik-tradicniho-chrudimskeho-ryzovani\/\">Read More<\/a><\/footer>\t<\/div>\r\n<\/article>\r\n<!--_________________________ Finish Standard Article _________________________ -->\r\n\r\n\r\n<!--_________________________ Start Standard Article _________________________ -->\r\n\r\n<article id=\"post-2918\" class=\"cmsms_post_default post post-2918 type-post status-publish format-standard has-post-thumbnail hentry category-akce category-nezarazene category-novinky\">\r\n\t<div class=\"cmsms_post_info entry-meta\">\r\n\t\t<span class=\"cmsms_post_format_img  cmsms-icon-desktop-3\"><\/span>\r\n\t\t\r\n\t\t<abbr class=\"published cmsms_post_date\" title=\"24.2.2022\"><span class=\"cmsms_day_mon\">24.02<\/span><span class=\"cmsms_year\">2022<\/span><\/abbr><abbr class=\"dn date updated\" title=\"24.2.2022\">24.2.2022<\/abbr>\t<\/div>\r\n\t<div class=\"cmsms_post_cont\">\r\n\t<figure><a href=\"https:\/\/www.geoparkzh.cz\/cs\/koncert-drum-for-fun-ve-stolanskem-lomu\/\" title=\"Koncert \u201eDrum For Fun\u201d ve stolansk\u00e9m lomu\" class=\"cmsms_img_link\"><img loading=\"lazy\" decoding=\"async\" width=\"820\" height=\"490\" src=\"https:\/\/www.geoparkzh.cz\/cs\/wp-content\/uploads\/sites\/2\/2022\/02\/201201193_2983848765268603_4231244770048023797_n-820x490.jpg\" class=\" wp-post-image\" alt=\"Koncert \u201eDrum For Fun\u201d ve stolansk\u00e9m lomu\" title=\"Koncert \u201eDrum For Fun\u201d ve stolansk\u00e9m lomu\" \/><\/a><\/figure><header class=\"cmsms_post_header entry-header\"><h3 class=\"cmsms_post_title entry-title cmsms_h1_font_style\"><a href=\"https:\/\/www.geoparkzh.cz\/cs\/koncert-drum-for-fun-ve-stolanskem-lomu\/\">Koncert \u201eDrum For Fun\u201d ve stolansk\u00e9m lomu<\/a><\/h3><\/header><div class=\"cmsms_post_content entry-content\">\n<\/div>\n<footer class=\"cmsms_post_footer entry-meta\"><a class=\"button cmsms_post_read_more\" href=\"https:\/\/www.geoparkzh.cz\/cs\/koncert-drum-for-fun-ve-stolanskem-lomu\/\">Read More<\/a><\/footer>\t<\/div>\r\n<\/article>\r\n<!--_________________________ Finish Standard Article _________________________ -->\r\n\r\n\r\n<!--_________________________ Start Standard Article _________________________ -->\r\n\r\n<article id=\"post-2912\" class=\"cmsms_post_default post post-2912 type-post status-publish format-standard has-post-thumbnail hentry category-akce category-exkurze category-nezarazene category-novinky category-z-geoparku tag-exkurze-geopark\">\r\n\t<div class=\"cmsms_post_info entry-meta\">\r\n\t\t<span class=\"cmsms_post_format_img  cmsms-icon-desktop-3\"><\/span>\r\n\t\t\r\n\t\t<abbr class=\"published cmsms_post_date\" title=\"16.2.2022\"><span class=\"cmsms_day_mon\">16.02<\/span><span class=\"cmsms_year\">2022<\/span><\/abbr><abbr class=\"dn date updated\" title=\"17.2.2022\">17.2.2022<\/abbr>\t<\/div>\r\n\t<div class=\"cmsms_post_cont\">\r\n\t<figure><a href=\"https:\/\/www.geoparkzh.cz\/cs\/celodenni-exkurze-za-vodickou\/\" title=\"Celodenn\u00ed exkurze \u201eZa Vodi\u010dkou\u201d\" class=\"cmsms_img_link\"><img loading=\"lazy\" decoding=\"async\" width=\"820\" height=\"490\" src=\"https:\/\/www.geoparkzh.cz\/cs\/wp-content\/uploads\/sites\/2\/2022\/02\/vstupenky-e1645015071494-820x490.jpg\" class=\" wp-post-image\" alt=\"Celodenn\u00ed exkurze \u201eZa Vodi\u010dkou\u201d\" title=\"Celodenn\u00ed exkurze \u201eZa Vodi\u010dkou\u201d\" \/><\/a><\/figure><header class=\"cmsms_post_header entry-header\"><h3 class=\"cmsms_post_title entry-title cmsms_h1_font_style\"><a href=\"https:\/\/www.geoparkzh.cz\/cs\/celodenni-exkurze-za-vodickou\/\">Celodenn\u00ed exkurze \u201eZa Vodi\u010dkou\u201d<\/a><\/h3><\/header><div class=\"cmsms_post_cont_info entry-meta\"><span class=\"cmsms_post_tags\">Tags <a href=\"https:\/\/www.geoparkzh.cz\/cs\/stitek\/exkurze-geopark\/\" rel=\"tag\">exkurze geopark<\/a><\/span><\/div><div class=\"cmsms_post_content entry-content\">\n<\/div>\n<footer class=\"cmsms_post_footer entry-meta\"><a class=\"button cmsms_post_read_more\" href=\"https:\/\/www.geoparkzh.cz\/cs\/celodenni-exkurze-za-vodickou\/\">Read More<\/a><\/footer>\t<\/div>\r\n<\/article>\r\n<!--_________________________ Finish Standard Article _________________________ -->\r\n\r\n\r\n<!--_________________________ Start Standard Article _________________________ -->\r\n\r\n<article id=\"post-2861\" class=\"cmsms_post_default post post-2861 type-post status-publish format-standard has-post-thumbnail hentry category-nezarazene category-novinky category-z-geoparku\">\r\n\t<div class=\"cmsms_post_info entry-meta\">\r\n\t\t<span class=\"cmsms_post_format_img  cmsms-icon-desktop-3\"><\/span>\r\n\t\t\r\n\t\t<abbr class=\"published cmsms_post_date\" title=\"18.10.2021\"><span class=\"cmsms_day_mon\">18.10<\/span><span class=\"cmsms_year\">2021<\/span><\/abbr><abbr class=\"dn date updated\" title=\"18.10.2021\">18.10.2021<\/abbr>\t<\/div>\r\n\t<div class=\"cmsms_post_cont\">\r\n\t<figure><a href=\"https:\/\/www.geoparkzh.cz\/cs\/nova-stezka-okolo-luze\/\" title=\"Nov\u00e1 stezka okolo Lu\u017ee\" class=\"cmsms_img_link\"><img loading=\"lazy\" decoding=\"async\" width=\"820\" height=\"490\" src=\"https:\/\/www.geoparkzh.cz\/cs\/wp-content\/uploads\/sites\/2\/2021\/10\/love-path-1-820x490.jpg\" class=\" wp-post-image\" alt=\"Nov\u00e1 stezka okolo Lu\u017ee\" title=\"Nov\u00e1 stezka okolo Lu\u017ee\" \/><\/a><\/figure><header class=\"cmsms_post_header entry-header\"><h3 class=\"cmsms_post_title entry-title cmsms_h1_font_style\"><a href=\"https:\/\/www.geoparkzh.cz\/cs\/nova-stezka-okolo-luze\/\">Nov\u00e1 stezka okolo Lu\u017ee<\/a><\/h3><\/header><div class=\"cmsms_post_content entry-content\">\n<\/div>\n<footer class=\"cmsms_post_footer entry-meta\"><a class=\"button cmsms_post_read_more\" href=\"https:\/\/www.geoparkzh.cz\/cs\/nova-stezka-okolo-luze\/\">Read More<\/a><\/footer>\t<\/div>\r\n<\/article>\r\n<!--_________________________ Finish Standard Article _________________________ -->\r\n\r\n\r\n<!--_________________________ Start Image Article _________________________ -->\r\n\r\n<article id=\"post-2857\" class=\"cmsms_post_default post-2857 post type-post status-publish format-image has-post-thumbnail hentry category-akce category-nezarazene category-novinky post_format-post-format-image\">\r\n\t<div class=\"cmsms_post_info entry-meta\">\r\n\t\t<span class=\"cmsms_post_format_img  cmsms-icon-photo\"><\/span>\r\n\t\t\r\n\t\t<abbr class=\"published cmsms_post_date\" title=\"4.10.2021\"><span class=\"cmsms_day_mon\">04.10<\/span><span class=\"cmsms_year\">2021<\/span><\/abbr><abbr class=\"dn date updated\" title=\"4.10.2021\">4.10.2021<\/abbr>\t<\/div>\r\n\t<div class=\"cmsms_post_cont\">\r\n\t\t<figure><a href=\"https:\/\/www.geoparkzh.cz\/cs\/wp-content\/uploads\/sites\/2\/2021\/10\/V_cem_kdo_spociva-page-001-1.jpg\" title=\"V \u010dem kdo spo\u010d\u00edv\u00e1\" class=\"cmsms_img_link\" rel=\"ilightbox[img_2857_69dc0f7851fda]\"><img loading=\"lazy\" decoding=\"async\" width=\"820\" height=\"1160\" src=\"https:\/\/www.geoparkzh.cz\/cs\/wp-content\/uploads\/sites\/2\/2021\/10\/V_cem_kdo_spociva-page-001-1-820x1160.jpg\" class=\" wp-post-image\" alt=\"V \u010dem kdo spo\u010d\u00edv\u00e1\" title=\"V \u010dem kdo spo\u010d\u00edv\u00e1\" srcset=\"https:\/\/www.geoparkzh.cz\/cs\/wp-content\/uploads\/sites\/2\/2021\/10\/V_cem_kdo_spociva-page-001-1-820x1160.jpg 820w, https:\/\/www.geoparkzh.cz\/cs\/wp-content\/uploads\/sites\/2\/2021\/10\/V_cem_kdo_spociva-page-001-1-212x300.jpg 212w, https:\/\/www.geoparkzh.cz\/cs\/wp-content\/uploads\/sites\/2\/2021\/10\/V_cem_kdo_spociva-page-001-1-768x1086.jpg 768w, https:\/\/www.geoparkzh.cz\/cs\/wp-content\/uploads\/sites\/2\/2021\/10\/V_cem_kdo_spociva-page-001-1-724x1024.jpg 724w, https:\/\/www.geoparkzh.cz\/cs\/wp-content\/uploads\/sites\/2\/2021\/10\/V_cem_kdo_spociva-page-001-1-580x820.jpg 580w, https:\/\/www.geoparkzh.cz\/cs\/wp-content\/uploads\/sites\/2\/2021\/10\/V_cem_kdo_spociva-page-001-1-1160x1641.jpg 1160w\" sizes=\"(max-width: 820px) 100vw, 820px\" \/><\/a><\/figure><header class=\"cmsms_post_header entry-header\"><h3 class=\"cmsms_post_title entry-title cmsms_h1_font_style\"><a href=\"https:\/\/www.geoparkzh.cz\/cs\/v-cem-kdo-spociva\/\">V \u010dem kdo spo\u010d\u00edv\u00e1<\/a><\/h3><\/header><div class=\"cmsms_post_content entry-content\">\n<\/div>\n<footer class=\"cmsms_post_footer entry-meta\"><a class=\"button cmsms_post_read_more\" href=\"https:\/\/www.geoparkzh.cz\/cs\/v-cem-kdo-spociva\/\">Read More<\/a><\/footer>\t<\/div>\r\n<\/article>\r\n<!--_________________________ Finish Image Article _________________________ -->\r\n\r\n\r\n<!--_________________________ Start Image Article _________________________ -->\r\n\r\n<article id=\"post-2854\" class=\"cmsms_post_default post-2854 post type-post status-publish format-image has-post-thumbnail hentry category-akce category-nezarazene category-novinky post_format-post-format-image\">\r\n\t<div class=\"cmsms_post_info entry-meta\">\r\n\t\t<span class=\"cmsms_post_format_img  cmsms-icon-photo\"><\/span>\r\n\t\t\r\n\t\t<abbr class=\"published cmsms_post_date\" title=\"4.10.2021\"><span class=\"cmsms_day_mon\">04.10<\/span><span class=\"cmsms_year\">2021<\/span><\/abbr><abbr class=\"dn date updated\" title=\"4.10.2021\">4.10.2021<\/abbr>\t<\/div>\r\n\t<div class=\"cmsms_post_cont\">\r\n\t\t<figure><a href=\"https:\/\/www.geoparkzh.cz\/cs\/wp-content\/uploads\/sites\/2\/2021\/10\/Advent-s-geoparkem-2021.jpg\" title=\"Advent s geoparkem\" class=\"cmsms_img_link\" rel=\"ilightbox[img_2854_69dc0f7853933]\"><img loading=\"lazy\" decoding=\"async\" width=\"820\" height=\"687\" src=\"https:\/\/www.geoparkzh.cz\/cs\/wp-content\/uploads\/sites\/2\/2021\/10\/Advent-s-geoparkem-2021-820x687.jpg\" class=\" wp-post-image\" alt=\"Advent s geoparkem\" title=\"Advent s geoparkem\" srcset=\"https:\/\/www.geoparkzh.cz\/cs\/wp-content\/uploads\/sites\/2\/2021\/10\/Advent-s-geoparkem-2021-820x687.jpg 820w, https:\/\/www.geoparkzh.cz\/cs\/wp-content\/uploads\/sites\/2\/2021\/10\/Advent-s-geoparkem-2021-300x251.jpg 300w, https:\/\/www.geoparkzh.cz\/cs\/wp-content\/uploads\/sites\/2\/2021\/10\/Advent-s-geoparkem-2021-768x644.jpg 768w, https:\/\/www.geoparkzh.cz\/cs\/wp-content\/uploads\/sites\/2\/2021\/10\/Advent-s-geoparkem-2021-580x486.jpg 580w, https:\/\/www.geoparkzh.cz\/cs\/wp-content\/uploads\/sites\/2\/2021\/10\/Advent-s-geoparkem-2021.jpg 940w\" sizes=\"(max-width: 820px) 100vw, 820px\" \/><\/a><\/figure><header class=\"cmsms_post_header entry-header\"><h3 class=\"cmsms_post_title entry-title cmsms_h1_font_style\"><a href=\"https:\/\/www.geoparkzh.cz\/cs\/advent-s-geoparkem\/\">Advent s geoparkem<\/a><\/h3><\/header><div class=\"cmsms_post_content entry-content\">\n<\/div>\n<footer class=\"cmsms_post_footer entry-meta\"><a class=\"button cmsms_post_read_more\" href=\"https:\/\/www.geoparkzh.cz\/cs\/advent-s-geoparkem\/\">Read More<\/a><\/footer>\t<\/div>\r\n<\/article>\r\n<!--_________________________ Finish Image Article _________________________ -->\r\n\r\n\r\n<!--_________________________ Start Image Article _________________________ -->\r\n\r\n<article id=\"post-2852\" class=\"cmsms_post_default post-2852 post type-post status-publish format-image hentry category-nezarazene category-novinky category-z-geoparku tag-certifikat post_format-post-format-image\">\r\n\t<div class=\"cmsms_post_info entry-meta\">\r\n\t\t<span class=\"cmsms_post_format_img  cmsms-icon-photo\"><\/span>\r\n\t\t\r\n\t\t<abbr class=\"published cmsms_post_date\" title=\"4.10.2021\"><span class=\"cmsms_day_mon\">04.10<\/span><span class=\"cmsms_year\">2021<\/span><\/abbr><abbr class=\"dn date updated\" title=\"4.10.2021\">4.10.2021<\/abbr>\t<\/div>\r\n\t<div class=\"cmsms_post_cont\">\r\n\t\t<header class=\"cmsms_post_header entry-header\"><h3 class=\"cmsms_post_title entry-title cmsms_h1_font_style\"><a href=\"https:\/\/www.geoparkzh.cz\/cs\/certifikat-geopark-dalsi-4-roky\/\">Certifik\u00e1t pro geopark na dal\u0161\u00ed 4 roky<\/a><\/h3><\/header><div class=\"cmsms_post_cont_info entry-meta\"><span class=\"cmsms_post_tags\">Tags <a href=\"https:\/\/www.geoparkzh.cz\/cs\/stitek\/certifikat\/\" rel=\"tag\">certifikat<\/a><\/span><\/div><div class=\"cmsms_post_content entry-content\">\n<\/div>\n<footer class=\"cmsms_post_footer entry-meta\"><a class=\"button cmsms_post_read_more\" href=\"https:\/\/www.geoparkzh.cz\/cs\/certifikat-geopark-dalsi-4-roky\/\">Read More<\/a><\/footer>\t<\/div>\r\n<\/article>\r\n<!--_________________________ Finish Image Article _________________________ -->\r\n\r\n\r\n<!--_________________________ Start Standard Article _________________________ -->\r\n\r\n<article id=\"post-2841\" class=\"cmsms_post_default post post-2841 type-post status-publish format-standard has-post-thumbnail hentry category-novinky category-z-geoparku\">\r\n\t<div class=\"cmsms_post_info entry-meta\">\r\n\t\t<span class=\"cmsms_post_format_img  cmsms-icon-desktop-3\"><\/span>\r\n\t\t\r\n\t\t<abbr class=\"published cmsms_post_date\" title=\"7.9.2021\"><span class=\"cmsms_day_mon\">07.09<\/span><span class=\"cmsms_year\">2021<\/span><\/abbr><abbr class=\"dn date updated\" title=\"14.9.2021\">14.9.2021<\/abbr>\t<\/div>\r\n\t<div class=\"cmsms_post_cont\">\r\n\t<figure><a href=\"https:\/\/www.geoparkzh.cz\/cs\/den-otevrenych-dveri\/\" title=\"Den otev\u0159en\u00fdch dve\u0159\u00ed\" class=\"cmsms_img_link\"><img loading=\"lazy\" decoding=\"async\" width=\"820\" height=\"490\" src=\"https:\/\/www.geoparkzh.cz\/cs\/wp-content\/uploads\/sites\/2\/2021\/09\/224375470_3642630042503067_4112618768745255529_n-820x490.jpg\" class=\" wp-post-image\" alt=\"Den otev\u0159en\u00fdch dve\u0159\u00ed\" title=\"Den otev\u0159en\u00fdch dve\u0159\u00ed\" \/><\/a><\/figure><header class=\"cmsms_post_header entry-header\"><h3 class=\"cmsms_post_title entry-title cmsms_h1_font_style\"><a href=\"https:\/\/www.geoparkzh.cz\/cs\/den-otevrenych-dveri\/\">Den otev\u0159en\u00fdch dve\u0159\u00ed<\/a><\/h3><\/header><div class=\"cmsms_post_content entry-content\">\n<\/div>\n<footer class=\"cmsms_post_footer entry-meta\"><a class=\"button cmsms_post_read_more\" href=\"https:\/\/www.geoparkzh.cz\/cs\/den-otevrenych-dveri\/\">Read More<\/a><\/footer>\t<\/div>\r\n<\/article>\r\n<!--_________________________ Finish Standard Article _________________________ -->\r\n\r\n\r\n<!--_________________________ Start Standard Article _________________________ -->\r\n\r\n<article id=\"post-2825\" class=\"cmsms_post_default post post-2825 type-post status-publish format-standard has-post-thumbnail hentry category-facebook category-novinky category-z-geoparku\">\r\n\t<div class=\"cmsms_post_info entry-meta\">\r\n\t\t<span class=\"cmsms_post_format_img  cmsms-icon-desktop-3\"><\/span>\r\n\t\t\r\n\t\t<abbr class=\"published cmsms_post_date\" title=\"10.6.2021\"><span class=\"cmsms_day_mon\">10.06<\/span><span class=\"cmsms_year\">2021<\/span><\/abbr><abbr class=\"dn date updated\" title=\"30.3.2023\">30.3.2023<\/abbr>\t<\/div>\r\n\t<div class=\"cmsms_post_cont\">\r\n\t<figure><a href=\"https:\/\/www.geoparkzh.cz\/cs\/kniha-sec-1920-1936-vystavba-jedne-prehrady\/\" title=\"Kniha Se\u010d 1920-1936 V\u00fdstavba jedn\u00e9 p\u0159ehrady\" class=\"cmsms_img_link\"><img loading=\"lazy\" decoding=\"async\" width=\"820\" height=\"490\" src=\"https:\/\/www.geoparkzh.cz\/cs\/wp-content\/uploads\/sites\/2\/2021\/06\/186456060_3441096585989748_6949028922892499482_n-1-820x490.jpg\" class=\" wp-post-image\" alt=\"Kniha Se\u010d 1920-1936 V\u00fdstavba jedn\u00e9 p\u0159ehrady\" title=\"Kniha Se\u010d 1920-1936 V\u00fdstavba jedn\u00e9 p\u0159ehrady\" \/><\/a><\/figure><header class=\"cmsms_post_header entry-header\"><h3 class=\"cmsms_post_title entry-title cmsms_h1_font_style\"><a href=\"https:\/\/www.geoparkzh.cz\/cs\/kniha-sec-1920-1936-vystavba-jedne-prehrady\/\">Kniha Se\u010d 1920-1936 V\u00fdstavba jedn\u00e9 p\u0159ehrady<\/a><\/h3><\/header><div class=\"cmsms_post_content entry-content\">\n<p>Nov\u00e1 kniha s\u00a0n\u00e1zvem Se\u010d 1920 \u2013 1936, s\u00a0podtitulem \u201eV\u00fdstavba jedn\u00e9 p\u0159ehrady\u201c od Libora Ad\u00e1mka v\u00e1m na 240 stran\u00e1ch zodpov\u00ed mnoho ot\u00e1zek t\u00fdkaj\u00edc\u00edch se stavby. Kniha...<\/p>\n<\/div>\n<footer class=\"cmsms_post_footer entry-meta\"><a class=\"button cmsms_post_read_more\" href=\"https:\/\/www.geoparkzh.cz\/cs\/kniha-sec-1920-1936-vystavba-jedne-prehrady\/\">Read More<\/a><\/footer>\t<\/div>\r\n<\/article>\r\n<!--_________________________ Finish Standard Article _________________________ -->\r\n\r\n\r\n<!--_________________________ Start Standard Article _________________________ -->\r\n\r\n<article id=\"post-2184\" class=\"cmsms_post_default post post-2184 type-post status-publish format-standard hentry category-novinky category-z-geoparku\">\r\n\t<div class=\"cmsms_post_info entry-meta\">\r\n\t\t<span class=\"cmsms_post_format_img  cmsms-icon-desktop-3\"><\/span>\r\n\t\t\r\n\t\t<abbr class=\"published cmsms_post_date\" title=\"10.9.2018\"><span class=\"cmsms_day_mon\">10.09<\/span><span class=\"cmsms_year\">2018<\/span><\/abbr><abbr class=\"dn date updated\" title=\"10.9.2018\">10.9.2018<\/abbr>\t<\/div>\r\n\t<div class=\"cmsms_post_cont\">\r\n\t<header class=\"cmsms_post_header entry-header\"><h3 class=\"cmsms_post_title entry-title cmsms_h1_font_style\"><a href=\"https:\/\/www.geoparkzh.cz\/cs\/geopark-ve-vlastivedne-encyklopedii\/\">Geopark ve vlastiv\u011bdn\u00e9 encyklopedii<\/a><\/h3><\/header><div class=\"cmsms_post_content entry-content\">\n<p>Velice n\u00e1s t\u011b\u0161\u00ed, \u017ee Geopark \u017delezn\u00e9 hory byl uzn\u00e1n za dostate\u010dn\u011b v\u00fdznamn\u00fd projekt a z\u00edskal sv\u00e9 m\u00edsto v publikaci Chrudim vlastiv\u011bdn\u00e1 encyklopedie. Publikaci vydalo m\u011bsto...<\/p>\n<\/div>\n<footer class=\"cmsms_post_footer entry-meta\"><a class=\"button cmsms_post_read_more\" href=\"https:\/\/www.geoparkzh.cz\/cs\/geopark-ve-vlastivedne-encyklopedii\/\">Read More<\/a><\/footer>\t<\/div>\r\n<\/article>\r\n<!--_________________________ Finish Standard Article _________________________ -->\r\n\r\n\r\n<!--_________________________ Start Standard Article _________________________ -->\r\n\r\n<article id=\"post-2170\" class=\"cmsms_post_default post post-2170 type-post status-publish format-standard has-post-thumbnail hentry category-novinky category-z-geoparku\">\r\n\t<div class=\"cmsms_post_info entry-meta\">\r\n\t\t<span class=\"cmsms_post_format_img  cmsms-icon-desktop-3\"><\/span>\r\n\t\t\r\n\t\t<abbr class=\"published cmsms_post_date\" title=\"9.7.2018\"><span class=\"cmsms_day_mon\">09.07<\/span><span class=\"cmsms_year\">2018<\/span><\/abbr><abbr class=\"dn date updated\" title=\"10.9.2018\">10.9.2018<\/abbr>\t<\/div>\r\n\t<div class=\"cmsms_post_cont\">\r\n\t<figure><a href=\"https:\/\/www.geoparkzh.cz\/cs\/geopark-zelezne-hory-projektu-danube-geotour\/\" title=\"Geopark \u017delezn\u00e9 hory v projektu Danube GeoTour!\" class=\"cmsms_img_link\"><img loading=\"lazy\" decoding=\"async\" width=\"342\" height=\"490\" src=\"https:\/\/www.geoparkzh.cz\/cs\/wp-content\/uploads\/sites\/2\/2018\/07\/GEOSITES_in_Danube_Geoparks-pdf.jpg\" class=\" wp-post-image\" alt=\"Geopark \u017delezn\u00e9 hory v projektu Danube GeoTour!\" title=\"Geopark \u017delezn\u00e9 hory v projektu Danube GeoTour!\" \/><\/a><\/figure><header class=\"cmsms_post_header entry-header\"><h3 class=\"cmsms_post_title entry-title cmsms_h1_font_style\"><a href=\"https:\/\/www.geoparkzh.cz\/cs\/geopark-zelezne-hory-projektu-danube-geotour\/\">Geopark \u017delezn\u00e9 hory v projektu Danube GeoTour!<\/a><\/h3><\/header><div class=\"cmsms_post_content entry-content\">\n<p>Geopark \u017delezn\u00e9 hory je sou\u010d\u00e1st\u00ed mezin\u00e1rodn\u00edho projektu Danube GeoTour. Jedn\u00edm z jeho v\u00fdstup\u016f v r\u00e1mci prezentace a propagace z\u00fa\u010dastn\u011bn\u00fdch evropsk\u00fdch geopark\u016f jsou t\u0159i kr\u00e1sn\u00e9 plak\u00e1tky....<\/p>\n<\/div>\n<footer class=\"cmsms_post_footer entry-meta\"><a class=\"button cmsms_post_read_more\" href=\"https:\/\/www.geoparkzh.cz\/cs\/geopark-zelezne-hory-projektu-danube-geotour\/\">Read More<\/a><\/footer>\t<\/div>\r\n<\/article>\r\n<!--_________________________ Finish Standard Article _________________________ -->\r\n\r\n<\/div><div class=\"cmsms_wrap_more_posts cmsms_wrap_more_items\"><div class=\"cmsms_wrap_pagination\"><ul class='page-numbers'>\n\t<li><span aria-current=\"page\" class=\"page-numbers current\">1<\/span><\/li>\n\t<li><a class=\"page-numbers\" href=\"https:\/\/www.geoparkzh.cz\/cs\/wp-json\/wp\/v2\/pages\/520\/page\/2\/\">2<\/a><\/li>\n\t<li><a class=\"next page-numbers\" href=\"https:\/\/www.geoparkzh.cz\/cs\/wp-json\/wp\/v2\/pages\/520\/page\/2\/\"><span class=\"cmsms_next_arrow\"><span><\/span><\/span><\/a><\/li>\n<\/ul>\n<\/div><\/div><\/div>\n<\/div>\n<\/div>\n<\/div>\n<\/div>\n<\/div>\n<\/div>\n\n","protected":false},"excerpt":{"rendered":"","protected":false},"author":1,"featured_media":0,"parent":0,"menu_order":0,"comment_status":"closed","ping_status":"closed","template":"","meta":{"footnotes":""},"class_list":["post-520","page","type-page","status-publish","hentry"],"_links":{"self":[{"href":"https:\/\/www.geoparkzh.cz\/cs\/wp-json\/wp\/v2\/pages\/520"}],"collection":[{"href":"https:\/\/www.geoparkzh.cz\/cs\/wp-json\/wp\/v2\/pages"}],"about":[{"href":"https:\/\/www.geoparkzh.cz\/cs\/wp-json\/wp\/v2\/types\/page"}],"author":[{"embeddable":true,"href":"https:\/\/www.geoparkzh.cz\/cs\/wp-json\/wp\/v2\/users\/1"}],"replies":[{"embeddable":true,"href":"https:\/\/www.geoparkzh.cz\/cs\/wp-json\/wp\/v2\/comments?post=520"}],"version-history":[{"count":3,"href":"https:\/\/www.geoparkzh.cz\/cs\/wp-json\/wp\/v2\/pages\/520\/revisions"}],"predecessor-version":[{"id":564,"href":"https:\/\/www.geoparkzh.cz\/cs\/wp-json\/wp\/v2\/pages\/520\/revisions\/564"}],"wp:attachment":[{"href":"https:\/\/www.geoparkzh.cz\/cs\/wp-json\/wp\/v2\/media?parent=520"}],"curies":[{"name":"wp","href":"https:\/\/api.w.org\/{rel}","templated":true}]}}