{"id":3259,"date":"2025-11-07T10:40:15","date_gmt":"2025-11-07T09:40:15","guid":{"rendered":"https:\/\/www.geoparkzh.cz\/cs\/?page_id=3259"},"modified":"2025-11-13T14:54:00","modified_gmt":"2025-11-13T13:54:00","slug":"kde-se-to-tu-vzalo-2","status":"publish","type":"page","link":"https:\/\/www.geoparkzh.cz\/cs\/geoturistika\/kde-se-to-tu-vzalo-2\/","title":{"rendered":"Kelti a geologie"},"content":{"rendered":"<style type=\"text\/css\"> \n#cmsms_row_69e378293ad2d .cmsms_row_outer_parent { \n\tpadding-top: 50px; \n} \n\n#cmsms_row_69e378293ad2d .cmsms_row_outer_parent { \n\tpadding-bottom: 0px; \n} \n\n \n#cmsms_row_69e378293ae9c .cmsms_row_outer_parent { \n\tpadding-top: 0px; \n} \n\n#cmsms_row_69e378293ae9c .cmsms_row_outer_parent { \n\tpadding-bottom: 50px; \n} \n\n \n#cmsms_divider_69e378293af4b { \n\tpadding-top:10px; \n\tmargin-bottom:10px; \n} \n \n#cmsms_row_69e378293afa6 .cmsms_row_outer_parent { \n\tpadding-top: 0px; \n} \n\n#cmsms_row_69e378293afa6 .cmsms_row_outer_parent { \n\tpadding-bottom: 50px; \n} \n\n \n#cmsms_row_69e378293b12e .cmsms_row_outer_parent { \n\tpadding-top: 0px; \n} \n\n#cmsms_row_69e378293b12e .cmsms_row_outer_parent { \n\tpadding-bottom: 50px; \n} \n\n \n#cmsms_divider_69e378293b20d { \n\tpadding-top:0px; \n\tmargin-bottom:20px; \n} \n \n#cmsms_divider_69e378293b282 { \n\tpadding-top:0px; \n\tmargin-bottom:20px; \n} \n \n#cmsms_row_69e378293b2d9 .cmsms_row_outer_parent { \n\tpadding-top: 0px; \n} \n\n#cmsms_row_69e378293b2d9 .cmsms_row_outer_parent { \n\tpadding-bottom: 0px; \n} \n\n \n#cmsms_heading_69e378293b380, #cmsms_heading_69e378293b380 a { \n\ttext-align:center; \n\tfont-weight:400; \n\tfont-style:normal; \n\tmargin-top:20px; \n\tmargin-bottom:20px; \n} \n \n#cmsms_row_69e378293b3c8 .cmsms_row_outer_parent { \n\tpadding-top: 0px; \n} \n\n#cmsms_row_69e378293b3c8 .cmsms_row_outer_parent { \n\tpadding-bottom: 20px; \n} \n\n \n#cmsms_divider_69e378293b467 { \n\tpadding-top:0px; \n\tmargin-bottom:0px; \n} \n \n#cmsms_row_69e378293b4b3 .cmsms_row_outer_parent { \n\tpadding-top: 0px; \n} \n\n#cmsms_row_69e378293b4b3 .cmsms_row_outer_parent { \n\tpadding-bottom: 10px; \n} \n\n \n#cmsms_divider_69e378293b66c { \n\tpadding-top:20px; \n\tmargin-bottom:50px; \n} \n \n#cmsms_divider_69e378293b706 { \n\tpadding-top:50px; \n\tmargin-bottom:0px; \n} \n<\/style><div id=\"cmsms_row_69e378293ad2d\" class=\"cmsms_row cmsms_color_scheme_default\">\n<div class=\"cmsms_row_outer_parent\">\n<div class=\"cmsms_row_outer\">\n<div class=\"cmsms_row_inner\">\n<div class=\"cmsms_row_margin\">\n<div class=\"cmsms_column one_first\">\n<div class=\"cmsms_text\">\n<h1 style=\"text-align: center;\"><span style=\"color: #925683;\">Geopark<\/span><span style=\"color: #000;\"> &#8211; Geoturistika<\/span><\/h1>\n<\/div>\n<\/div>\n<\/div>\n<\/div>\n<\/div>\n<\/div>\n<\/div>\n<div id=\"cmsms_row_69e378293ae9c\" class=\"cmsms_row cmsms_color_scheme_default\">\n<div class=\"cmsms_row_outer_parent\">\n<div class=\"cmsms_row_outer\">\n<div class=\"cmsms_row_inner\">\n<div class=\"cmsms_row_margin\">\n<div class=\"cmsms_column one_first\">\n<div id=\"cmsms_divider_69e378293af4b\" class=\"cmsms_divider solid\"><\/div>\n<\/div>\n<\/div>\n<\/div>\n<\/div>\n<\/div>\n<\/div>\n<div id=\"cmsms_row_69e378293afa6\" class=\"cmsms_row cmsms_color_scheme_default\">\n<div class=\"cmsms_row_outer_parent\">\n<div class=\"cmsms_row_outer\">\n<div class=\"cmsms_row_inner\">\n<div class=\"cmsms_row_margin\">\n<div class=\"cmsms_column one_first\">\n<div class=\"cmsms_text nastred\">\n<p><a href=\"\/cs\/geoturistika\/informacni-centra\/\"><img decoding=\"async\" class=\"size-full aligncenter\" style=\"margin-right: 18px;\" src=\"\/cs\/wp-content\/uploads\/sites\/2\/2018\/02\/informacni-centra.png\" alt=\"Informa\u010dn\u00ed centra\" \/><\/a> <a href=\"\/cs\/geoturistika\/stale-expozice\/\"><img decoding=\"async\" class=\"size-full aligncenter\" style=\"margin-right: 18px;\" src=\"\/cs\/wp-content\/uploads\/sites\/2\/2018\/02\/stale-expozice.png\" alt=\"St\u00e1l\u00e1 expozice\" \/><\/a> <a href=\"\/cs\/geoturistika\/naucne-stezky\/\"><img decoding=\"async\" class=\"size-full aligncenter\" style=\"margin-right: 18px;\" src=\"\/cs\/wp-content\/uploads\/sites\/2\/2018\/02\/naucne-stezky.png\" alt=\"Nau\u010dn\u00e9 stezky\" \/><\/a> <a href=\"\/cs\/geoturistika\/tipy-na-vylety\/\"><img decoding=\"async\" class=\"size-full aligncenter\" style=\"margin-right: 18px;\" src=\"\/cs\/wp-content\/uploads\/sites\/2\/2018\/02\/tipy-na-vylety.png\" alt=\"Tipy na v\u00fdlety\" \/><\/a> <a href=\"\/cs\/geoturistika\/geopruvodce\/\"><img decoding=\"async\" class=\"size-full aligncenter\" style=\"margin-right: 18px;\" src=\"\/cs\/wp-content\/uploads\/sites\/2\/2018\/02\/geopruvodce-on.png\" alt=\"Geopr\u016fvodce\" \/><\/a> <a href=\"\/cs\/geoturistika\/kde-se-to-tu-vzalo\/\"><img decoding=\"async\" class=\"size-full aligncenter\" style=\"margin-right: 18px;\" src=\"\/cs\/wp-content\/uploads\/sites\/2\/2018\/02\/kde-se-to-tu-vzalo.png\" alt=\"Kde se to tu vzalo\" \/><\/a><\/p>\n<\/div>\n<\/div>\n<\/div>\n<\/div>\n<\/div>\n<\/div>\n<\/div>\n<div id=\"cmsms_row_69e378293b12e\" class=\"cmsms_row cmsms_color_scheme_default\">\n<div class=\"cmsms_row_outer_parent\">\n<div class=\"cmsms_row_outer\">\n<div class=\"cmsms_row_inner\">\n<div class=\"cmsms_row_margin\">\n<div class=\"cmsms_column one_first\">\n<div id=\"cmsms_divider_69e378293b20d\" class=\"cmsms_divider solid\"><\/div>\n<div class=\"cmsms_text\">\n<p style=\"text-align: center;\"><img loading=\"lazy\" decoding=\"async\" class=\"aligncenter wp-image-3079\" src=\"https:\/\/www.geoparkzh.cz\/cs\/wp-content\/uploads\/sites\/2\/2024\/04\/loga.png\" alt=\"\" width=\"553\" height=\"143\" srcset=\"https:\/\/www.geoparkzh.cz\/cs\/wp-content\/uploads\/sites\/2\/2024\/04\/loga.png 3475w, https:\/\/www.geoparkzh.cz\/cs\/wp-content\/uploads\/sites\/2\/2024\/04\/loga-300x78.png 300w, https:\/\/www.geoparkzh.cz\/cs\/wp-content\/uploads\/sites\/2\/2024\/04\/loga-768x199.png 768w, https:\/\/www.geoparkzh.cz\/cs\/wp-content\/uploads\/sites\/2\/2024\/04\/loga-1024x265.png 1024w, https:\/\/www.geoparkzh.cz\/cs\/wp-content\/uploads\/sites\/2\/2024\/04\/loga-580x150.png 580w, https:\/\/www.geoparkzh.cz\/cs\/wp-content\/uploads\/sites\/2\/2024\/04\/loga-820x212.png 820w, https:\/\/www.geoparkzh.cz\/cs\/wp-content\/uploads\/sites\/2\/2024\/04\/loga-1160x300.png 1160w\" sizes=\"(max-width: 553px) 100vw, 553px\" \/><\/p>\n<p style=\"text-align: center;\">Projekt je podporov\u00e1n programem Interreg Danube region, kter\u00fd je spolufinancov\u00e1n fondy Evropsk\u00e9 unie.<br \/>\n<a href=\"http:\/\/www.interreg-danube.eu\" target=\"_blank\" rel=\"noopener\">www.interreg-danube.eu\/projects\/danube-geotour-plus<\/a><\/p>\n<\/div>\n\n<div id=\"cmsms_divider_69e378293b282\" class=\"cmsms_divider solid\"><\/div>\n<\/div>\n<\/div>\n<\/div>\n<\/div>\n<\/div>\n<\/div>\n<div id=\"cmsms_row_69e378293b2d9\" class=\"cmsms_row cmsms_color_scheme_default\">\n<div class=\"cmsms_row_outer_parent\">\n<div class=\"cmsms_row_outer\">\n<div class=\"cmsms_row_inner\">\n<div class=\"cmsms_row_margin\">\n<div class=\"cmsms_column one_first\">\n<h2 id=\"cmsms_heading_69e378293b380\" class=\"cmsms_heading\">Kelti a geologie?<\/h2>\n<\/div>\n<\/div>\n<\/div>\n<\/div>\n<\/div>\n<\/div>\n<div id=\"cmsms_row_69e378293b3c8\" class=\"cmsms_row cmsms_color_scheme_default\">\n<div class=\"cmsms_row_outer_parent\">\n<div class=\"cmsms_row_outer\">\n<div class=\"cmsms_row_inner\">\n<div class=\"cmsms_row_margin\">\n<div class=\"cmsms_column one_first\">\n<div id=\"cmsms_divider_69e378293b467\" class=\"cmsms_divider solid\"><\/div>\n<\/div>\n<\/div>\n<\/div>\n<\/div>\n<\/div>\n<\/div>\n<div id=\"cmsms_row_69e378293b4b3\" class=\"cmsms_row cmsms_color_scheme_default\">\n<div class=\"cmsms_row_outer_parent\">\n<div class=\"cmsms_row_outer\">\n<div class=\"cmsms_row_inner\">\n<div class=\"cmsms_row_margin\">\n<div class=\"cmsms_column one_first\">\n<div class=\"cmsms_text nastred\">\n<h1><\/h1>\n<h4 style=\"text-align: center;\">Jak Kelti z\u00edsk\u00e1vali zlato?<br \/>\nA jak\u00e9 p\u0159edm\u011bty dok\u00e1zali z nerostn\u00e9ho bohatstv\u00ed vyrobit??<\/h4>\n<h5 style=\"text-align: center; font-size: 14px;\">Projd\u011bte si Keltskou stezku u Nasavrk a hledejte objekty, kter\u00e9 jsme pro v\u00e1s ukryli. Odhalujte historii a p\u00e1trejte po dokladech zru\u010dnosti na\u0161ich p\u0159edk\u016f.<\/h5>\n<\/div>\n<div id=\"cmsms_divider_69e378293b66c\" class=\"cmsms_divider solid\"><\/div>\n<div class=\"cmsms_text\">\n<div style=\"text-align: center;\">\n<p data-start=\"575\" data-end=\"760\"><strong>Keltov\u00e9 si oblast \u017delezn\u00fdch hor zvolili p\u0159edev\u0161\u00edm d\u00edky bohat\u00fdm p\u0159\u00edrodn\u00edm zdroj\u016fm. V t\u00e9to krajin\u011b nach\u00e1zeli suroviny nezbytn\u00e9 pro ka\u017edodenn\u00ed \u017eivot i pro rozvoj \u0159emesel \u2013 zejm\u00e9na \u017eeleznou rudu a k\u00e1men. D\u00edky nim se zde mohlo rozv\u00edjet hutnictv\u00ed, v\u00fdroba n\u00e1stroj\u016f a obchod. V\u00fdznamn\u00e9 bylo tak\u00e9 strategick\u00e9 um\u00edst\u011bn\u00ed v krajin\u011b \u2013 \u017delezn\u00e9 hory nab\u00edzely ochranu i dobr\u00e9 podm\u00ednky pro zem\u011bd\u011blstv\u00ed. Proto pr\u00e1v\u011b zde vznikla keltsk\u00e1 oppida a dodnes m\u016f\u017eeme v okol\u00ed nal\u00e9zt stopy jejich p\u016fsoben\u00ed.<\/strong><\/p>\n<p><strong>Vyrazte s n\u00e1mi na Keltskou stezku a objevte skryt\u00e9 poklady Kelt\u016f. GPS sou\u0159adnice v\u00e1s dovedou na m\u00edsto, ale skryt\u00fd objekt si u\u017e mus\u00edte vyp\u00e1trat sami. Tabulka s QR k\u00f3dem u ka\u017ed\u00e9ho objektu v\u00e1m prozrad\u00ed dal\u0161\u00ed zaj\u00edmav\u00e9 podrobnosti o keltsk\u00e9 \u010dinnosti. Dok\u00e1\u017eete je naj\u00edt v\u0161echny?<\/strong><\/p>\n<p><strong>St\u00e1hn\u011bte si GPS sou\u0159adnice:<\/strong><\/p>\n<p><strong>Brousek &#8211; 49.8512450N, 15.7989983E<\/strong><br \/>\n<strong>Zlato &#8211; 49.8547550N, 15.8004467E<\/strong><br \/>\n<strong>Ml\u00fdnek &#8211; 49.8589531N, 15.7899469E<\/strong><br \/>\n<strong>Mince &#8211; 49.8493247N, 15.7822172E<\/strong><br \/>\n<strong>Tygl\u00edk &#8211; 49.8439856N, 15.7915939E<\/strong><\/p>\n<\/div>\n<div><\/div>\n<\/div>\n\n<div id=\"cmsms_divider_69e378293b706\" class=\"cmsms_divider solid\"><\/div>\n<div class=\"custom_html\">\n<iframe loading=\"lazy\" src=\"https:\/\/www.google.com\/maps\/d\/embed?mid=1H44jh2ooTLzFFfuEpD7fhPCatq16ujs&amp;ehbc=2E312F&amp;noprof=1\" width=\"640\" height=\"480\"><\/iframe>\n<\/div>\n<\/div>\n<\/div>\n<\/div>\n<\/div>\n<\/div>\n<\/div>\n\n","protected":false},"excerpt":{"rendered":"","protected":false},"author":2,"featured_media":0,"parent":522,"menu_order":6,"comment_status":"closed","ping_status":"closed","template":"","meta":{"footnotes":""},"class_list":["post-3259","page","type-page","status-publish","hentry"],"_links":{"self":[{"href":"https:\/\/www.geoparkzh.cz\/cs\/wp-json\/wp\/v2\/pages\/3259"}],"collection":[{"href":"https:\/\/www.geoparkzh.cz\/cs\/wp-json\/wp\/v2\/pages"}],"about":[{"href":"https:\/\/www.geoparkzh.cz\/cs\/wp-json\/wp\/v2\/types\/page"}],"author":[{"embeddable":true,"href":"https:\/\/www.geoparkzh.cz\/cs\/wp-json\/wp\/v2\/users\/2"}],"replies":[{"embeddable":true,"href":"https:\/\/www.geoparkzh.cz\/cs\/wp-json\/wp\/v2\/comments?post=3259"}],"version-history":[{"count":17,"href":"https:\/\/www.geoparkzh.cz\/cs\/wp-json\/wp\/v2\/pages\/3259\/revisions"}],"predecessor-version":[{"id":3285,"href":"https:\/\/www.geoparkzh.cz\/cs\/wp-json\/wp\/v2\/pages\/3259\/revisions\/3285"}],"up":[{"embeddable":true,"href":"https:\/\/www.geoparkzh.cz\/cs\/wp-json\/wp\/v2\/pages\/522"}],"wp:attachment":[{"href":"https:\/\/www.geoparkzh.cz\/cs\/wp-json\/wp\/v2\/media?parent=3259"}],"curies":[{"name":"wp","href":"https:\/\/api.w.org\/{rel}","templated":true}]}}