{"id":2621,"date":"2020-01-10T10:11:23","date_gmt":"2020-01-10T09:11:23","guid":{"rendered":"https:\/\/www.geoparkzh.cz\/cs\/?page_id=2621"},"modified":"2021-09-01T10:58:43","modified_gmt":"2021-09-01T08:58:43","slug":"deblov","status":"publish","type":"page","link":"https:\/\/www.geoparkzh.cz\/cs\/deblov\/","title":{"rendered":"Deblov"},"content":{"rendered":"<style type=\"text\/css\"> \n#cmsms_row_69e59bb2ae791 .cmsms_row_outer_parent { \n\tpadding-top: 50px; \n} \n\n#cmsms_row_69e59bb2ae791 .cmsms_row_outer_parent { \n\tpadding-bottom: 0px; \n} \n\n \n#cmsms_row_69e59bb2ae905 .cmsms_row_outer_parent { \n\tpadding-top: 0px; \n} \n\n#cmsms_row_69e59bb2ae905 .cmsms_row_outer_parent { \n\tpadding-bottom: 0px; \n} \n\n \n#cmsms_divider_69e59bb2ae9bd { \n\tpadding-top:50px; \n\tmargin-bottom:50px; \n} \n \n#cmsms_row_69e59bb2aea25 .cmsms_row_outer_parent { \n\tpadding-top: 0px; \n} \n\n#cmsms_row_69e59bb2aea25 .cmsms_row_outer_parent { \n\tpadding-bottom: 50px; \n} \n\n \n#cmsms_row_69e59bb2aeb6d .cmsms_row_outer_parent { \n\tpadding-top: 0px; \n} \n\n#cmsms_row_69e59bb2aeb6d .cmsms_row_outer_parent { \n\tpadding-bottom: 50px; \n} \n\n<\/style><div id=\"cmsms_row_69e59bb2ae791\" class=\"cmsms_row cmsms_color_scheme_default\">\n<div class=\"cmsms_row_outer_parent\">\n<div class=\"cmsms_row_outer\">\n<div class=\"cmsms_row_inner\">\n<div class=\"cmsms_row_margin\">\n<div class=\"cmsms_column one_first\">\n<div class=\"cmsms_text\">\n<h1 style=\"text-align: center;\"><span style=\"color: #925683;\">Zkamen\u011bl\u00e9 mo\u0159sk\u00e9 dno<\/span> <span style=\"color: #000000;\">\u2013 kr\u00e1tk\u00fd v\u00fdlet do prav\u011bku<\/span><\/h1>\n<\/div>\n<\/div>\n<\/div>\n<\/div>\n<\/div>\n<\/div>\n<\/div>\n<div id=\"cmsms_row_69e59bb2ae905\" class=\"cmsms_row cmsms_color_scheme_default\">\n<div class=\"cmsms_row_outer_parent\">\n<div class=\"cmsms_row_outer\">\n<div class=\"cmsms_row_inner\">\n<div class=\"cmsms_row_margin\">\n<div class=\"cmsms_column one_first\">\n<div id=\"cmsms_divider_69e59bb2ae9bd\" class=\"cmsms_divider solid\"><\/div>\n<\/div>\n<\/div>\n<\/div>\n<\/div>\n<\/div>\n<\/div>\n<div id=\"cmsms_row_69e59bb2aea25\" class=\"cmsms_row cmsms_color_scheme_default\">\n<div class=\"cmsms_row_outer_parent\">\n<div class=\"cmsms_row_outer\">\n<div class=\"cmsms_row_inner\">\n<div class=\"cmsms_row_margin\">\n<div class=\"cmsms_column one_first\">\n<div class=\"cmsms_text\">\n<p style=\"text-align: center;\">500 000 000 let star\u00e9 mo\u0159sk\u00e9 dno provrtan\u00e9 tis\u00edci mal\u00fdch chodbi\u010dek od \u010derv\u016f. Ud\u011blejte si kr\u00e1tk\u00fd v\u00fdlet do prav\u011bku a p\u0159ije\u010fte na na\u0161i malou nau\u010dnou stezku. Sta\u010d\u00ed v Deblov\u011b zaparkovat u vys\u00edla\u010de a uj\u00edt lesn\u00ed cestou asi 50 metr\u016f.<\/p>\n<p style=\"text-align: center;\">Zkamen\u011bl\u00e9 mo\u0159sk\u00e9 dno v oblasti Na Chocholce nad Deblovem m\u016f\u017eete naj\u00edt <a href=\"https:\/\/mapy.cz\/s\/puzofezohu\" target=\"_blank\" rel=\"noopener\"><strong>ZDE<\/strong><\/a>.<\/p>\n<\/div>\n<\/div>\n<\/div>\n<\/div>\n<\/div>\n<\/div>\n<\/div>\n<div id=\"cmsms_row_69e59bb2aeb6d\" class=\"cmsms_row cmsms_color_scheme_default\">\n<div class=\"cmsms_row_outer_parent\">\n<div class=\"cmsms_row_outer\">\n<div class=\"cmsms_row_inner\">\n<div class=\"cmsms_row_margin\">\n<div class=\"cmsms_column one_first\">\n<div class=\"cmsms_gallery\">\n<ul>\n<li class=\"one_fourth\"><figure><a target=\"_blank\" href=\"https:\/\/www.geoparkzh.cz\/cs\/wp-content\/uploads\/sites\/2\/2020\/01\/DSC_1894.jpg\"><img loading=\"lazy\" decoding=\"async\" width=\"4000\" height=\"6000\" src=\"https:\/\/www.geoparkzh.cz\/cs\/wp-content\/uploads\/sites\/2\/2020\/01\/DSC_1894.jpg\" class=\"attachment-full size-full\" alt=\"\" srcset=\"https:\/\/www.geoparkzh.cz\/cs\/wp-content\/uploads\/sites\/2\/2020\/01\/DSC_1894.jpg 4000w, https:\/\/www.geoparkzh.cz\/cs\/wp-content\/uploads\/sites\/2\/2020\/01\/DSC_1894-200x300.jpg 200w, https:\/\/www.geoparkzh.cz\/cs\/wp-content\/uploads\/sites\/2\/2020\/01\/DSC_1894-768x1152.jpg 768w, https:\/\/www.geoparkzh.cz\/cs\/wp-content\/uploads\/sites\/2\/2020\/01\/DSC_1894-683x1024.jpg 683w, https:\/\/www.geoparkzh.cz\/cs\/wp-content\/uploads\/sites\/2\/2020\/01\/DSC_1894-580x870.jpg 580w, https:\/\/www.geoparkzh.cz\/cs\/wp-content\/uploads\/sites\/2\/2020\/01\/DSC_1894-820x1230.jpg 820w, https:\/\/www.geoparkzh.cz\/cs\/wp-content\/uploads\/sites\/2\/2020\/01\/DSC_1894-1160x1740.jpg 1160w\" sizes=\"(max-width: 4000px) 100vw, 4000px\" \/><\/a><\/figure><\/li><li class=\"one_fourth\"><figure><a target=\"_blank\" href=\"https:\/\/www.geoparkzh.cz\/cs\/wp-content\/uploads\/sites\/2\/2021\/09\/DSC_1620-e1630486604623.jpg\"><img loading=\"lazy\" decoding=\"async\" width=\"4000\" height=\"6016\" src=\"https:\/\/www.geoparkzh.cz\/cs\/wp-content\/uploads\/sites\/2\/2021\/09\/DSC_1620-e1630486604623.jpg\" class=\"attachment-full size-full\" alt=\"\" srcset=\"https:\/\/www.geoparkzh.cz\/cs\/wp-content\/uploads\/sites\/2\/2021\/09\/DSC_1620-e1630486604623.jpg 4000w, https:\/\/www.geoparkzh.cz\/cs\/wp-content\/uploads\/sites\/2\/2021\/09\/DSC_1620-e1630486604623-199x300.jpg 199w, https:\/\/www.geoparkzh.cz\/cs\/wp-content\/uploads\/sites\/2\/2021\/09\/DSC_1620-e1630486604623-768x1155.jpg 768w, https:\/\/www.geoparkzh.cz\/cs\/wp-content\/uploads\/sites\/2\/2021\/09\/DSC_1620-e1630486604623-681x1024.jpg 681w, https:\/\/www.geoparkzh.cz\/cs\/wp-content\/uploads\/sites\/2\/2021\/09\/DSC_1620-e1630486604623-580x872.jpg 580w, https:\/\/www.geoparkzh.cz\/cs\/wp-content\/uploads\/sites\/2\/2021\/09\/DSC_1620-e1630486604623-820x1233.jpg 820w, https:\/\/www.geoparkzh.cz\/cs\/wp-content\/uploads\/sites\/2\/2021\/09\/DSC_1620-e1630486604623-1160x1745.jpg 1160w\" sizes=\"(max-width: 4000px) 100vw, 4000px\" \/><\/a><\/figure><\/li><li class=\"one_fourth\"><figure><a target=\"_blank\" href=\"https:\/\/www.geoparkzh.cz\/cs\/wp-content\/uploads\/sites\/2\/2021\/09\/DSC_1619.jpg\"><img loading=\"lazy\" decoding=\"async\" width=\"6016\" height=\"4000\" src=\"https:\/\/www.geoparkzh.cz\/cs\/wp-content\/uploads\/sites\/2\/2021\/09\/DSC_1619.jpg\" class=\"attachment-full size-full\" alt=\"\" srcset=\"https:\/\/www.geoparkzh.cz\/cs\/wp-content\/uploads\/sites\/2\/2021\/09\/DSC_1619.jpg 6016w, https:\/\/www.geoparkzh.cz\/cs\/wp-content\/uploads\/sites\/2\/2021\/09\/DSC_1619-300x199.jpg 300w, https:\/\/www.geoparkzh.cz\/cs\/wp-content\/uploads\/sites\/2\/2021\/09\/DSC_1619-768x511.jpg 768w, https:\/\/www.geoparkzh.cz\/cs\/wp-content\/uploads\/sites\/2\/2021\/09\/DSC_1619-1024x681.jpg 1024w, https:\/\/www.geoparkzh.cz\/cs\/wp-content\/uploads\/sites\/2\/2021\/09\/DSC_1619-580x386.jpg 580w, https:\/\/www.geoparkzh.cz\/cs\/wp-content\/uploads\/sites\/2\/2021\/09\/DSC_1619-820x545.jpg 820w, https:\/\/www.geoparkzh.cz\/cs\/wp-content\/uploads\/sites\/2\/2021\/09\/DSC_1619-1160x771.jpg 1160w\" sizes=\"(max-width: 6016px) 100vw, 6016px\" \/><\/a><\/figure><\/li><li class=\"one_fourth\"><figure><a target=\"_blank\" href=\"https:\/\/www.geoparkzh.cz\/cs\/wp-content\/uploads\/sites\/2\/2021\/09\/DSC_1633.jpg\"><img loading=\"lazy\" decoding=\"async\" width=\"6016\" height=\"4000\" src=\"https:\/\/www.geoparkzh.cz\/cs\/wp-content\/uploads\/sites\/2\/2021\/09\/DSC_1633.jpg\" class=\"attachment-full size-full\" alt=\"\" srcset=\"https:\/\/www.geoparkzh.cz\/cs\/wp-content\/uploads\/sites\/2\/2021\/09\/DSC_1633.jpg 6016w, https:\/\/www.geoparkzh.cz\/cs\/wp-content\/uploads\/sites\/2\/2021\/09\/DSC_1633-300x199.jpg 300w, https:\/\/www.geoparkzh.cz\/cs\/wp-content\/uploads\/sites\/2\/2021\/09\/DSC_1633-768x511.jpg 768w, https:\/\/www.geoparkzh.cz\/cs\/wp-content\/uploads\/sites\/2\/2021\/09\/DSC_1633-1024x681.jpg 1024w, https:\/\/www.geoparkzh.cz\/cs\/wp-content\/uploads\/sites\/2\/2021\/09\/DSC_1633-580x386.jpg 580w, https:\/\/www.geoparkzh.cz\/cs\/wp-content\/uploads\/sites\/2\/2021\/09\/DSC_1633-820x545.jpg 820w, https:\/\/www.geoparkzh.cz\/cs\/wp-content\/uploads\/sites\/2\/2021\/09\/DSC_1633-1160x771.jpg 1160w\" sizes=\"(max-width: 6016px) 100vw, 6016px\" \/><\/a><\/figure><\/li><li class=\"one_fourth\"><figure><a target=\"_blank\" href=\"https:\/\/www.geoparkzh.cz\/cs\/wp-content\/uploads\/sites\/2\/2020\/01\/DSC_1909.jpg\"><img loading=\"lazy\" decoding=\"async\" width=\"4000\" height=\"6000\" src=\"https:\/\/www.geoparkzh.cz\/cs\/wp-content\/uploads\/sites\/2\/2020\/01\/DSC_1909.jpg\" class=\"attachment-full size-full\" alt=\"\" srcset=\"https:\/\/www.geoparkzh.cz\/cs\/wp-content\/uploads\/sites\/2\/2020\/01\/DSC_1909.jpg 4000w, https:\/\/www.geoparkzh.cz\/cs\/wp-content\/uploads\/sites\/2\/2020\/01\/DSC_1909-200x300.jpg 200w, https:\/\/www.geoparkzh.cz\/cs\/wp-content\/uploads\/sites\/2\/2020\/01\/DSC_1909-768x1152.jpg 768w, https:\/\/www.geoparkzh.cz\/cs\/wp-content\/uploads\/sites\/2\/2020\/01\/DSC_1909-683x1024.jpg 683w, https:\/\/www.geoparkzh.cz\/cs\/wp-content\/uploads\/sites\/2\/2020\/01\/DSC_1909-580x870.jpg 580w, https:\/\/www.geoparkzh.cz\/cs\/wp-content\/uploads\/sites\/2\/2020\/01\/DSC_1909-820x1230.jpg 820w, https:\/\/www.geoparkzh.cz\/cs\/wp-content\/uploads\/sites\/2\/2020\/01\/DSC_1909-1160x1740.jpg 1160w\" sizes=\"(max-width: 4000px) 100vw, 4000px\" \/><\/a><\/figure><\/li><li class=\"one_fourth\"><figure><a target=\"_blank\" href=\"https:\/\/www.geoparkzh.cz\/cs\/wp-content\/uploads\/sites\/2\/2021\/09\/DSC_1618.jpg\"><img loading=\"lazy\" decoding=\"async\" width=\"6016\" height=\"4000\" src=\"https:\/\/www.geoparkzh.cz\/cs\/wp-content\/uploads\/sites\/2\/2021\/09\/DSC_1618.jpg\" class=\"attachment-full size-full\" alt=\"\" srcset=\"https:\/\/www.geoparkzh.cz\/cs\/wp-content\/uploads\/sites\/2\/2021\/09\/DSC_1618.jpg 6016w, https:\/\/www.geoparkzh.cz\/cs\/wp-content\/uploads\/sites\/2\/2021\/09\/DSC_1618-300x199.jpg 300w, https:\/\/www.geoparkzh.cz\/cs\/wp-content\/uploads\/sites\/2\/2021\/09\/DSC_1618-768x511.jpg 768w, https:\/\/www.geoparkzh.cz\/cs\/wp-content\/uploads\/sites\/2\/2021\/09\/DSC_1618-1024x681.jpg 1024w, https:\/\/www.geoparkzh.cz\/cs\/wp-content\/uploads\/sites\/2\/2021\/09\/DSC_1618-580x386.jpg 580w, https:\/\/www.geoparkzh.cz\/cs\/wp-content\/uploads\/sites\/2\/2021\/09\/DSC_1618-820x545.jpg 820w, https:\/\/www.geoparkzh.cz\/cs\/wp-content\/uploads\/sites\/2\/2021\/09\/DSC_1618-1160x771.jpg 1160w\" sizes=\"(max-width: 6016px) 100vw, 6016px\" \/><\/a><\/figure><\/li><li class=\"one_fourth\"><figure><a target=\"_blank\" href=\"https:\/\/www.geoparkzh.cz\/cs\/wp-content\/uploads\/sites\/2\/2020\/01\/DSC_1870.jpg\"><img loading=\"lazy\" decoding=\"async\" width=\"4000\" height=\"6000\" src=\"https:\/\/www.geoparkzh.cz\/cs\/wp-content\/uploads\/sites\/2\/2020\/01\/DSC_1870.jpg\" class=\"attachment-full size-full\" alt=\"\" srcset=\"https:\/\/www.geoparkzh.cz\/cs\/wp-content\/uploads\/sites\/2\/2020\/01\/DSC_1870.jpg 4000w, https:\/\/www.geoparkzh.cz\/cs\/wp-content\/uploads\/sites\/2\/2020\/01\/DSC_1870-200x300.jpg 200w, https:\/\/www.geoparkzh.cz\/cs\/wp-content\/uploads\/sites\/2\/2020\/01\/DSC_1870-768x1152.jpg 768w, https:\/\/www.geoparkzh.cz\/cs\/wp-content\/uploads\/sites\/2\/2020\/01\/DSC_1870-683x1024.jpg 683w, https:\/\/www.geoparkzh.cz\/cs\/wp-content\/uploads\/sites\/2\/2020\/01\/DSC_1870-580x870.jpg 580w, https:\/\/www.geoparkzh.cz\/cs\/wp-content\/uploads\/sites\/2\/2020\/01\/DSC_1870-820x1230.jpg 820w, https:\/\/www.geoparkzh.cz\/cs\/wp-content\/uploads\/sites\/2\/2020\/01\/DSC_1870-1160x1740.jpg 1160w\" sizes=\"(max-width: 4000px) 100vw, 4000px\" \/><\/a><\/figure><\/li><li class=\"one_fourth\"><figure><a target=\"_blank\" href=\"https:\/\/www.geoparkzh.cz\/cs\/wp-content\/uploads\/sites\/2\/2021\/09\/DSC_1630.jpg\"><img loading=\"lazy\" decoding=\"async\" width=\"6016\" height=\"4000\" src=\"https:\/\/www.geoparkzh.cz\/cs\/wp-content\/uploads\/sites\/2\/2021\/09\/DSC_1630.jpg\" class=\"attachment-full size-full\" alt=\"\" srcset=\"https:\/\/www.geoparkzh.cz\/cs\/wp-content\/uploads\/sites\/2\/2021\/09\/DSC_1630.jpg 6016w, https:\/\/www.geoparkzh.cz\/cs\/wp-content\/uploads\/sites\/2\/2021\/09\/DSC_1630-300x199.jpg 300w, https:\/\/www.geoparkzh.cz\/cs\/wp-content\/uploads\/sites\/2\/2021\/09\/DSC_1630-768x511.jpg 768w, https:\/\/www.geoparkzh.cz\/cs\/wp-content\/uploads\/sites\/2\/2021\/09\/DSC_1630-1024x681.jpg 1024w, https:\/\/www.geoparkzh.cz\/cs\/wp-content\/uploads\/sites\/2\/2021\/09\/DSC_1630-580x386.jpg 580w, https:\/\/www.geoparkzh.cz\/cs\/wp-content\/uploads\/sites\/2\/2021\/09\/DSC_1630-820x545.jpg 820w, https:\/\/www.geoparkzh.cz\/cs\/wp-content\/uploads\/sites\/2\/2021\/09\/DSC_1630-1160x771.jpg 1160w\" sizes=\"(max-width: 6016px) 100vw, 6016px\" \/><\/a><\/figure><\/li><li class=\"one_fourth\"><figure><a target=\"_blank\" href=\"https:\/\/www.geoparkzh.cz\/cs\/wp-content\/uploads\/sites\/2\/2021\/09\/DSC_1639.jpg\"><img loading=\"lazy\" decoding=\"async\" width=\"6016\" height=\"4000\" src=\"https:\/\/www.geoparkzh.cz\/cs\/wp-content\/uploads\/sites\/2\/2021\/09\/DSC_1639.jpg\" class=\"attachment-full size-full\" alt=\"\" srcset=\"https:\/\/www.geoparkzh.cz\/cs\/wp-content\/uploads\/sites\/2\/2021\/09\/DSC_1639.jpg 6016w, https:\/\/www.geoparkzh.cz\/cs\/wp-content\/uploads\/sites\/2\/2021\/09\/DSC_1639-300x199.jpg 300w, https:\/\/www.geoparkzh.cz\/cs\/wp-content\/uploads\/sites\/2\/2021\/09\/DSC_1639-768x511.jpg 768w, https:\/\/www.geoparkzh.cz\/cs\/wp-content\/uploads\/sites\/2\/2021\/09\/DSC_1639-1024x681.jpg 1024w, https:\/\/www.geoparkzh.cz\/cs\/wp-content\/uploads\/sites\/2\/2021\/09\/DSC_1639-580x386.jpg 580w, https:\/\/www.geoparkzh.cz\/cs\/wp-content\/uploads\/sites\/2\/2021\/09\/DSC_1639-820x545.jpg 820w, https:\/\/www.geoparkzh.cz\/cs\/wp-content\/uploads\/sites\/2\/2021\/09\/DSC_1639-1160x771.jpg 1160w\" sizes=\"(max-width: 6016px) 100vw, 6016px\" \/><\/a><\/figure><\/li><li class=\"one_fourth\"><figure><a target=\"_blank\" href=\"https:\/\/www.geoparkzh.cz\/cs\/wp-content\/uploads\/sites\/2\/2020\/01\/DSC_1873-e1578648588195.jpg\"><img loading=\"lazy\" decoding=\"async\" width=\"4000\" height=\"6000\" src=\"https:\/\/www.geoparkzh.cz\/cs\/wp-content\/uploads\/sites\/2\/2020\/01\/DSC_1873-e1578648588195.jpg\" class=\"attachment-full size-full\" alt=\"\" srcset=\"https:\/\/www.geoparkzh.cz\/cs\/wp-content\/uploads\/sites\/2\/2020\/01\/DSC_1873-e1578648588195.jpg 4000w, https:\/\/www.geoparkzh.cz\/cs\/wp-content\/uploads\/sites\/2\/2020\/01\/DSC_1873-e1578648588195-200x300.jpg 200w, https:\/\/www.geoparkzh.cz\/cs\/wp-content\/uploads\/sites\/2\/2020\/01\/DSC_1873-e1578648588195-768x1152.jpg 768w, https:\/\/www.geoparkzh.cz\/cs\/wp-content\/uploads\/sites\/2\/2020\/01\/DSC_1873-e1578648588195-683x1024.jpg 683w, https:\/\/www.geoparkzh.cz\/cs\/wp-content\/uploads\/sites\/2\/2020\/01\/DSC_1873-e1578648588195-580x870.jpg 580w, https:\/\/www.geoparkzh.cz\/cs\/wp-content\/uploads\/sites\/2\/2020\/01\/DSC_1873-e1578648588195-820x1230.jpg 820w, https:\/\/www.geoparkzh.cz\/cs\/wp-content\/uploads\/sites\/2\/2020\/01\/DSC_1873-e1578648588195-1160x1740.jpg 1160w\" sizes=\"(max-width: 4000px) 100vw, 4000px\" \/><\/a><\/figure><\/li><li class=\"one_fourth\"><figure><a target=\"_blank\" href=\"https:\/\/www.geoparkzh.cz\/cs\/wp-content\/uploads\/sites\/2\/2020\/01\/DSC_1876.jpg\"><img loading=\"lazy\" decoding=\"async\" width=\"6000\" height=\"4000\" src=\"https:\/\/www.geoparkzh.cz\/cs\/wp-content\/uploads\/sites\/2\/2020\/01\/DSC_1876.jpg\" class=\"attachment-full size-full\" alt=\"\" srcset=\"https:\/\/www.geoparkzh.cz\/cs\/wp-content\/uploads\/sites\/2\/2020\/01\/DSC_1876.jpg 6000w, https:\/\/www.geoparkzh.cz\/cs\/wp-content\/uploads\/sites\/2\/2020\/01\/DSC_1876-300x200.jpg 300w, https:\/\/www.geoparkzh.cz\/cs\/wp-content\/uploads\/sites\/2\/2020\/01\/DSC_1876-768x512.jpg 768w, https:\/\/www.geoparkzh.cz\/cs\/wp-content\/uploads\/sites\/2\/2020\/01\/DSC_1876-1024x683.jpg 1024w, https:\/\/www.geoparkzh.cz\/cs\/wp-content\/uploads\/sites\/2\/2020\/01\/DSC_1876-580x387.jpg 580w, https:\/\/www.geoparkzh.cz\/cs\/wp-content\/uploads\/sites\/2\/2020\/01\/DSC_1876-820x547.jpg 820w, https:\/\/www.geoparkzh.cz\/cs\/wp-content\/uploads\/sites\/2\/2020\/01\/DSC_1876-1160x773.jpg 1160w\" sizes=\"(max-width: 6000px) 100vw, 6000px\" \/><\/a><\/figure><\/li><li class=\"one_fourth\"><figure><a target=\"_blank\" href=\"https:\/\/www.geoparkzh.cz\/cs\/wp-content\/uploads\/sites\/2\/2020\/01\/DSC_1878.jpg\"><img loading=\"lazy\" decoding=\"async\" width=\"6000\" height=\"4000\" src=\"https:\/\/www.geoparkzh.cz\/cs\/wp-content\/uploads\/sites\/2\/2020\/01\/DSC_1878.jpg\" class=\"attachment-full size-full\" alt=\"\" srcset=\"https:\/\/www.geoparkzh.cz\/cs\/wp-content\/uploads\/sites\/2\/2020\/01\/DSC_1878.jpg 6000w, https:\/\/www.geoparkzh.cz\/cs\/wp-content\/uploads\/sites\/2\/2020\/01\/DSC_1878-300x200.jpg 300w, https:\/\/www.geoparkzh.cz\/cs\/wp-content\/uploads\/sites\/2\/2020\/01\/DSC_1878-768x512.jpg 768w, https:\/\/www.geoparkzh.cz\/cs\/wp-content\/uploads\/sites\/2\/2020\/01\/DSC_1878-1024x683.jpg 1024w, https:\/\/www.geoparkzh.cz\/cs\/wp-content\/uploads\/sites\/2\/2020\/01\/DSC_1878-580x387.jpg 580w, https:\/\/www.geoparkzh.cz\/cs\/wp-content\/uploads\/sites\/2\/2020\/01\/DSC_1878-820x547.jpg 820w, https:\/\/www.geoparkzh.cz\/cs\/wp-content\/uploads\/sites\/2\/2020\/01\/DSC_1878-1160x773.jpg 1160w\" sizes=\"(max-width: 6000px) 100vw, 6000px\" \/><\/a><\/figure><\/li><li class=\"one_fourth\"><figure><a target=\"_blank\" href=\"https:\/\/www.geoparkzh.cz\/cs\/wp-content\/uploads\/sites\/2\/2020\/01\/DSC_1887.jpg\"><img loading=\"lazy\" decoding=\"async\" width=\"6000\" height=\"4000\" src=\"https:\/\/www.geoparkzh.cz\/cs\/wp-content\/uploads\/sites\/2\/2020\/01\/DSC_1887.jpg\" class=\"attachment-full size-full\" alt=\"\" srcset=\"https:\/\/www.geoparkzh.cz\/cs\/wp-content\/uploads\/sites\/2\/2020\/01\/DSC_1887.jpg 6000w, https:\/\/www.geoparkzh.cz\/cs\/wp-content\/uploads\/sites\/2\/2020\/01\/DSC_1887-300x200.jpg 300w, https:\/\/www.geoparkzh.cz\/cs\/wp-content\/uploads\/sites\/2\/2020\/01\/DSC_1887-768x512.jpg 768w, https:\/\/www.geoparkzh.cz\/cs\/wp-content\/uploads\/sites\/2\/2020\/01\/DSC_1887-1024x683.jpg 1024w, https:\/\/www.geoparkzh.cz\/cs\/wp-content\/uploads\/sites\/2\/2020\/01\/DSC_1887-580x387.jpg 580w, https:\/\/www.geoparkzh.cz\/cs\/wp-content\/uploads\/sites\/2\/2020\/01\/DSC_1887-820x547.jpg 820w, https:\/\/www.geoparkzh.cz\/cs\/wp-content\/uploads\/sites\/2\/2020\/01\/DSC_1887-1160x773.jpg 1160w\" sizes=\"(max-width: 6000px) 100vw, 6000px\" \/><\/a><\/figure><\/li><li class=\"one_fourth\"><figure><a target=\"_blank\" href=\"https:\/\/www.geoparkzh.cz\/cs\/wp-content\/uploads\/sites\/2\/2020\/01\/DSC_1880-kopie.jpg\"><img loading=\"lazy\" decoding=\"async\" width=\"2580\" height=\"3065\" src=\"https:\/\/www.geoparkzh.cz\/cs\/wp-content\/uploads\/sites\/2\/2020\/01\/DSC_1880-kopie.jpg\" class=\"attachment-full size-full\" alt=\"\" srcset=\"https:\/\/www.geoparkzh.cz\/cs\/wp-content\/uploads\/sites\/2\/2020\/01\/DSC_1880-kopie.jpg 2580w, https:\/\/www.geoparkzh.cz\/cs\/wp-content\/uploads\/sites\/2\/2020\/01\/DSC_1880-kopie-253x300.jpg 253w, https:\/\/www.geoparkzh.cz\/cs\/wp-content\/uploads\/sites\/2\/2020\/01\/DSC_1880-kopie-768x912.jpg 768w, https:\/\/www.geoparkzh.cz\/cs\/wp-content\/uploads\/sites\/2\/2020\/01\/DSC_1880-kopie-862x1024.jpg 862w, https:\/\/www.geoparkzh.cz\/cs\/wp-content\/uploads\/sites\/2\/2020\/01\/DSC_1880-kopie-580x689.jpg 580w, https:\/\/www.geoparkzh.cz\/cs\/wp-content\/uploads\/sites\/2\/2020\/01\/DSC_1880-kopie-820x974.jpg 820w, https:\/\/www.geoparkzh.cz\/cs\/wp-content\/uploads\/sites\/2\/2020\/01\/DSC_1880-kopie-1160x1378.jpg 1160w\" sizes=\"(max-width: 2580px) 100vw, 2580px\" \/><\/a><\/figure><\/li><li class=\"one_fourth\"><figure><a target=\"_blank\" href=\"https:\/\/www.geoparkzh.cz\/cs\/wp-content\/uploads\/sites\/2\/2020\/01\/DSC_1892.jpg\"><img loading=\"lazy\" decoding=\"async\" width=\"6000\" height=\"4000\" src=\"https:\/\/www.geoparkzh.cz\/cs\/wp-content\/uploads\/sites\/2\/2020\/01\/DSC_1892.jpg\" class=\"attachment-full size-full\" alt=\"\" srcset=\"https:\/\/www.geoparkzh.cz\/cs\/wp-content\/uploads\/sites\/2\/2020\/01\/DSC_1892.jpg 6000w, https:\/\/www.geoparkzh.cz\/cs\/wp-content\/uploads\/sites\/2\/2020\/01\/DSC_1892-300x200.jpg 300w, https:\/\/www.geoparkzh.cz\/cs\/wp-content\/uploads\/sites\/2\/2020\/01\/DSC_1892-768x512.jpg 768w, https:\/\/www.geoparkzh.cz\/cs\/wp-content\/uploads\/sites\/2\/2020\/01\/DSC_1892-1024x683.jpg 1024w, https:\/\/www.geoparkzh.cz\/cs\/wp-content\/uploads\/sites\/2\/2020\/01\/DSC_1892-580x387.jpg 580w, https:\/\/www.geoparkzh.cz\/cs\/wp-content\/uploads\/sites\/2\/2020\/01\/DSC_1892-820x547.jpg 820w, https:\/\/www.geoparkzh.cz\/cs\/wp-content\/uploads\/sites\/2\/2020\/01\/DSC_1892-1160x773.jpg 1160w\" sizes=\"(max-width: 6000px) 100vw, 6000px\" \/><\/a><\/figure><\/li><li class=\"one_fourth\"><figure><a target=\"_blank\" href=\"https:\/\/www.geoparkzh.cz\/cs\/wp-content\/uploads\/sites\/2\/2020\/01\/DSC_1897.jpg\"><img loading=\"lazy\" decoding=\"async\" width=\"4000\" height=\"6000\" src=\"https:\/\/www.geoparkzh.cz\/cs\/wp-content\/uploads\/sites\/2\/2020\/01\/DSC_1897.jpg\" class=\"attachment-full size-full\" alt=\"\" srcset=\"https:\/\/www.geoparkzh.cz\/cs\/wp-content\/uploads\/sites\/2\/2020\/01\/DSC_1897.jpg 4000w, https:\/\/www.geoparkzh.cz\/cs\/wp-content\/uploads\/sites\/2\/2020\/01\/DSC_1897-200x300.jpg 200w, https:\/\/www.geoparkzh.cz\/cs\/wp-content\/uploads\/sites\/2\/2020\/01\/DSC_1897-768x1152.jpg 768w, https:\/\/www.geoparkzh.cz\/cs\/wp-content\/uploads\/sites\/2\/2020\/01\/DSC_1897-683x1024.jpg 683w, https:\/\/www.geoparkzh.cz\/cs\/wp-content\/uploads\/sites\/2\/2020\/01\/DSC_1897-580x870.jpg 580w, https:\/\/www.geoparkzh.cz\/cs\/wp-content\/uploads\/sites\/2\/2020\/01\/DSC_1897-820x1230.jpg 820w, https:\/\/www.geoparkzh.cz\/cs\/wp-content\/uploads\/sites\/2\/2020\/01\/DSC_1897-1160x1740.jpg 1160w\" sizes=\"(max-width: 4000px) 100vw, 4000px\" \/><\/a><\/figure><\/li><li class=\"one_fourth\"><figure><a target=\"_blank\" href=\"https:\/\/www.geoparkzh.cz\/cs\/wp-content\/uploads\/sites\/2\/2021\/09\/DSC_1614-e1630486583387.jpg\"><img loading=\"lazy\" decoding=\"async\" width=\"4000\" height=\"6016\" src=\"https:\/\/www.geoparkzh.cz\/cs\/wp-content\/uploads\/sites\/2\/2021\/09\/DSC_1614-e1630486583387.jpg\" class=\"attachment-full size-full\" alt=\"\" srcset=\"https:\/\/www.geoparkzh.cz\/cs\/wp-content\/uploads\/sites\/2\/2021\/09\/DSC_1614-e1630486583387.jpg 4000w, https:\/\/www.geoparkzh.cz\/cs\/wp-content\/uploads\/sites\/2\/2021\/09\/DSC_1614-e1630486583387-199x300.jpg 199w, https:\/\/www.geoparkzh.cz\/cs\/wp-content\/uploads\/sites\/2\/2021\/09\/DSC_1614-e1630486583387-768x1155.jpg 768w, https:\/\/www.geoparkzh.cz\/cs\/wp-content\/uploads\/sites\/2\/2021\/09\/DSC_1614-e1630486583387-681x1024.jpg 681w, https:\/\/www.geoparkzh.cz\/cs\/wp-content\/uploads\/sites\/2\/2021\/09\/DSC_1614-e1630486583387-580x872.jpg 580w, https:\/\/www.geoparkzh.cz\/cs\/wp-content\/uploads\/sites\/2\/2021\/09\/DSC_1614-e1630486583387-820x1233.jpg 820w, https:\/\/www.geoparkzh.cz\/cs\/wp-content\/uploads\/sites\/2\/2021\/09\/DSC_1614-e1630486583387-1160x1745.jpg 1160w\" sizes=\"(max-width: 4000px) 100vw, 4000px\" \/><\/a><\/figure><\/li><\/ul>\n<\/div>\n<\/div>\n<\/div>\n<\/div>\n<\/div>\n<\/div>\n<\/div>\n\n","protected":false},"excerpt":{"rendered":"","protected":false},"author":2,"featured_media":0,"parent":0,"menu_order":0,"comment_status":"closed","ping_status":"closed","template":"","meta":{"footnotes":""},"class_list":["post-2621","page","type-page","status-publish","hentry"],"_links":{"self":[{"href":"https:\/\/www.geoparkzh.cz\/cs\/wp-json\/wp\/v2\/pages\/2621"}],"collection":[{"href":"https:\/\/www.geoparkzh.cz\/cs\/wp-json\/wp\/v2\/pages"}],"about":[{"href":"https:\/\/www.geoparkzh.cz\/cs\/wp-json\/wp\/v2\/types\/page"}],"author":[{"embeddable":true,"href":"https:\/\/www.geoparkzh.cz\/cs\/wp-json\/wp\/v2\/users\/2"}],"replies":[{"embeddable":true,"href":"https:\/\/www.geoparkzh.cz\/cs\/wp-json\/wp\/v2\/comments?post=2621"}],"version-history":[{"count":9,"href":"https:\/\/www.geoparkzh.cz\/cs\/wp-json\/wp\/v2\/pages\/2621\/revisions"}],"predecessor-version":[{"id":2840,"href":"https:\/\/www.geoparkzh.cz\/cs\/wp-json\/wp\/v2\/pages\/2621\/revisions\/2840"}],"wp:attachment":[{"href":"https:\/\/www.geoparkzh.cz\/cs\/wp-json\/wp\/v2\/media?parent=2621"}],"curies":[{"name":"wp","href":"https:\/\/api.w.org\/{rel}","templated":true}]}}