{"id":2619,"date":"2020-01-10T10:10:14","date_gmt":"2020-01-10T09:10:14","guid":{"rendered":"https:\/\/www.geoparkzh.cz\/cs\/?page_id=2619"},"modified":"2020-06-08T13:24:49","modified_gmt":"2020-06-08T11:24:49","slug":"stolany","status":"publish","type":"page","link":"https:\/\/www.geoparkzh.cz\/cs\/stolany\/","title":{"rendered":"Stolany"},"content":{"rendered":"<style type=\"text\/css\"> \n#cmsms_row_69e4a27ee4c43 .cmsms_row_outer_parent { \n\tpadding-top: 50px; \n} \n\n#cmsms_row_69e4a27ee4c43 .cmsms_row_outer_parent { \n\tpadding-bottom: 0px; \n} \n\n \n#cmsms_row_69e4a27ee4da2 .cmsms_row_outer_parent { \n\tpadding-top: 0px; \n} \n\n#cmsms_row_69e4a27ee4da2 .cmsms_row_outer_parent { \n\tpadding-bottom: 0px; \n} \n\n \n#cmsms_divider_69e4a27ee4e5a { \n\tpadding-top:50px; \n\tmargin-bottom:50px; \n} \n \n#cmsms_row_69e4a27ee4ec0 .cmsms_row_outer_parent { \n\tpadding-top: 0px; \n} \n\n#cmsms_row_69e4a27ee4ec0 .cmsms_row_outer_parent { \n\tpadding-bottom: 50px; \n} \n\n \n#cmsms_row_69e4a27ee4ff8 .cmsms_row_outer_parent { \n\tpadding-top: 0px; \n} \n\n#cmsms_row_69e4a27ee4ff8 .cmsms_row_outer_parent { \n\tpadding-bottom: 50px; \n} \n\n<\/style><div id=\"cmsms_row_69e4a27ee4c43\" class=\"cmsms_row cmsms_color_scheme_default\">\n<div class=\"cmsms_row_outer_parent\">\n<div class=\"cmsms_row_outer\">\n<div class=\"cmsms_row_inner\">\n<div class=\"cmsms_row_margin\">\n<div class=\"cmsms_column one_first\">\n<div class=\"cmsms_text\">\n<h1 style=\"text-align: center;\"><span style=\"color: #925683;\">Lom ve Stolanech<\/span> <span style=\"color: #000000;\">pln\u00fd zkamen\u011blin!<\/span><\/h1>\n<\/div>\n<\/div>\n<\/div>\n<\/div>\n<\/div>\n<\/div>\n<\/div>\n<div id=\"cmsms_row_69e4a27ee4da2\" class=\"cmsms_row cmsms_color_scheme_default\">\n<div class=\"cmsms_row_outer_parent\">\n<div class=\"cmsms_row_outer\">\n<div class=\"cmsms_row_inner\">\n<div class=\"cmsms_row_margin\">\n<div class=\"cmsms_column one_first\">\n<div id=\"cmsms_divider_69e4a27ee4e5a\" class=\"cmsms_divider solid\"><\/div>\n<\/div>\n<\/div>\n<\/div>\n<\/div>\n<\/div>\n<\/div>\n<div id=\"cmsms_row_69e4a27ee4ec0\" class=\"cmsms_row cmsms_color_scheme_default\">\n<div class=\"cmsms_row_outer_parent\">\n<div class=\"cmsms_row_outer\">\n<div class=\"cmsms_row_inner\">\n<div class=\"cmsms_row_margin\">\n<div class=\"cmsms_column one_first\">\n<div class=\"cmsms_text\">\n<p style=\"text-align: center;\">Vyhrabte si kostru dinosaura. Zkuste, jak ostr\u00e9 zuby m\u011bl prav\u011bk\u00fd \u017eralok. Najd\u011bte ve sk\u00e1le schovan\u00e9 zkamen\u011bliny. Vezm\u011bte d\u011bti a vyrazte do b\u00fdval\u00e9ho lomu u Stolan u Chrudimi. Nudit se rozhodn\u011b nebudete!<\/p>\n<p style=\"text-align: center;\">Lom pln\u00fd zkamen\u011blin m\u016f\u017eete naj\u00edt <a href=\"https:\/\/mapy.cz\/s\/goserujoku\" target=\"_blank\" rel=\"noopener\"><strong>ZDE<\/strong><\/a>.<\/p>\n<\/div>\n<\/div>\n<\/div>\n<\/div>\n<\/div>\n<\/div>\n<\/div>\n<div id=\"cmsms_row_69e4a27ee4ff8\" class=\"cmsms_row cmsms_color_scheme_default\">\n<div class=\"cmsms_row_outer_parent\">\n<div class=\"cmsms_row_outer\">\n<div class=\"cmsms_row_inner\">\n<div class=\"cmsms_row_margin\">\n<div class=\"cmsms_column one_first\">\n<div class=\"cmsms_gallery\">\n<ul>\n<li class=\"one_fourth\"><figure><a target=\"_blank\" href=\"https:\/\/www.geoparkzh.cz\/cs\/wp-content\/uploads\/sites\/2\/2020\/01\/DSC_1821.jpg\"><img loading=\"lazy\" decoding=\"async\" width=\"6000\" height=\"4000\" src=\"https:\/\/www.geoparkzh.cz\/cs\/wp-content\/uploads\/sites\/2\/2020\/01\/DSC_1821.jpg\" class=\"attachment-full size-full\" alt=\"\" srcset=\"https:\/\/www.geoparkzh.cz\/cs\/wp-content\/uploads\/sites\/2\/2020\/01\/DSC_1821.jpg 6000w, https:\/\/www.geoparkzh.cz\/cs\/wp-content\/uploads\/sites\/2\/2020\/01\/DSC_1821-300x200.jpg 300w, https:\/\/www.geoparkzh.cz\/cs\/wp-content\/uploads\/sites\/2\/2020\/01\/DSC_1821-768x512.jpg 768w, https:\/\/www.geoparkzh.cz\/cs\/wp-content\/uploads\/sites\/2\/2020\/01\/DSC_1821-1024x683.jpg 1024w, https:\/\/www.geoparkzh.cz\/cs\/wp-content\/uploads\/sites\/2\/2020\/01\/DSC_1821-580x387.jpg 580w, https:\/\/www.geoparkzh.cz\/cs\/wp-content\/uploads\/sites\/2\/2020\/01\/DSC_1821-820x547.jpg 820w, https:\/\/www.geoparkzh.cz\/cs\/wp-content\/uploads\/sites\/2\/2020\/01\/DSC_1821-1160x773.jpg 1160w\" sizes=\"(max-width: 6000px) 100vw, 6000px\" \/><\/a><\/figure><\/li><li class=\"one_fourth\"><figure><a target=\"_blank\" href=\"https:\/\/www.geoparkzh.cz\/cs\/wp-content\/uploads\/sites\/2\/2020\/01\/DSC_1329.jpg\"><img loading=\"lazy\" decoding=\"async\" width=\"4000\" height=\"6016\" src=\"https:\/\/www.geoparkzh.cz\/cs\/wp-content\/uploads\/sites\/2\/2020\/01\/DSC_1329.jpg\" class=\"attachment-full size-full\" alt=\"\" srcset=\"https:\/\/www.geoparkzh.cz\/cs\/wp-content\/uploads\/sites\/2\/2020\/01\/DSC_1329.jpg 4000w, https:\/\/www.geoparkzh.cz\/cs\/wp-content\/uploads\/sites\/2\/2020\/01\/DSC_1329-199x300.jpg 199w, https:\/\/www.geoparkzh.cz\/cs\/wp-content\/uploads\/sites\/2\/2020\/01\/DSC_1329-768x1155.jpg 768w, https:\/\/www.geoparkzh.cz\/cs\/wp-content\/uploads\/sites\/2\/2020\/01\/DSC_1329-681x1024.jpg 681w, https:\/\/www.geoparkzh.cz\/cs\/wp-content\/uploads\/sites\/2\/2020\/01\/DSC_1329-580x872.jpg 580w, https:\/\/www.geoparkzh.cz\/cs\/wp-content\/uploads\/sites\/2\/2020\/01\/DSC_1329-820x1233.jpg 820w, https:\/\/www.geoparkzh.cz\/cs\/wp-content\/uploads\/sites\/2\/2020\/01\/DSC_1329-1160x1745.jpg 1160w\" sizes=\"(max-width: 4000px) 100vw, 4000px\" \/><\/a><\/figure><\/li><li class=\"one_fourth\"><figure><a target=\"_blank\" href=\"https:\/\/www.geoparkzh.cz\/cs\/wp-content\/uploads\/sites\/2\/2020\/01\/DSC_1332.jpg\"><img loading=\"lazy\" decoding=\"async\" width=\"4000\" height=\"6016\" src=\"https:\/\/www.geoparkzh.cz\/cs\/wp-content\/uploads\/sites\/2\/2020\/01\/DSC_1332.jpg\" class=\"attachment-full size-full\" alt=\"\" srcset=\"https:\/\/www.geoparkzh.cz\/cs\/wp-content\/uploads\/sites\/2\/2020\/01\/DSC_1332.jpg 4000w, https:\/\/www.geoparkzh.cz\/cs\/wp-content\/uploads\/sites\/2\/2020\/01\/DSC_1332-199x300.jpg 199w, https:\/\/www.geoparkzh.cz\/cs\/wp-content\/uploads\/sites\/2\/2020\/01\/DSC_1332-768x1155.jpg 768w, https:\/\/www.geoparkzh.cz\/cs\/wp-content\/uploads\/sites\/2\/2020\/01\/DSC_1332-681x1024.jpg 681w, https:\/\/www.geoparkzh.cz\/cs\/wp-content\/uploads\/sites\/2\/2020\/01\/DSC_1332-580x872.jpg 580w, https:\/\/www.geoparkzh.cz\/cs\/wp-content\/uploads\/sites\/2\/2020\/01\/DSC_1332-820x1233.jpg 820w, https:\/\/www.geoparkzh.cz\/cs\/wp-content\/uploads\/sites\/2\/2020\/01\/DSC_1332-1160x1745.jpg 1160w\" sizes=\"(max-width: 4000px) 100vw, 4000px\" \/><\/a><\/figure><\/li><li class=\"one_fourth\"><figure><a target=\"_blank\" href=\"https:\/\/www.geoparkzh.cz\/cs\/wp-content\/uploads\/sites\/2\/2020\/01\/DSC_1846.jpg\"><img loading=\"lazy\" decoding=\"async\" width=\"5713\" height=\"3567\" src=\"https:\/\/www.geoparkzh.cz\/cs\/wp-content\/uploads\/sites\/2\/2020\/01\/DSC_1846.jpg\" class=\"attachment-full size-full\" alt=\"\" srcset=\"https:\/\/www.geoparkzh.cz\/cs\/wp-content\/uploads\/sites\/2\/2020\/01\/DSC_1846.jpg 5713w, https:\/\/www.geoparkzh.cz\/cs\/wp-content\/uploads\/sites\/2\/2020\/01\/DSC_1846-300x187.jpg 300w, https:\/\/www.geoparkzh.cz\/cs\/wp-content\/uploads\/sites\/2\/2020\/01\/DSC_1846-768x480.jpg 768w, https:\/\/www.geoparkzh.cz\/cs\/wp-content\/uploads\/sites\/2\/2020\/01\/DSC_1846-1024x639.jpg 1024w, https:\/\/www.geoparkzh.cz\/cs\/wp-content\/uploads\/sites\/2\/2020\/01\/DSC_1846-580x362.jpg 580w, https:\/\/www.geoparkzh.cz\/cs\/wp-content\/uploads\/sites\/2\/2020\/01\/DSC_1846-820x512.jpg 820w, https:\/\/www.geoparkzh.cz\/cs\/wp-content\/uploads\/sites\/2\/2020\/01\/DSC_1846-1160x724.jpg 1160w\" sizes=\"(max-width: 5713px) 100vw, 5713px\" \/><\/a><\/figure><\/li><li class=\"one_fourth\"><figure><a target=\"_blank\" href=\"https:\/\/www.geoparkzh.cz\/cs\/wp-content\/uploads\/sites\/2\/2020\/01\/DSC_1827.jpg\"><img loading=\"lazy\" decoding=\"async\" width=\"6000\" height=\"4000\" src=\"https:\/\/www.geoparkzh.cz\/cs\/wp-content\/uploads\/sites\/2\/2020\/01\/DSC_1827.jpg\" class=\"attachment-full size-full\" alt=\"\" srcset=\"https:\/\/www.geoparkzh.cz\/cs\/wp-content\/uploads\/sites\/2\/2020\/01\/DSC_1827.jpg 6000w, https:\/\/www.geoparkzh.cz\/cs\/wp-content\/uploads\/sites\/2\/2020\/01\/DSC_1827-300x200.jpg 300w, https:\/\/www.geoparkzh.cz\/cs\/wp-content\/uploads\/sites\/2\/2020\/01\/DSC_1827-768x512.jpg 768w, https:\/\/www.geoparkzh.cz\/cs\/wp-content\/uploads\/sites\/2\/2020\/01\/DSC_1827-1024x683.jpg 1024w, https:\/\/www.geoparkzh.cz\/cs\/wp-content\/uploads\/sites\/2\/2020\/01\/DSC_1827-580x387.jpg 580w, https:\/\/www.geoparkzh.cz\/cs\/wp-content\/uploads\/sites\/2\/2020\/01\/DSC_1827-820x547.jpg 820w, https:\/\/www.geoparkzh.cz\/cs\/wp-content\/uploads\/sites\/2\/2020\/01\/DSC_1827-1160x773.jpg 1160w\" sizes=\"(max-width: 6000px) 100vw, 6000px\" \/><\/a><\/figure><\/li><li class=\"one_fourth\"><figure><a target=\"_blank\" href=\"https:\/\/www.geoparkzh.cz\/cs\/wp-content\/uploads\/sites\/2\/2020\/01\/DSC_1314.jpg\"><img loading=\"lazy\" decoding=\"async\" width=\"6016\" height=\"4000\" src=\"https:\/\/www.geoparkzh.cz\/cs\/wp-content\/uploads\/sites\/2\/2020\/01\/DSC_1314.jpg\" class=\"attachment-full size-full\" alt=\"\" srcset=\"https:\/\/www.geoparkzh.cz\/cs\/wp-content\/uploads\/sites\/2\/2020\/01\/DSC_1314.jpg 6016w, https:\/\/www.geoparkzh.cz\/cs\/wp-content\/uploads\/sites\/2\/2020\/01\/DSC_1314-300x199.jpg 300w, https:\/\/www.geoparkzh.cz\/cs\/wp-content\/uploads\/sites\/2\/2020\/01\/DSC_1314-768x511.jpg 768w, https:\/\/www.geoparkzh.cz\/cs\/wp-content\/uploads\/sites\/2\/2020\/01\/DSC_1314-1024x681.jpg 1024w, https:\/\/www.geoparkzh.cz\/cs\/wp-content\/uploads\/sites\/2\/2020\/01\/DSC_1314-580x386.jpg 580w, https:\/\/www.geoparkzh.cz\/cs\/wp-content\/uploads\/sites\/2\/2020\/01\/DSC_1314-820x545.jpg 820w, https:\/\/www.geoparkzh.cz\/cs\/wp-content\/uploads\/sites\/2\/2020\/01\/DSC_1314-1160x771.jpg 1160w\" sizes=\"(max-width: 6016px) 100vw, 6016px\" \/><\/a><\/figure><\/li><li class=\"one_fourth\"><figure><a target=\"_blank\" href=\"https:\/\/www.geoparkzh.cz\/cs\/wp-content\/uploads\/sites\/2\/2020\/01\/DSC_1330.jpg\"><img loading=\"lazy\" decoding=\"async\" width=\"6016\" height=\"4000\" src=\"https:\/\/www.geoparkzh.cz\/cs\/wp-content\/uploads\/sites\/2\/2020\/01\/DSC_1330.jpg\" class=\"attachment-full size-full\" alt=\"\" srcset=\"https:\/\/www.geoparkzh.cz\/cs\/wp-content\/uploads\/sites\/2\/2020\/01\/DSC_1330.jpg 6016w, https:\/\/www.geoparkzh.cz\/cs\/wp-content\/uploads\/sites\/2\/2020\/01\/DSC_1330-300x199.jpg 300w, https:\/\/www.geoparkzh.cz\/cs\/wp-content\/uploads\/sites\/2\/2020\/01\/DSC_1330-768x511.jpg 768w, https:\/\/www.geoparkzh.cz\/cs\/wp-content\/uploads\/sites\/2\/2020\/01\/DSC_1330-1024x681.jpg 1024w, https:\/\/www.geoparkzh.cz\/cs\/wp-content\/uploads\/sites\/2\/2020\/01\/DSC_1330-580x386.jpg 580w, https:\/\/www.geoparkzh.cz\/cs\/wp-content\/uploads\/sites\/2\/2020\/01\/DSC_1330-820x545.jpg 820w, https:\/\/www.geoparkzh.cz\/cs\/wp-content\/uploads\/sites\/2\/2020\/01\/DSC_1330-1160x771.jpg 1160w\" sizes=\"(max-width: 6016px) 100vw, 6016px\" \/><\/a><\/figure><\/li><li class=\"one_fourth\"><figure><a target=\"_blank\" href=\"https:\/\/www.geoparkzh.cz\/cs\/wp-content\/uploads\/sites\/2\/2020\/01\/DSC_1321.jpg\"><img loading=\"lazy\" decoding=\"async\" width=\"6016\" height=\"4000\" src=\"https:\/\/www.geoparkzh.cz\/cs\/wp-content\/uploads\/sites\/2\/2020\/01\/DSC_1321.jpg\" class=\"attachment-full size-full\" alt=\"\" srcset=\"https:\/\/www.geoparkzh.cz\/cs\/wp-content\/uploads\/sites\/2\/2020\/01\/DSC_1321.jpg 6016w, https:\/\/www.geoparkzh.cz\/cs\/wp-content\/uploads\/sites\/2\/2020\/01\/DSC_1321-300x199.jpg 300w, https:\/\/www.geoparkzh.cz\/cs\/wp-content\/uploads\/sites\/2\/2020\/01\/DSC_1321-768x511.jpg 768w, https:\/\/www.geoparkzh.cz\/cs\/wp-content\/uploads\/sites\/2\/2020\/01\/DSC_1321-1024x681.jpg 1024w, https:\/\/www.geoparkzh.cz\/cs\/wp-content\/uploads\/sites\/2\/2020\/01\/DSC_1321-580x386.jpg 580w, https:\/\/www.geoparkzh.cz\/cs\/wp-content\/uploads\/sites\/2\/2020\/01\/DSC_1321-820x545.jpg 820w, https:\/\/www.geoparkzh.cz\/cs\/wp-content\/uploads\/sites\/2\/2020\/01\/DSC_1321-1160x771.jpg 1160w\" sizes=\"(max-width: 6016px) 100vw, 6016px\" \/><\/a><\/figure><\/li><li class=\"one_fourth\"><figure><a target=\"_blank\" href=\"https:\/\/www.geoparkzh.cz\/cs\/wp-content\/uploads\/sites\/2\/2020\/01\/DSC_1326.jpg\"><img loading=\"lazy\" decoding=\"async\" width=\"6016\" height=\"4000\" src=\"https:\/\/www.geoparkzh.cz\/cs\/wp-content\/uploads\/sites\/2\/2020\/01\/DSC_1326.jpg\" class=\"attachment-full size-full\" alt=\"\" srcset=\"https:\/\/www.geoparkzh.cz\/cs\/wp-content\/uploads\/sites\/2\/2020\/01\/DSC_1326.jpg 6016w, https:\/\/www.geoparkzh.cz\/cs\/wp-content\/uploads\/sites\/2\/2020\/01\/DSC_1326-300x199.jpg 300w, https:\/\/www.geoparkzh.cz\/cs\/wp-content\/uploads\/sites\/2\/2020\/01\/DSC_1326-768x511.jpg 768w, https:\/\/www.geoparkzh.cz\/cs\/wp-content\/uploads\/sites\/2\/2020\/01\/DSC_1326-1024x681.jpg 1024w, https:\/\/www.geoparkzh.cz\/cs\/wp-content\/uploads\/sites\/2\/2020\/01\/DSC_1326-580x386.jpg 580w, https:\/\/www.geoparkzh.cz\/cs\/wp-content\/uploads\/sites\/2\/2020\/01\/DSC_1326-820x545.jpg 820w, https:\/\/www.geoparkzh.cz\/cs\/wp-content\/uploads\/sites\/2\/2020\/01\/DSC_1326-1160x771.jpg 1160w\" sizes=\"(max-width: 6016px) 100vw, 6016px\" \/><\/a><\/figure><\/li><li class=\"one_fourth\"><figure><a target=\"_blank\" href=\"https:\/\/www.geoparkzh.cz\/cs\/wp-content\/uploads\/sites\/2\/2020\/01\/DSC_1328.jpg\"><img loading=\"lazy\" decoding=\"async\" width=\"6016\" height=\"4000\" src=\"https:\/\/www.geoparkzh.cz\/cs\/wp-content\/uploads\/sites\/2\/2020\/01\/DSC_1328.jpg\" class=\"attachment-full size-full\" alt=\"\" srcset=\"https:\/\/www.geoparkzh.cz\/cs\/wp-content\/uploads\/sites\/2\/2020\/01\/DSC_1328.jpg 6016w, https:\/\/www.geoparkzh.cz\/cs\/wp-content\/uploads\/sites\/2\/2020\/01\/DSC_1328-300x199.jpg 300w, https:\/\/www.geoparkzh.cz\/cs\/wp-content\/uploads\/sites\/2\/2020\/01\/DSC_1328-768x511.jpg 768w, https:\/\/www.geoparkzh.cz\/cs\/wp-content\/uploads\/sites\/2\/2020\/01\/DSC_1328-1024x681.jpg 1024w, https:\/\/www.geoparkzh.cz\/cs\/wp-content\/uploads\/sites\/2\/2020\/01\/DSC_1328-580x386.jpg 580w, https:\/\/www.geoparkzh.cz\/cs\/wp-content\/uploads\/sites\/2\/2020\/01\/DSC_1328-820x545.jpg 820w, https:\/\/www.geoparkzh.cz\/cs\/wp-content\/uploads\/sites\/2\/2020\/01\/DSC_1328-1160x771.jpg 1160w\" sizes=\"(max-width: 6016px) 100vw, 6016px\" \/><\/a><\/figure><\/li><li class=\"one_fourth\"><figure><a target=\"_blank\" href=\"https:\/\/www.geoparkzh.cz\/cs\/wp-content\/uploads\/sites\/2\/2020\/01\/DSC_1849.jpg\"><img loading=\"lazy\" decoding=\"async\" width=\"3359\" height=\"5093\" src=\"https:\/\/www.geoparkzh.cz\/cs\/wp-content\/uploads\/sites\/2\/2020\/01\/DSC_1849.jpg\" class=\"attachment-full size-full\" alt=\"\" srcset=\"https:\/\/www.geoparkzh.cz\/cs\/wp-content\/uploads\/sites\/2\/2020\/01\/DSC_1849.jpg 3359w, https:\/\/www.geoparkzh.cz\/cs\/wp-content\/uploads\/sites\/2\/2020\/01\/DSC_1849-198x300.jpg 198w, https:\/\/www.geoparkzh.cz\/cs\/wp-content\/uploads\/sites\/2\/2020\/01\/DSC_1849-768x1164.jpg 768w, https:\/\/www.geoparkzh.cz\/cs\/wp-content\/uploads\/sites\/2\/2020\/01\/DSC_1849-675x1024.jpg 675w, https:\/\/www.geoparkzh.cz\/cs\/wp-content\/uploads\/sites\/2\/2020\/01\/DSC_1849-580x879.jpg 580w, https:\/\/www.geoparkzh.cz\/cs\/wp-content\/uploads\/sites\/2\/2020\/01\/DSC_1849-820x1243.jpg 820w, https:\/\/www.geoparkzh.cz\/cs\/wp-content\/uploads\/sites\/2\/2020\/01\/DSC_1849-1160x1759.jpg 1160w\" sizes=\"(max-width: 3359px) 100vw, 3359px\" \/><\/a><\/figure><\/li><li class=\"one_fourth\"><figure><a target=\"_blank\" href=\"https:\/\/www.geoparkzh.cz\/cs\/wp-content\/uploads\/sites\/2\/2020\/01\/DSC_1851.jpg\"><img loading=\"lazy\" decoding=\"async\" width=\"4000\" height=\"6000\" src=\"https:\/\/www.geoparkzh.cz\/cs\/wp-content\/uploads\/sites\/2\/2020\/01\/DSC_1851.jpg\" class=\"attachment-full size-full\" alt=\"\" srcset=\"https:\/\/www.geoparkzh.cz\/cs\/wp-content\/uploads\/sites\/2\/2020\/01\/DSC_1851.jpg 4000w, https:\/\/www.geoparkzh.cz\/cs\/wp-content\/uploads\/sites\/2\/2020\/01\/DSC_1851-200x300.jpg 200w, https:\/\/www.geoparkzh.cz\/cs\/wp-content\/uploads\/sites\/2\/2020\/01\/DSC_1851-768x1152.jpg 768w, https:\/\/www.geoparkzh.cz\/cs\/wp-content\/uploads\/sites\/2\/2020\/01\/DSC_1851-683x1024.jpg 683w, https:\/\/www.geoparkzh.cz\/cs\/wp-content\/uploads\/sites\/2\/2020\/01\/DSC_1851-580x870.jpg 580w, https:\/\/www.geoparkzh.cz\/cs\/wp-content\/uploads\/sites\/2\/2020\/01\/DSC_1851-820x1230.jpg 820w, https:\/\/www.geoparkzh.cz\/cs\/wp-content\/uploads\/sites\/2\/2020\/01\/DSC_1851-1160x1740.jpg 1160w\" sizes=\"(max-width: 4000px) 100vw, 4000px\" \/><\/a><\/figure><\/li><li class=\"one_fourth\"><figure><a target=\"_blank\" href=\"https:\/\/www.geoparkzh.cz\/cs\/wp-content\/uploads\/sites\/2\/2020\/01\/DSC_1853.jpg\"><img loading=\"lazy\" decoding=\"async\" width=\"4000\" height=\"6000\" src=\"https:\/\/www.geoparkzh.cz\/cs\/wp-content\/uploads\/sites\/2\/2020\/01\/DSC_1853.jpg\" class=\"attachment-full size-full\" alt=\"\" srcset=\"https:\/\/www.geoparkzh.cz\/cs\/wp-content\/uploads\/sites\/2\/2020\/01\/DSC_1853.jpg 4000w, https:\/\/www.geoparkzh.cz\/cs\/wp-content\/uploads\/sites\/2\/2020\/01\/DSC_1853-200x300.jpg 200w, https:\/\/www.geoparkzh.cz\/cs\/wp-content\/uploads\/sites\/2\/2020\/01\/DSC_1853-768x1152.jpg 768w, https:\/\/www.geoparkzh.cz\/cs\/wp-content\/uploads\/sites\/2\/2020\/01\/DSC_1853-683x1024.jpg 683w, https:\/\/www.geoparkzh.cz\/cs\/wp-content\/uploads\/sites\/2\/2020\/01\/DSC_1853-580x870.jpg 580w, https:\/\/www.geoparkzh.cz\/cs\/wp-content\/uploads\/sites\/2\/2020\/01\/DSC_1853-820x1230.jpg 820w, https:\/\/www.geoparkzh.cz\/cs\/wp-content\/uploads\/sites\/2\/2020\/01\/DSC_1853-1160x1740.jpg 1160w\" sizes=\"(max-width: 4000px) 100vw, 4000px\" \/><\/a><\/figure><\/li><li class=\"one_fourth\"><figure><a target=\"_blank\" href=\"https:\/\/www.geoparkzh.cz\/cs\/wp-content\/uploads\/sites\/2\/2020\/01\/DSC_1865.jpg\"><img loading=\"lazy\" decoding=\"async\" width=\"6000\" height=\"4000\" src=\"https:\/\/www.geoparkzh.cz\/cs\/wp-content\/uploads\/sites\/2\/2020\/01\/DSC_1865.jpg\" class=\"attachment-full size-full\" alt=\"\" srcset=\"https:\/\/www.geoparkzh.cz\/cs\/wp-content\/uploads\/sites\/2\/2020\/01\/DSC_1865.jpg 6000w, https:\/\/www.geoparkzh.cz\/cs\/wp-content\/uploads\/sites\/2\/2020\/01\/DSC_1865-300x200.jpg 300w, https:\/\/www.geoparkzh.cz\/cs\/wp-content\/uploads\/sites\/2\/2020\/01\/DSC_1865-768x512.jpg 768w, https:\/\/www.geoparkzh.cz\/cs\/wp-content\/uploads\/sites\/2\/2020\/01\/DSC_1865-1024x683.jpg 1024w, https:\/\/www.geoparkzh.cz\/cs\/wp-content\/uploads\/sites\/2\/2020\/01\/DSC_1865-580x387.jpg 580w, https:\/\/www.geoparkzh.cz\/cs\/wp-content\/uploads\/sites\/2\/2020\/01\/DSC_1865-820x547.jpg 820w, https:\/\/www.geoparkzh.cz\/cs\/wp-content\/uploads\/sites\/2\/2020\/01\/DSC_1865-1160x773.jpg 1160w\" sizes=\"(max-width: 6000px) 100vw, 6000px\" \/><\/a><\/figure><\/li><li class=\"one_fourth\"><figure><a target=\"_blank\" href=\"https:\/\/www.geoparkzh.cz\/cs\/wp-content\/uploads\/sites\/2\/2020\/01\/DSC_1867.jpg\"><img loading=\"lazy\" decoding=\"async\" width=\"5786\" height=\"3627\" src=\"https:\/\/www.geoparkzh.cz\/cs\/wp-content\/uploads\/sites\/2\/2020\/01\/DSC_1867.jpg\" class=\"attachment-full size-full\" alt=\"\" srcset=\"https:\/\/www.geoparkzh.cz\/cs\/wp-content\/uploads\/sites\/2\/2020\/01\/DSC_1867.jpg 5786w, https:\/\/www.geoparkzh.cz\/cs\/wp-content\/uploads\/sites\/2\/2020\/01\/DSC_1867-300x188.jpg 300w, https:\/\/www.geoparkzh.cz\/cs\/wp-content\/uploads\/sites\/2\/2020\/01\/DSC_1867-768x481.jpg 768w, https:\/\/www.geoparkzh.cz\/cs\/wp-content\/uploads\/sites\/2\/2020\/01\/DSC_1867-1024x642.jpg 1024w, https:\/\/www.geoparkzh.cz\/cs\/wp-content\/uploads\/sites\/2\/2020\/01\/DSC_1867-580x364.jpg 580w, https:\/\/www.geoparkzh.cz\/cs\/wp-content\/uploads\/sites\/2\/2020\/01\/DSC_1867-820x514.jpg 820w, https:\/\/www.geoparkzh.cz\/cs\/wp-content\/uploads\/sites\/2\/2020\/01\/DSC_1867-1160x727.jpg 1160w\" sizes=\"(max-width: 5786px) 100vw, 5786px\" \/><\/a><\/figure><\/li><li class=\"one_fourth\"><figure><a target=\"_blank\" href=\"https:\/\/www.geoparkzh.cz\/cs\/wp-content\/uploads\/sites\/2\/2020\/01\/DSC_1334.jpg\"><img loading=\"lazy\" decoding=\"async\" width=\"6016\" height=\"4000\" src=\"https:\/\/www.geoparkzh.cz\/cs\/wp-content\/uploads\/sites\/2\/2020\/01\/DSC_1334.jpg\" class=\"attachment-full size-full\" alt=\"\" srcset=\"https:\/\/www.geoparkzh.cz\/cs\/wp-content\/uploads\/sites\/2\/2020\/01\/DSC_1334.jpg 6016w, https:\/\/www.geoparkzh.cz\/cs\/wp-content\/uploads\/sites\/2\/2020\/01\/DSC_1334-300x199.jpg 300w, https:\/\/www.geoparkzh.cz\/cs\/wp-content\/uploads\/sites\/2\/2020\/01\/DSC_1334-768x511.jpg 768w, https:\/\/www.geoparkzh.cz\/cs\/wp-content\/uploads\/sites\/2\/2020\/01\/DSC_1334-1024x681.jpg 1024w, https:\/\/www.geoparkzh.cz\/cs\/wp-content\/uploads\/sites\/2\/2020\/01\/DSC_1334-580x386.jpg 580w, https:\/\/www.geoparkzh.cz\/cs\/wp-content\/uploads\/sites\/2\/2020\/01\/DSC_1334-820x545.jpg 820w, https:\/\/www.geoparkzh.cz\/cs\/wp-content\/uploads\/sites\/2\/2020\/01\/DSC_1334-1160x771.jpg 1160w\" sizes=\"(max-width: 6016px) 100vw, 6016px\" \/><\/a><\/figure><\/li><\/ul>\n<\/div>\n<\/div>\n<\/div>\n<\/div>\n<\/div>\n<\/div>\n<\/div>\n\n","protected":false},"excerpt":{"rendered":"","protected":false},"author":2,"featured_media":0,"parent":0,"menu_order":0,"comment_status":"closed","ping_status":"closed","template":"","meta":{"footnotes":""},"class_list":["post-2619","page","type-page","status-publish","hentry"],"_links":{"self":[{"href":"https:\/\/www.geoparkzh.cz\/cs\/wp-json\/wp\/v2\/pages\/2619"}],"collection":[{"href":"https:\/\/www.geoparkzh.cz\/cs\/wp-json\/wp\/v2\/pages"}],"about":[{"href":"https:\/\/www.geoparkzh.cz\/cs\/wp-json\/wp\/v2\/types\/page"}],"author":[{"embeddable":true,"href":"https:\/\/www.geoparkzh.cz\/cs\/wp-json\/wp\/v2\/users\/2"}],"replies":[{"embeddable":true,"href":"https:\/\/www.geoparkzh.cz\/cs\/wp-json\/wp\/v2\/comments?post=2619"}],"version-history":[{"count":9,"href":"https:\/\/www.geoparkzh.cz\/cs\/wp-json\/wp\/v2\/pages\/2619\/revisions"}],"predecessor-version":[{"id":2794,"href":"https:\/\/www.geoparkzh.cz\/cs\/wp-json\/wp\/v2\/pages\/2619\/revisions\/2794"}],"wp:attachment":[{"href":"https:\/\/www.geoparkzh.cz\/cs\/wp-json\/wp\/v2\/media?parent=2619"}],"curies":[{"name":"wp","href":"https:\/\/api.w.org\/{rel}","templated":true}]}}