{"id":2280,"date":"2018-12-19T10:15:35","date_gmt":"2018-12-19T09:15:35","guid":{"rendered":"https:\/\/www.geoparkzh.cz\/cs\/?page_id=2280"},"modified":"2019-07-24T15:07:27","modified_gmt":"2019-07-24T13:07:27","slug":"zoophycos","status":"publish","type":"page","link":"https:\/\/www.geoparkzh.cz\/cs\/geoturistika\/kde-se-to-tu-vzalo\/zoophycos\/","title":{"rendered":"Zoophycos"},"content":{"rendered":"<style type=\"text\/css\"> \n#cmsms_row_69e7a87a99e31 .cmsms_row_outer_parent { \n\tpadding-top: 50px; \n} \n\n#cmsms_row_69e7a87a99e31 .cmsms_row_outer_parent { \n\tpadding-bottom: 0px; \n} \n\n \n#cmsms_row_69e7a87a9a050 .cmsms_row_outer_parent { \n\tpadding-top: 0px; \n} \n\n#cmsms_row_69e7a87a9a050 .cmsms_row_outer_parent { \n\tpadding-bottom: 50px; \n} \n\n \n#cmsms_divider_69e7a87a9a15b { \n\tpadding-top:10px; \n\tmargin-bottom:10px; \n} \n \n#cmsms_row_69e7a87a9a1e8 .cmsms_row_outer_parent { \n\tpadding-top: 0px; \n} \n\n#cmsms_row_69e7a87a9a1e8 .cmsms_row_outer_parent { \n\tpadding-bottom: 50px; \n} \n\n \n#cmsms_row_69e7a87a9a43c .cmsms_row_outer_parent { \n\tpadding-top: 0px; \n} \n\n#cmsms_row_69e7a87a9a43c .cmsms_row_outer_parent { \n\tpadding-bottom: 10px; \n} \n\n \n#cmsms_heading_69e7a87a9a54c, #cmsms_heading_69e7a87a9a54c a { \n\ttext-align:center; \n\tfont-weight:400; \n\tfont-style:normal; \n\tmargin-top:0px; \n\tmargin-bottom:20px; \n} \n \n#cmsms_row_69e7a87a9a5b3 .cmsms_row_outer_parent { \n\tpadding-top: 0px; \n} \n\n#cmsms_row_69e7a87a9a5b3 .cmsms_row_outer_parent { \n\tpadding-bottom: 20px; \n} \n\n \n#cmsms_divider_69e7a87a9a6bb { \n\tpadding-top:0px; \n\tmargin-bottom:0px; \n} \n \n#cmsms_row_69e7a87a9a73f .cmsms_row_outer_parent { \n\tpadding-top: 0px; \n} \n\n#cmsms_row_69e7a87a9a73f .cmsms_row_outer_parent { \n\tpadding-bottom: 10px; \n} \n\n \n#cmsms_heading_69e7a87a9a847, #cmsms_heading_69e7a87a9a847 a { \n\ttext-align:center; \n\tfont-weight:400; \n\tfont-style:normal; \n\tmargin-top:0px; \n\tmargin-bottom:20px; \n} \n \n#cmsms_row_69e7a87a9a8b5 .cmsms_row_outer_parent { \n\tpadding-top: 0px; \n} \n\n#cmsms_row_69e7a87a9a8b5 .cmsms_row_outer_parent { \n\tpadding-bottom: 20px; \n} \n\n \n#cmsms_divider_69e7a87a9a95f { \n\tpadding-top:0px; \n\tmargin-bottom:0px; \n} \n \n#cmsms_row_69e7a87a9a9ae .cmsms_row_outer_parent { \n\tpadding-top: 0px; \n} \n\n#cmsms_row_69e7a87a9a9ae .cmsms_row_outer_parent { \n\tpadding-bottom: 50px; \n} \n\n \n#cmsms_row_69e7a87a9c9b6 .cmsms_row_outer_parent { \n\tpadding-top: 0px; \n} \n\n#cmsms_row_69e7a87a9c9b6 .cmsms_row_outer_parent { \n\tpadding-bottom: 20px; \n} \n\n \n#cmsms_divider_69e7a87a9ca92 { \n\tpadding-top:0px; \n\tmargin-bottom:0px; \n} \n \n#cmsms_row_69e7a87a9caf1 .cmsms_row_outer_parent { \n\tpadding-top: 0px; \n} \n\n#cmsms_row_69e7a87a9caf1 .cmsms_row_outer_parent { \n\tpadding-bottom: 10px; \n} \n\n \n#cmsms_heading_69e7a87a9cb9d, #cmsms_heading_69e7a87a9cb9d a { \n\ttext-align:center; \n\tfont-weight:400; \n\tfont-style:normal; \n\tmargin-top:0px; \n\tmargin-bottom:20px; \n} \n \n#cmsms_row_69e7a87a9cbdb .cmsms_row_outer_parent { \n\tpadding-top: 0px; \n} \n\n#cmsms_row_69e7a87a9cbdb .cmsms_row_outer_parent { \n\tpadding-bottom: 20px; \n} \n\n \n#cmsms_divider_69e7a87a9cc83 { \n\tpadding-top:0px; \n\tmargin-bottom:0px; \n} \n \n#cmsms_row_69e7a87a9ccd4 .cmsms_row_outer_parent { \n\tpadding-top: 0px; \n} \n\n#cmsms_row_69e7a87a9ccd4 .cmsms_row_outer_parent { \n\tpadding-bottom: 50px; \n} \n\n \n#cmsms_row_69e7a87a9ce93 .cmsms_row_outer_parent { \n\tpadding-top: 0px; \n} \n\n#cmsms_row_69e7a87a9ce93 .cmsms_row_outer_parent { \n\tpadding-bottom: 20px; \n} \n\n \n#cmsms_divider_69e7a87a9cf3a { \n\tpadding-top:0px; \n\tmargin-bottom:0px; \n} \n \n#cmsms_row_69e7a87a9cf89 .cmsms_row_outer_parent { \n\tpadding-top: 0px; \n} \n\n#cmsms_row_69e7a87a9cf89 .cmsms_row_outer_parent { \n\tpadding-bottom: 50px; \n} \n\n<\/style><div id=\"cmsms_row_69e7a87a99e31\" class=\"cmsms_row cmsms_color_scheme_default\">\n<div class=\"cmsms_row_outer_parent\">\n<div class=\"cmsms_row_outer\">\n<div class=\"cmsms_row_inner\">\n<div class=\"cmsms_row_margin\">\n<div class=\"cmsms_column one_first\">\n<div class=\"cmsms_text\">\n<h1 style=\"text-align: center;\"><span style=\"color: #925683;\">Geopark<\/span><span style=\"color: #000;\"> &#8211; Geoturistika<\/span><\/h1>\n<\/div>\n<\/div>\n<\/div>\n<\/div>\n<\/div>\n<\/div>\n<\/div>\n<div id=\"cmsms_row_69e7a87a9a050\" class=\"cmsms_row cmsms_color_scheme_default\">\n<div class=\"cmsms_row_outer_parent\">\n<div class=\"cmsms_row_outer\">\n<div class=\"cmsms_row_inner\">\n<div class=\"cmsms_row_margin\">\n<div class=\"cmsms_column one_first\">\n<div id=\"cmsms_divider_69e7a87a9a15b\" class=\"cmsms_divider solid\"><\/div>\n<\/div>\n<\/div>\n<\/div>\n<\/div>\n<\/div>\n<\/div>\n<div id=\"cmsms_row_69e7a87a9a1e8\" class=\"cmsms_row cmsms_color_scheme_default\">\n<div class=\"cmsms_row_outer_parent\">\n<div class=\"cmsms_row_outer\">\n<div class=\"cmsms_row_inner\">\n<div class=\"cmsms_row_margin\">\n<div class=\"cmsms_column one_first\">\n<div class=\"cmsms_text nastred\">\n<p><a href=\"\/cs\/geoturistika\/informacni-centra\/\"><img decoding=\"async\" class=\"size-full aligncenter\" style=\"margin-right: 18px;\" src=\"\/cs\/wp-content\/uploads\/sites\/2\/2018\/02\/informacni-centra.png\" alt=\"Informa\u010dn\u00ed centra\" \/><\/a> <a href=\"\/cs\/geoturistika\/stale-expozice\/\"><img decoding=\"async\" class=\"size-full aligncenter\" style=\"margin-right: 18px;\" src=\"\/cs\/wp-content\/uploads\/sites\/2\/2018\/02\/stale-expozice.png\" alt=\"St\u00e1l\u00e1 expozice\" \/><\/a> <a href=\"\/cs\/geoturistika\/naucne-stezky\/\"><img decoding=\"async\" class=\"size-full aligncenter\" style=\"margin-right: 18px;\" src=\"\/cs\/wp-content\/uploads\/sites\/2\/2018\/02\/naucne-stezky.png\" alt=\"Nau\u010dn\u00e9 stezky\" \/><\/a> <a href=\"\/cs\/geoturistika\/tipy-na-vylety\/\"><img decoding=\"async\" class=\"size-full aligncenter\" style=\"margin-right: 18px;\" src=\"\/cs\/wp-content\/uploads\/sites\/2\/2018\/02\/tipy-na-vylety.png\" alt=\"Tipy na v\u00fdlety\" \/><\/a> <a href=\"\/cs\/geoturistika\/geopruvodce\/\"><img decoding=\"async\" class=\"size-full aligncenter\" style=\"margin-right: 18px;\" src=\"\/cs\/wp-content\/uploads\/sites\/2\/2018\/02\/geopruvodce-on.png\" alt=\"Geopr\u016fvodce\" \/><\/a> <a href=\"\/cs\/geoturistika\/kde-se-to-tu-vzalo\/\"><img decoding=\"async\" class=\"size-full aligncenter\" style=\"margin-right: 18px;\" src=\"\/cs\/wp-content\/uploads\/sites\/2\/2018\/02\/kde-se-to-tu-vzalo.png\" alt=\"Kde se to tu vzalo\" \/><\/a><\/p>\n<\/div>\n<\/div>\n<\/div>\n<\/div>\n<\/div>\n<\/div>\n<\/div>\n<div id=\"cmsms_row_69e7a87a9a43c\" class=\"cmsms_row cmsms_color_scheme_default\">\n<div class=\"cmsms_row_outer_parent\">\n<div class=\"cmsms_row_outer\">\n<div class=\"cmsms_row_inner\">\n<div class=\"cmsms_row_margin\">\n<div class=\"cmsms_column one_first\">\n<h2 id=\"cmsms_heading_69e7a87a9a54c\" class=\"cmsms_heading\">Kde se to tu vzalo?<\/h2>\n<\/div>\n<\/div>\n<\/div>\n<\/div>\n<\/div>\n<\/div>\n<div id=\"cmsms_row_69e7a87a9a5b3\" class=\"cmsms_row cmsms_color_scheme_default\">\n<div class=\"cmsms_row_outer_parent\">\n<div class=\"cmsms_row_outer\">\n<div class=\"cmsms_row_inner\">\n<div class=\"cmsms_row_margin\">\n<div class=\"cmsms_column one_first\">\n<div id=\"cmsms_divider_69e7a87a9a6bb\" class=\"cmsms_divider solid\"><\/div>\n<\/div>\n<\/div>\n<\/div>\n<\/div>\n<\/div>\n<\/div>\n<div id=\"cmsms_row_69e7a87a9a73f\" class=\"cmsms_row cmsms_color_scheme_default\">\n<div class=\"cmsms_row_outer_parent\">\n<div class=\"cmsms_row_outer\">\n<div class=\"cmsms_row_inner\">\n<div class=\"cmsms_row_margin\">\n<div class=\"cmsms_column one_first\">\n<h3 id=\"cmsms_heading_69e7a87a9a847\" class=\"cmsms_heading\">Zoophycos<\/h3>\n<\/div>\n<\/div>\n<\/div>\n<\/div>\n<\/div>\n<\/div>\n<div id=\"cmsms_row_69e7a87a9a8b5\" class=\"cmsms_row cmsms_color_scheme_default\">\n<div class=\"cmsms_row_outer_parent\">\n<div class=\"cmsms_row_outer\">\n<div class=\"cmsms_row_inner\">\n<div class=\"cmsms_row_margin\">\n<div class=\"cmsms_column one_first\">\n<div id=\"cmsms_divider_69e7a87a9a95f\" class=\"cmsms_divider solid\"><\/div>\n<\/div>\n<\/div>\n<\/div>\n<\/div>\n<\/div>\n<\/div>\n<div id=\"cmsms_row_69e7a87a9a9ae\" class=\"cmsms_row cmsms_color_scheme_default\">\n<div class=\"cmsms_row_outer_parent\">\n<div class=\"cmsms_row_outer\">\n<div class=\"cmsms_row_inner\">\n<div class=\"cmsms_row_margin\">\n<div class=\"cmsms_column one_first\">\n<div class=\"cmsms_text nastred\">\n<h5><\/h5>\n<h5 style=\"text-align: center;\">Stopa zkamen\u011blinou?<\/h5>\n<p style=\"text-align: center;\">Ano, i stopa m\u016f\u017ee b\u00fdt zkamen\u011blinou. V\u011bdci t\u011bmto zkamen\u011blin\u00e1m \u0159\u00edkaj\u00ed ichnofosilie, tedy stopy po \u010dinnosti organism\u016f,<br \/>\nkter\u00e9 sv\u00fdm tvarem zobrazuj\u00ed n\u011bjak\u00fd t\u011blesn\u00fd parametr sv\u00e9ho p\u016fvodce. Z\u00e1rove\u0148 musely vzniknout<br \/>\naktivn\u00edm zp\u016fsobem. Jedn\u00e1 se o nep\u0159ebern\u00e9 mno\u017estv\u00ed stop od samotn\u00fdch \u0161l\u00e1pot, p\u0159es kousance, \u0161kr\u00e1bance a otisky<br \/>\nv\u00a0bahn\u011b a\u017e po nej\u010dast\u011bji viditeln\u00e9 tunely a chodby v\u00a0usazenin\u00e1ch. Ale jsou to t\u0159eba i dinosau\u0159\u00ed hn\u00edzda.<br \/>\nStopy jsou vlastn\u011b mnohem hojn\u011bj\u0161\u00ed ne\u017e samotn\u00e9 klasick\u00e9 zkamen\u011bliny.<\/p>\n<h5><\/h5>\n<h5 style=\"text-align: center;\">A co to vlastn\u011b je?<\/h5>\n<p style=\"text-align: center;\">Zoophycos je jedn\u00edm z\u00a0druh\u016f stop po \u010dinnosti organism\u016f. A zrovna jeden z\u00a0nejzaj\u00edmav\u011bj\u0161\u00edch.<br \/>\nJedn\u00e1 se o slo\u017eitou 3D spir\u00e1lu, kterou vytvo\u0159il pravd\u011bpodobn\u011b n\u011bjak\u00fd \u010derv t\u00edm, \u017ee velmi pravideln\u011b pro\u017e\u00edral bahno.<br \/>\nSeberte si nejbli\u017e\u0161\u00ed okoln\u00ed k\u00e1men a koukn\u011bte se do n\u011bj. Uvid\u00edte v\u00a0n\u011bm tmav\u00e9 tunely, kter\u00e9 jsou uvnit\u0159 rozd\u011bleny.<br \/>\nPo chvilce zjist\u00edte, \u017ee jsou tyto stopy vlastn\u011b na ka\u017ed\u00e9m okoln\u00edm kameni.<\/p>\n<h5><\/h5>\n<h5 style=\"text-align: center;\">Kde se vzal v\u00a0\u017delezn\u00fdch hor\u00e1ch?<\/h5>\n<p style=\"text-align: center;\">Zoophycos je v\u00e1z\u00e1n hlavn\u011b na dno hlub\u0161\u00edch mo\u0159\u00ed. V\u00a0\u017delezn\u00fdch hor\u00e1ch je mo\u017en\u00e9 ho nal\u00e9zt u zdej\u0161\u00edho rybn\u00edka<br \/>\na pak na nedalek\u00e9m kopci Pal\u00e1c u He\u0159manova M\u011bstce. Tam byl dokonce pops\u00e1n jedinec, kter\u00fd je t\u0159et\u00edm nejstar\u0161\u00edm<br \/>\nsv\u00e9ho druhu na sv\u011bt\u011b a z\u00e1rove\u0148 prvn\u00edm velmi dokonal\u00fdm. To znamen\u00e1, \u017ee v\u00a0dob\u011b p\u0159ed v\u00edce ne\u017e 500 miliony let<br \/>\nzde musely panovat ide\u00e1ln\u00ed podm\u00ednky pro vznik t\u00e9to stopy.<\/p>\n<p>&nbsp;<\/p>\n<div id='gallery-1' class='gallery galleryid-2280 gallery-columns-4 gallery-size-square-thumb'><figure class='gallery-item'>\n\t\t\t<div class='gallery-icon portrait'>\n\t\t\t\t<a href='https:\/\/www.geoparkzh.cz\/cs\/wp-content\/uploads\/sites\/2\/2019\/01\/4a.jpg'><img loading=\"lazy\" decoding=\"async\" width=\"250\" height=\"250\" src=\"https:\/\/www.geoparkzh.cz\/cs\/wp-content\/uploads\/sites\/2\/2019\/01\/4a-250x250.jpg\" class=\"attachment-square-thumb size-square-thumb\" alt=\"\" srcset=\"https:\/\/www.geoparkzh.cz\/cs\/wp-content\/uploads\/sites\/2\/2019\/01\/4a-250x250.jpg 250w, https:\/\/www.geoparkzh.cz\/cs\/wp-content\/uploads\/sites\/2\/2019\/01\/4a-200x200.jpg 200w, https:\/\/www.geoparkzh.cz\/cs\/wp-content\/uploads\/sites\/2\/2019\/01\/4a-55x55.jpg 55w\" sizes=\"(max-width: 250px) 100vw, 250px\" \/><\/a>\n\t\t\t<\/div><\/figure><figure class='gallery-item'>\n\t\t\t<div class='gallery-icon landscape'>\n\t\t\t\t<a href='https:\/\/www.geoparkzh.cz\/cs\/wp-content\/uploads\/sites\/2\/2019\/01\/pelety.jpg'><img loading=\"lazy\" decoding=\"async\" width=\"250\" height=\"250\" src=\"https:\/\/www.geoparkzh.cz\/cs\/wp-content\/uploads\/sites\/2\/2019\/01\/pelety-250x250.jpg\" class=\"attachment-square-thumb size-square-thumb\" alt=\"\" srcset=\"https:\/\/www.geoparkzh.cz\/cs\/wp-content\/uploads\/sites\/2\/2019\/01\/pelety-250x250.jpg 250w, https:\/\/www.geoparkzh.cz\/cs\/wp-content\/uploads\/sites\/2\/2019\/01\/pelety-200x200.jpg 200w, https:\/\/www.geoparkzh.cz\/cs\/wp-content\/uploads\/sites\/2\/2019\/01\/pelety-55x55.jpg 55w\" sizes=\"(max-width: 250px) 100vw, 250px\" \/><\/a>\n\t\t\t<\/div><\/figure><figure class='gallery-item'>\n\t\t\t<div class='gallery-icon landscape'>\n\t\t\t\t<a href='https:\/\/www.geoparkzh.cz\/cs\/wp-content\/uploads\/sites\/2\/2019\/01\/4-2.jpg'><img loading=\"lazy\" decoding=\"async\" width=\"250\" height=\"250\" src=\"https:\/\/www.geoparkzh.cz\/cs\/wp-content\/uploads\/sites\/2\/2019\/01\/4-2-250x250.jpg\" class=\"attachment-square-thumb size-square-thumb\" alt=\"\" srcset=\"https:\/\/www.geoparkzh.cz\/cs\/wp-content\/uploads\/sites\/2\/2019\/01\/4-2-250x250.jpg 250w, https:\/\/www.geoparkzh.cz\/cs\/wp-content\/uploads\/sites\/2\/2019\/01\/4-2-200x200.jpg 200w, https:\/\/www.geoparkzh.cz\/cs\/wp-content\/uploads\/sites\/2\/2019\/01\/4-2-55x55.jpg 55w\" sizes=\"(max-width: 250px) 100vw, 250px\" \/><\/a>\n\t\t\t<\/div><\/figure><figure class='gallery-item'>\n\t\t\t<div class='gallery-icon portrait'>\n\t\t\t\t<a href='https:\/\/www.geoparkzh.cz\/cs\/wp-content\/uploads\/sites\/2\/2019\/01\/zoophycos3.jpg'><img loading=\"lazy\" decoding=\"async\" width=\"250\" height=\"250\" src=\"https:\/\/www.geoparkzh.cz\/cs\/wp-content\/uploads\/sites\/2\/2019\/01\/zoophycos3-250x250.jpg\" class=\"attachment-square-thumb size-square-thumb\" alt=\"\" srcset=\"https:\/\/www.geoparkzh.cz\/cs\/wp-content\/uploads\/sites\/2\/2019\/01\/zoophycos3-250x250.jpg 250w, https:\/\/www.geoparkzh.cz\/cs\/wp-content\/uploads\/sites\/2\/2019\/01\/zoophycos3-200x200.jpg 200w, https:\/\/www.geoparkzh.cz\/cs\/wp-content\/uploads\/sites\/2\/2019\/01\/zoophycos3-55x55.jpg 55w\" sizes=\"(max-width: 250px) 100vw, 250px\" \/><\/a>\n\t\t\t<\/div><\/figure><figure class='gallery-item'>\n\t\t\t<div class='gallery-icon landscape'>\n\t\t\t\t<a href='https:\/\/www.geoparkzh.cz\/cs\/wp-content\/uploads\/sites\/2\/2019\/01\/zoophycos2.jpg'><img loading=\"lazy\" decoding=\"async\" width=\"250\" height=\"250\" src=\"https:\/\/www.geoparkzh.cz\/cs\/wp-content\/uploads\/sites\/2\/2019\/01\/zoophycos2-250x250.jpg\" class=\"attachment-square-thumb size-square-thumb\" alt=\"\" srcset=\"https:\/\/www.geoparkzh.cz\/cs\/wp-content\/uploads\/sites\/2\/2019\/01\/zoophycos2-250x250.jpg 250w, https:\/\/www.geoparkzh.cz\/cs\/wp-content\/uploads\/sites\/2\/2019\/01\/zoophycos2-200x200.jpg 200w, https:\/\/www.geoparkzh.cz\/cs\/wp-content\/uploads\/sites\/2\/2019\/01\/zoophycos2-55x55.jpg 55w\" sizes=\"(max-width: 250px) 100vw, 250px\" \/><\/a>\n\t\t\t<\/div><\/figure><figure class='gallery-item'>\n\t\t\t<div class='gallery-icon landscape'>\n\t\t\t\t<a href='https:\/\/www.geoparkzh.cz\/cs\/wp-content\/uploads\/sites\/2\/2019\/01\/zoophycos-1.jpg'><img loading=\"lazy\" decoding=\"async\" width=\"250\" height=\"250\" src=\"https:\/\/www.geoparkzh.cz\/cs\/wp-content\/uploads\/sites\/2\/2019\/01\/zoophycos-1-250x250.jpg\" class=\"attachment-square-thumb size-square-thumb\" alt=\"\" srcset=\"https:\/\/www.geoparkzh.cz\/cs\/wp-content\/uploads\/sites\/2\/2019\/01\/zoophycos-1-250x250.jpg 250w, https:\/\/www.geoparkzh.cz\/cs\/wp-content\/uploads\/sites\/2\/2019\/01\/zoophycos-1-200x200.jpg 200w, https:\/\/www.geoparkzh.cz\/cs\/wp-content\/uploads\/sites\/2\/2019\/01\/zoophycos-1-55x55.jpg 55w\" sizes=\"(max-width: 250px) 100vw, 250px\" \/><\/a>\n\t\t\t<\/div><\/figure>\n\t\t<\/div>\n<h3><\/h3>\n<\/div>\n<\/div>\n<\/div>\n<\/div>\n<\/div>\n<\/div>\n<\/div>\n<div id=\"cmsms_row_69e7a87a9c9b6\" class=\"cmsms_row cmsms_color_scheme_default\">\n<div class=\"cmsms_row_outer_parent\">\n<div class=\"cmsms_row_outer\">\n<div class=\"cmsms_row_inner\">\n<div class=\"cmsms_row_margin\">\n<div class=\"cmsms_column one_first\">\n<div id=\"cmsms_divider_69e7a87a9ca92\" class=\"cmsms_divider solid\"><\/div>\n<\/div>\n<\/div>\n<\/div>\n<\/div>\n<\/div>\n<\/div>\n<div id=\"cmsms_row_69e7a87a9caf1\" class=\"cmsms_row cmsms_color_scheme_default\">\n<div class=\"cmsms_row_outer_parent\">\n<div class=\"cmsms_row_outer\">\n<div class=\"cmsms_row_inner\">\n<div class=\"cmsms_row_margin\">\n<div class=\"cmsms_column one_first\">\n<h3 id=\"cmsms_heading_69e7a87a9cb9d\" class=\"cmsms_heading\">Zoophycos<\/h3>\n<\/div>\n<\/div>\n<\/div>\n<\/div>\n<\/div>\n<\/div>\n<div id=\"cmsms_row_69e7a87a9cbdb\" class=\"cmsms_row cmsms_color_scheme_default\">\n<div class=\"cmsms_row_outer_parent\">\n<div class=\"cmsms_row_outer\">\n<div class=\"cmsms_row_inner\">\n<div class=\"cmsms_row_margin\">\n<div class=\"cmsms_column one_first\">\n<div id=\"cmsms_divider_69e7a87a9cc83\" class=\"cmsms_divider solid\"><\/div>\n<\/div>\n<\/div>\n<\/div>\n<\/div>\n<\/div>\n<\/div>\n<div id=\"cmsms_row_69e7a87a9ccd4\" class=\"cmsms_row cmsms_color_scheme_default\">\n<div class=\"cmsms_row_outer_parent\">\n<div class=\"cmsms_row_outer\">\n<div class=\"cmsms_row_inner\">\n<div class=\"cmsms_row_margin\">\n<div class=\"cmsms_column one_first\">\n<div class=\"cmsms_text nastred\">\n<h5><\/h5>\n<h5 style=\"text-align: center;\">Can a footprint be a fossil?<\/h5>\n<p style=\"text-align: center;\">Yes, even a footprint can be a fossil. Scientists call these fossils \u201cichnofossils\u201c. They are traces of living organisms<br \/>\nand their shape shows their originators\u2019 physical activity and their characteristics. Ichnofossils can take various forms,<br \/>\nsuch as footsteps, bites, scratches and prints in the mud or tunnels and corridors in sediments. Even dinosaur nests<br \/>\ncan be ichnofossils. In fact, imprints are much more abundant than the actual fossils.<\/p>\n<h5><\/h5>\n<h5 style=\"text-align: center;\">What is it exactly?<\/h5>\n<p style=\"text-align: center;\">Zoophycos is a type of organisms\u2019 footprint. And also one of the most interesting. It is a complex 3D spiral<br \/>\nthat was probably formed by worms eating mud and leaving regular-shaped traces. Just pick up a stone near you<br \/>\nand look at it. You will see dark tunnels that are divided inside. After a while you will find that these traces<br \/>\nare actually on every stone around you.<\/p>\n<h5><\/h5>\n<h5 style=\"text-align: center;\">How did it get to the Iron Mountains?<\/h5>\n<p style=\"text-align: center;\">Zoophycos is mainly found on the bottom of deeper seas. In the Iron Mountains it can be found in the local pond<br \/>\nand then on the nearby hill Pal\u00e1c near He\u0159man\u016fv M\u011bstec. In that location scientists have found one that is<br \/>\nthe third oldest of its kind in the world and at the same time the first whole fossil of its kind. This means that over 500 million years ago<br \/>\nthere must have been ideal conditions for the creation of this footprint in the Iron Mountains.<\/p>\n<\/div>\n<\/div>\n<\/div>\n<\/div>\n<\/div>\n<\/div>\n<\/div>\n<div id=\"cmsms_row_69e7a87a9ce93\" class=\"cmsms_row cmsms_color_scheme_default\">\n<div class=\"cmsms_row_outer_parent\">\n<div class=\"cmsms_row_outer\">\n<div class=\"cmsms_row_inner\">\n<div class=\"cmsms_row_margin\">\n<div class=\"cmsms_column one_first\">\n<div id=\"cmsms_divider_69e7a87a9cf3a\" class=\"cmsms_divider solid\"><\/div>\n<\/div>\n<\/div>\n<\/div>\n<\/div>\n<\/div>\n<\/div>\n<div id=\"cmsms_row_69e7a87a9cf89\" class=\"cmsms_row cmsms_color_scheme_default\">\n<div class=\"cmsms_row_outer_parent\">\n<div class=\"cmsms_row_outer\">\n<div class=\"cmsms_row_inner\">\n<div class=\"cmsms_row_margin\">\n<div class=\"cmsms_column one_first\">\n<div class=\"cmsms_text nastred\">\n<p>&nbsp;<\/p>\n<p style=\"text-align: center; font-size: 12px;\">Projekt je spolufinancov\u00e1n fondy Evropsk\u00e9 unie (ERDF, IPA).<br \/>\n<a href=\"http:\/\/www.interreg-danube.eu\" target=\"_blank\" rel=\"noopener\">www.interreg-danube.eu<\/a><\/p>\n<p><img decoding=\"async\" class=\"aligncenter size-full wp-image-2253\" src=\"https:\/\/www.geoparkzh.cz\/cs\/wp-content\/uploads\/sites\/2\/2018\/12\/Logo_Interreg.jpg\" alt=\"Logo Interreg\" \/><\/p>\n<\/div>\n<\/div>\n<\/div>\n<\/div>\n<\/div>\n<\/div>\n<\/div>\n\n","protected":false},"excerpt":{"rendered":"","protected":false},"author":1,"featured_media":0,"parent":2238,"menu_order":10,"comment_status":"closed","ping_status":"closed","template":"","meta":{"footnotes":""},"class_list":["post-2280","page","type-page","status-publish","hentry"],"_links":{"self":[{"href":"https:\/\/www.geoparkzh.cz\/cs\/wp-json\/wp\/v2\/pages\/2280"}],"collection":[{"href":"https:\/\/www.geoparkzh.cz\/cs\/wp-json\/wp\/v2\/pages"}],"about":[{"href":"https:\/\/www.geoparkzh.cz\/cs\/wp-json\/wp\/v2\/types\/page"}],"author":[{"embeddable":true,"href":"https:\/\/www.geoparkzh.cz\/cs\/wp-json\/wp\/v2\/users\/1"}],"replies":[{"embeddable":true,"href":"https:\/\/www.geoparkzh.cz\/cs\/wp-json\/wp\/v2\/comments?post=2280"}],"version-history":[{"count":7,"href":"https:\/\/www.geoparkzh.cz\/cs\/wp-json\/wp\/v2\/pages\/2280\/revisions"}],"predecessor-version":[{"id":2583,"href":"https:\/\/www.geoparkzh.cz\/cs\/wp-json\/wp\/v2\/pages\/2280\/revisions\/2583"}],"up":[{"embeddable":true,"href":"https:\/\/www.geoparkzh.cz\/cs\/wp-json\/wp\/v2\/pages\/2238"}],"wp:attachment":[{"href":"https:\/\/www.geoparkzh.cz\/cs\/wp-json\/wp\/v2\/media?parent=2280"}],"curies":[{"name":"wp","href":"https:\/\/api.w.org\/{rel}","templated":true}]}}