{"id":2276,"date":"2018-12-19T10:14:30","date_gmt":"2018-12-19T09:14:30","guid":{"rendered":"https:\/\/www.geoparkzh.cz\/cs\/?page_id=2276"},"modified":"2019-07-24T14:46:22","modified_gmt":"2019-07-24T12:46:22","slug":"trilobit","status":"publish","type":"page","link":"https:\/\/www.geoparkzh.cz\/cs\/geoturistika\/kde-se-to-tu-vzalo\/trilobit\/","title":{"rendered":"Trilobit"},"content":{"rendered":"<style type=\"text\/css\"> \n#cmsms_row_69d10217ab261 .cmsms_row_outer_parent { \n\tpadding-top: 50px; \n} \n\n#cmsms_row_69d10217ab261 .cmsms_row_outer_parent { \n\tpadding-bottom: 0px; \n} \n\n \n#cmsms_row_69d10217ab3a0 .cmsms_row_outer_parent { \n\tpadding-top: 0px; \n} \n\n#cmsms_row_69d10217ab3a0 .cmsms_row_outer_parent { \n\tpadding-bottom: 50px; \n} \n\n \n#cmsms_divider_69d10217ab43f { \n\tpadding-top:10px; \n\tmargin-bottom:10px; \n} \n \n#cmsms_row_69d10217ab492 .cmsms_row_outer_parent { \n\tpadding-top: 0px; \n} \n\n#cmsms_row_69d10217ab492 .cmsms_row_outer_parent { \n\tpadding-bottom: 50px; \n} \n\n \n#cmsms_row_69d10217ab5e5 .cmsms_row_outer_parent { \n\tpadding-top: 0px; \n} \n\n#cmsms_row_69d10217ab5e5 .cmsms_row_outer_parent { \n\tpadding-bottom: 10px; \n} \n\n \n#cmsms_heading_69d10217ab67c, #cmsms_heading_69d10217ab67c a { \n\ttext-align:center; \n\tfont-weight:400; \n\tfont-style:normal; \n\tmargin-top:0px; \n\tmargin-bottom:20px; \n} \n \n#cmsms_row_69d10217ab6b1 .cmsms_row_outer_parent { \n\tpadding-top: 0px; \n} \n\n#cmsms_row_69d10217ab6b1 .cmsms_row_outer_parent { \n\tpadding-bottom: 20px; \n} \n\n \n#cmsms_divider_69d10217ab742 { \n\tpadding-top:0px; \n\tmargin-bottom:0px; \n} \n \n#cmsms_row_69d10217ab788 .cmsms_row_outer_parent { \n\tpadding-top: 0px; \n} \n\n#cmsms_row_69d10217ab788 .cmsms_row_outer_parent { \n\tpadding-bottom: 10px; \n} \n\n \n#cmsms_heading_69d10217ab814, #cmsms_heading_69d10217ab814 a { \n\ttext-align:center; \n\tfont-weight:400; \n\tfont-style:normal; \n\tmargin-top:0px; \n\tmargin-bottom:20px; \n} \n \n#cmsms_row_69d10217ab846 .cmsms_row_outer_parent { \n\tpadding-top: 0px; \n} \n\n#cmsms_row_69d10217ab846 .cmsms_row_outer_parent { \n\tpadding-bottom: 20px; \n} \n\n \n#cmsms_divider_69d10217ab8d4 { \n\tpadding-top:0px; \n\tmargin-bottom:0px; \n} \n \n#cmsms_row_69d10217ab918 .cmsms_row_outer_parent { \n\tpadding-top: 0px; \n} \n\n#cmsms_row_69d10217ab918 .cmsms_row_outer_parent { \n\tpadding-bottom: 50px; \n} \n\n \n#cmsms_row_69d10217ad0c5 .cmsms_row_outer_parent { \n\tpadding-top: 0px; \n} \n\n#cmsms_row_69d10217ad0c5 .cmsms_row_outer_parent { \n\tpadding-bottom: 20px; \n} \n\n \n#cmsms_divider_69d10217ad17a { \n\tpadding-top:0px; \n\tmargin-bottom:0px; \n} \n \n#cmsms_row_69d10217ad1ca .cmsms_row_outer_parent { \n\tpadding-top: 0px; \n} \n\n#cmsms_row_69d10217ad1ca .cmsms_row_outer_parent { \n\tpadding-bottom: 10px; \n} \n\n \n#cmsms_heading_69d10217ad25f, #cmsms_heading_69d10217ad25f a { \n\ttext-align:center; \n\tfont-weight:400; \n\tfont-style:normal; \n\tmargin-top:0px; \n\tmargin-bottom:20px; \n} \n \n#cmsms_row_69d10217ad293 .cmsms_row_outer_parent { \n\tpadding-top: 0px; \n} \n\n#cmsms_row_69d10217ad293 .cmsms_row_outer_parent { \n\tpadding-bottom: 20px; \n} \n\n \n#cmsms_divider_69d10217ad326 { \n\tpadding-top:0px; \n\tmargin-bottom:0px; \n} \n \n#cmsms_row_69d10217ad36c .cmsms_row_outer_parent { \n\tpadding-top: 0px; \n} \n\n#cmsms_row_69d10217ad36c .cmsms_row_outer_parent { \n\tpadding-bottom: 50px; \n} \n\n \n#cmsms_row_69d10217ad505 .cmsms_row_outer_parent { \n\tpadding-top: 0px; \n} \n\n#cmsms_row_69d10217ad505 .cmsms_row_outer_parent { \n\tpadding-bottom: 20px; \n} \n\n \n#cmsms_divider_69d10217ad599 { \n\tpadding-top:0px; \n\tmargin-bottom:0px; \n} \n \n#cmsms_row_69d10217ad5dc .cmsms_row_outer_parent { \n\tpadding-top: 0px; \n} \n\n#cmsms_row_69d10217ad5dc .cmsms_row_outer_parent { \n\tpadding-bottom: 50px; \n} \n\n<\/style><div id=\"cmsms_row_69d10217ab261\" class=\"cmsms_row cmsms_color_scheme_default\">\n<div class=\"cmsms_row_outer_parent\">\n<div class=\"cmsms_row_outer\">\n<div class=\"cmsms_row_inner\">\n<div class=\"cmsms_row_margin\">\n<div class=\"cmsms_column one_first\">\n<div class=\"cmsms_text\">\n<h1 style=\"text-align: center;\"><span style=\"color: #925683;\">Geopark<\/span><span style=\"color: #000;\"> &#8211; Geoturistika<\/span><\/h1>\n<\/div>\n<\/div>\n<\/div>\n<\/div>\n<\/div>\n<\/div>\n<\/div>\n<div id=\"cmsms_row_69d10217ab3a0\" class=\"cmsms_row cmsms_color_scheme_default\">\n<div class=\"cmsms_row_outer_parent\">\n<div class=\"cmsms_row_outer\">\n<div class=\"cmsms_row_inner\">\n<div class=\"cmsms_row_margin\">\n<div class=\"cmsms_column one_first\">\n<div id=\"cmsms_divider_69d10217ab43f\" class=\"cmsms_divider solid\"><\/div>\n<\/div>\n<\/div>\n<\/div>\n<\/div>\n<\/div>\n<\/div>\n<div id=\"cmsms_row_69d10217ab492\" class=\"cmsms_row cmsms_color_scheme_default\">\n<div class=\"cmsms_row_outer_parent\">\n<div class=\"cmsms_row_outer\">\n<div class=\"cmsms_row_inner\">\n<div class=\"cmsms_row_margin\">\n<div class=\"cmsms_column one_first\">\n<div class=\"cmsms_text nastred\">\n<p><a href=\"\/cs\/geoturistika\/informacni-centra\/\"><img decoding=\"async\" class=\"size-full aligncenter\" style=\"margin-right: 18px;\" src=\"\/cs\/wp-content\/uploads\/sites\/2\/2018\/02\/informacni-centra.png\" alt=\"Informa\u010dn\u00ed centra\" \/><\/a> <a href=\"\/cs\/geoturistika\/stale-expozice\/\"><img decoding=\"async\" class=\"size-full aligncenter\" style=\"margin-right: 18px;\" src=\"\/cs\/wp-content\/uploads\/sites\/2\/2018\/02\/stale-expozice.png\" alt=\"St\u00e1l\u00e1 expozice\" \/><\/a> <a href=\"\/cs\/geoturistika\/naucne-stezky\/\"><img decoding=\"async\" class=\"size-full aligncenter\" style=\"margin-right: 18px;\" src=\"\/cs\/wp-content\/uploads\/sites\/2\/2018\/02\/naucne-stezky.png\" alt=\"Nau\u010dn\u00e9 stezky\" \/><\/a> <a href=\"\/cs\/geoturistika\/tipy-na-vylety\/\"><img decoding=\"async\" class=\"size-full aligncenter\" style=\"margin-right: 18px;\" src=\"\/cs\/wp-content\/uploads\/sites\/2\/2018\/02\/tipy-na-vylety.png\" alt=\"Tipy na v\u00fdlety\" \/><\/a> <a href=\"\/cs\/geoturistika\/geopruvodce\/\"><img decoding=\"async\" class=\"size-full aligncenter\" style=\"margin-right: 18px;\" src=\"\/cs\/wp-content\/uploads\/sites\/2\/2018\/02\/geopruvodce-on.png\" alt=\"Geopr\u016fvodce\" \/><\/a> <a href=\"\/cs\/geoturistika\/kde-se-to-tu-vzalo\/\"><img decoding=\"async\" class=\"size-full aligncenter\" style=\"margin-right: 18px;\" src=\"\/cs\/wp-content\/uploads\/sites\/2\/2018\/02\/kde-se-to-tu-vzalo.png\" alt=\"Kde se to tu vzalo\" \/><\/a><\/p>\n<\/div>\n<\/div>\n<\/div>\n<\/div>\n<\/div>\n<\/div>\n<\/div>\n<div id=\"cmsms_row_69d10217ab5e5\" class=\"cmsms_row cmsms_color_scheme_default\">\n<div class=\"cmsms_row_outer_parent\">\n<div class=\"cmsms_row_outer\">\n<div class=\"cmsms_row_inner\">\n<div class=\"cmsms_row_margin\">\n<div class=\"cmsms_column one_first\">\n<h2 id=\"cmsms_heading_69d10217ab67c\" class=\"cmsms_heading\">Kde se to tu vzalo?<\/h2>\n<\/div>\n<\/div>\n<\/div>\n<\/div>\n<\/div>\n<\/div>\n<div id=\"cmsms_row_69d10217ab6b1\" class=\"cmsms_row cmsms_color_scheme_default\">\n<div class=\"cmsms_row_outer_parent\">\n<div class=\"cmsms_row_outer\">\n<div class=\"cmsms_row_inner\">\n<div class=\"cmsms_row_margin\">\n<div class=\"cmsms_column one_first\">\n<div id=\"cmsms_divider_69d10217ab742\" class=\"cmsms_divider solid\"><\/div>\n<\/div>\n<\/div>\n<\/div>\n<\/div>\n<\/div>\n<\/div>\n<div id=\"cmsms_row_69d10217ab788\" class=\"cmsms_row cmsms_color_scheme_default\">\n<div class=\"cmsms_row_outer_parent\">\n<div class=\"cmsms_row_outer\">\n<div class=\"cmsms_row_inner\">\n<div class=\"cmsms_row_margin\">\n<div class=\"cmsms_column one_first\">\n<h3 id=\"cmsms_heading_69d10217ab814\" class=\"cmsms_heading\">Trilobit<\/h3>\n<\/div>\n<\/div>\n<\/div>\n<\/div>\n<\/div>\n<\/div>\n<div id=\"cmsms_row_69d10217ab846\" class=\"cmsms_row cmsms_color_scheme_default\">\n<div class=\"cmsms_row_outer_parent\">\n<div class=\"cmsms_row_outer\">\n<div class=\"cmsms_row_inner\">\n<div class=\"cmsms_row_margin\">\n<div class=\"cmsms_column one_first\">\n<div id=\"cmsms_divider_69d10217ab8d4\" class=\"cmsms_divider solid\"><\/div>\n<\/div>\n<\/div>\n<\/div>\n<\/div>\n<\/div>\n<\/div>\n<div id=\"cmsms_row_69d10217ab918\" class=\"cmsms_row cmsms_color_scheme_default\">\n<div class=\"cmsms_row_outer_parent\">\n<div class=\"cmsms_row_outer\">\n<div class=\"cmsms_row_inner\">\n<div class=\"cmsms_row_margin\">\n<div class=\"cmsms_column one_first\">\n<div class=\"cmsms_text nastred\">\n<h5><\/h5>\n<h5 style=\"text-align: center;\">Symbol? Pro\u010d?<\/h5>\n<p style=\"text-align: center;\">Trilobit je symbolem nejen kv\u016fli filmu Cesta do prav\u011bku. \u017dil v\u00a0prvohor\u00e1ch \u2013 od kambria do permu \u2013 tedy p\u011bkn\u00e9 des\u00edtky milion\u016f let.<br \/>\nZa tu dobu se vyv\u00edjel a v\u00a0dob\u011b sv\u00e9 nejv\u011bt\u0161\u00ed sl\u00e1vy dok\u00e1zal obsadit snad v\u0161echna mo\u0159sk\u00e1 prost\u0159ed\u00ed. Um\u011bl plavat, l\u00e9zt, hrabat.<br \/>\nByl v\u0161e\u017eravec, maso\u017eravec a mrcho\u017erout. Vyvinul se do stovek druh\u016f r\u016fzn\u00fdch velikost\u00ed a tvar\u016f a ti nejv\u011bt\u0161\u00ed<br \/>\nm\u011bli a\u017e jeden metr. M\u016f\u017eete ho nal\u00e9zt snad po cel\u00e9m sv\u011bt\u011b. Tak\u017ee skute\u010dn\u00fd symbol.<\/p>\n<h5><\/h5>\n<h5 style=\"text-align: center;\">A co to vlastn\u011b je?<\/h5>\n<p style=\"text-align: center;\">Jedn\u00e1 se o jednoho z\u00a0prvn\u00edch \u010dlenovc\u016f s\u00a0pevnou schr\u00e1nkou, kterou p\u0159i r\u016fstu svl\u00e9kal. Stejn\u011b jako dne\u0161n\u00ed rak.<br \/>\nOn je tak\u00e9 k\u00a0raku velmi \u010dasto p\u0159irovn\u00e1v\u00e1n a v\u00a019. stolet\u00ed se mu tak\u00e9 p\u0159ezd\u00edvalo \u201erak z\u00a0kamene\u201c.<\/p>\n<h5><\/h5>\n<h5 style=\"text-align: center;\">Kde se vzal v\u00a0\u017delezn\u00fdch hor\u00e1ch?<\/h5>\n<p style=\"text-align: center;\">\u010c\u00e1st \u017delezn\u00fdch hor je tvo\u0159ena usazeninami prvohorn\u00edho st\u00e1\u0159\u00ed mo\u0159sk\u00e9ho p\u016fvodu. A proto\u017ee mo\u0159e v\u00a0t\u00e9 dob\u011b<br \/>\nbyla pravd\u011bpodobn\u011b pln\u00e1 trilobit\u016f, museli se logicky n\u011bjac\u00ed nal\u00e9zt i tady u n\u00e1s. A skute\u010dn\u011b na\u0161li.<br \/>\nNejsou to \u017e\u00e1dn\u00e1 ohromuj\u00edc\u00ed mno\u017estv\u00ed, dokonce ani kvalita nen\u00ed nic moc. Ale lokality jako vrchy Pal\u00e1c \u010di Synec,<br \/>\nBrloh, Lipoltice \u010di Prachovice uk\u00e1zaly, jak vypadal \u017eivot na dn\u011b prvohorn\u00edch mo\u0159\u00ed v\u00a0\u017delezn\u00fdch hor\u00e1ch.<\/p>\n<p>&nbsp;<\/p>\n<div id='gallery-1' class='gallery galleryid-2276 gallery-columns-4 gallery-size-square-thumb'><figure class='gallery-item'>\n\t\t\t<div class='gallery-icon landscape'>\n\t\t\t\t<a href='https:\/\/www.geoparkzh.cz\/cs\/wp-content\/uploads\/sites\/2\/2019\/01\/Trilobit-IMGP9498.jpg'><img loading=\"lazy\" decoding=\"async\" width=\"250\" height=\"250\" src=\"https:\/\/www.geoparkzh.cz\/cs\/wp-content\/uploads\/sites\/2\/2019\/01\/Trilobit-IMGP9498-250x250.jpg\" class=\"attachment-square-thumb size-square-thumb\" alt=\"\" srcset=\"https:\/\/www.geoparkzh.cz\/cs\/wp-content\/uploads\/sites\/2\/2019\/01\/Trilobit-IMGP9498-250x250.jpg 250w, https:\/\/www.geoparkzh.cz\/cs\/wp-content\/uploads\/sites\/2\/2019\/01\/Trilobit-IMGP9498-200x200.jpg 200w, https:\/\/www.geoparkzh.cz\/cs\/wp-content\/uploads\/sites\/2\/2019\/01\/Trilobit-IMGP9498-55x55.jpg 55w\" sizes=\"(max-width: 250px) 100vw, 250px\" \/><\/a>\n\t\t\t<\/div><\/figure><figure class='gallery-item'>\n\t\t\t<div class='gallery-icon landscape'>\n\t\t\t\t<a href='https:\/\/www.geoparkzh.cz\/cs\/wp-content\/uploads\/sites\/2\/2019\/01\/trilobit.jpg'><img loading=\"lazy\" decoding=\"async\" width=\"250\" height=\"250\" src=\"https:\/\/www.geoparkzh.cz\/cs\/wp-content\/uploads\/sites\/2\/2019\/01\/trilobit-250x250.jpg\" class=\"attachment-square-thumb size-square-thumb\" alt=\"\" srcset=\"https:\/\/www.geoparkzh.cz\/cs\/wp-content\/uploads\/sites\/2\/2019\/01\/trilobit-250x250.jpg 250w, https:\/\/www.geoparkzh.cz\/cs\/wp-content\/uploads\/sites\/2\/2019\/01\/trilobit-200x200.jpg 200w, https:\/\/www.geoparkzh.cz\/cs\/wp-content\/uploads\/sites\/2\/2019\/01\/trilobit-55x55.jpg 55w\" sizes=\"(max-width: 250px) 100vw, 250px\" \/><\/a>\n\t\t\t<\/div><\/figure><figure class='gallery-item'>\n\t\t\t<div class='gallery-icon portrait'>\n\t\t\t\t<a href='https:\/\/www.geoparkzh.cz\/cs\/wp-content\/uploads\/sites\/2\/2019\/01\/Trilobiti_silur.jpg'><img loading=\"lazy\" decoding=\"async\" width=\"250\" height=\"250\" src=\"https:\/\/www.geoparkzh.cz\/cs\/wp-content\/uploads\/sites\/2\/2019\/01\/Trilobiti_silur-250x250.jpg\" class=\"attachment-square-thumb size-square-thumb\" alt=\"\" srcset=\"https:\/\/www.geoparkzh.cz\/cs\/wp-content\/uploads\/sites\/2\/2019\/01\/Trilobiti_silur-250x250.jpg 250w, https:\/\/www.geoparkzh.cz\/cs\/wp-content\/uploads\/sites\/2\/2019\/01\/Trilobiti_silur-200x200.jpg 200w, https:\/\/www.geoparkzh.cz\/cs\/wp-content\/uploads\/sites\/2\/2019\/01\/Trilobiti_silur-55x55.jpg 55w\" sizes=\"(max-width: 250px) 100vw, 250px\" \/><\/a>\n\t\t\t<\/div><\/figure><figure class='gallery-item'>\n\t\t\t<div class='gallery-icon portrait'>\n\t\t\t\t<a href='https:\/\/www.geoparkzh.cz\/cs\/wp-content\/uploads\/sites\/2\/2019\/01\/Trilobit_ordovik-1.jpg'><img loading=\"lazy\" decoding=\"async\" width=\"250\" height=\"250\" src=\"https:\/\/www.geoparkzh.cz\/cs\/wp-content\/uploads\/sites\/2\/2019\/01\/Trilobit_ordovik-1-250x250.jpg\" class=\"attachment-square-thumb size-square-thumb\" alt=\"\" srcset=\"https:\/\/www.geoparkzh.cz\/cs\/wp-content\/uploads\/sites\/2\/2019\/01\/Trilobit_ordovik-1-250x250.jpg 250w, https:\/\/www.geoparkzh.cz\/cs\/wp-content\/uploads\/sites\/2\/2019\/01\/Trilobit_ordovik-1-200x200.jpg 200w, https:\/\/www.geoparkzh.cz\/cs\/wp-content\/uploads\/sites\/2\/2019\/01\/Trilobit_ordovik-1-55x55.jpg 55w\" sizes=\"(max-width: 250px) 100vw, 250px\" \/><\/a>\n\t\t\t<\/div><\/figure><figure class='gallery-item'>\n\t\t\t<div class='gallery-icon landscape'>\n\t\t\t\t<a href='https:\/\/www.geoparkzh.cz\/cs\/wp-content\/uploads\/sites\/2\/2019\/01\/Trilobit-Dalmanitina-n\u00e1zev-kurz\u00edvou-Prachovice.png'><img loading=\"lazy\" decoding=\"async\" width=\"250\" height=\"250\" src=\"https:\/\/www.geoparkzh.cz\/cs\/wp-content\/uploads\/sites\/2\/2019\/01\/Trilobit-Dalmanitina-n\u00e1zev-kurz\u00edvou-Prachovice-250x250.png\" class=\"attachment-square-thumb size-square-thumb\" alt=\"\" srcset=\"https:\/\/www.geoparkzh.cz\/cs\/wp-content\/uploads\/sites\/2\/2019\/01\/Trilobit-Dalmanitina-n\u00e1zev-kurz\u00edvou-Prachovice-250x250.png 250w, https:\/\/www.geoparkzh.cz\/cs\/wp-content\/uploads\/sites\/2\/2019\/01\/Trilobit-Dalmanitina-n\u00e1zev-kurz\u00edvou-Prachovice-200x200.png 200w, https:\/\/www.geoparkzh.cz\/cs\/wp-content\/uploads\/sites\/2\/2019\/01\/Trilobit-Dalmanitina-n\u00e1zev-kurz\u00edvou-Prachovice-55x55.png 55w\" sizes=\"(max-width: 250px) 100vw, 250px\" \/><\/a>\n\t\t\t<\/div><\/figure><figure class='gallery-item'>\n\t\t\t<div class='gallery-icon landscape'>\n\t\t\t\t<a href='https:\/\/www.geoparkzh.cz\/cs\/wp-content\/uploads\/sites\/2\/2019\/01\/trilobiti.png'><img loading=\"lazy\" decoding=\"async\" width=\"250\" height=\"250\" src=\"https:\/\/www.geoparkzh.cz\/cs\/wp-content\/uploads\/sites\/2\/2019\/01\/trilobiti-250x250.png\" class=\"attachment-square-thumb size-square-thumb\" alt=\"\" srcset=\"https:\/\/www.geoparkzh.cz\/cs\/wp-content\/uploads\/sites\/2\/2019\/01\/trilobiti-250x250.png 250w, https:\/\/www.geoparkzh.cz\/cs\/wp-content\/uploads\/sites\/2\/2019\/01\/trilobiti-200x200.png 200w, https:\/\/www.geoparkzh.cz\/cs\/wp-content\/uploads\/sites\/2\/2019\/01\/trilobiti-55x55.png 55w\" sizes=\"(max-width: 250px) 100vw, 250px\" \/><\/a>\n\t\t\t<\/div><\/figure>\n\t\t<\/div>\n<\/div>\n<\/div>\n<\/div>\n<\/div>\n<\/div>\n<\/div>\n<\/div>\n<div id=\"cmsms_row_69d10217ad0c5\" class=\"cmsms_row cmsms_color_scheme_default\">\n<div class=\"cmsms_row_outer_parent\">\n<div class=\"cmsms_row_outer\">\n<div class=\"cmsms_row_inner\">\n<div class=\"cmsms_row_margin\">\n<div class=\"cmsms_column one_first\">\n<div id=\"cmsms_divider_69d10217ad17a\" class=\"cmsms_divider solid\"><\/div>\n<\/div>\n<\/div>\n<\/div>\n<\/div>\n<\/div>\n<\/div>\n<div id=\"cmsms_row_69d10217ad1ca\" class=\"cmsms_row cmsms_color_scheme_default\">\n<div class=\"cmsms_row_outer_parent\">\n<div class=\"cmsms_row_outer\">\n<div class=\"cmsms_row_inner\">\n<div class=\"cmsms_row_margin\">\n<div class=\"cmsms_column one_first\">\n<h3 id=\"cmsms_heading_69d10217ad25f\" class=\"cmsms_heading\">Trilobite<\/h3>\n<\/div>\n<\/div>\n<\/div>\n<\/div>\n<\/div>\n<\/div>\n<div id=\"cmsms_row_69d10217ad293\" class=\"cmsms_row cmsms_color_scheme_default\">\n<div class=\"cmsms_row_outer_parent\">\n<div class=\"cmsms_row_outer\">\n<div class=\"cmsms_row_inner\">\n<div class=\"cmsms_row_margin\">\n<div class=\"cmsms_column one_first\">\n<div id=\"cmsms_divider_69d10217ad326\" class=\"cmsms_divider solid\"><\/div>\n<\/div>\n<\/div>\n<\/div>\n<\/div>\n<\/div>\n<\/div>\n<div id=\"cmsms_row_69d10217ad36c\" class=\"cmsms_row cmsms_color_scheme_default\">\n<div class=\"cmsms_row_outer_parent\">\n<div class=\"cmsms_row_outer\">\n<div class=\"cmsms_row_inner\">\n<div class=\"cmsms_row_margin\">\n<div class=\"cmsms_column one_first\">\n<div class=\"cmsms_text nastred\">\n<h5><\/h5>\n<h5 style=\"text-align: center;\">A symbol? Why?<\/h5>\n<p style=\"text-align: center;\">In the Czech Republic the trilobite has become a symbol mainly because of the 1955 Czech movie<br \/>\n\u201cJourney to the Beginning of Time\u201d. Trilobites lived in the Paleozoic era &#8211; from the Cambrian<br \/>\nto the Permian &#8211; that means tens of millions of years. During that time, they didn\u2019t stop evolving and at the time of their<br \/>\ngreatest glory they were occupying probably all the marine environments. Trilobites were able to swim, climb and dig.<br \/>\nThey were omnivores, carnivores and scavengers. They had developed into hundreds of species of different shapes andsizes.<br \/>\nThe largest trilobites grew up to several feet. Today you can find them practically all over the world.<br \/>\nTherefore the trilobite is a true symbol.<\/p>\n<h5><\/h5>\n<h5 style=\"text-align: center;\">What is it exactly?<\/h5>\n<p style=\"text-align: center;\">The trilobite was one of the first arthropods with a solid shell that it shed during growth, just like today&#8217;s crayfish.<br \/>\nActually, the trilobite is often compared to crayfish and in the 19th century it was nicknamed &#8222;stone crayfish&#8220;.<\/p>\n<h5><\/h5>\n<h5 style=\"text-align: center;\">How did it get to the Iron Mountains?<\/h5>\n<p style=\"text-align: center;\">Part of the Iron Mountains is formed by Paleozoic age marine sediments. And as at that time the seas<br \/>\nwere probably full of trilobites, it is logical that some trilobites must have been found here as well.<br \/>\nAnd indeed they have. The quantity of findings is not very large and their quality is rather poor. However,<br \/>\nsites such as Pal\u00e1c or Synec, Brloh, Lipoltice and Prachovice are showing us what life at the bottom<br \/>\nof the Paleozoic seas in the Iron Mountains looked like.<\/p>\n<\/div>\n<\/div>\n<\/div>\n<\/div>\n<\/div>\n<\/div>\n<\/div>\n<div id=\"cmsms_row_69d10217ad505\" class=\"cmsms_row cmsms_color_scheme_default\">\n<div class=\"cmsms_row_outer_parent\">\n<div class=\"cmsms_row_outer\">\n<div class=\"cmsms_row_inner\">\n<div class=\"cmsms_row_margin\">\n<div class=\"cmsms_column one_first\">\n<div id=\"cmsms_divider_69d10217ad599\" class=\"cmsms_divider solid\"><\/div>\n<\/div>\n<\/div>\n<\/div>\n<\/div>\n<\/div>\n<\/div>\n<div id=\"cmsms_row_69d10217ad5dc\" class=\"cmsms_row cmsms_color_scheme_default\">\n<div class=\"cmsms_row_outer_parent\">\n<div class=\"cmsms_row_outer\">\n<div class=\"cmsms_row_inner\">\n<div class=\"cmsms_row_margin\">\n<div class=\"cmsms_column one_first\">\n<div class=\"cmsms_text nastred\">\n<p>&nbsp;<\/p>\n<p style=\"text-align: center; font-size: 12px;\">Projekt je spolufinancov\u00e1n fondy Evropsk\u00e9 unie (ERDF, IPA).<br \/>\n<a href=\"http:\/\/www.interreg-danube.eu\" target=\"_blank\" rel=\"noopener\">www.interreg-danube.eu<\/a><\/p>\n<p><img decoding=\"async\" class=\"aligncenter size-full wp-image-2253\" src=\"https:\/\/www.geoparkzh.cz\/cs\/wp-content\/uploads\/sites\/2\/2018\/12\/Logo_Interreg.jpg\" alt=\"Logo Interreg\" \/><\/p>\n<\/div>\n<\/div>\n<\/div>\n<\/div>\n<\/div>\n<\/div>\n<\/div>\n\n","protected":false},"excerpt":{"rendered":"","protected":false},"author":1,"featured_media":0,"parent":2238,"menu_order":8,"comment_status":"closed","ping_status":"closed","template":"","meta":{"footnotes":""},"class_list":["post-2276","page","type-page","status-publish","hentry"],"_links":{"self":[{"href":"https:\/\/www.geoparkzh.cz\/cs\/wp-json\/wp\/v2\/pages\/2276"}],"collection":[{"href":"https:\/\/www.geoparkzh.cz\/cs\/wp-json\/wp\/v2\/pages"}],"about":[{"href":"https:\/\/www.geoparkzh.cz\/cs\/wp-json\/wp\/v2\/types\/page"}],"author":[{"embeddable":true,"href":"https:\/\/www.geoparkzh.cz\/cs\/wp-json\/wp\/v2\/users\/1"}],"replies":[{"embeddable":true,"href":"https:\/\/www.geoparkzh.cz\/cs\/wp-json\/wp\/v2\/comments?post=2276"}],"version-history":[{"count":8,"href":"https:\/\/www.geoparkzh.cz\/cs\/wp-json\/wp\/v2\/pages\/2276\/revisions"}],"predecessor-version":[{"id":2579,"href":"https:\/\/www.geoparkzh.cz\/cs\/wp-json\/wp\/v2\/pages\/2276\/revisions\/2579"}],"up":[{"embeddable":true,"href":"https:\/\/www.geoparkzh.cz\/cs\/wp-json\/wp\/v2\/pages\/2238"}],"wp:attachment":[{"href":"https:\/\/www.geoparkzh.cz\/cs\/wp-json\/wp\/v2\/media?parent=2276"}],"curies":[{"name":"wp","href":"https:\/\/api.w.org\/{rel}","templated":true}]}}