{"id":2268,"date":"2018-12-19T10:12:43","date_gmt":"2018-12-19T09:12:43","guid":{"rendered":"https:\/\/www.geoparkzh.cz\/cs\/?page_id=2268"},"modified":"2019-07-24T12:23:20","modified_gmt":"2019-07-24T10:23:20","slug":"kremen","status":"publish","type":"page","link":"https:\/\/www.geoparkzh.cz\/cs\/geoturistika\/kde-se-to-tu-vzalo\/kremen\/","title":{"rendered":"K\u0159emen"},"content":{"rendered":"<style type=\"text\/css\"> \n#cmsms_row_69d1ac6e262ff .cmsms_row_outer_parent { \n\tpadding-top: 50px; \n} \n\n#cmsms_row_69d1ac6e262ff .cmsms_row_outer_parent { \n\tpadding-bottom: 0px; \n} \n\n \n#cmsms_row_69d1ac6e264a1 .cmsms_row_outer_parent { \n\tpadding-top: 0px; \n} \n\n#cmsms_row_69d1ac6e264a1 .cmsms_row_outer_parent { \n\tpadding-bottom: 50px; \n} \n\n \n#cmsms_divider_69d1ac6e26578 { \n\tpadding-top:10px; \n\tmargin-bottom:10px; \n} \n \n#cmsms_row_69d1ac6e265d9 .cmsms_row_outer_parent { \n\tpadding-top: 0px; \n} \n\n#cmsms_row_69d1ac6e265d9 .cmsms_row_outer_parent { \n\tpadding-bottom: 50px; \n} \n\n \n#cmsms_row_69d1ac6e26796 .cmsms_row_outer_parent { \n\tpadding-top: 0px; \n} \n\n#cmsms_row_69d1ac6e26796 .cmsms_row_outer_parent { \n\tpadding-bottom: 10px; \n} \n\n \n#cmsms_heading_69d1ac6e26856, #cmsms_heading_69d1ac6e26856 a { \n\ttext-align:center; \n\tfont-weight:400; \n\tfont-style:normal; \n\tmargin-top:0px; \n\tmargin-bottom:20px; \n} \n \n#cmsms_row_69d1ac6e26892 .cmsms_row_outer_parent { \n\tpadding-top: 0px; \n} \n\n#cmsms_row_69d1ac6e26892 .cmsms_row_outer_parent { \n\tpadding-bottom: 20px; \n} \n\n \n#cmsms_divider_69d1ac6e2694b { \n\tpadding-top:0px; \n\tmargin-bottom:0px; \n} \n \n#cmsms_row_69d1ac6e26992 .cmsms_row_outer_parent { \n\tpadding-top: 0px; \n} \n\n#cmsms_row_69d1ac6e26992 .cmsms_row_outer_parent { \n\tpadding-bottom: 10px; \n} \n\n \n#cmsms_heading_69d1ac6e26a45, #cmsms_heading_69d1ac6e26a45 a { \n\ttext-align:center; \n\tfont-weight:400; \n\tfont-style:normal; \n\tmargin-top:0px; \n\tmargin-bottom:20px; \n} \n \n#cmsms_row_69d1ac6e26a7d .cmsms_row_outer_parent { \n\tpadding-top: 0px; \n} \n\n#cmsms_row_69d1ac6e26a7d .cmsms_row_outer_parent { \n\tpadding-bottom: 20px; \n} \n\n \n#cmsms_divider_69d1ac6e26b34 { \n\tpadding-top:0px; \n\tmargin-bottom:0px; \n} \n \n#cmsms_row_69d1ac6e26b7c .cmsms_row_outer_parent { \n\tpadding-top: 0px; \n} \n\n#cmsms_row_69d1ac6e26b7c .cmsms_row_outer_parent { \n\tpadding-bottom: 50px; \n} \n\n \n#cmsms_row_69d1ac6e29032 .cmsms_row_outer_parent { \n\tpadding-top: 0px; \n} \n\n#cmsms_row_69d1ac6e29032 .cmsms_row_outer_parent { \n\tpadding-bottom: 20px; \n} \n\n \n#cmsms_divider_69d1ac6e2912c { \n\tpadding-top:0px; \n\tmargin-bottom:0px; \n} \n \n#cmsms_row_69d1ac6e2917b .cmsms_row_outer_parent { \n\tpadding-top: 0px; \n} \n\n#cmsms_row_69d1ac6e2917b .cmsms_row_outer_parent { \n\tpadding-bottom: 10px; \n} \n\n \n#cmsms_heading_69d1ac6e29244, #cmsms_heading_69d1ac6e29244 a { \n\ttext-align:center; \n\tfont-weight:400; \n\tfont-style:normal; \n\tmargin-top:0px; \n\tmargin-bottom:20px; \n} \n \n#cmsms_row_69d1ac6e29284 .cmsms_row_outer_parent { \n\tpadding-top: 0px; \n} \n\n#cmsms_row_69d1ac6e29284 .cmsms_row_outer_parent { \n\tpadding-bottom: 20px; \n} \n\n \n#cmsms_divider_69d1ac6e29349 { \n\tpadding-top:0px; \n\tmargin-bottom:0px; \n} \n \n#cmsms_row_69d1ac6e29396 .cmsms_row_outer_parent { \n\tpadding-top: 0px; \n} \n\n#cmsms_row_69d1ac6e29396 .cmsms_row_outer_parent { \n\tpadding-bottom: 50px; \n} \n\n \n#cmsms_row_69d1ac6e295d6 .cmsms_row_outer_parent { \n\tpadding-top: 0px; \n} \n\n#cmsms_row_69d1ac6e295d6 .cmsms_row_outer_parent { \n\tpadding-bottom: 20px; \n} \n\n \n#cmsms_divider_69d1ac6e2969a { \n\tpadding-top:0px; \n\tmargin-bottom:0px; \n} \n \n#cmsms_row_69d1ac6e296e7 .cmsms_row_outer_parent { \n\tpadding-top: 0px; \n} \n\n#cmsms_row_69d1ac6e296e7 .cmsms_row_outer_parent { \n\tpadding-bottom: 50px; \n} \n\n<\/style><div id=\"cmsms_row_69d1ac6e262ff\" class=\"cmsms_row cmsms_color_scheme_default\">\n<div class=\"cmsms_row_outer_parent\">\n<div class=\"cmsms_row_outer\">\n<div class=\"cmsms_row_inner\">\n<div class=\"cmsms_row_margin\">\n<div class=\"cmsms_column one_first\">\n<div class=\"cmsms_text\">\n<h1 style=\"text-align: center;\"><span style=\"color: #925683;\">Geopark<\/span><span style=\"color: #000;\"> &#8211; Geoturistika<\/span><\/h1>\n<\/div>\n<\/div>\n<\/div>\n<\/div>\n<\/div>\n<\/div>\n<\/div>\n<div id=\"cmsms_row_69d1ac6e264a1\" class=\"cmsms_row cmsms_color_scheme_default\">\n<div class=\"cmsms_row_outer_parent\">\n<div class=\"cmsms_row_outer\">\n<div class=\"cmsms_row_inner\">\n<div class=\"cmsms_row_margin\">\n<div class=\"cmsms_column one_first\">\n<div id=\"cmsms_divider_69d1ac6e26578\" class=\"cmsms_divider solid\"><\/div>\n<\/div>\n<\/div>\n<\/div>\n<\/div>\n<\/div>\n<\/div>\n<div id=\"cmsms_row_69d1ac6e265d9\" class=\"cmsms_row cmsms_color_scheme_default\">\n<div class=\"cmsms_row_outer_parent\">\n<div class=\"cmsms_row_outer\">\n<div class=\"cmsms_row_inner\">\n<div class=\"cmsms_row_margin\">\n<div class=\"cmsms_column one_first\">\n<div class=\"cmsms_text nastred\">\n<p><a href=\"\/cs\/geoturistika\/informacni-centra\/\"><img decoding=\"async\" class=\"size-full aligncenter\" style=\"margin-right: 18px;\" src=\"\/cs\/wp-content\/uploads\/sites\/2\/2018\/02\/informacni-centra.png\" alt=\"Informa\u010dn\u00ed centra\" \/><\/a> <a href=\"\/cs\/geoturistika\/stale-expozice\/\"><img decoding=\"async\" class=\"size-full aligncenter\" style=\"margin-right: 18px;\" src=\"\/cs\/wp-content\/uploads\/sites\/2\/2018\/02\/stale-expozice.png\" alt=\"St\u00e1l\u00e1 expozice\" \/><\/a> <a href=\"\/cs\/geoturistika\/naucne-stezky\/\"><img decoding=\"async\" class=\"size-full aligncenter\" style=\"margin-right: 18px;\" src=\"\/cs\/wp-content\/uploads\/sites\/2\/2018\/02\/naucne-stezky.png\" alt=\"Nau\u010dn\u00e9 stezky\" \/><\/a> <a href=\"\/cs\/geoturistika\/tipy-na-vylety\/\"><img decoding=\"async\" class=\"size-full aligncenter\" style=\"margin-right: 18px;\" src=\"\/cs\/wp-content\/uploads\/sites\/2\/2018\/02\/tipy-na-vylety.png\" alt=\"Tipy na v\u00fdlety\" \/><\/a> <a href=\"\/cs\/geoturistika\/geopruvodce\/\"><img decoding=\"async\" class=\"size-full aligncenter\" style=\"margin-right: 18px;\" src=\"\/cs\/wp-content\/uploads\/sites\/2\/2018\/02\/geopruvodce-on.png\" alt=\"Geopr\u016fvodce\" \/><\/a> <a href=\"\/cs\/geoturistika\/kde-se-to-tu-vzalo\/\"><img decoding=\"async\" class=\"size-full aligncenter\" style=\"margin-right: 18px;\" src=\"\/cs\/wp-content\/uploads\/sites\/2\/2018\/02\/kde-se-to-tu-vzalo.png\" alt=\"Kde se to tu vzalo\" \/><\/a><\/p>\n<\/div>\n<\/div>\n<\/div>\n<\/div>\n<\/div>\n<\/div>\n<\/div>\n<div id=\"cmsms_row_69d1ac6e26796\" class=\"cmsms_row cmsms_color_scheme_default\">\n<div class=\"cmsms_row_outer_parent\">\n<div class=\"cmsms_row_outer\">\n<div class=\"cmsms_row_inner\">\n<div class=\"cmsms_row_margin\">\n<div class=\"cmsms_column one_first\">\n<h2 id=\"cmsms_heading_69d1ac6e26856\" class=\"cmsms_heading\">Kde se to tu vzalo?<\/h2>\n<\/div>\n<\/div>\n<\/div>\n<\/div>\n<\/div>\n<\/div>\n<div id=\"cmsms_row_69d1ac6e26892\" class=\"cmsms_row cmsms_color_scheme_default\">\n<div class=\"cmsms_row_outer_parent\">\n<div class=\"cmsms_row_outer\">\n<div class=\"cmsms_row_inner\">\n<div class=\"cmsms_row_margin\">\n<div class=\"cmsms_column one_first\">\n<div id=\"cmsms_divider_69d1ac6e2694b\" class=\"cmsms_divider solid\"><\/div>\n<\/div>\n<\/div>\n<\/div>\n<\/div>\n<\/div>\n<\/div>\n<div id=\"cmsms_row_69d1ac6e26992\" class=\"cmsms_row cmsms_color_scheme_default\">\n<div class=\"cmsms_row_outer_parent\">\n<div class=\"cmsms_row_outer\">\n<div class=\"cmsms_row_inner\">\n<div class=\"cmsms_row_margin\">\n<div class=\"cmsms_column one_first\">\n<h3 id=\"cmsms_heading_69d1ac6e26a45\" class=\"cmsms_heading\">K\u0159emen<\/h3>\n<\/div>\n<\/div>\n<\/div>\n<\/div>\n<\/div>\n<\/div>\n<div id=\"cmsms_row_69d1ac6e26a7d\" class=\"cmsms_row cmsms_color_scheme_default\">\n<div class=\"cmsms_row_outer_parent\">\n<div class=\"cmsms_row_outer\">\n<div class=\"cmsms_row_inner\">\n<div class=\"cmsms_row_margin\">\n<div class=\"cmsms_column one_first\">\n<div id=\"cmsms_divider_69d1ac6e26b34\" class=\"cmsms_divider solid\"><\/div>\n<\/div>\n<\/div>\n<\/div>\n<\/div>\n<\/div>\n<\/div>\n<div id=\"cmsms_row_69d1ac6e26b7c\" class=\"cmsms_row cmsms_color_scheme_default\">\n<div class=\"cmsms_row_outer_parent\">\n<div class=\"cmsms_row_outer\">\n<div class=\"cmsms_row_inner\">\n<div class=\"cmsms_row_margin\">\n<div class=\"cmsms_column one_first\">\n<div class=\"cmsms_text nastred\">\n<h5><\/h5>\n<h5 style=\"text-align: center;\">V\u00a0rokli jsou k\u0159emeny?<\/h5>\n<p style=\"text-align: center;\">Ano, a nejen v\u00a0rokli. V\u00a0ned\u00e1vn\u00e9 dob\u011b byly v\u00a0okol\u00ed T\u0159emo\u0161nice a Hedvikovsk\u00e9 rokle nalezeny kr\u00e1sn\u00e9 krystaly k\u0159emene \u2013<br \/>\n\u010dasto decimetrov\u00e9 bloky s\u00a0des\u00edtkami a\u017e stovkami mal\u00fdch krystalk\u016f. Tento materi\u00e1l se\u00a0v\u0161ak nach\u00e1zel uvnit\u0159<br \/>\nN\u00e1rodn\u00ed p\u0159\u00edrodn\u00ed rezervace, kam je vstup zak\u00e1z\u00e1n. A proto byla lokalita vr\u00e1cena do p\u016fvodn\u00edho stavu<br \/>\na dnes u\u017e se tam \u017e\u00e1dn\u00e9 krystaly nenach\u00e1zej\u00ed. Respektujte tedy, pros\u00edm, tento z\u00e1kaz.<\/p>\n<h5><\/h5>\n<h5 style=\"text-align: center;\">A co to vlastn\u011b je?<\/h5>\n<p style=\"text-align: center;\">K\u0159emen je nejhojn\u011bj\u0161\u00ed miner\u00e1l, kter\u00fd na Zemi m\u00e1me. A velmi r\u00e1d tvo\u0159\u00ed krystaly. Podle barvy krystalu pak rozezn\u00e1v\u00e1me<br \/>\njednotliv\u00e9 druhy k\u0159emene: r\u016f\u017eov\u00fd r\u016f\u017een\u00edn, fialov\u00fd ametyst, pr\u016fhledn\u00fd k\u0159i\u0161\u0165\u00e1l, hn\u011bdou z\u00e1hn\u011bdu nebo \u010dern\u00fd morion.<br \/>\nK\u0159emen je tak\u00e9 d\u016fle\u017eit\u00fd v\u00a0pr\u016fmyslu. V\u017edy\u0165 se skrze n\u011bj ka\u017ed\u00fd den d\u00edv\u00e1te t\u0159eba z\u00a0okna.<\/p>\n<h5><\/h5>\n<h5 style=\"text-align: center;\">Kde se vzal v\u00a0\u017delezn\u00fdch hor\u00e1ch?<\/h5>\n<p style=\"text-align: center;\">D\u00edky sv\u00e9 hojnosti je velmi jednoduch\u00e9 naj\u00edt mal\u00e9 krystalky k\u0159emene t\u0159eba p\u0159i toulk\u00e1ch v\u00a0\u017deleznohorsk\u00fdch les\u00edch.<br \/>\nK\u00a0n\u00e1lezu v\u011bt\u0161\u00edch a t\u0159eba i n\u011bjak zbarven\u00fdch krystal\u016f je v\u0161ak u\u017e t\u0159eba zn\u00e1t trochu geologii anebo je pot\u0159eba<br \/>\nm\u00edt velk\u00e9 \u0161t\u011bst\u00ed. V\u00a0minulosti se krystaly k\u0159emene nach\u00e1zely v\u00a0okol\u00ed obce K\u0159emenice, d\u00e1le se daj\u00ed sb\u00edrat<br \/>\nna pol\u00edch kolem T\u0159emo\u0161nice nebo v\u00a0okol\u00ed B\u011bstviny.<\/p>\n<p>&nbsp;<\/p>\n<div id='gallery-1' class='gallery galleryid-2268 gallery-columns-3 gallery-size-square-thumb'><figure class='gallery-item'>\n\t\t\t<div class='gallery-icon landscape'>\n\t\t\t\t<a href='https:\/\/www.geoparkzh.cz\/cs\/wp-content\/uploads\/sites\/2\/2019\/01\/pyrit-na-k\u0159emenuIMGP8788-1.jpg'><img loading=\"lazy\" decoding=\"async\" width=\"250\" height=\"250\" src=\"https:\/\/www.geoparkzh.cz\/cs\/wp-content\/uploads\/sites\/2\/2019\/01\/pyrit-na-k\u0159emenuIMGP8788-1-250x250.jpg\" class=\"attachment-square-thumb size-square-thumb\" alt=\"\" srcset=\"https:\/\/www.geoparkzh.cz\/cs\/wp-content\/uploads\/sites\/2\/2019\/01\/pyrit-na-k\u0159emenuIMGP8788-1-250x250.jpg 250w, https:\/\/www.geoparkzh.cz\/cs\/wp-content\/uploads\/sites\/2\/2019\/01\/pyrit-na-k\u0159emenuIMGP8788-1-200x200.jpg 200w, https:\/\/www.geoparkzh.cz\/cs\/wp-content\/uploads\/sites\/2\/2019\/01\/pyrit-na-k\u0159emenuIMGP8788-1-55x55.jpg 55w\" sizes=\"(max-width: 250px) 100vw, 250px\" \/><\/a>\n\t\t\t<\/div><\/figure><figure class='gallery-item'>\n\t\t\t<div class='gallery-icon landscape'>\n\t\t\t\t<a href='https:\/\/www.geoparkzh.cz\/cs\/wp-content\/uploads\/sites\/2\/2019\/01\/k\u0159emen-a-rutilIMGP8667-1.jpg'><img loading=\"lazy\" decoding=\"async\" width=\"250\" height=\"250\" src=\"https:\/\/www.geoparkzh.cz\/cs\/wp-content\/uploads\/sites\/2\/2019\/01\/k\u0159emen-a-rutilIMGP8667-1-250x250.jpg\" class=\"attachment-square-thumb size-square-thumb\" alt=\"\" srcset=\"https:\/\/www.geoparkzh.cz\/cs\/wp-content\/uploads\/sites\/2\/2019\/01\/k\u0159emen-a-rutilIMGP8667-1-250x250.jpg 250w, https:\/\/www.geoparkzh.cz\/cs\/wp-content\/uploads\/sites\/2\/2019\/01\/k\u0159emen-a-rutilIMGP8667-1-200x200.jpg 200w, https:\/\/www.geoparkzh.cz\/cs\/wp-content\/uploads\/sites\/2\/2019\/01\/k\u0159emen-a-rutilIMGP8667-1-55x55.jpg 55w\" sizes=\"(max-width: 250px) 100vw, 250px\" \/><\/a>\n\t\t\t<\/div><\/figure><figure class='gallery-item'>\n\t\t\t<div class='gallery-icon landscape'>\n\t\t\t\t<a href='https:\/\/www.geoparkzh.cz\/cs\/wp-content\/uploads\/sites\/2\/2019\/01\/0069A.-k\u0159emen-B\u011bstvina-x-45-x-38-mm.jpg'><img loading=\"lazy\" decoding=\"async\" width=\"250\" height=\"250\" src=\"https:\/\/www.geoparkzh.cz\/cs\/wp-content\/uploads\/sites\/2\/2019\/01\/0069A.-k\u0159emen-B\u011bstvina-x-45-x-38-mm-250x250.jpg\" class=\"attachment-square-thumb size-square-thumb\" alt=\"\" srcset=\"https:\/\/www.geoparkzh.cz\/cs\/wp-content\/uploads\/sites\/2\/2019\/01\/0069A.-k\u0159emen-B\u011bstvina-x-45-x-38-mm-250x250.jpg 250w, https:\/\/www.geoparkzh.cz\/cs\/wp-content\/uploads\/sites\/2\/2019\/01\/0069A.-k\u0159emen-B\u011bstvina-x-45-x-38-mm-200x200.jpg 200w, https:\/\/www.geoparkzh.cz\/cs\/wp-content\/uploads\/sites\/2\/2019\/01\/0069A.-k\u0159emen-B\u011bstvina-x-45-x-38-mm-55x55.jpg 55w\" sizes=\"(max-width: 250px) 100vw, 250px\" \/><\/a>\n\t\t\t<\/div><\/figure><figure class='gallery-item'>\n\t\t\t<div class='gallery-icon landscape'>\n\t\t\t\t<a href='https:\/\/www.geoparkzh.cz\/cs\/wp-content\/uploads\/sites\/2\/2019\/01\/0060A.-ev.\u010d.-1199-FOV-70-mm-siderit-k\u0159emen-Chvaletice-1.jpg'><img loading=\"lazy\" decoding=\"async\" width=\"250\" height=\"250\" src=\"https:\/\/www.geoparkzh.cz\/cs\/wp-content\/uploads\/sites\/2\/2019\/01\/0060A.-ev.\u010d.-1199-FOV-70-mm-siderit-k\u0159emen-Chvaletice-1-250x250.jpg\" class=\"attachment-square-thumb size-square-thumb\" alt=\"\" srcset=\"https:\/\/www.geoparkzh.cz\/cs\/wp-content\/uploads\/sites\/2\/2019\/01\/0060A.-ev.\u010d.-1199-FOV-70-mm-siderit-k\u0159emen-Chvaletice-1-250x250.jpg 250w, https:\/\/www.geoparkzh.cz\/cs\/wp-content\/uploads\/sites\/2\/2019\/01\/0060A.-ev.\u010d.-1199-FOV-70-mm-siderit-k\u0159emen-Chvaletice-1-200x200.jpg 200w, https:\/\/www.geoparkzh.cz\/cs\/wp-content\/uploads\/sites\/2\/2019\/01\/0060A.-ev.\u010d.-1199-FOV-70-mm-siderit-k\u0159emen-Chvaletice-1-55x55.jpg 55w\" sizes=\"(max-width: 250px) 100vw, 250px\" \/><\/a>\n\t\t\t<\/div><\/figure><figure class='gallery-item'>\n\t\t\t<div class='gallery-icon landscape'>\n\t\t\t\t<a href='https:\/\/www.geoparkzh.cz\/cs\/wp-content\/uploads\/sites\/2\/2019\/01\/15_0026B.-k\u0159emen-B\u011bstvina-FOV-25-mm-1.jpg'><img loading=\"lazy\" decoding=\"async\" width=\"250\" height=\"250\" src=\"https:\/\/www.geoparkzh.cz\/cs\/wp-content\/uploads\/sites\/2\/2019\/01\/15_0026B.-k\u0159emen-B\u011bstvina-FOV-25-mm-1-250x250.jpg\" class=\"attachment-square-thumb size-square-thumb\" alt=\"\" srcset=\"https:\/\/www.geoparkzh.cz\/cs\/wp-content\/uploads\/sites\/2\/2019\/01\/15_0026B.-k\u0159emen-B\u011bstvina-FOV-25-mm-1-250x250.jpg 250w, https:\/\/www.geoparkzh.cz\/cs\/wp-content\/uploads\/sites\/2\/2019\/01\/15_0026B.-k\u0159emen-B\u011bstvina-FOV-25-mm-1-200x200.jpg 200w, https:\/\/www.geoparkzh.cz\/cs\/wp-content\/uploads\/sites\/2\/2019\/01\/15_0026B.-k\u0159emen-B\u011bstvina-FOV-25-mm-1-55x55.jpg 55w\" sizes=\"(max-width: 250px) 100vw, 250px\" \/><\/a>\n\t\t\t<\/div><\/figure><figure class='gallery-item'>\n\t\t\t<div class='gallery-icon landscape'>\n\t\t\t\t<a href='https:\/\/www.geoparkzh.cz\/cs\/wp-content\/uploads\/sites\/2\/2019\/01\/01B.-k\u0159emen-z\u00e1hn\u011bda-\u010c\u00edna-x-64-mm-1.jpg'><img loading=\"lazy\" decoding=\"async\" width=\"250\" height=\"250\" src=\"https:\/\/www.geoparkzh.cz\/cs\/wp-content\/uploads\/sites\/2\/2019\/01\/01B.-k\u0159emen-z\u00e1hn\u011bda-\u010c\u00edna-x-64-mm-1-250x250.jpg\" class=\"attachment-square-thumb size-square-thumb\" alt=\"\" srcset=\"https:\/\/www.geoparkzh.cz\/cs\/wp-content\/uploads\/sites\/2\/2019\/01\/01B.-k\u0159emen-z\u00e1hn\u011bda-\u010c\u00edna-x-64-mm-1-250x250.jpg 250w, https:\/\/www.geoparkzh.cz\/cs\/wp-content\/uploads\/sites\/2\/2019\/01\/01B.-k\u0159emen-z\u00e1hn\u011bda-\u010c\u00edna-x-64-mm-1-200x200.jpg 200w, https:\/\/www.geoparkzh.cz\/cs\/wp-content\/uploads\/sites\/2\/2019\/01\/01B.-k\u0159emen-z\u00e1hn\u011bda-\u010c\u00edna-x-64-mm-1-55x55.jpg 55w\" sizes=\"(max-width: 250px) 100vw, 250px\" \/><\/a>\n\t\t\t<\/div><\/figure>\n\t\t<\/div>\n<\/div>\n<\/div>\n<\/div>\n<\/div>\n<\/div>\n<\/div>\n<\/div>\n<div id=\"cmsms_row_69d1ac6e29032\" class=\"cmsms_row cmsms_color_scheme_default\">\n<div class=\"cmsms_row_outer_parent\">\n<div class=\"cmsms_row_outer\">\n<div class=\"cmsms_row_inner\">\n<div class=\"cmsms_row_margin\">\n<div class=\"cmsms_column one_first\">\n<div id=\"cmsms_divider_69d1ac6e2912c\" class=\"cmsms_divider solid\"><\/div>\n<\/div>\n<\/div>\n<\/div>\n<\/div>\n<\/div>\n<\/div>\n<div id=\"cmsms_row_69d1ac6e2917b\" class=\"cmsms_row cmsms_color_scheme_default\">\n<div class=\"cmsms_row_outer_parent\">\n<div class=\"cmsms_row_outer\">\n<div class=\"cmsms_row_inner\">\n<div class=\"cmsms_row_margin\">\n<div class=\"cmsms_column one_first\">\n<h3 id=\"cmsms_heading_69d1ac6e29244\" class=\"cmsms_heading\">Quartz<\/h3>\n<\/div>\n<\/div>\n<\/div>\n<\/div>\n<\/div>\n<\/div>\n<div id=\"cmsms_row_69d1ac6e29284\" class=\"cmsms_row cmsms_color_scheme_default\">\n<div class=\"cmsms_row_outer_parent\">\n<div class=\"cmsms_row_outer\">\n<div class=\"cmsms_row_inner\">\n<div class=\"cmsms_row_margin\">\n<div class=\"cmsms_column one_first\">\n<div id=\"cmsms_divider_69d1ac6e29349\" class=\"cmsms_divider solid\"><\/div>\n<\/div>\n<\/div>\n<\/div>\n<\/div>\n<\/div>\n<\/div>\n<div id=\"cmsms_row_69d1ac6e29396\" class=\"cmsms_row cmsms_color_scheme_default\">\n<div class=\"cmsms_row_outer_parent\">\n<div class=\"cmsms_row_outer\">\n<div class=\"cmsms_row_inner\">\n<div class=\"cmsms_row_margin\">\n<div class=\"cmsms_column one_first\">\n<div class=\"cmsms_text nastred\">\n<h5><\/h5>\n<h5 style=\"text-align: center;\">Is there quartz in the gorge?<\/h5>\n<p style=\"text-align: center;\">Yes, and not just in the gorge. Recently, beautiful quartz crystals \u2013 often several inches,<br \/>\nwith tens to hundreds of small crystals \u2013 have been found around T\u0159emo\u0161nice and the Hedvika gorge.<br \/>\nThis material was found inside the National Nature Reserve, where the entry is prohibited. No crystals can be found<br \/>\nthere anymore. Please respect this.<\/p>\n<h5><\/h5>\n<h5 style=\"text-align: center;\">What is it exactly?<\/h5>\n<p style=\"text-align: center;\">Quartz is the most abundant mineral to be found on Earth. And it really likes to form crystals.<br \/>\nDepending on the color, we can distinguish individual types of quartz: pink rose quartz, purple amethyst, transparent crystal,<br \/>\nbrown smoky quartz or black morion. Quartz is also an important material for industry.<br \/>\nAfter all, you are looking through it when you look through the window.<\/p>\n<h5><\/h5>\n<h5 style=\"text-align: center;\">How did it get to the Iron Mountains?<\/h5>\n<p style=\"text-align: center;\">Due to its abundance it is very easy to find small quartz crystals, for example, when wandering<br \/>\nin the Iron Mountain forests. However, it is necessary to know a bit of geology to find larger and even some colored<br \/>\ncrystals if you are very lucky. In the past, quartz crystals were found around the village of K\u0159emenice and are still found<br \/>\nin the fields around T\u0159emo\u0161nice and B\u011bstvina.<\/p>\n<\/div>\n<\/div>\n<\/div>\n<\/div>\n<\/div>\n<\/div>\n<\/div>\n<div id=\"cmsms_row_69d1ac6e295d6\" class=\"cmsms_row cmsms_color_scheme_default\">\n<div class=\"cmsms_row_outer_parent\">\n<div class=\"cmsms_row_outer\">\n<div class=\"cmsms_row_inner\">\n<div class=\"cmsms_row_margin\">\n<div class=\"cmsms_column one_first\">\n<div id=\"cmsms_divider_69d1ac6e2969a\" class=\"cmsms_divider solid\"><\/div>\n<\/div>\n<\/div>\n<\/div>\n<\/div>\n<\/div>\n<\/div>\n<div id=\"cmsms_row_69d1ac6e296e7\" class=\"cmsms_row cmsms_color_scheme_default\">\n<div class=\"cmsms_row_outer_parent\">\n<div class=\"cmsms_row_outer\">\n<div class=\"cmsms_row_inner\">\n<div class=\"cmsms_row_margin\">\n<div class=\"cmsms_column one_first\">\n<div class=\"cmsms_text nastred\">\n<p style=\"text-align: center;\">\n<p style=\"text-align: center; font-size: 12px;\">Projekt je spolufinancov\u00e1n fondy Evropsk\u00e9 unie (ERDF, IPA).<br \/>\n<a href=\"http:\/\/www.interreg-danube.eu\" target=\"_blank\" rel=\"noopener\">www.interreg-danube.eu<\/a><\/p>\n<p><img decoding=\"async\" class=\"aligncenter size-full wp-image-2253\" src=\"https:\/\/www.geoparkzh.cz\/cs\/wp-content\/uploads\/sites\/2\/2018\/12\/Logo_Interreg.jpg\" alt=\"Logo Interreg\" \/><\/p>\n<\/div>\n<\/div>\n<\/div>\n<\/div>\n<\/div>\n<\/div>\n<\/div>\n\n","protected":false},"excerpt":{"rendered":"","protected":false},"author":1,"featured_media":0,"parent":2238,"menu_order":4,"comment_status":"closed","ping_status":"closed","template":"","meta":{"footnotes":""},"class_list":["post-2268","page","type-page","status-publish","hentry"],"_links":{"self":[{"href":"https:\/\/www.geoparkzh.cz\/cs\/wp-json\/wp\/v2\/pages\/2268"}],"collection":[{"href":"https:\/\/www.geoparkzh.cz\/cs\/wp-json\/wp\/v2\/pages"}],"about":[{"href":"https:\/\/www.geoparkzh.cz\/cs\/wp-json\/wp\/v2\/types\/page"}],"author":[{"embeddable":true,"href":"https:\/\/www.geoparkzh.cz\/cs\/wp-json\/wp\/v2\/users\/1"}],"replies":[{"embeddable":true,"href":"https:\/\/www.geoparkzh.cz\/cs\/wp-json\/wp\/v2\/comments?post=2268"}],"version-history":[{"count":8,"href":"https:\/\/www.geoparkzh.cz\/cs\/wp-json\/wp\/v2\/pages\/2268\/revisions"}],"predecessor-version":[{"id":2567,"href":"https:\/\/www.geoparkzh.cz\/cs\/wp-json\/wp\/v2\/pages\/2268\/revisions\/2567"}],"up":[{"embeddable":true,"href":"https:\/\/www.geoparkzh.cz\/cs\/wp-json\/wp\/v2\/pages\/2238"}],"wp:attachment":[{"href":"https:\/\/www.geoparkzh.cz\/cs\/wp-json\/wp\/v2\/media?parent=2268"}],"curies":[{"name":"wp","href":"https:\/\/api.w.org\/{rel}","templated":true}]}}