{"id":2263,"date":"2018-12-19T10:11:36","date_gmt":"2018-12-19T09:11:36","guid":{"rendered":"https:\/\/www.geoparkzh.cz\/cs\/?page_id=2263"},"modified":"2019-07-24T13:03:05","modified_gmt":"2019-07-24T11:03:05","slug":"graptolit","status":"publish","type":"page","link":"https:\/\/www.geoparkzh.cz\/cs\/geoturistika\/kde-se-to-tu-vzalo\/graptolit\/","title":{"rendered":"Graptolit"},"content":{"rendered":"<style type=\"text\/css\"> \n#cmsms_row_69f35331573fc .cmsms_row_outer_parent { \n\tpadding-top: 50px; \n} \n\n#cmsms_row_69f35331573fc .cmsms_row_outer_parent { \n\tpadding-bottom: 0px; \n} \n\n \n#cmsms_row_69f35331575cc .cmsms_row_outer_parent { \n\tpadding-top: 0px; \n} \n\n#cmsms_row_69f35331575cc .cmsms_row_outer_parent { \n\tpadding-bottom: 20px; \n} \n\n \n#cmsms_divider_69f35331576bd { \n\tpadding-top:0px; \n\tmargin-bottom:10px; \n} \n \n#cmsms_row_69f3533157750 .cmsms_row_outer_parent { \n\tpadding-top: 0px; \n} \n\n#cmsms_row_69f3533157750 .cmsms_row_outer_parent { \n\tpadding-bottom: 50px; \n} \n\n \n#cmsms_row_69f3533157959 .cmsms_row_outer_parent { \n\tpadding-top: 0px; \n} \n\n#cmsms_row_69f3533157959 .cmsms_row_outer_parent { \n\tpadding-bottom: 10px; \n} \n\n \n#cmsms_heading_69f3533157a3d, #cmsms_heading_69f3533157a3d a { \n\ttext-align:center; \n\tfont-weight:400; \n\tfont-style:normal; \n\tmargin-top:0px; \n\tmargin-bottom:20px; \n} \n \n#cmsms_row_69f3533157a95 .cmsms_row_outer_parent { \n\tpadding-top: 0px; \n} \n\n#cmsms_row_69f3533157a95 .cmsms_row_outer_parent { \n\tpadding-bottom: 20px; \n} \n\n \n#cmsms_divider_69f3533157b91 { \n\tpadding-top:0px; \n\tmargin-bottom:0px; \n} \n \n#cmsms_row_69f3533157c12 .cmsms_row_outer_parent { \n\tpadding-top: 0px; \n} \n\n#cmsms_row_69f3533157c12 .cmsms_row_outer_parent { \n\tpadding-bottom: 10px; \n} \n\n \n#cmsms_heading_69f3533157cf9, #cmsms_heading_69f3533157cf9 a { \n\ttext-align:center; \n\tfont-weight:400; \n\tfont-style:normal; \n\tmargin-top:0px; \n\tmargin-bottom:20px; \n} \n \n#cmsms_row_69f3533157d4b .cmsms_row_outer_parent { \n\tpadding-top: 0px; \n} \n\n#cmsms_row_69f3533157d4b .cmsms_row_outer_parent { \n\tpadding-bottom: 20px; \n} \n\n \n#cmsms_divider_69f3533157e25 { \n\tpadding-top:0px; \n\tmargin-bottom:0px; \n} \n \n#cmsms_row_69f3533157e9e .cmsms_row_outer_parent { \n\tpadding-top: 0px; \n} \n\n#cmsms_row_69f3533157e9e .cmsms_row_outer_parent { \n\tpadding-bottom: 50px; \n} \n\n \n#cmsms_row_69f353315a4eb .cmsms_row_outer_parent { \n\tpadding-top: 0px; \n} \n\n#cmsms_row_69f353315a4eb .cmsms_row_outer_parent { \n\tpadding-bottom: 20px; \n} \n\n \n#cmsms_divider_69f353315a631 { \n\tpadding-top:0px; \n\tmargin-bottom:0px; \n} \n \n#cmsms_row_69f353315a6c3 .cmsms_row_outer_parent { \n\tpadding-top: 0px; \n} \n\n#cmsms_row_69f353315a6c3 .cmsms_row_outer_parent { \n\tpadding-bottom: 10px; \n} \n\n \n#cmsms_heading_69f353315a7c3, #cmsms_heading_69f353315a7c3 a { \n\ttext-align:center; \n\tfont-weight:400; \n\tfont-style:normal; \n\tmargin-top:0px; \n\tmargin-bottom:20px; \n} \n \n#cmsms_row_69f353315a824 .cmsms_row_outer_parent { \n\tpadding-top: 0px; \n} \n\n#cmsms_row_69f353315a824 .cmsms_row_outer_parent { \n\tpadding-bottom: 20px; \n} \n\n \n#cmsms_divider_69f353315a91d { \n\tpadding-top:0px; \n\tmargin-bottom:0px; \n} \n \n#cmsms_row_69f353315a98d .cmsms_row_outer_parent { \n\tpadding-top: 0px; \n} \n\n#cmsms_row_69f353315a98d .cmsms_row_outer_parent { \n\tpadding-bottom: 50px; \n} \n\n \n#cmsms_row_69f353315ac00 .cmsms_row_outer_parent { \n\tpadding-top: 0px; \n} \n\n#cmsms_row_69f353315ac00 .cmsms_row_outer_parent { \n\tpadding-bottom: 20px; \n} \n\n \n#cmsms_divider_69f353315acff { \n\tpadding-top:0px; \n\tmargin-bottom:0px; \n} \n \n#cmsms_row_69f353315ad6c .cmsms_row_outer_parent { \n\tpadding-top: 0px; \n} \n\n#cmsms_row_69f353315ad6c .cmsms_row_outer_parent { \n\tpadding-bottom: 50px; \n} \n\n<\/style><div id=\"cmsms_row_69f35331573fc\" class=\"cmsms_row cmsms_color_scheme_default\">\n<div class=\"cmsms_row_outer_parent\">\n<div class=\"cmsms_row_outer\">\n<div class=\"cmsms_row_inner\">\n<div class=\"cmsms_row_margin\">\n<div class=\"cmsms_column one_first\">\n<div class=\"cmsms_text\">\n<h1 style=\"text-align: center;\"><span style=\"color: #925683;\">Geopark<\/span><span style=\"color: #000;\"> &#8211; Geoturistika<\/span><\/h1>\n<\/div>\n<\/div>\n<\/div>\n<\/div>\n<\/div>\n<\/div>\n<\/div>\n<div id=\"cmsms_row_69f35331575cc\" class=\"cmsms_row cmsms_color_scheme_default\">\n<div class=\"cmsms_row_outer_parent\">\n<div class=\"cmsms_row_outer\">\n<div class=\"cmsms_row_inner\">\n<div class=\"cmsms_row_margin\">\n<div class=\"cmsms_column one_first\">\n<div id=\"cmsms_divider_69f35331576bd\" class=\"cmsms_divider solid\"><\/div>\n<\/div>\n<\/div>\n<\/div>\n<\/div>\n<\/div>\n<\/div>\n<div id=\"cmsms_row_69f3533157750\" class=\"cmsms_row cmsms_color_scheme_default\">\n<div class=\"cmsms_row_outer_parent\">\n<div class=\"cmsms_row_outer\">\n<div class=\"cmsms_row_inner\">\n<div class=\"cmsms_row_margin\">\n<div class=\"cmsms_column one_first\">\n<div class=\"cmsms_text nastred\">\n<p>&nbsp;<\/p>\n<p><a href=\"\/cs\/geoturistika\/informacni-centra\/\"><img decoding=\"async\" class=\"size-full aligncenter\" style=\"margin-right: 18px;\" src=\"\/cs\/wp-content\/uploads\/sites\/2\/2018\/02\/informacni-centra.png\" alt=\"Informa\u010dn\u00ed centra\" \/><\/a> <a href=\"\/cs\/geoturistika\/stale-expozice\/\"><img decoding=\"async\" class=\"size-full aligncenter\" style=\"margin-right: 18px;\" src=\"\/cs\/wp-content\/uploads\/sites\/2\/2018\/02\/stale-expozice.png\" alt=\"St\u00e1l\u00e1 expozice\" \/><\/a> <a href=\"\/cs\/geoturistika\/naucne-stezky\/\"><img decoding=\"async\" class=\"size-full aligncenter\" style=\"margin-right: 18px;\" src=\"\/cs\/wp-content\/uploads\/sites\/2\/2018\/02\/naucne-stezky.png\" alt=\"Nau\u010dn\u00e9 stezky\" \/><\/a> <a href=\"\/cs\/geoturistika\/tipy-na-vylety\/\"><img decoding=\"async\" class=\"size-full aligncenter\" style=\"margin-right: 18px;\" src=\"\/cs\/wp-content\/uploads\/sites\/2\/2018\/02\/tipy-na-vylety.png\" alt=\"Tipy na v\u00fdlety\" \/><\/a> <a href=\"\/cs\/geoturistika\/geopruvodce\/\"><img decoding=\"async\" class=\"size-full aligncenter\" style=\"margin-right: 18px;\" src=\"\/cs\/wp-content\/uploads\/sites\/2\/2018\/02\/geopruvodce-on.png\" alt=\"Geopr\u016fvodce\" \/><\/a> <a href=\"\/cs\/geoturistika\/kde-se-to-tu-vzalo\/\"><img decoding=\"async\" class=\"size-full aligncenter\" style=\"margin-right: 18px;\" src=\"\/cs\/wp-content\/uploads\/sites\/2\/2018\/02\/kde-se-to-tu-vzalo.png\" alt=\"Kde se to tu vzalo\" \/><\/a><\/p>\n<\/div>\n<\/div>\n<\/div>\n<\/div>\n<\/div>\n<\/div>\n<\/div>\n<div id=\"cmsms_row_69f3533157959\" class=\"cmsms_row cmsms_color_scheme_default\">\n<div class=\"cmsms_row_outer_parent\">\n<div class=\"cmsms_row_outer\">\n<div class=\"cmsms_row_inner\">\n<div class=\"cmsms_row_margin\">\n<div class=\"cmsms_column one_first\">\n<h2 id=\"cmsms_heading_69f3533157a3d\" class=\"cmsms_heading\">Kde se to tu vzalo?<\/h2>\n<\/div>\n<\/div>\n<\/div>\n<\/div>\n<\/div>\n<\/div>\n<div id=\"cmsms_row_69f3533157a95\" class=\"cmsms_row cmsms_color_scheme_default\">\n<div class=\"cmsms_row_outer_parent\">\n<div class=\"cmsms_row_outer\">\n<div class=\"cmsms_row_inner\">\n<div class=\"cmsms_row_margin\">\n<div class=\"cmsms_column one_first\">\n<div id=\"cmsms_divider_69f3533157b91\" class=\"cmsms_divider solid\"><\/div>\n<\/div>\n<\/div>\n<\/div>\n<\/div>\n<\/div>\n<\/div>\n<div id=\"cmsms_row_69f3533157c12\" class=\"cmsms_row cmsms_color_scheme_default\">\n<div class=\"cmsms_row_outer_parent\">\n<div class=\"cmsms_row_outer\">\n<div class=\"cmsms_row_inner\">\n<div class=\"cmsms_row_margin\">\n<div class=\"cmsms_column one_first\">\n<h3 id=\"cmsms_heading_69f3533157cf9\" class=\"cmsms_heading\">Graptolit<\/h3>\n<\/div>\n<\/div>\n<\/div>\n<\/div>\n<\/div>\n<\/div>\n<div id=\"cmsms_row_69f3533157d4b\" class=\"cmsms_row cmsms_color_scheme_default\">\n<div class=\"cmsms_row_outer_parent\">\n<div class=\"cmsms_row_outer\">\n<div class=\"cmsms_row_inner\">\n<div class=\"cmsms_row_margin\">\n<div class=\"cmsms_column one_first\">\n<div id=\"cmsms_divider_69f3533157e25\" class=\"cmsms_divider solid\"><\/div>\n<\/div>\n<\/div>\n<\/div>\n<\/div>\n<\/div>\n<\/div>\n<div id=\"cmsms_row_69f3533157e9e\" class=\"cmsms_row cmsms_color_scheme_default\">\n<div class=\"cmsms_row_outer_parent\">\n<div class=\"cmsms_row_outer\">\n<div class=\"cmsms_row_inner\">\n<div class=\"cmsms_row_margin\">\n<div class=\"cmsms_column one_first\">\n<div class=\"cmsms_text nastred\">\n<h3><\/h3>\n<h5 style=\"text-align: center;\">Popsan\u00fd k\u00e1men?<\/h5>\n<p style=\"text-align: center;\">Poj\u010fme si te\u010f p\u0159elo\u017eit, co to vlastn\u011b slovo graptolit znamen\u00e1. Prvn\u00ed \u010d\u00e1st slova je odvozena z\u00a0\u0159eck\u00e9ho slova \u201egrafein\u201c, a to znamen\u00e1 \u201eps\u00e1t\u201c.<br \/>\nDruh\u00e1 \u010d\u00e1st je pak z\u00a0\u0159eck\u00e9ho \u201elithos\u201c a p\u0159ekl\u00e1d\u00e1 se jako \u201ek\u00e1men\u201c. Dohromady tedy \u201epopsan\u00fd k\u00e1men\u201c. A skute\u010dn\u011b: kdy\u017e si vezmete do ruky<br \/>\nn\u011bjak\u00fd vzorek s\u00a0graptolity, je to v\u011bt\u0161inou \u010dern\u00e1 b\u0159idlice, kter\u00e1 vypad\u00e1, jak kdyby j\u00ed n\u011bkdo popsal oby\u010dejnou tu\u017ekou.<\/p>\n<h3><\/h3>\n<h5 style=\"text-align: center;\">A co to vlastn\u011b je?<\/h5>\n<p style=\"text-align: center;\">Graptoliti jsou vyhynulou skupinou mo\u0159sk\u00fdch organism\u016f, kter\u00e9 za\u017eily sv\u016fj rozvoj ve spodn\u00edch prvohor\u00e1ch.<br \/>\nP\u0159i pohledu na zkamen\u011bl\u00e9ho graptolita se v\u00e1m m\u016f\u017ee zd\u00e1t, \u017ee se jedn\u00e1 o jednoho jedince. Ve skute\u010dnosti je to v\u0161ak jedna<br \/>\nvelk\u00e1 kolonie hned n\u011bkolika organism\u016f. Ka\u017ed\u00fd jedinec m\u011bl v\u00a0kolonii na starost jednu konkr\u00e9tn\u00ed v\u011bc, t\u0159eba pohyb,<br \/>\nob\u017eivu \u010di rozmno\u017eov\u00e1n\u00ed. Tak\u017ee je m\u016f\u017eeme trochu p\u0159irovnat \u00a0k sou\u010dasn\u00fdm v\u010del\u00e1m.<\/p>\n<h4><\/h4>\n<h5 style=\"text-align: center;\">Kde se vzali v\u00a0\u017delezn\u00fdch hor\u00e1ch?<\/h5>\n<p style=\"text-align: center;\">Prvohorn\u00edch usazenin mo\u0159sk\u00e9ho p\u016fvodu jsou v\u00a0\u017delezn\u00fdch hor\u00e1ch cel\u00e9 hory, ale graptolit\u016f je jen velmi m\u00e1lo.<br \/>\nPrastar\u00e9 n\u00e1lezy jsou popisov\u00e1ny z\u00a0okol\u00ed Prachovic, kde byl dokonce v\u00a0roce 2000 u\u010din\u011bn n\u00e1lez jedn\u00e9 kolonie.<br \/>\nMnohem bohat\u0161\u00ed jsou pole z\u00e1padn\u011b od Mr\u00e1kot\u00edna. Zdej\u0161\u00ed \u010dern\u00e9 b\u0159idlice v\u00a0sob\u011b ukr\u00fdvaj\u00ed celou \u0159adu graptolit\u016f<br \/>\nr\u016fzn\u00fdch tvar\u016f. Nejl\u00e9pe jsou vid\u011bt po de\u0161ti.<\/p>\n<p>&nbsp;<\/p>\n<div id='gallery-1' class='gallery galleryid-2263 gallery-columns-3 gallery-size-square-thumb'><figure class='gallery-item'>\n\t\t\t<div class='gallery-icon portrait'>\n\t\t\t\t<a href='https:\/\/www.geoparkzh.cz\/cs\/wp-content\/uploads\/sites\/2\/2019\/01\/Graptoliti-IMGP9443.jpg'><img loading=\"lazy\" decoding=\"async\" width=\"250\" height=\"250\" src=\"https:\/\/www.geoparkzh.cz\/cs\/wp-content\/uploads\/sites\/2\/2019\/01\/Graptoliti-IMGP9443-250x250.jpg\" class=\"attachment-square-thumb size-square-thumb\" alt=\"\" srcset=\"https:\/\/www.geoparkzh.cz\/cs\/wp-content\/uploads\/sites\/2\/2019\/01\/Graptoliti-IMGP9443-250x250.jpg 250w, https:\/\/www.geoparkzh.cz\/cs\/wp-content\/uploads\/sites\/2\/2019\/01\/Graptoliti-IMGP9443-200x200.jpg 200w, https:\/\/www.geoparkzh.cz\/cs\/wp-content\/uploads\/sites\/2\/2019\/01\/Graptoliti-IMGP9443-55x55.jpg 55w\" sizes=\"(max-width: 250px) 100vw, 250px\" \/><\/a>\n\t\t\t<\/div><\/figure><figure class='gallery-item'>\n\t\t\t<div class='gallery-icon portrait'>\n\t\t\t\t<a href='https:\/\/www.geoparkzh.cz\/cs\/wp-content\/uploads\/sites\/2\/2019\/01\/Graptoliti-IMGP9446.jpg'><img loading=\"lazy\" decoding=\"async\" width=\"250\" height=\"250\" src=\"https:\/\/www.geoparkzh.cz\/cs\/wp-content\/uploads\/sites\/2\/2019\/01\/Graptoliti-IMGP9446-250x250.jpg\" class=\"attachment-square-thumb size-square-thumb\" alt=\"\" srcset=\"https:\/\/www.geoparkzh.cz\/cs\/wp-content\/uploads\/sites\/2\/2019\/01\/Graptoliti-IMGP9446-250x250.jpg 250w, https:\/\/www.geoparkzh.cz\/cs\/wp-content\/uploads\/sites\/2\/2019\/01\/Graptoliti-IMGP9446-200x200.jpg 200w, https:\/\/www.geoparkzh.cz\/cs\/wp-content\/uploads\/sites\/2\/2019\/01\/Graptoliti-IMGP9446-55x55.jpg 55w\" sizes=\"(max-width: 250px) 100vw, 250px\" \/><\/a>\n\t\t\t<\/div><\/figure><figure class='gallery-item'>\n\t\t\t<div class='gallery-icon portrait'>\n\t\t\t\t<a href='https:\/\/www.geoparkzh.cz\/cs\/wp-content\/uploads\/sites\/2\/2019\/01\/Graptoliti-IMGP9447.jpg'><img loading=\"lazy\" decoding=\"async\" width=\"250\" height=\"250\" src=\"https:\/\/www.geoparkzh.cz\/cs\/wp-content\/uploads\/sites\/2\/2019\/01\/Graptoliti-IMGP9447-250x250.jpg\" class=\"attachment-square-thumb size-square-thumb\" alt=\"\" srcset=\"https:\/\/www.geoparkzh.cz\/cs\/wp-content\/uploads\/sites\/2\/2019\/01\/Graptoliti-IMGP9447-250x250.jpg 250w, https:\/\/www.geoparkzh.cz\/cs\/wp-content\/uploads\/sites\/2\/2019\/01\/Graptoliti-IMGP9447-200x200.jpg 200w, https:\/\/www.geoparkzh.cz\/cs\/wp-content\/uploads\/sites\/2\/2019\/01\/Graptoliti-IMGP9447-55x55.jpg 55w\" sizes=\"(max-width: 250px) 100vw, 250px\" \/><\/a>\n\t\t\t<\/div><\/figure><figure class='gallery-item'>\n\t\t\t<div class='gallery-icon portrait'>\n\t\t\t\t<a href='https:\/\/www.geoparkzh.cz\/cs\/wp-content\/uploads\/sites\/2\/2019\/01\/Graptolithina.jpg'><img loading=\"lazy\" decoding=\"async\" width=\"250\" height=\"250\" src=\"https:\/\/www.geoparkzh.cz\/cs\/wp-content\/uploads\/sites\/2\/2019\/01\/Graptolithina-250x250.jpg\" class=\"attachment-square-thumb size-square-thumb\" alt=\"\" srcset=\"https:\/\/www.geoparkzh.cz\/cs\/wp-content\/uploads\/sites\/2\/2019\/01\/Graptolithina-250x250.jpg 250w, https:\/\/www.geoparkzh.cz\/cs\/wp-content\/uploads\/sites\/2\/2019\/01\/Graptolithina-200x200.jpg 200w, https:\/\/www.geoparkzh.cz\/cs\/wp-content\/uploads\/sites\/2\/2019\/01\/Graptolithina-55x55.jpg 55w\" sizes=\"(max-width: 250px) 100vw, 250px\" \/><\/a>\n\t\t\t<\/div><\/figure><figure class='gallery-item'>\n\t\t\t<div class='gallery-icon landscape'>\n\t\t\t\t<a href='https:\/\/www.geoparkzh.cz\/cs\/wp-content\/uploads\/sites\/2\/2019\/01\/Graptoliti_HOTOVO.jpg'><img loading=\"lazy\" decoding=\"async\" width=\"250\" height=\"250\" src=\"https:\/\/www.geoparkzh.cz\/cs\/wp-content\/uploads\/sites\/2\/2019\/01\/Graptoliti_HOTOVO-250x250.jpg\" class=\"attachment-square-thumb size-square-thumb\" alt=\"\" srcset=\"https:\/\/www.geoparkzh.cz\/cs\/wp-content\/uploads\/sites\/2\/2019\/01\/Graptoliti_HOTOVO-250x250.jpg 250w, https:\/\/www.geoparkzh.cz\/cs\/wp-content\/uploads\/sites\/2\/2019\/01\/Graptoliti_HOTOVO-200x200.jpg 200w, https:\/\/www.geoparkzh.cz\/cs\/wp-content\/uploads\/sites\/2\/2019\/01\/Graptoliti_HOTOVO-55x55.jpg 55w\" sizes=\"(max-width: 250px) 100vw, 250px\" \/><\/a>\n\t\t\t<\/div><\/figure><figure class='gallery-item'>\n\t\t\t<div class='gallery-icon landscape'>\n\t\t\t\t<a href='https:\/\/www.geoparkzh.cz\/cs\/wp-content\/uploads\/sites\/2\/2019\/01\/Graptoliti-IMGP9441.jpg'><img loading=\"lazy\" decoding=\"async\" width=\"250\" height=\"250\" src=\"https:\/\/www.geoparkzh.cz\/cs\/wp-content\/uploads\/sites\/2\/2019\/01\/Graptoliti-IMGP9441-250x250.jpg\" class=\"attachment-square-thumb size-square-thumb\" alt=\"\" srcset=\"https:\/\/www.geoparkzh.cz\/cs\/wp-content\/uploads\/sites\/2\/2019\/01\/Graptoliti-IMGP9441-250x250.jpg 250w, https:\/\/www.geoparkzh.cz\/cs\/wp-content\/uploads\/sites\/2\/2019\/01\/Graptoliti-IMGP9441-200x200.jpg 200w, https:\/\/www.geoparkzh.cz\/cs\/wp-content\/uploads\/sites\/2\/2019\/01\/Graptoliti-IMGP9441-55x55.jpg 55w\" sizes=\"(max-width: 250px) 100vw, 250px\" \/><\/a>\n\t\t\t<\/div><\/figure>\n\t\t<\/div>\n<\/div>\n<\/div>\n<\/div>\n<\/div>\n<\/div>\n<\/div>\n<\/div>\n<div id=\"cmsms_row_69f353315a4eb\" class=\"cmsms_row cmsms_color_scheme_default\">\n<div class=\"cmsms_row_outer_parent\">\n<div class=\"cmsms_row_outer\">\n<div class=\"cmsms_row_inner\">\n<div class=\"cmsms_row_margin\">\n<div class=\"cmsms_column one_first\">\n<div id=\"cmsms_divider_69f353315a631\" class=\"cmsms_divider solid\"><\/div>\n<\/div>\n<\/div>\n<\/div>\n<\/div>\n<\/div>\n<\/div>\n<div id=\"cmsms_row_69f353315a6c3\" class=\"cmsms_row cmsms_color_scheme_default\">\n<div class=\"cmsms_row_outer_parent\">\n<div class=\"cmsms_row_outer\">\n<div class=\"cmsms_row_inner\">\n<div class=\"cmsms_row_margin\">\n<div class=\"cmsms_column one_first\">\n<h3 id=\"cmsms_heading_69f353315a7c3\" class=\"cmsms_heading\">Graptolit<\/h3>\n<\/div>\n<\/div>\n<\/div>\n<\/div>\n<\/div>\n<\/div>\n<div id=\"cmsms_row_69f353315a824\" class=\"cmsms_row cmsms_color_scheme_default\">\n<div class=\"cmsms_row_outer_parent\">\n<div class=\"cmsms_row_outer\">\n<div class=\"cmsms_row_inner\">\n<div class=\"cmsms_row_margin\">\n<div class=\"cmsms_column one_first\">\n<div id=\"cmsms_divider_69f353315a91d\" class=\"cmsms_divider solid\"><\/div>\n<\/div>\n<\/div>\n<\/div>\n<\/div>\n<\/div>\n<\/div>\n<div id=\"cmsms_row_69f353315a98d\" class=\"cmsms_row cmsms_color_scheme_default\">\n<div class=\"cmsms_row_outer_parent\">\n<div class=\"cmsms_row_outer\">\n<div class=\"cmsms_row_inner\">\n<div class=\"cmsms_row_margin\">\n<div class=\"cmsms_column one_first\">\n<div class=\"cmsms_text nastred\">\n<h5><\/h5>\n<h5 style=\"text-align: center;\">A written-on stone?<\/h5>\n<p style=\"text-align: center;\">Let&#8217;s now have a look at the actual translation of the word \u201cgraptolite\u201d. The first part of the word is derived from<br \/>\nthe Greek word &#8222;grafein&#8220;, which means &#8222;to write&#8220;. The second part is from the Greek word \u201clithos\u201d, which translates as &#8222;stone&#8220;.<br \/>\nTogether, the \u201cwritten stone&#8220;. And indeed, when you take a graptolite sample in your hand, it is usually a black slate,<br \/>\nwhich looks as if someone has scribbled all over it with a pencil.<\/p>\n<h4><\/h4>\n<h5 style=\"text-align: center;\">What is it exactly?<\/h5>\n<p style=\"text-align: center;\">Graptolites are an extinct group of marine organisms that experienced their greatest boom during the Lower Paleozoic.<br \/>\nIf you look at a fossilized graptolite it may look like a single organism. In fact, however, it is a large colony<br \/>\nof several organisms. Each individual would be in charge of one particular task in the colony, such as movement,<br \/>\nlivelihood or reproduction. They can be compared to today\u2019s bees.<\/p>\n<h5><\/h5>\n<h5 style=\"text-align: center;\">How did they get to the Iron Mountains?<\/h5>\n<p style=\"text-align: center;\">There are literally marine origin mountains in the Iron Mountains, but there are very few graptolites.<br \/>\nAncient findings are recorded around Prachovice, where in 2000 an entire colony was discovered.<br \/>\nBut much richer are the fields west of Mr\u00e1kot\u00edn. The local black slates hide a variety of<br \/>\ngraptolites of various shapes. They are best seen after rain.<\/p>\n<\/div>\n<\/div>\n<\/div>\n<\/div>\n<\/div>\n<\/div>\n<\/div>\n<div id=\"cmsms_row_69f353315ac00\" class=\"cmsms_row cmsms_color_scheme_default\">\n<div class=\"cmsms_row_outer_parent\">\n<div class=\"cmsms_row_outer\">\n<div class=\"cmsms_row_inner\">\n<div class=\"cmsms_row_margin\">\n<div class=\"cmsms_column one_first\">\n<div id=\"cmsms_divider_69f353315acff\" class=\"cmsms_divider solid\"><\/div>\n<\/div>\n<\/div>\n<\/div>\n<\/div>\n<\/div>\n<\/div>\n<div id=\"cmsms_row_69f353315ad6c\" class=\"cmsms_row cmsms_color_scheme_default\">\n<div class=\"cmsms_row_outer_parent\">\n<div class=\"cmsms_row_outer\">\n<div class=\"cmsms_row_inner\">\n<div class=\"cmsms_row_margin\">\n<div class=\"cmsms_column one_first\">\n<div class=\"cmsms_text nastred\">\n<p>&nbsp;<\/p>\n<p style=\"text-align: center; font-size: 12px;\">Projekt je spolufinancov\u00e1n fondy Evropsk\u00e9 unie (ERDF, IPA).<br \/>\n<a href=\"http:\/\/www.interreg-danube.eu\" target=\"_blank\" rel=\"noopener\">www.interreg-danube.eu<\/a><\/p>\n<p><img decoding=\"async\" class=\"aligncenter size-full wp-image-2253\" src=\"https:\/\/www.geoparkzh.cz\/cs\/wp-content\/uploads\/sites\/2\/2018\/12\/Logo_Interreg.jpg\" alt=\"Logo Interreg\" \/><\/p>\n<\/div>\n<\/div>\n<\/div>\n<\/div>\n<\/div>\n<\/div>\n<\/div>\n\n","protected":false},"excerpt":{"rendered":"","protected":false},"author":1,"featured_media":0,"parent":2238,"menu_order":2,"comment_status":"closed","ping_status":"closed","template":"","meta":{"footnotes":""},"class_list":["post-2263","page","type-page","status-publish","hentry"],"_links":{"self":[{"href":"https:\/\/www.geoparkzh.cz\/cs\/wp-json\/wp\/v2\/pages\/2263"}],"collection":[{"href":"https:\/\/www.geoparkzh.cz\/cs\/wp-json\/wp\/v2\/pages"}],"about":[{"href":"https:\/\/www.geoparkzh.cz\/cs\/wp-json\/wp\/v2\/types\/page"}],"author":[{"embeddable":true,"href":"https:\/\/www.geoparkzh.cz\/cs\/wp-json\/wp\/v2\/users\/1"}],"replies":[{"embeddable":true,"href":"https:\/\/www.geoparkzh.cz\/cs\/wp-json\/wp\/v2\/comments?post=2263"}],"version-history":[{"count":11,"href":"https:\/\/www.geoparkzh.cz\/cs\/wp-json\/wp\/v2\/pages\/2263\/revisions"}],"predecessor-version":[{"id":2571,"href":"https:\/\/www.geoparkzh.cz\/cs\/wp-json\/wp\/v2\/pages\/2263\/revisions\/2571"}],"up":[{"embeddable":true,"href":"https:\/\/www.geoparkzh.cz\/cs\/wp-json\/wp\/v2\/pages\/2238"}],"wp:attachment":[{"href":"https:\/\/www.geoparkzh.cz\/cs\/wp-json\/wp\/v2\/media?parent=2263"}],"curies":[{"name":"wp","href":"https:\/\/api.w.org\/{rel}","templated":true}]}}