{"id":2238,"date":"2018-12-18T09:45:21","date_gmt":"2018-12-18T08:45:21","guid":{"rendered":"https:\/\/www.geoparkzh.cz\/cs\/?page_id=2238"},"modified":"2025-08-22T13:47:59","modified_gmt":"2025-08-22T11:47:59","slug":"kde-se-to-tu-vzalo","status":"publish","type":"page","link":"https:\/\/www.geoparkzh.cz\/cs\/geoturistika\/kde-se-to-tu-vzalo\/","title":{"rendered":"Kde se to tu vzalo?"},"content":{"rendered":"<style type=\"text\/css\"> \n#cmsms_row_69debe9a8625f .cmsms_row_outer_parent { \n\tpadding-top: 50px; \n} \n\n#cmsms_row_69debe9a8625f .cmsms_row_outer_parent { \n\tpadding-bottom: 0px; \n} \n\n \n#cmsms_row_69debe9a863c1 .cmsms_row_outer_parent { \n\tpadding-top: 0px; \n} \n\n#cmsms_row_69debe9a863c1 .cmsms_row_outer_parent { \n\tpadding-bottom: 50px; \n} \n\n \n#cmsms_divider_69debe9a86472 { \n\tpadding-top:10px; \n\tmargin-bottom:10px; \n} \n \n#cmsms_row_69debe9a864ce .cmsms_row_outer_parent { \n\tpadding-top: 0px; \n} \n\n#cmsms_row_69debe9a864ce .cmsms_row_outer_parent { \n\tpadding-bottom: 50px; \n} \n\n \n#cmsms_row_69debe9a86660 .cmsms_row_outer_parent { \n\tpadding-top: 0px; \n} \n\n#cmsms_row_69debe9a86660 .cmsms_row_outer_parent { \n\tpadding-bottom: 50px; \n} \n\n \n#cmsms_divider_69debe9a86737 { \n\tpadding-top:0px; \n\tmargin-bottom:20px; \n} \n \n#cmsms_divider_69debe9a86bf2 { \n\tpadding-top:0px; \n\tmargin-bottom:20px; \n} \n \n#cmsms_row_69debe9a86c4c .cmsms_row_outer_parent { \n\tpadding-top: 0px; \n} \n\n#cmsms_row_69debe9a86c4c .cmsms_row_outer_parent { \n\tpadding-bottom: 0px; \n} \n\n \n#cmsms_heading_69debe9a86d05, #cmsms_heading_69debe9a86d05 a { \n\ttext-align:center; \n\tfont-weight:400; \n\tfont-style:normal; \n\tmargin-top:20px; \n\tmargin-bottom:20px; \n} \n \n#cmsms_row_69debe9a86d6a .cmsms_row_outer_parent { \n\tpadding-top: 0px; \n} \n\n#cmsms_row_69debe9a86d6a .cmsms_row_outer_parent { \n\tpadding-bottom: 20px; \n} \n\n \n#cmsms_divider_69debe9a86e16 { \n\tpadding-top:0px; \n\tmargin-bottom:0px; \n} \n \n#cmsms_row_69debe9a86e64 .cmsms_row_outer_parent { \n\tpadding-top: 0px; \n} \n\n#cmsms_row_69debe9a86e64 .cmsms_row_outer_parent { \n\tpadding-bottom: 10px; \n} \n\n \n#cmsms_divider_69debe9a86fc9 { \n\tpadding-top:20px; \n\tmargin-bottom:50px; \n} \n \n#cmsms_divider_69debe9a87066 { \n\tpadding-top:50px; \n\tmargin-bottom:0px; \n} \n \n#cmsms_row_69debe9a870fd .cmsms_row_outer_parent { \n\tpadding-top: 0px; \n} \n\n#cmsms_row_69debe9a870fd .cmsms_row_outer_parent { \n\tpadding-bottom: 50px; \n} \n\n<\/style><div id=\"cmsms_row_69debe9a8625f\" class=\"cmsms_row cmsms_color_scheme_default\">\n<div class=\"cmsms_row_outer_parent\">\n<div class=\"cmsms_row_outer\">\n<div class=\"cmsms_row_inner\">\n<div class=\"cmsms_row_margin\">\n<div class=\"cmsms_column one_first\">\n<div class=\"cmsms_text\">\n<h1 style=\"text-align: center;\"><span style=\"color: #925683;\">Geopark<\/span><span style=\"color: #000;\"> &#8211; Geoturistika<\/span><\/h1>\n<\/div>\n<\/div>\n<\/div>\n<\/div>\n<\/div>\n<\/div>\n<\/div>\n<div id=\"cmsms_row_69debe9a863c1\" class=\"cmsms_row cmsms_color_scheme_default\">\n<div class=\"cmsms_row_outer_parent\">\n<div class=\"cmsms_row_outer\">\n<div class=\"cmsms_row_inner\">\n<div class=\"cmsms_row_margin\">\n<div class=\"cmsms_column one_first\">\n<div id=\"cmsms_divider_69debe9a86472\" class=\"cmsms_divider solid\"><\/div>\n<\/div>\n<\/div>\n<\/div>\n<\/div>\n<\/div>\n<\/div>\n<div id=\"cmsms_row_69debe9a864ce\" class=\"cmsms_row cmsms_color_scheme_default\">\n<div class=\"cmsms_row_outer_parent\">\n<div class=\"cmsms_row_outer\">\n<div class=\"cmsms_row_inner\">\n<div class=\"cmsms_row_margin\">\n<div class=\"cmsms_column one_first\">\n<div class=\"cmsms_text nastred\">\n<p><a href=\"\/cs\/geoturistika\/informacni-centra\/\"><img decoding=\"async\" class=\"size-full aligncenter\" style=\"margin-right: 18px;\" src=\"\/cs\/wp-content\/uploads\/sites\/2\/2018\/02\/informacni-centra.png\" alt=\"Informa\u010dn\u00ed centra\" \/><\/a> <a href=\"\/cs\/geoturistika\/stale-expozice\/\"><img decoding=\"async\" class=\"size-full aligncenter\" style=\"margin-right: 18px;\" src=\"\/cs\/wp-content\/uploads\/sites\/2\/2018\/02\/stale-expozice.png\" alt=\"St\u00e1l\u00e1 expozice\" \/><\/a> <a href=\"\/cs\/geoturistika\/naucne-stezky\/\"><img decoding=\"async\" class=\"size-full aligncenter\" style=\"margin-right: 18px;\" src=\"\/cs\/wp-content\/uploads\/sites\/2\/2018\/02\/naucne-stezky.png\" alt=\"Nau\u010dn\u00e9 stezky\" \/><\/a> <a href=\"\/cs\/geoturistika\/tipy-na-vylety\/\"><img decoding=\"async\" class=\"size-full aligncenter\" style=\"margin-right: 18px;\" src=\"\/cs\/wp-content\/uploads\/sites\/2\/2018\/02\/tipy-na-vylety.png\" alt=\"Tipy na v\u00fdlety\" \/><\/a> <a href=\"\/cs\/geoturistika\/geopruvodce\/\"><img decoding=\"async\" class=\"size-full aligncenter\" style=\"margin-right: 18px;\" src=\"\/cs\/wp-content\/uploads\/sites\/2\/2018\/02\/geopruvodce-on.png\" alt=\"Geopr\u016fvodce\" \/><\/a> <a href=\"\/cs\/geoturistika\/kde-se-to-tu-vzalo\/\"><img decoding=\"async\" class=\"size-full aligncenter\" style=\"margin-right: 18px;\" src=\"\/cs\/wp-content\/uploads\/sites\/2\/2018\/02\/kde-se-to-tu-vzalo.png\" alt=\"Kde se to tu vzalo\" \/><\/a><\/p>\n<\/div>\n<\/div>\n<\/div>\n<\/div>\n<\/div>\n<\/div>\n<\/div>\n<div id=\"cmsms_row_69debe9a86660\" class=\"cmsms_row cmsms_color_scheme_default\">\n<div class=\"cmsms_row_outer_parent\">\n<div class=\"cmsms_row_outer\">\n<div class=\"cmsms_row_inner\">\n<div class=\"cmsms_row_margin\">\n<div class=\"cmsms_column one_first\">\n<div id=\"cmsms_divider_69debe9a86737\" class=\"cmsms_divider solid\"><\/div>\n<div class=\"cmsms_text\">\n<p style=\"text-align: center;\"><div class=\"aligncenter\">\n<div class=\"cmsms_img  cmsms_image_c\">\n<img decoding=\"async\" src=\"https:\/\/www.geoparkzh.cz\/cs\/wp-content\/uploads\/sites\/2\/2018\/06\/Danube_logo-300x119.png\" \/>\n<\/div>\n<\/div>\n<p>&nbsp;<\/p>\n<p style=\"text-align: center;\">Projekt je spolufinancov\u00e1n fondy Evropsk\u00e9 unie (ERDF, IPA).<br \/>\n<a href=\"http:\/\/www.interreg-danube.eu\" target=\"_blank\" rel=\"noopener\">www.interreg-danube.eu<\/a><\/p>\n<\/div>\n\n<div id=\"cmsms_divider_69debe9a86bf2\" class=\"cmsms_divider solid\"><\/div>\n<\/div>\n<\/div>\n<\/div>\n<\/div>\n<\/div>\n<\/div>\n<div id=\"cmsms_row_69debe9a86c4c\" class=\"cmsms_row cmsms_color_scheme_default\">\n<div class=\"cmsms_row_outer_parent\">\n<div class=\"cmsms_row_outer\">\n<div class=\"cmsms_row_inner\">\n<div class=\"cmsms_row_margin\">\n<div class=\"cmsms_column one_first\">\n<h2 id=\"cmsms_heading_69debe9a86d05\" class=\"cmsms_heading\">Kde se to tu vzalo?<\/h2>\n<\/div>\n<\/div>\n<\/div>\n<\/div>\n<\/div>\n<\/div>\n<div id=\"cmsms_row_69debe9a86d6a\" class=\"cmsms_row cmsms_color_scheme_default\">\n<div class=\"cmsms_row_outer_parent\">\n<div class=\"cmsms_row_outer\">\n<div class=\"cmsms_row_inner\">\n<div class=\"cmsms_row_margin\">\n<div class=\"cmsms_column one_first\">\n<div id=\"cmsms_divider_69debe9a86e16\" class=\"cmsms_divider solid\"><\/div>\n<\/div>\n<\/div>\n<\/div>\n<\/div>\n<\/div>\n<\/div>\n<div id=\"cmsms_row_69debe9a86e64\" class=\"cmsms_row cmsms_color_scheme_default\">\n<div class=\"cmsms_row_outer_parent\">\n<div class=\"cmsms_row_outer\">\n<div class=\"cmsms_row_inner\">\n<div class=\"cmsms_row_margin\">\n<div class=\"cmsms_column one_first\">\n<div class=\"cmsms_text nastred\">\n<h1><\/h1>\n<h4 style=\"text-align: center;\">Kde se vzaly miner\u00e1ly a zkamen\u011bliny?<br \/>\nPro\u010d je nach\u00e1z\u00edme na r\u016fzn\u00fdch m\u00edstech?<\/h4>\n<h5 style=\"text-align: center; font-size: 14px;\">Toulejte se krajinou N\u00e1rodn\u00edho geoparku \u017delezn\u00e9 hory a hledejte co jsme<br \/>\npro v\u00e1s p\u0159ipravili a ukryli. Odhalujte historii a p\u00e1trejte po p\u0159\u00edrodn\u00edm bohatstv\u00ed.<\/h5>\n<\/div>\n<div id=\"cmsms_divider_69debe9a86fc9\" class=\"cmsms_divider solid\"><\/div>\n<div class=\"cmsms_text\">\n<div><\/div>\n<div style=\"text-align: center;\">V\u00edte, jak vypad\u00e1 pyrit, \u00fast\u0159ice, graptolit \u010di kalcit? Najd\u011bte nejen tyto objekty na deseti lokalit\u00e1ch<br \/>\nv na\u0161em geoparku. GPS sou\u0159adnice v\u00e1s dovedou na m\u00edsto, ale skryt\u00fd objekt<br \/>\nu\u017e mus\u00edte vyp\u00e1trat sami. Cedulka u ka\u017ed\u00e9ho objektu v\u00e1m prozrad\u00ed dal\u0161\u00ed zaj\u00edmav\u00e9 podrobnosti<br \/>\no dan\u00e9 lokalit\u011b. Vybran\u00e9 zkamen\u011bliny si m\u016f\u017eete dokonce i o\u017eivit!<\/div>\n<div><\/div>\n<div><\/div>\n<\/div>\n\n<div id=\"cmsms_divider_69debe9a87066\" class=\"cmsms_divider solid\"><\/div>\n<div class=\"custom_html\">\n<iframe loading=\"lazy\" style=\"margin-bottom: 50px;\" src=\"https:\/\/www.google.com\/maps\/d\/embed?mid=13NmS2Yeofea_cmKEeLwAMpAjKBsK9Mo1&amp;z=10&amp;output=embed\" width=\"100%\" height=\"500\" frameborder=\"0\" marginwidth=\"0\" marginheight=\"0\" scrolling=\"no\"><\/iframe>\n<\/div>\n<\/div>\n<\/div>\n<\/div>\n<\/div>\n<\/div>\n<\/div>\n<div id=\"cmsms_row_69debe9a870fd\" class=\"cmsms_row cmsms_color_scheme_default\">\n<div class=\"cmsms_row_outer_parent\">\n<div class=\"cmsms_row_outer\">\n<div class=\"cmsms_row_inner\">\n<div class=\"cmsms_row_margin\">\n<div class=\"cmsms_column one_half\">\n<div class=\"cmsms_text down-icon-kolo\">\n<p style=\"text-align: center;\"><a href=\"https:\/\/www.geoparkzh.cz\/cs\/wp-content\/uploads\/sites\/2\/2019\/02\/180689_Geopark_Lokality_s_nalezem_DL_07.pdf\" target=\"_blank\" rel=\"noopener\">Kde se to tu vzalo?<\/a><\/p>\n<\/div>\n<\/div>\n<div class=\"cmsms_column one_half\">\n<div class=\"cmsms_text down-icon-kolo\">\n<p style=\"text-align: center;\"><a href=\"https:\/\/www.geoparkzh.cz\/cs\/wp-content\/uploads\/sites\/2\/2019\/02\/180689_Geopark_Lokality_s_nalezem_DL_EN_05.pdf\" target=\"_blank\" rel=\"noopener\">Where Did It Come From?<\/a><\/p>\n<\/div>\n<\/div>\n<\/div>\n<\/div>\n<\/div>\n<\/div>\n<\/div>\n\n","protected":false},"excerpt":{"rendered":"","protected":false},"author":1,"featured_media":0,"parent":522,"menu_order":6,"comment_status":"closed","ping_status":"closed","template":"","meta":{"footnotes":""},"class_list":["post-2238","page","type-page","status-publish","hentry"],"_links":{"self":[{"href":"https:\/\/www.geoparkzh.cz\/cs\/wp-json\/wp\/v2\/pages\/2238"}],"collection":[{"href":"https:\/\/www.geoparkzh.cz\/cs\/wp-json\/wp\/v2\/pages"}],"about":[{"href":"https:\/\/www.geoparkzh.cz\/cs\/wp-json\/wp\/v2\/types\/page"}],"author":[{"embeddable":true,"href":"https:\/\/www.geoparkzh.cz\/cs\/wp-json\/wp\/v2\/users\/1"}],"replies":[{"embeddable":true,"href":"https:\/\/www.geoparkzh.cz\/cs\/wp-json\/wp\/v2\/comments?post=2238"}],"version-history":[{"count":36,"href":"https:\/\/www.geoparkzh.cz\/cs\/wp-json\/wp\/v2\/pages\/2238\/revisions"}],"predecessor-version":[{"id":3267,"href":"https:\/\/www.geoparkzh.cz\/cs\/wp-json\/wp\/v2\/pages\/2238\/revisions\/3267"}],"up":[{"embeddable":true,"href":"https:\/\/www.geoparkzh.cz\/cs\/wp-json\/wp\/v2\/pages\/522"}],"wp:attachment":[{"href":"https:\/\/www.geoparkzh.cz\/cs\/wp-json\/wp\/v2\/media?parent=2238"}],"curies":[{"name":"wp","href":"https:\/\/api.w.org\/{rel}","templated":true}]}}