{"id":1160,"date":"2018-02-28T11:20:43","date_gmt":"2018-02-28T10:20:43","guid":{"rendered":"https:\/\/www.geoparkzh.cz\/cs\/?page_id=1160"},"modified":"2022-03-04T08:40:25","modified_gmt":"2022-03-04T07:40:25","slug":"zulova-stezka-horkami","status":"publish","type":"page","link":"https:\/\/www.geoparkzh.cz\/cs\/home\/zulova-stezka-horkami\/","title":{"rendered":"\u017dulov\u00e1 stezka Horkami"},"content":{"rendered":"<style type=\"text\/css\"> \n#cmsms_row_69dec40759d2d .cmsms_row_outer_parent { \n\tpadding-top: 50px; \n} \n\n#cmsms_row_69dec40759d2d .cmsms_row_outer_parent { \n\tpadding-bottom: 0px; \n} \n\n \n#cmsms_row_69dec40759e95 .cmsms_row_outer_parent { \n\tpadding-top: 10px; \n} \n\n#cmsms_row_69dec40759e95 .cmsms_row_outer_parent { \n\tpadding-bottom: 10px; \n} \n\n \n#cmsms_divider_69dec40759f45 { \n\tpadding-top:10px; \n\tmargin-bottom:10px; \n} \n \n#cmsms_row_69dec40759f99 .cmsms_row_outer_parent { \n\tpadding-top: 0px; \n} \n\n#cmsms_row_69dec40759f99 .cmsms_row_outer_parent { \n\tpadding-bottom: 0px; \n} \n\n#cmsms_row_69dec40759f99 .cmsms_row_inner.cmsms_row_fullwidth { \n\tpadding-left:32%; \n} \n#cmsms_row_69dec40759f99 .cmsms_row_inner.cmsms_row_fullwidth { \n\tpadding-right:32%; \n} \n \n#cmsms_row_69dec4075a0cf .cmsms_row_outer_parent { \n\tpadding-top: 0px; \n} \n\n#cmsms_row_69dec4075a0cf .cmsms_row_outer_parent { \n\tpadding-bottom: 50px; \n} \n\n#cmsms_row_69dec4075a0cf .cmsms_row_inner.cmsms_row_fullwidth { \n\tpadding-left:32%; \n} \n#cmsms_row_69dec4075a0cf .cmsms_row_inner.cmsms_row_fullwidth { \n\tpadding-right:32%; \n} \n \n#cmsms_row_69dec4075ac74 .cmsms_row_outer_parent { \n\tpadding-top: 0px; \n} \n\n#cmsms_row_69dec4075ac74 .cmsms_row_outer_parent { \n\tpadding-bottom: 20px; \n} \n\n#cmsms_row_69dec4075ac74 .cmsms_row_inner.cmsms_row_fullwidth { \n\tpadding-left:22%; \n} \n#cmsms_row_69dec4075ac74 .cmsms_row_inner.cmsms_row_fullwidth { \n\tpadding-right:22%; \n} \n \n#cmsms_divider_69dec4075ad2c { \n\tpadding-top:50px; \n\tmargin-bottom:50px; \n} \n \n#cmsms_row_69dec4075ad86 .cmsms_row_outer_parent { \n\tpadding-top: 0px; \n} \n\n#cmsms_row_69dec4075ad86 .cmsms_row_outer_parent { \n\tpadding-bottom: 50px; \n} \n\n#cmsms_row_69dec4075ad86 .cmsms_row_inner.cmsms_row_fullwidth { \n\tpadding-left:22%; \n} \n#cmsms_row_69dec4075ad86 .cmsms_row_inner.cmsms_row_fullwidth { \n\tpadding-right:22%; \n} \n\n#cmsms_button_69dec4075aed9 { \n\ttext-align:center; \n} \n\n#cmsms_button_69dec4075aed9 .cmsms_button:before { \n\tmargin-right:.5em; \n\tmargin-left:0; \n\tvertical-align:baseline; \n} \n\n#cmsms_button_69dec4075aed9 .cmsms_button { \n\tfont-weight:100; \n\tfont-style:normal; \n\tpadding-right:20px; \n\tpadding-left:20px; \n\tborder-width:0px; \n\tborder-style:solid; \n\tbackground-color:#b2bdc4; \n\tcolor:#ffffff; \n} \n#cmsms_button_69dec4075aed9 .cmsms_button:hover { \n\tbackground-color:#719fc4; \n} \n\n#cmsms_button_69dec4075b00d { \n\ttext-align:center; \n} \n\n#cmsms_button_69dec4075b00d .cmsms_button:before { \n\tmargin-right:.5em; \n\tmargin-left:0; \n\tvertical-align:baseline; \n} \n\n#cmsms_button_69dec4075b00d .cmsms_button { \n\tfont-weight:100; \n\tfont-style:normal; \n\tpadding-right:20px; \n\tpadding-left:20px; \n\tborder-width:0px; \n\tborder-style:solid; \n\tbackground-color:#b2bdc4; \n\tcolor:#ffffff; \n} \n#cmsms_button_69dec4075b00d .cmsms_button:hover { \n\tbackground-color:#719fc4; \n} \n\n#cmsms_button_69dec4075b155 { \n\ttext-align:center; \n} \n\n#cmsms_button_69dec4075b155 .cmsms_button:before { \n\tmargin-right:.5em; \n\tmargin-left:0; \n\tvertical-align:baseline; \n} \n\n#cmsms_button_69dec4075b155 .cmsms_button { \n\tfont-weight:100; \n\tfont-style:normal; \n\tpadding-right:20px; \n\tpadding-left:20px; \n\tborder-width:0px; \n\tborder-style:solid; \n\tbackground-color:#b2bdc4; \n\tcolor:#ffffff; \n} \n#cmsms_button_69dec4075b155 .cmsms_button:hover { \n\tbackground-color:#719fc4; \n} \n\n#cmsms_button_69dec4075b28c { \n\ttext-align:center; \n} \n\n#cmsms_button_69dec4075b28c .cmsms_button:before { \n\tmargin-right:.5em; \n\tmargin-left:0; \n\tvertical-align:baseline; \n} \n\n#cmsms_button_69dec4075b28c .cmsms_button { \n\tfont-weight:100; \n\tfont-style:normal; \n\tpadding-right:20px; \n\tpadding-left:20px; \n\tborder-width:0px; \n\tborder-style:solid; \n\tbackground-color:#b2bdc4; \n\tcolor:#ffffff; \n} \n#cmsms_button_69dec4075b28c .cmsms_button:hover { \n\tbackground-color:#719fc4; \n} \n \n#cmsms_row_69dec4075b2fe .cmsms_row_outer_parent { \n\tpadding-top: 0px; \n} \n\n#cmsms_row_69dec4075b2fe .cmsms_row_outer_parent { \n\tpadding-bottom: 50px; \n} \n\n#cmsms_row_69dec4075b2fe .cmsms_row_inner.cmsms_row_fullwidth { \n\tpadding-left:22%; \n} \n#cmsms_row_69dec4075b2fe .cmsms_row_inner.cmsms_row_fullwidth { \n\tpadding-right:22%; \n} \n\n#cmsms_button_69dec4075b435 { \n\ttext-align:center; \n} \n\n#cmsms_button_69dec4075b435 .cmsms_button:before { \n\tmargin-right:.5em; \n\tmargin-left:0; \n\tvertical-align:baseline; \n} \n\n#cmsms_button_69dec4075b435 .cmsms_button { \n\tfont-weight:100; \n\tfont-style:normal; \n\tpadding-right:20px; \n\tpadding-left:20px; \n\tborder-width:0px; \n\tborder-style:solid; \n\tbackground-color:#b2bdc4; \n\tcolor:#ffffff; \n} \n#cmsms_button_69dec4075b435 .cmsms_button:hover { \n\tbackground-color:#719fc4; \n} \n\n#cmsms_button_69dec4075b556 { \n\ttext-align:center; \n} \n\n#cmsms_button_69dec4075b556 .cmsms_button:before { \n\tmargin-right:.5em; \n\tmargin-left:0; \n\tvertical-align:baseline; \n} \n\n#cmsms_button_69dec4075b556 .cmsms_button { \n\tfont-weight:100; \n\tfont-style:normal; \n\tpadding-right:20px; \n\tpadding-left:20px; \n\tborder-width:0px; \n\tborder-style:solid; \n\tbackground-color:#b2bdc4; \n\tcolor:#ffffff; \n} \n#cmsms_button_69dec4075b556 .cmsms_button:hover { \n\tbackground-color:#719fc4; \n} \n\n#cmsms_button_69dec4075b678 { \n\ttext-align:center; \n} \n\n#cmsms_button_69dec4075b678 .cmsms_button:before { \n\tmargin-right:.5em; \n\tmargin-left:0; \n\tvertical-align:baseline; \n} \n\n#cmsms_button_69dec4075b678 .cmsms_button { \n\tfont-weight:100; \n\tfont-style:normal; \n\tpadding-right:20px; \n\tpadding-left:20px; \n\tborder-width:0px; \n\tborder-style:solid; \n\tbackground-color:#b2bdc4; \n\tcolor:#ffffff; \n} \n#cmsms_button_69dec4075b678 .cmsms_button:hover { \n\tbackground-color:#719fc4; \n} \n\n#cmsms_button_69dec4075b796 { \n\ttext-align:center; \n} \n\n#cmsms_button_69dec4075b796 .cmsms_button:before { \n\tmargin-right:.5em; \n\tmargin-left:0; \n\tvertical-align:baseline; \n} \n\n#cmsms_button_69dec4075b796 .cmsms_button { \n\tfont-weight:100; \n\tfont-style:normal; \n\tpadding-right:20px; \n\tpadding-left:20px; \n\tborder-width:0px; \n\tborder-style:solid; \n\tbackground-color:#b2bdc4; \n\tcolor:#ffffff; \n} \n#cmsms_button_69dec4075b796 .cmsms_button:hover { \n\tbackground-color:#719fc4; \n} \n<\/style><div id=\"cmsms_row_69dec40759d2d\" class=\"cmsms_row cmsms_color_scheme_default\">\n<div class=\"cmsms_row_outer_parent\">\n<div class=\"cmsms_row_outer\">\n<div class=\"cmsms_row_inner\">\n<div class=\"cmsms_row_margin\">\n<div class=\"cmsms_column one_first\">\n<div class=\"cmsms_text\">\n<h1 style=\"text-align: center;\"><span style=\"color: #925683;\">Geopark<\/span><span style=\"color: #000000;\"> &#8211; \u017dulov\u00e1 stezka Horkami<\/span><\/h1>\n<\/div>\n<\/div>\n<\/div>\n<\/div>\n<\/div>\n<\/div>\n<\/div>\n<div id=\"cmsms_row_69dec40759e95\" class=\"cmsms_row cmsms_color_scheme_default\">\n<div class=\"cmsms_row_outer_parent\">\n<div class=\"cmsms_row_outer\">\n<div class=\"cmsms_row_inner\">\n<div class=\"cmsms_row_margin\">\n<div class=\"cmsms_column one_first\">\n<div id=\"cmsms_divider_69dec40759f45\" class=\"cmsms_divider solid\"><\/div>\n<\/div>\n<\/div>\n<\/div>\n<\/div>\n<\/div>\n<\/div>\n<div id=\"cmsms_row_69dec40759f99\" class=\"cmsms_row cmsms_color_scheme_default\">\n<div class=\"cmsms_row_outer_parent\">\n<div class=\"cmsms_row_outer\">\n<div class=\"cmsms_row_inner cmsms_row_fullwidth\">\n<div class=\"cmsms_row_margin\">\n<div class=\"cmsms_column one_first\">\n<div class=\"cmsms_text\">\n<p><strong>\u017dulov\u00e1 stezka Horkami <\/strong>nab\u00edz\u00ed relaxaci, z\u00e1bavu i pozn\u00e1n\u00ed. Vydejte se po stop\u00e1ch kamenick\u00e9 historie dob\u00fdv\u00e1n\u00ed a zpracov\u00e1n\u00ed \u017euly. Stezka dlouh\u00e1 4,5 kilometru v\u00e1s zavede do dlouh\u00e1 l\u00e9ta kamenicky \u010dinn\u00e9 oblasti s nespo\u010dtem historick\u00fdch lom\u016f a dal\u0161\u00edch poz\u016fstatk\u016f po dob\u00fdv\u00e1n\u00ed, transportu a \u00faprav\u011b kamene. Nau\u010dn\u00fd okruh v\u00e1m z\u00e1bavnou i nau\u010dnou formou p\u0159edstav\u00ed, co \u017ee je to vlastn\u011b za k\u00e1men, jak se d\u00e1 \u0161t\u00edpat, rozb\u00edjet, \u0159ezat a le\u0161tit. Ale t\u0159eba i transportovat. Na sv\u00e9 si p\u0159ijdou milovn\u00edci star\u00e9 techniky, na kterou si zde mohou s\u00e1hnout. N\u00e1v\u0161t\u011bvn\u00edci si pomoc\u00ed chytr\u00fdch telefon\u016f spust\u00ed videa v aplikaci s roz\u0161\u00ed\u0159en\u00fdmi realitami, kter\u00e9 n\u00e1v\u0161t\u011bvn\u00edka vt\u00e1hnou do dob, kdy cel\u00e1 oblast Horek aktivn\u011b \u017eila kamenictv\u00edm.<\/p>\n<\/div>\n<\/div>\n<\/div>\n<\/div>\n<\/div>\n<\/div>\n<\/div>\n<div id=\"cmsms_row_69dec4075a0cf\" class=\"cmsms_row cmsms_color_scheme_default\">\n<div class=\"cmsms_row_outer_parent\">\n<div class=\"cmsms_row_outer\">\n<div class=\"cmsms_row_inner cmsms_row_fullwidth\">\n<div class=\"cmsms_row_margin\">\n<div class=\"cmsms_column one_third\">\n<div class=\"aligncenter\">\n<div class=\"cmsms_img  cmsms_image_c\">\n<img decoding=\"async\" src=\"https:\/\/www.geoparkzh.cz\/cs\/wp-content\/uploads\/sites\/2\/2018\/02\/zulova-stezka-1.png\" \/>\n<\/div>\n<\/div>\n<\/div>\n<div class=\"cmsms_column one_third\">\n<div class=\"aligncenter\">\n<div class=\"cmsms_img  cmsms_image_c\">\n<img decoding=\"async\" src=\"https:\/\/www.geoparkzh.cz\/cs\/wp-content\/uploads\/sites\/2\/2018\/02\/zulova-stezka-2.png\" \/>\n<\/div>\n<\/div>\n<\/div>\n<div class=\"cmsms_column one_third\">\n<div class=\"aligncenter\">\n<div class=\"cmsms_img  cmsms_image_c\">\n<img decoding=\"async\" src=\"https:\/\/www.geoparkzh.cz\/cs\/wp-content\/uploads\/sites\/2\/2018\/02\/zulova-stezka-3.png\" \/>\n<\/div>\n<\/div>\n<\/div>\n<\/div>\n<\/div>\n<\/div>\n<\/div>\n<\/div>\n<div id=\"cmsms_row_69dec4075ac74\" class=\"cmsms_row cmsms_color_scheme_default\">\n<div class=\"cmsms_row_outer_parent\">\n<div class=\"cmsms_row_outer\">\n<div class=\"cmsms_row_inner cmsms_row_fullwidth\">\n<div class=\"cmsms_row_margin\">\n<div class=\"cmsms_column one_first\">\n<div id=\"cmsms_divider_69dec4075ad2c\" class=\"cmsms_divider solid\"><\/div>\n<\/div>\n<\/div>\n<\/div>\n<\/div>\n<\/div>\n<\/div>\n<div id=\"cmsms_row_69dec4075ad86\" class=\"cmsms_row cmsms_color_scheme_default\">\n<div class=\"cmsms_row_outer_parent\">\n<div class=\"cmsms_row_outer\">\n<div class=\"cmsms_row_inner cmsms_row_fullwidth\">\n<div class=\"cmsms_row_margin\">\n<div class=\"cmsms_column one_fourth box-zastaveni\">\n<div class=\"cmsms_text\">\n<h4 style=\"text-align: center;\">1. zastaven\u00ed:<br \/>\nSkaln\u00ed v\u00fdchozy<\/h4>\n<p style=\"text-align: center;\">\u017de nen\u00ed \u017eula jako \u017eula se m\u016f\u017eete p\u0159esv\u011bd\u010dit hned na prvn\u00edm zastaven\u00ed. Kamenn\u00e9 posezen\u00ed v\u00e1m n\u00e1zorn\u011b uk\u00e1\u017ee pestrost t\u00e9to horniny a pneumatick\u00e1 vrta\u010dka v\u00e1s vyzve k\u00a0jej\u00edmu vyzkou\u0161en\u00ed. Pod videem pak najdete s\u00e9rii historick\u00fdch fotografi\u00ed z\u00a0cel\u00e9ho skute\u010dska, kter\u00e9 v\u00e1m snad dotvo\u0159\u00ed celkovou p\u0159edstavu o t\u00e9to kamenick\u00e9 oblasti.<\/p>\n<\/div>\n\n<div id=\"cmsms_button_69dec4075aed9\" class=\"button_wrap\"><a href=\"https:\/\/www.youtube.com\/watch?v=eVvRo9DxYPE\" class=\"cmsms_button\" target=\"_blank\">V\u00edce zde<\/a><\/div>\n<\/div>\n<div class=\"cmsms_column one_fourth box-zastaveni\">\n<div class=\"cmsms_text\">\n<h4 style=\"text-align: center;\">2. zastaven\u00ed:<br \/>\nMuni\u010dn\u00ed sklad<\/h4>\n<p style=\"text-align: center;\">Z\u00e1bava, hra a vzd\u011bl\u00e1n\u00ed mohou j\u00edt ruku v ruce, jako t\u0159eba na tomto zastaven\u00ed. Prolezte kamennou prol\u00e9za\u010dkou, poznejte jednotliv\u00e9 kamenick\u00e9 profese p\u0159i hran\u00ed pexesa nebo si v telefonu postavte star\u00fd muni\u010dn\u00ed sklad. A kdo m\u00e1 r\u00e1d bludi\u0161t\u011b, ten si tak\u00e9 p\u0159ijde na sv\u00e9.<\/p>\n<p>&nbsp;<\/p>\n<\/div>\n\n<div id=\"cmsms_button_69dec4075b00d\" class=\"button_wrap\"><a href=\"https:\/\/play.google.com\/store\/apps\/details?id=com.cgs.stezka&#038;hl=cs\" class=\"cmsms_button\" target=\"_blank\">V\u00edce zde<\/a><\/div>\n<\/div>\n<div class=\"cmsms_column one_fourth box-zastaveni\">\n<div class=\"cmsms_text\">\n<h4 style=\"text-align: center;\">3. zastaven\u00ed:<br \/>\nNakl\u00e1dac\u00ed rampy<\/h4>\n<p style=\"text-align: center;\">V t\u011bchto m\u00edstech byly rampy a obslu\u017en\u00e9 komunikace lomu Vamber\u00e1k. K\u00e1men z m\u00edstn\u00edch lom\u016f se nepou\u017e\u00edval jen do silnic a chodn\u00edk\u016f, ale zpracov\u00e1val se i formou \u0159ez\u00e1n\u00ed a le\u0161t\u011bn\u00ed na u\u0161lechtil\u00e9 desky, obklady \u010di n\u00e1hrobn\u00ed kameny. Jak se to dnes d\u011bl\u00e1, uvid\u00edte na dostupn\u00e9m videu.<\/p>\n<p>&nbsp;<\/p>\n<\/div>\n\n<div id=\"cmsms_button_69dec4075b155\" class=\"button_wrap\"><a href=\"https:\/\/www.youtube.com\/watch?v=RRnQh0U0oqI\" class=\"cmsms_button\" target=\"_blank\">V\u00edce zde<\/a><\/div>\n<\/div>\n<div class=\"cmsms_column one_fourth box-zastaveni\">\n<div class=\"cmsms_text\">\n<h4 style=\"text-align: center;\">4. zastaven\u00ed:<br \/>\nMach\u00e1\u010dk\u016fv lom<\/h4>\n<p style=\"text-align: center;\">Zde, u Mach\u00e1\u010dkova lomu, v minulosti st\u00e1valy beranov\u00e9 \u0161t\u00edpa\u010dky, tedy n\u00e1stroje na v\u00fdrobu kamenn\u00fdch kostek. A dnes u\u017e tady op\u011bt jedna stoj\u00ed. A jak se kostky d\u011blaj\u00ed dnes, uvid\u00edte na dostupn\u00e9m videu.<\/p>\n<p>&nbsp;<\/p>\n<\/div>\n\n<div id=\"cmsms_button_69dec4075b28c\" class=\"button_wrap\"><a href=\"https:\/\/www.youtube.com\/watch?v=2qUnXYzIiZE\" class=\"cmsms_button\" target=\"_blank\">V\u00edce zde<\/a><\/div>\n<\/div>\n<\/div>\n<\/div>\n<\/div>\n<\/div>\n<\/div>\n<div id=\"cmsms_row_69dec4075b2fe\" class=\"cmsms_row cmsms_color_scheme_default\">\n<div class=\"cmsms_row_outer_parent\">\n<div class=\"cmsms_row_outer\">\n<div class=\"cmsms_row_inner cmsms_row_fullwidth\">\n<div class=\"cmsms_row_margin\">\n<div class=\"cmsms_column one_fourth box-zastaveni\">\n<div class=\"cmsms_text\">\n<h4 style=\"text-align: center;\">5. zastaven\u00ed:<br \/>\nAndrusiv\u016fv lom<\/h4>\n<p style=\"text-align: center;\">V\u011bt\u0161ina lom\u016f v Hork\u00e1ch je zatopena a nen\u00ed tak mo\u017en\u00e9 spat\u0159it hlubok\u00e9 j\u00e1my, kter\u00e9 zde vyt\u011b\u017eil \u010dlov\u011bk. Pomoc\u00ed roz\u0161\u00ed\u0159en\u00e9 reality se m\u016f\u017eete alespo\u0148 pod\u00edvat na kraj Andrusivova lomu a d\u00edky tomu si m\u016f\u017eete p\u0159edstavit, jak to v okol\u00ed lom\u016f vypadalo p\u0159ed sto lety.<\/p>\n<\/div>\n\n<div id=\"cmsms_button_69dec4075b435\" class=\"button_wrap\"><a href=\"https:\/\/play.google.com\/store\/apps\/details?id=com.cgs.stezka&#038;hl=cs\" class=\"cmsms_button\" target=\"_blank\">V\u00edce zde<\/a><\/div>\n<\/div>\n<div class=\"cmsms_column one_fourth box-zastaveni\">\n<div class=\"cmsms_text\">\n<h4 style=\"text-align: center;\">6. zastaven\u00ed:<br \/>\nPoln\u00ed dr\u00e1\u017eka<\/h4>\n<p style=\"text-align: center;\">Doprava kamene z lomu je asi ta nejdra\u017e\u0161\u00ed a nejn\u00e1ro\u010dn\u011bj\u0161\u00ed v\u011bc. Proto byly i v minulosti lomy napojeny na poln\u00ed dr\u00e1\u017eky. Poz\u016fstatky t\u00e9 m\u00edstn\u00ed jsou na tomto zastaven\u00ed st\u00e1le patrn\u00e9 a pro n\u00e1zornost je jej\u00ed \u010d\u00e1st i dostav\u011bna.<\/p>\n<\/div>\n\n<div id=\"cmsms_button_69dec4075b556\" class=\"button_wrap\"><a href=\"https:\/\/play.google.com\/store\/apps\/details?id=com.cgs.stezka&#038;hl=cs\" class=\"cmsms_button\" target=\"_blank\">V\u00edce zde<\/a><\/div>\n<\/div>\n<div class=\"cmsms_column one_fourth box-zastaveni\">\n<div class=\"cmsms_text\">\n<h4 style=\"text-align: center;\">7. zastaven\u00ed:<br \/>\nNov\u00e1kovo jez\u00edrko<\/h4>\n<p style=\"text-align: center;\">Lom s n\u00e1zvem Nov\u00e1kovo jez\u00edrko se nach\u00e1z\u00ed jen p\u00e1r des\u00edtek metr\u016f od \u010dinn\u00e9ho lomu Litick\u00e1. P\u0159i tro\u0161e \u0161t\u011bst\u00ed lze z lomu zaslechnout zvuk clonov\u00e9ho odst\u0159elu. V men\u0161\u00edch lomech se v\u0161ak k\u00e1men l\u00e1me \u010dern\u00fdm prachem. Na vlastn\u00ed o\u010di m\u016f\u017eete tento postup spat\u0159it na dostupn\u00e9m videu.<\/p>\n<\/div>\n\n<div id=\"cmsms_button_69dec4075b678\" class=\"button_wrap\"><a href=\"https:\/\/www.youtube.com\/watch?v=VCkID3B3lP8\" class=\"cmsms_button\" target=\"_blank\">V\u00edce zde<\/a><\/div>\n<\/div>\n<div class=\"cmsms_column one_fourth box-zastaveni\">\n<div class=\"cmsms_text\">\n<h4 style=\"text-align: center;\">8. zastaven\u00ed:<br \/>\nKoz\u00ed hr\u00e1dek<\/h4>\n<p style=\"text-align: center;\">T\u011b\u017eba p\u0159etv\u00e1\u0159ela a st\u00e1le p\u0159etv\u00e1\u0159\u00ed okol\u00ed Skut\u010de. Nejv\u00fdrazn\u011bj\u0161\u00edm objektem je lom Litick\u00e1, kter\u00fd za\u010d\u00ednal coby mal\u00fd st\u011bnov\u00fd lom a dnes je to velk\u00e1 a hlubok\u00e1 j\u00e1ma. Jak vypadal spolu s okol\u00edm p\u0159ed sto lety, je mo\u017en\u00e9 spat\u0159it na roz\u0161\u00ed\u0159en\u00e9 realit\u011b.<\/p>\n<\/div>\n\n<div id=\"cmsms_button_69dec4075b796\" class=\"button_wrap\"><a href=\"https:\/\/play.google.com\/store\/apps\/details?id=com.cgs.stezka&#038;hl=cs\" class=\"cmsms_button\" target=\"_blank\">V\u00edce zde<\/a><\/div>\n<\/div>\n<\/div>\n<\/div>\n<\/div>\n<\/div>\n<\/div>\n\n","protected":false},"excerpt":{"rendered":"","protected":false},"author":1,"featured_media":0,"parent":9,"menu_order":2,"comment_status":"closed","ping_status":"closed","template":"","meta":{"footnotes":""},"class_list":["post-1160","page","type-page","status-publish","hentry"],"_links":{"self":[{"href":"https:\/\/www.geoparkzh.cz\/cs\/wp-json\/wp\/v2\/pages\/1160"}],"collection":[{"href":"https:\/\/www.geoparkzh.cz\/cs\/wp-json\/wp\/v2\/pages"}],"about":[{"href":"https:\/\/www.geoparkzh.cz\/cs\/wp-json\/wp\/v2\/types\/page"}],"author":[{"embeddable":true,"href":"https:\/\/www.geoparkzh.cz\/cs\/wp-json\/wp\/v2\/users\/1"}],"replies":[{"embeddable":true,"href":"https:\/\/www.geoparkzh.cz\/cs\/wp-json\/wp\/v2\/comments?post=1160"}],"version-history":[{"count":24,"href":"https:\/\/www.geoparkzh.cz\/cs\/wp-json\/wp\/v2\/pages\/1160\/revisions"}],"predecessor-version":[{"id":2922,"href":"https:\/\/www.geoparkzh.cz\/cs\/wp-json\/wp\/v2\/pages\/1160\/revisions\/2922"}],"up":[{"embeddable":true,"href":"https:\/\/www.geoparkzh.cz\/cs\/wp-json\/wp\/v2\/pages\/9"}],"wp:attachment":[{"href":"https:\/\/www.geoparkzh.cz\/cs\/wp-json\/wp\/v2\/media?parent=1160"}],"curies":[{"name":"wp","href":"https:\/\/api.w.org\/{rel}","templated":true}]}}