{"id":1154,"date":"2018-02-28T10:49:04","date_gmt":"2018-02-28T09:49:04","guid":{"rendered":"https:\/\/www.geoparkzh.cz\/cs\/?page_id=1154"},"modified":"2018-03-21T14:09:19","modified_gmt":"2018-03-21T13:09:19","slug":"katalog-produktu","status":"publish","type":"page","link":"https:\/\/www.geoparkzh.cz\/cs\/home\/katalog-produktu\/","title":{"rendered":"Katalog produkt\u016f"},"content":{"rendered":"<style type=\"text\/css\"> \n#cmsms_row_69dec51f1a4fe .cmsms_row_outer_parent { \n\tpadding-top: 50px; \n} \n\n#cmsms_row_69dec51f1a4fe .cmsms_row_outer_parent { \n\tpadding-bottom: 0px; \n} \n\n \n#cmsms_row_69dec51f1a65e .cmsms_row_outer_parent { \n\tpadding-top: 10px; \n} \n\n#cmsms_row_69dec51f1a65e .cmsms_row_outer_parent { \n\tpadding-bottom: 10px; \n} \n\n \n#cmsms_divider_69dec51f1a70d { \n\tpadding-top:10px; \n\tmargin-bottom:10px; \n} \n \n#cmsms_row_69dec51f1a760 .cmsms_row_outer_parent { \n\tpadding-top: 0px; \n} \n\n#cmsms_row_69dec51f1a760 .cmsms_row_outer_parent { \n\tpadding-bottom: 50px; \n} \n\n#cmsms_row_69dec51f1a760 .cmsms_row_inner.cmsms_row_fullwidth { \n\tpadding-left:32%; \n} \n#cmsms_row_69dec51f1a760 .cmsms_row_inner.cmsms_row_fullwidth { \n\tpadding-right:32%; \n} \n \n#cmsms_row_69dec51f1a874 .cmsms_row_outer_parent { \n\tpadding-top: 0px; \n} \n\n#cmsms_row_69dec51f1a874 .cmsms_row_outer_parent { \n\tpadding-bottom: 50px; \n} \n\n#cmsms_row_69dec51f1a874 .cmsms_row_inner.cmsms_row_fullwidth { \n\tpadding-left:32%; \n} \n#cmsms_row_69dec51f1a874 .cmsms_row_inner.cmsms_row_fullwidth { \n\tpadding-right:32%; \n} \n \n#cmsms_row_69dec51f1acde .cmsms_row_outer_parent { \n\tpadding-top: 0px; \n} \n\n#cmsms_row_69dec51f1acde .cmsms_row_outer_parent { \n\tpadding-bottom: 50px; \n} \n\n#cmsms_row_69dec51f1acde .cmsms_row_inner.cmsms_row_fullwidth { \n\tpadding-left:32%; \n} \n#cmsms_row_69dec51f1acde .cmsms_row_inner.cmsms_row_fullwidth { \n\tpadding-right:32%; \n} \n<\/style><div id=\"cmsms_row_69dec51f1a4fe\" class=\"cmsms_row cmsms_color_scheme_default\">\n<div class=\"cmsms_row_outer_parent\">\n<div class=\"cmsms_row_outer\">\n<div class=\"cmsms_row_inner\">\n<div class=\"cmsms_row_margin\">\n<div class=\"cmsms_column one_first\">\n<div class=\"cmsms_text\">\n<h1 style=\"text-align: center;\"><span style=\"color: #925683;\">Geopark<\/span><span style=\"color: #000;\"> &#8211; Katalog produkt\u016f<br \/>\n<\/span><\/h1>\n<\/div>\n<\/div>\n<\/div>\n<\/div>\n<\/div>\n<\/div>\n<\/div>\n<div id=\"cmsms_row_69dec51f1a65e\" class=\"cmsms_row cmsms_color_scheme_default\">\n<div class=\"cmsms_row_outer_parent\">\n<div class=\"cmsms_row_outer\">\n<div class=\"cmsms_row_inner\">\n<div class=\"cmsms_row_margin\">\n<div class=\"cmsms_column one_first\">\n<div id=\"cmsms_divider_69dec51f1a70d\" class=\"cmsms_divider solid\"><\/div>\n<\/div>\n<\/div>\n<\/div>\n<\/div>\n<\/div>\n<\/div>\n<div id=\"cmsms_row_69dec51f1a760\" class=\"cmsms_row cmsms_color_scheme_default\">\n<div class=\"cmsms_row_outer_parent\">\n<div class=\"cmsms_row_outer\">\n<div class=\"cmsms_row_inner cmsms_row_fullwidth\">\n<div class=\"cmsms_row_margin\">\n<div class=\"cmsms_column one_first\">\n<div class=\"cmsms_text\">\n<p style=\"text-align: center;\">Na \u017e\u00e1dost n\u011bkter\u00fdch starost\u016f jsme p\u0159ipravili tento katalog geoprodukt\u016f. C\u00edlem katalogu je na z\u00e1klad\u011b inspirativn\u00edch p\u0159\u00edklad\u016f rozv\u00edjet fantazii a kreativitu \u010dten\u00e1\u0159e a spole\u010dn\u00fdmi silami n\u00e1sledn\u011b zatraktiv\u0148ovat \u00fazem\u00ed N\u00e1rodn\u00edho geoparku \u017delezn\u00e9 hory. V p\u0159\u00edpad\u011b va\u0161eho z\u00e1jmu nebo n\u00e1padu n\u00e1s nev\u00e1hejte kontaktovat.<\/p>\n<\/div>\n<\/div>\n<\/div>\n<\/div>\n<\/div>\n<\/div>\n<\/div>\n<div id=\"cmsms_row_69dec51f1a874\" class=\"cmsms_row cmsms_color_scheme_default\">\n<div class=\"cmsms_row_outer_parent\">\n<div class=\"cmsms_row_outer\">\n<div class=\"cmsms_row_inner cmsms_row_fullwidth\">\n<div class=\"cmsms_row_margin\">\n<div class=\"cmsms_column one_first\">\n<div class=\"aligncenter\">\n<div class=\"cmsms_img  cmsms_image_c\">\n<img decoding=\"async\" src=\"https:\/\/www.geoparkzh.cz\/cs\/wp-content\/uploads\/sites\/2\/2018\/02\/katalog_prezentace.png\" \/>\n<\/div>\n<\/div>\n<\/div>\n<\/div>\n<\/div>\n<\/div>\n<\/div>\n<\/div>\n<div id=\"cmsms_row_69dec51f1acde\" class=\"cmsms_row cmsms_color_scheme_default\">\n<div class=\"cmsms_row_outer_parent\">\n<div class=\"cmsms_row_outer\">\n<div class=\"cmsms_row_inner cmsms_row_fullwidth\">\n<div class=\"cmsms_row_margin\">\n<div class=\"cmsms_column one_first\">\n<div class=\"cmsms_text\">\n<p style=\"text-align: center;\"><a href=\"\/cs\/wp-content\/uploads\/sites\/2\/2018\/02\/katalog_pro-cteni.pdf\" target=\"_blank\" rel=\"noopener\"><img decoding=\"async\" src=\"\/cs\/wp-content\/uploads\/sites\/2\/2018\/02\/download-icon.png\" alt=\"Download\" \/><\/a><br \/>\n<a href=\"\/cs\/wp-content\/uploads\/sites\/2\/2018\/02\/katalog_pro-cteni.pdf\" target=\"_blank\" rel=\"noopener\">Prohl\u00e9dnout si katalog<\/a><\/p>\n<\/div>\n<\/div>\n<\/div>\n<\/div>\n<\/div>\n<\/div>\n<\/div>\n\n","protected":false},"excerpt":{"rendered":"","protected":false},"author":1,"featured_media":0,"parent":9,"menu_order":0,"comment_status":"closed","ping_status":"closed","template":"","meta":{"footnotes":""},"class_list":["post-1154","page","type-page","status-publish","hentry"],"_links":{"self":[{"href":"https:\/\/www.geoparkzh.cz\/cs\/wp-json\/wp\/v2\/pages\/1154"}],"collection":[{"href":"https:\/\/www.geoparkzh.cz\/cs\/wp-json\/wp\/v2\/pages"}],"about":[{"href":"https:\/\/www.geoparkzh.cz\/cs\/wp-json\/wp\/v2\/types\/page"}],"author":[{"embeddable":true,"href":"https:\/\/www.geoparkzh.cz\/cs\/wp-json\/wp\/v2\/users\/1"}],"replies":[{"embeddable":true,"href":"https:\/\/www.geoparkzh.cz\/cs\/wp-json\/wp\/v2\/comments?post=1154"}],"version-history":[{"count":4,"href":"https:\/\/www.geoparkzh.cz\/cs\/wp-json\/wp\/v2\/pages\/1154\/revisions"}],"predecessor-version":[{"id":1526,"href":"https:\/\/www.geoparkzh.cz\/cs\/wp-json\/wp\/v2\/pages\/1154\/revisions\/1526"}],"up":[{"embeddable":true,"href":"https:\/\/www.geoparkzh.cz\/cs\/wp-json\/wp\/v2\/pages\/9"}],"wp:attachment":[{"href":"https:\/\/www.geoparkzh.cz\/cs\/wp-json\/wp\/v2\/media?parent=1154"}],"curies":[{"name":"wp","href":"https:\/\/api.w.org\/{rel}","templated":true}]}}