{"id":1148,"date":"2018-02-28T10:37:14","date_gmt":"2018-02-28T09:37:14","guid":{"rendered":"https:\/\/www.geoparkzh.cz\/cs\/?page_id=1148"},"modified":"2022-12-13T12:19:14","modified_gmt":"2022-12-13T11:19:14","slug":"quest-ng-zelezne-hory","status":"publish","type":"page","link":"https:\/\/www.geoparkzh.cz\/cs\/home\/quest-ng-zelezne-hory\/","title":{"rendered":"Quest N\u00e1rodn\u00edm geoparkem \u017delezn\u00e9 hory"},"content":{"rendered":"<style type=\"text\/css\"> \n#cmsms_row_69df402fe8028 .cmsms_row_outer_parent { \n\tpadding-top: 50px; \n} \n\n#cmsms_row_69df402fe8028 .cmsms_row_outer_parent { \n\tpadding-bottom: 0px; \n} \n\n \n#cmsms_row_69df402fe817c .cmsms_row_outer_parent { \n\tpadding-top: 0px; \n} \n\n#cmsms_row_69df402fe817c .cmsms_row_outer_parent { \n\tpadding-bottom: 50px; \n} \n\n#cmsms_row_69df402fe817c .cmsms_row_inner.cmsms_row_fullwidth { \n\tpadding-left:25%; \n} \n#cmsms_row_69df402fe817c .cmsms_row_inner.cmsms_row_fullwidth { \n\tpadding-right:25%; \n} \n \n#cmsms_divider_69df402fe8240 { \n\tpadding-top:20px; \n\tmargin-bottom:20px; \n} \n \n#cmsms_divider_69df402fe82af { \n\tpadding-top:0px; \n\tmargin-bottom:20px; \n} \n \n#cmsms_row_69df402fe8305 .cmsms_row_outer_parent { \n\tpadding-top: 0px; \n} \n\n#cmsms_row_69df402fe8305 .cmsms_row_outer_parent { \n\tpadding-bottom: 20px; \n} \n\n#cmsms_row_69df402fe8305 .cmsms_row_inner.cmsms_row_fullwidth { \n\tpadding-left:25%; \n} \n#cmsms_row_69df402fe8305 .cmsms_row_inner.cmsms_row_fullwidth { \n\tpadding-right:25%; \n} \n<\/style><div id=\"cmsms_row_69df402fe8028\" class=\"cmsms_row cmsms_color_scheme_default\">\n<div class=\"cmsms_row_outer_parent\">\n<div class=\"cmsms_row_outer\">\n<div class=\"cmsms_row_inner\">\n<div class=\"cmsms_row_margin\">\n<div class=\"cmsms_column one_first\">\n<div class=\"cmsms_text\">\n<h1 style=\"text-align: center;\"><span style=\"color: #000;\">Quest v krajin\u011b z\u00e1\u017eitk\u016f Chrudimsko &#8211; Hlinecko<\/span><\/h1>\n<\/div>\n<\/div>\n<\/div>\n<\/div>\n<\/div>\n<\/div>\n<\/div>\n<div id=\"cmsms_row_69df402fe817c\" class=\"cmsms_row cmsms_color_scheme_default\">\n<div class=\"cmsms_row_outer_parent\">\n<div class=\"cmsms_row_outer\">\n<div class=\"cmsms_row_inner cmsms_row_fullwidth\">\n<div class=\"cmsms_row_margin\">\n<div class=\"cmsms_column one_first\">\n<div id=\"cmsms_divider_69df402fe8240\" class=\"cmsms_divider solid\"><\/div>\n<div class=\"cmsms_text\">\n<h3 style=\"text-align: center;\">Sta\u0148 se lovcem indici\u00ed a ulov si sb\u011bratelskou raritu!<\/h3>\n<\/div>\n\n<div id=\"cmsms_divider_69df402fe82af\" class=\"cmsms_divider solid\"><\/div>\n<\/div>\n<\/div>\n<\/div>\n<\/div>\n<\/div>\n<\/div>\n<div id=\"cmsms_row_69df402fe8305\" class=\"cmsms_row cmsms_color_scheme_default\">\n<div class=\"cmsms_row_outer_parent\">\n<div class=\"cmsms_row_outer\">\n<div class=\"cmsms_row_inner cmsms_row_fullwidth\">\n<div class=\"cmsms_row_margin\">\n<div class=\"cmsms_column one_first\">\n<div class=\"cmsms_text\">\n<p>Pr\u00e1v\u011b v ruce dr\u017e\u00edte jeden z 10 quest\u016f, kter\u00fd pro v\u00e1s p\u0159ipravila informa\u010dn\u00ed centra turistick\u00e9 oblasti Chrudimsko-Hlinecko. Tyto questy v\u00e1m z\u00e1bavnou formou p\u0159edstav\u00ed ta nejzaj\u00edmav\u011bj\u0161\u00ed m\u00edsta na\u0161eho regionu. Sezn\u00e1m\u00edme v\u00e1s se zdej\u0161\u00ed malebnou krajinou, vl\u00eddn\u00fdmi lidmi, m\u011bsty a vesni\u010dkami. P\u0159edstav\u00edme v\u00e1m N\u00e1rodn\u00ed geopark \u017delezn\u00e9 hory, pod\u00edv\u00e1te se na z\u00e1mky, na z\u0159\u00edceniny, do pam\u00e1tkov\u00e9 z\u00f3ny lidov\u00e9 architektury, do muze\u00ed a na dal\u0161\u00ed nev\u0161edn\u00ed m\u00edsta. Tato sada quest\u016f je ur\u010dena pro v\u0161echny generace a je ucelen\u00fdm materi\u00e1lem pro pozn\u00e1v\u00e1n\u00ed cel\u00e9ho na\u0161eho regionu. Za spln\u011bn\u00ed ka\u017ed\u00e9ho questu jsou pro v\u00e1s p\u0159ichyst\u00e1ny v\u011bcn\u00e9 ceny v p\u0159\u00edslu\u0161n\u00e9m informa\u010dn\u00edm centru na\u0161\u00ed turistick\u00e9 oblasti. Seznam a kontakty na informa\u010dn\u00ed centra cel\u00e9 na\u0161\u00ed turistick\u00e9 oblasti naleznete na jednom z n\u00e1sleduj\u00edc\u00edch let\u00e1k\u016f.<\/p>\n<p><strong>Zapojen\u00e1 informa\u010dn\u00ed centra, kde se dozv\u00edte v\u0161e pot\u0159ebn\u00e9<\/strong><\/p>\n<p>Chrudim, Slati\u0148any, Nasavrky, Hlinsko, Se\u010d, T\u0159emo\u0161nice, He\u0159man\u016fv M\u011bstec, Skute\u010d, Chrast a\u00a0Lu\u017ee.<\/p>\n<p><img loading=\"lazy\" decoding=\"async\" class=\"aligncenter size-full wp-image-2991\" src=\"https:\/\/www.geoparkzh.cz\/cs\/wp-content\/uploads\/sites\/2\/2022\/12\/01_chrudim_quest_A4_tisk-page-001.jpg\" alt=\"\" width=\"2480\" height=\"3508\" srcset=\"https:\/\/www.geoparkzh.cz\/cs\/wp-content\/uploads\/sites\/2\/2022\/12\/01_chrudim_quest_A4_tisk-page-001.jpg 2480w, https:\/\/www.geoparkzh.cz\/cs\/wp-content\/uploads\/sites\/2\/2022\/12\/01_chrudim_quest_A4_tisk-page-001-212x300.jpg 212w, https:\/\/www.geoparkzh.cz\/cs\/wp-content\/uploads\/sites\/2\/2022\/12\/01_chrudim_quest_A4_tisk-page-001-768x1086.jpg 768w, https:\/\/www.geoparkzh.cz\/cs\/wp-content\/uploads\/sites\/2\/2022\/12\/01_chrudim_quest_A4_tisk-page-001-724x1024.jpg 724w, https:\/\/www.geoparkzh.cz\/cs\/wp-content\/uploads\/sites\/2\/2022\/12\/01_chrudim_quest_A4_tisk-page-001-580x820.jpg 580w, https:\/\/www.geoparkzh.cz\/cs\/wp-content\/uploads\/sites\/2\/2022\/12\/01_chrudim_quest_A4_tisk-page-001-820x1160.jpg 820w, https:\/\/www.geoparkzh.cz\/cs\/wp-content\/uploads\/sites\/2\/2022\/12\/01_chrudim_quest_A4_tisk-page-001-1160x1641.jpg 1160w\" sizes=\"(max-width: 2480px) 100vw, 2480px\" \/> <img loading=\"lazy\" decoding=\"async\" class=\"aligncenter size-blogmasonrythumb wp-image-2990\" src=\"https:\/\/www.geoparkzh.cz\/cs\/wp-content\/uploads\/sites\/2\/2022\/12\/02_hlinsko_quest_A4_tisk-page-001.jpg\" alt=\"\" width=\"2480\" height=\"3508\" srcset=\"https:\/\/www.geoparkzh.cz\/cs\/wp-content\/uploads\/sites\/2\/2022\/12\/02_hlinsko_quest_A4_tisk-page-001.jpg 2480w, https:\/\/www.geoparkzh.cz\/cs\/wp-content\/uploads\/sites\/2\/2022\/12\/02_hlinsko_quest_A4_tisk-page-001-212x300.jpg 212w, https:\/\/www.geoparkzh.cz\/cs\/wp-content\/uploads\/sites\/2\/2022\/12\/02_hlinsko_quest_A4_tisk-page-001-768x1086.jpg 768w, https:\/\/www.geoparkzh.cz\/cs\/wp-content\/uploads\/sites\/2\/2022\/12\/02_hlinsko_quest_A4_tisk-page-001-724x1024.jpg 724w, https:\/\/www.geoparkzh.cz\/cs\/wp-content\/uploads\/sites\/2\/2022\/12\/02_hlinsko_quest_A4_tisk-page-001-580x820.jpg 580w, https:\/\/www.geoparkzh.cz\/cs\/wp-content\/uploads\/sites\/2\/2022\/12\/02_hlinsko_quest_A4_tisk-page-001-820x1160.jpg 820w, https:\/\/www.geoparkzh.cz\/cs\/wp-content\/uploads\/sites\/2\/2022\/12\/02_hlinsko_quest_A4_tisk-page-001-1160x1641.jpg 1160w\" sizes=\"(max-width: 2480px) 100vw, 2480px\" \/> <img loading=\"lazy\" decoding=\"async\" class=\"aligncenter size-blogmasonrythumb wp-image-2989\" src=\"https:\/\/www.geoparkzh.cz\/cs\/wp-content\/uploads\/sites\/2\/2022\/12\/03_slatinany_quest_A4_tisk-page-001.jpg\" alt=\"\" width=\"2480\" height=\"3508\" srcset=\"https:\/\/www.geoparkzh.cz\/cs\/wp-content\/uploads\/sites\/2\/2022\/12\/03_slatinany_quest_A4_tisk-page-001.jpg 2480w, https:\/\/www.geoparkzh.cz\/cs\/wp-content\/uploads\/sites\/2\/2022\/12\/03_slatinany_quest_A4_tisk-page-001-212x300.jpg 212w, https:\/\/www.geoparkzh.cz\/cs\/wp-content\/uploads\/sites\/2\/2022\/12\/03_slatinany_quest_A4_tisk-page-001-768x1086.jpg 768w, https:\/\/www.geoparkzh.cz\/cs\/wp-content\/uploads\/sites\/2\/2022\/12\/03_slatinany_quest_A4_tisk-page-001-724x1024.jpg 724w, https:\/\/www.geoparkzh.cz\/cs\/wp-content\/uploads\/sites\/2\/2022\/12\/03_slatinany_quest_A4_tisk-page-001-580x820.jpg 580w, https:\/\/www.geoparkzh.cz\/cs\/wp-content\/uploads\/sites\/2\/2022\/12\/03_slatinany_quest_A4_tisk-page-001-820x1160.jpg 820w, https:\/\/www.geoparkzh.cz\/cs\/wp-content\/uploads\/sites\/2\/2022\/12\/03_slatinany_quest_A4_tisk-page-001-1160x1641.jpg 1160w\" sizes=\"(max-width: 2480px) 100vw, 2480px\" \/> <img loading=\"lazy\" decoding=\"async\" class=\"aligncenter size-blogmasonrythumb wp-image-2988\" src=\"https:\/\/www.geoparkzh.cz\/cs\/wp-content\/uploads\/sites\/2\/2022\/12\/04_nasavrky_quest_A4_tisk-page-001.jpg\" alt=\"\" width=\"2480\" height=\"3508\" srcset=\"https:\/\/www.geoparkzh.cz\/cs\/wp-content\/uploads\/sites\/2\/2022\/12\/04_nasavrky_quest_A4_tisk-page-001.jpg 2480w, https:\/\/www.geoparkzh.cz\/cs\/wp-content\/uploads\/sites\/2\/2022\/12\/04_nasavrky_quest_A4_tisk-page-001-212x300.jpg 212w, https:\/\/www.geoparkzh.cz\/cs\/wp-content\/uploads\/sites\/2\/2022\/12\/04_nasavrky_quest_A4_tisk-page-001-768x1086.jpg 768w, https:\/\/www.geoparkzh.cz\/cs\/wp-content\/uploads\/sites\/2\/2022\/12\/04_nasavrky_quest_A4_tisk-page-001-724x1024.jpg 724w, https:\/\/www.geoparkzh.cz\/cs\/wp-content\/uploads\/sites\/2\/2022\/12\/04_nasavrky_quest_A4_tisk-page-001-580x820.jpg 580w, https:\/\/www.geoparkzh.cz\/cs\/wp-content\/uploads\/sites\/2\/2022\/12\/04_nasavrky_quest_A4_tisk-page-001-820x1160.jpg 820w, https:\/\/www.geoparkzh.cz\/cs\/wp-content\/uploads\/sites\/2\/2022\/12\/04_nasavrky_quest_A4_tisk-page-001-1160x1641.jpg 1160w\" sizes=\"(max-width: 2480px) 100vw, 2480px\" \/> <img loading=\"lazy\" decoding=\"async\" class=\"aligncenter size-blogmasonrythumb wp-image-2987\" src=\"https:\/\/www.geoparkzh.cz\/cs\/wp-content\/uploads\/sites\/2\/2022\/12\/05_sec_quest_A4_tisk-page-001.jpg\" alt=\"\" width=\"2480\" height=\"3508\" srcset=\"https:\/\/www.geoparkzh.cz\/cs\/wp-content\/uploads\/sites\/2\/2022\/12\/05_sec_quest_A4_tisk-page-001.jpg 2480w, https:\/\/www.geoparkzh.cz\/cs\/wp-content\/uploads\/sites\/2\/2022\/12\/05_sec_quest_A4_tisk-page-001-212x300.jpg 212w, https:\/\/www.geoparkzh.cz\/cs\/wp-content\/uploads\/sites\/2\/2022\/12\/05_sec_quest_A4_tisk-page-001-768x1086.jpg 768w, https:\/\/www.geoparkzh.cz\/cs\/wp-content\/uploads\/sites\/2\/2022\/12\/05_sec_quest_A4_tisk-page-001-724x1024.jpg 724w, https:\/\/www.geoparkzh.cz\/cs\/wp-content\/uploads\/sites\/2\/2022\/12\/05_sec_quest_A4_tisk-page-001-580x820.jpg 580w, https:\/\/www.geoparkzh.cz\/cs\/wp-content\/uploads\/sites\/2\/2022\/12\/05_sec_quest_A4_tisk-page-001-820x1160.jpg 820w, https:\/\/www.geoparkzh.cz\/cs\/wp-content\/uploads\/sites\/2\/2022\/12\/05_sec_quest_A4_tisk-page-001-1160x1641.jpg 1160w\" sizes=\"(max-width: 2480px) 100vw, 2480px\" \/> <img loading=\"lazy\" decoding=\"async\" class=\"aligncenter size-blogmasonrythumb wp-image-2986\" src=\"https:\/\/www.geoparkzh.cz\/cs\/wp-content\/uploads\/sites\/2\/2022\/12\/06_hermanmestec_quest_A4_tisk-page-001.jpg\" alt=\"\" width=\"2480\" height=\"3508\" srcset=\"https:\/\/www.geoparkzh.cz\/cs\/wp-content\/uploads\/sites\/2\/2022\/12\/06_hermanmestec_quest_A4_tisk-page-001.jpg 2480w, https:\/\/www.geoparkzh.cz\/cs\/wp-content\/uploads\/sites\/2\/2022\/12\/06_hermanmestec_quest_A4_tisk-page-001-212x300.jpg 212w, https:\/\/www.geoparkzh.cz\/cs\/wp-content\/uploads\/sites\/2\/2022\/12\/06_hermanmestec_quest_A4_tisk-page-001-768x1086.jpg 768w, https:\/\/www.geoparkzh.cz\/cs\/wp-content\/uploads\/sites\/2\/2022\/12\/06_hermanmestec_quest_A4_tisk-page-001-724x1024.jpg 724w, https:\/\/www.geoparkzh.cz\/cs\/wp-content\/uploads\/sites\/2\/2022\/12\/06_hermanmestec_quest_A4_tisk-page-001-580x820.jpg 580w, https:\/\/www.geoparkzh.cz\/cs\/wp-content\/uploads\/sites\/2\/2022\/12\/06_hermanmestec_quest_A4_tisk-page-001-820x1160.jpg 820w, https:\/\/www.geoparkzh.cz\/cs\/wp-content\/uploads\/sites\/2\/2022\/12\/06_hermanmestec_quest_A4_tisk-page-001-1160x1641.jpg 1160w\" sizes=\"(max-width: 2480px) 100vw, 2480px\" \/> <img loading=\"lazy\" decoding=\"async\" class=\"aligncenter size-blogmasonrythumb wp-image-2985\" src=\"https:\/\/www.geoparkzh.cz\/cs\/wp-content\/uploads\/sites\/2\/2022\/12\/07_tremosnice_quest_A4_tisk-page-001.jpg\" alt=\"\" width=\"2480\" height=\"3508\" srcset=\"https:\/\/www.geoparkzh.cz\/cs\/wp-content\/uploads\/sites\/2\/2022\/12\/07_tremosnice_quest_A4_tisk-page-001.jpg 2480w, https:\/\/www.geoparkzh.cz\/cs\/wp-content\/uploads\/sites\/2\/2022\/12\/07_tremosnice_quest_A4_tisk-page-001-212x300.jpg 212w, https:\/\/www.geoparkzh.cz\/cs\/wp-content\/uploads\/sites\/2\/2022\/12\/07_tremosnice_quest_A4_tisk-page-001-768x1086.jpg 768w, https:\/\/www.geoparkzh.cz\/cs\/wp-content\/uploads\/sites\/2\/2022\/12\/07_tremosnice_quest_A4_tisk-page-001-724x1024.jpg 724w, https:\/\/www.geoparkzh.cz\/cs\/wp-content\/uploads\/sites\/2\/2022\/12\/07_tremosnice_quest_A4_tisk-page-001-580x820.jpg 580w, https:\/\/www.geoparkzh.cz\/cs\/wp-content\/uploads\/sites\/2\/2022\/12\/07_tremosnice_quest_A4_tisk-page-001-820x1160.jpg 820w, https:\/\/www.geoparkzh.cz\/cs\/wp-content\/uploads\/sites\/2\/2022\/12\/07_tremosnice_quest_A4_tisk-page-001-1160x1641.jpg 1160w\" sizes=\"(max-width: 2480px) 100vw, 2480px\" \/> <img loading=\"lazy\" decoding=\"async\" class=\"aligncenter size-blogmasonrythumb wp-image-2984\" src=\"https:\/\/www.geoparkzh.cz\/cs\/wp-content\/uploads\/sites\/2\/2022\/12\/08_skutec_quest_A4_tisk-page-001.jpg\" alt=\"\" width=\"2480\" height=\"3508\" srcset=\"https:\/\/www.geoparkzh.cz\/cs\/wp-content\/uploads\/sites\/2\/2022\/12\/08_skutec_quest_A4_tisk-page-001.jpg 2480w, https:\/\/www.geoparkzh.cz\/cs\/wp-content\/uploads\/sites\/2\/2022\/12\/08_skutec_quest_A4_tisk-page-001-212x300.jpg 212w, https:\/\/www.geoparkzh.cz\/cs\/wp-content\/uploads\/sites\/2\/2022\/12\/08_skutec_quest_A4_tisk-page-001-768x1086.jpg 768w, https:\/\/www.geoparkzh.cz\/cs\/wp-content\/uploads\/sites\/2\/2022\/12\/08_skutec_quest_A4_tisk-page-001-724x1024.jpg 724w, https:\/\/www.geoparkzh.cz\/cs\/wp-content\/uploads\/sites\/2\/2022\/12\/08_skutec_quest_A4_tisk-page-001-580x820.jpg 580w, https:\/\/www.geoparkzh.cz\/cs\/wp-content\/uploads\/sites\/2\/2022\/12\/08_skutec_quest_A4_tisk-page-001-820x1160.jpg 820w, https:\/\/www.geoparkzh.cz\/cs\/wp-content\/uploads\/sites\/2\/2022\/12\/08_skutec_quest_A4_tisk-page-001-1160x1641.jpg 1160w\" sizes=\"(max-width: 2480px) 100vw, 2480px\" \/> <img loading=\"lazy\" decoding=\"async\" class=\"aligncenter size-blogmasonrythumb wp-image-2983\" src=\"https:\/\/www.geoparkzh.cz\/cs\/wp-content\/uploads\/sites\/2\/2022\/12\/09_chrast_quest_A4_tisk-page-001.jpg\" alt=\"\" width=\"2480\" height=\"3508\" srcset=\"https:\/\/www.geoparkzh.cz\/cs\/wp-content\/uploads\/sites\/2\/2022\/12\/09_chrast_quest_A4_tisk-page-001.jpg 2480w, https:\/\/www.geoparkzh.cz\/cs\/wp-content\/uploads\/sites\/2\/2022\/12\/09_chrast_quest_A4_tisk-page-001-212x300.jpg 212w, https:\/\/www.geoparkzh.cz\/cs\/wp-content\/uploads\/sites\/2\/2022\/12\/09_chrast_quest_A4_tisk-page-001-768x1086.jpg 768w, https:\/\/www.geoparkzh.cz\/cs\/wp-content\/uploads\/sites\/2\/2022\/12\/09_chrast_quest_A4_tisk-page-001-724x1024.jpg 724w, https:\/\/www.geoparkzh.cz\/cs\/wp-content\/uploads\/sites\/2\/2022\/12\/09_chrast_quest_A4_tisk-page-001-580x820.jpg 580w, https:\/\/www.geoparkzh.cz\/cs\/wp-content\/uploads\/sites\/2\/2022\/12\/09_chrast_quest_A4_tisk-page-001-820x1160.jpg 820w, https:\/\/www.geoparkzh.cz\/cs\/wp-content\/uploads\/sites\/2\/2022\/12\/09_chrast_quest_A4_tisk-page-001-1160x1641.jpg 1160w\" sizes=\"(max-width: 2480px) 100vw, 2480px\" \/> <img loading=\"lazy\" decoding=\"async\" class=\"aligncenter size-blogmasonrythumb wp-image-2982\" src=\"https:\/\/www.geoparkzh.cz\/cs\/wp-content\/uploads\/sites\/2\/2022\/12\/10_luze_quest_A4_tisk-page-001.jpg\" alt=\"\" width=\"2480\" height=\"3508\" srcset=\"https:\/\/www.geoparkzh.cz\/cs\/wp-content\/uploads\/sites\/2\/2022\/12\/10_luze_quest_A4_tisk-page-001.jpg 2480w, https:\/\/www.geoparkzh.cz\/cs\/wp-content\/uploads\/sites\/2\/2022\/12\/10_luze_quest_A4_tisk-page-001-212x300.jpg 212w, https:\/\/www.geoparkzh.cz\/cs\/wp-content\/uploads\/sites\/2\/2022\/12\/10_luze_quest_A4_tisk-page-001-768x1086.jpg 768w, https:\/\/www.geoparkzh.cz\/cs\/wp-content\/uploads\/sites\/2\/2022\/12\/10_luze_quest_A4_tisk-page-001-724x1024.jpg 724w, https:\/\/www.geoparkzh.cz\/cs\/wp-content\/uploads\/sites\/2\/2022\/12\/10_luze_quest_A4_tisk-page-001-580x820.jpg 580w, https:\/\/www.geoparkzh.cz\/cs\/wp-content\/uploads\/sites\/2\/2022\/12\/10_luze_quest_A4_tisk-page-001-820x1160.jpg 820w, https:\/\/www.geoparkzh.cz\/cs\/wp-content\/uploads\/sites\/2\/2022\/12\/10_luze_quest_A4_tisk-page-001-1160x1641.jpg 1160w\" sizes=\"(max-width: 2480px) 100vw, 2480px\" \/> <img loading=\"lazy\" decoding=\"async\" class=\"aligncenter size-full wp-image-2981\" src=\"https:\/\/www.geoparkzh.cz\/cs\/wp-content\/uploads\/sites\/2\/2022\/12\/zadni_strana_tisk-page-001.jpg\" alt=\"\" width=\"2480\" height=\"3508\" srcset=\"https:\/\/www.geoparkzh.cz\/cs\/wp-content\/uploads\/sites\/2\/2022\/12\/zadni_strana_tisk-page-001.jpg 2480w, https:\/\/www.geoparkzh.cz\/cs\/wp-content\/uploads\/sites\/2\/2022\/12\/zadni_strana_tisk-page-001-212x300.jpg 212w, https:\/\/www.geoparkzh.cz\/cs\/wp-content\/uploads\/sites\/2\/2022\/12\/zadni_strana_tisk-page-001-768x1086.jpg 768w, https:\/\/www.geoparkzh.cz\/cs\/wp-content\/uploads\/sites\/2\/2022\/12\/zadni_strana_tisk-page-001-724x1024.jpg 724w, https:\/\/www.geoparkzh.cz\/cs\/wp-content\/uploads\/sites\/2\/2022\/12\/zadni_strana_tisk-page-001-580x820.jpg 580w, https:\/\/www.geoparkzh.cz\/cs\/wp-content\/uploads\/sites\/2\/2022\/12\/zadni_strana_tisk-page-001-820x1160.jpg 820w, https:\/\/www.geoparkzh.cz\/cs\/wp-content\/uploads\/sites\/2\/2022\/12\/zadni_strana_tisk-page-001-1160x1641.jpg 1160w\" sizes=\"(max-width: 2480px) 100vw, 2480px\" \/><\/p>\n<\/div>\n<\/div>\n<\/div>\n<\/div>\n<\/div>\n<\/div>\n<\/div>\n\n","protected":false},"excerpt":{"rendered":"","protected":false},"author":1,"featured_media":0,"parent":9,"menu_order":0,"comment_status":"closed","ping_status":"closed","template":"","meta":{"footnotes":""},"class_list":["post-1148","page","type-page","status-publish","hentry"],"_links":{"self":[{"href":"https:\/\/www.geoparkzh.cz\/cs\/wp-json\/wp\/v2\/pages\/1148"}],"collection":[{"href":"https:\/\/www.geoparkzh.cz\/cs\/wp-json\/wp\/v2\/pages"}],"about":[{"href":"https:\/\/www.geoparkzh.cz\/cs\/wp-json\/wp\/v2\/types\/page"}],"author":[{"embeddable":true,"href":"https:\/\/www.geoparkzh.cz\/cs\/wp-json\/wp\/v2\/users\/1"}],"replies":[{"embeddable":true,"href":"https:\/\/www.geoparkzh.cz\/cs\/wp-json\/wp\/v2\/comments?post=1148"}],"version-history":[{"count":27,"href":"https:\/\/www.geoparkzh.cz\/cs\/wp-json\/wp\/v2\/pages\/1148\/revisions"}],"predecessor-version":[{"id":2994,"href":"https:\/\/www.geoparkzh.cz\/cs\/wp-json\/wp\/v2\/pages\/1148\/revisions\/2994"}],"up":[{"embeddable":true,"href":"https:\/\/www.geoparkzh.cz\/cs\/wp-json\/wp\/v2\/pages\/9"}],"wp:attachment":[{"href":"https:\/\/www.geoparkzh.cz\/cs\/wp-json\/wp\/v2\/media?parent=1148"}],"curies":[{"name":"wp","href":"https:\/\/api.w.org\/{rel}","templated":true}]}}