{"id":1128,"date":"2018-02-27T17:40:20","date_gmt":"2018-02-27T16:40:20","guid":{"rendered":"https:\/\/www.geoparkzh.cz\/cs\/?page_id=1128"},"modified":"2019-02-24T09:08:42","modified_gmt":"2019-02-24T08:08:42","slug":"geopruvodce","status":"publish","type":"page","link":"https:\/\/www.geoparkzh.cz\/cs\/geoturistika\/geopruvodce\/","title":{"rendered":"Geopr\u016fvodce"},"content":{"rendered":"<style type=\"text\/css\"> \n#cmsms_row_69dec9179aabf .cmsms_row_outer_parent { \n\tpadding-top: 50px; \n} \n\n#cmsms_row_69dec9179aabf .cmsms_row_outer_parent { \n\tpadding-bottom: 0px; \n} \n\n \n#cmsms_row_69dec9179acc4 .cmsms_row_outer_parent { \n\tpadding-top: 10px; \n} \n\n#cmsms_row_69dec9179acc4 .cmsms_row_outer_parent { \n\tpadding-bottom: 10px; \n} \n\n \n#cmsms_divider_69dec9179adea { \n\tpadding-top:10px; \n\tmargin-bottom:10px; \n} \n \n#cmsms_row_69dec9179ae65 .cmsms_row_outer_parent { \n\tpadding-top: 20px; \n} \n\n#cmsms_row_69dec9179ae65 .cmsms_row_outer_parent { \n\tpadding-bottom: 50px; \n} \n\n \n#cmsms_row_69dec9179b058 .cmsms_row_outer_parent { \n\tpadding-top: 0px; \n} \n\n#cmsms_row_69dec9179b058 .cmsms_row_outer_parent { \n\tpadding-bottom: 20px; \n} \n\n#cmsms_row_69dec9179b058 .cmsms_row_inner.cmsms_row_fullwidth { \n\tpadding-left:25%; \n} \n#cmsms_row_69dec9179b058 .cmsms_row_inner.cmsms_row_fullwidth { \n\tpadding-right:25%; \n} \n \n#cmsms_divider_69dec9179b16c { \n\tpadding-top:10px; \n\tmargin-bottom:20px; \n} \n \n#cmsms_divider_69dec9179b1db { \n\tpadding-top:0px; \n\tmargin-bottom:20px; \n} \n \n#cmsms_row_69dec9179b8bd .cmsms_row_outer_parent { \n\tpadding-top: 0px; \n} \n\n#cmsms_row_69dec9179b8bd .cmsms_row_outer_parent { \n\tpadding-bottom: 50px; \n} \n\n#cmsms_row_69dec9179b8bd .cmsms_row_inner.cmsms_row_fullwidth { \n\tpadding-left:32%; \n} \n#cmsms_row_69dec9179b8bd .cmsms_row_inner.cmsms_row_fullwidth { \n\tpadding-right:32%; \n} \n<\/style><div id=\"cmsms_row_69dec9179aabf\" class=\"cmsms_row cmsms_color_scheme_default\">\n<div class=\"cmsms_row_outer_parent\">\n<div class=\"cmsms_row_outer\">\n<div class=\"cmsms_row_inner\">\n<div class=\"cmsms_row_margin\">\n<div class=\"cmsms_column one_first\">\n<div class=\"cmsms_text\">\n<h1 style=\"text-align: center\"><span style=\"color: #925683\">Geopark<\/span><span style=\"color: #000\"> &#8211; geoturistika<\/span><\/h1>\n<\/div>\n<\/div>\n<\/div>\n<\/div>\n<\/div>\n<\/div>\n<\/div>\n<div id=\"cmsms_row_69dec9179acc4\" class=\"cmsms_row cmsms_color_scheme_default\">\n<div class=\"cmsms_row_outer_parent\">\n<div class=\"cmsms_row_outer\">\n<div class=\"cmsms_row_inner\">\n<div class=\"cmsms_row_margin\">\n<div class=\"cmsms_column one_first\">\n<div id=\"cmsms_divider_69dec9179adea\" class=\"cmsms_divider solid\"><\/div>\n<\/div>\n<\/div>\n<\/div>\n<\/div>\n<\/div>\n<\/div>\n<div id=\"cmsms_row_69dec9179ae65\" class=\"cmsms_row cmsms_color_scheme_default\">\n<div class=\"cmsms_row_outer_parent\">\n<div class=\"cmsms_row_outer\">\n<div class=\"cmsms_row_inner\">\n<div class=\"cmsms_row_margin\">\n<div class=\"cmsms_column one_first\">\n<div class=\"cmsms_text nastred\">\n<p><a href=\"\/cs\/geoturistika\/informacni-centra\/\"><img decoding=\"async\" class=\"size-full aligncenter\" style=\"margin-right: 18px\" src=\"\/cs\/wp-content\/uploads\/sites\/2\/2018\/02\/informacni-centra.png\" alt=\"Informa\u010dn\u00ed centra\" \/><\/a> <a href=\"\/cs\/geoturistika\/stale-expozice\/\"><img decoding=\"async\" class=\"size-full aligncenter\" style=\"margin-right: 18px\" src=\"\/cs\/wp-content\/uploads\/sites\/2\/2018\/02\/stale-expozice.png\" alt=\"St\u00e1l\u00e1 expozice\" \/><\/a> <a href=\"\/cs\/geoturistika\/naucne-stezky\/\"><img decoding=\"async\" class=\"size-full aligncenter\" style=\"margin-right: 18px\" src=\"\/cs\/wp-content\/uploads\/sites\/2\/2018\/02\/naucne-stezky.png\" alt=\"Nau\u010dn\u00e9 stezky\" \/><\/a> <a href=\"\/cs\/geoturistika\/tipy-na-vylety\/\"><img decoding=\"async\" class=\"size-full aligncenter\" style=\"margin-right: 18px\" src=\"\/cs\/wp-content\/uploads\/sites\/2\/2018\/02\/tipy-na-vylety.png\" alt=\"Tipy na v\u00fdlety\" \/><\/a> <a href=\"\/cs\/geoturistika\/geopruvodce\/\"><img decoding=\"async\" class=\"size-full aligncenter\" style=\"margin-right: 18px\" src=\"\/cs\/wp-content\/uploads\/sites\/2\/2018\/02\/geopruvodce-on.png\" alt=\"Geopr\u016fvodce\" \/><\/a> <a href=\"\/cs\/geoturistika\/kde-se-to-tu-vzalo\/\"><img decoding=\"async\" class=\"size-full aligncenter\" style=\"margin-right: 18px;\" src=\"\/cs\/wp-content\/uploads\/sites\/2\/2018\/02\/kde-se-to-tu-vzalo.png\" alt=\"Kde se to tu vzalo\" \/><\/a><\/p>\n<\/div>\n<\/div>\n<\/div>\n<\/div>\n<\/div>\n<\/div>\n<\/div>\n<div id=\"cmsms_row_69dec9179b058\" class=\"cmsms_row cmsms_color_scheme_default\">\n<div class=\"cmsms_row_outer_parent\">\n<div class=\"cmsms_row_outer\">\n<div class=\"cmsms_row_inner cmsms_row_fullwidth\">\n<div class=\"cmsms_row_margin\">\n<div class=\"cmsms_column one_first\">\n<div id=\"cmsms_divider_69dec9179b16c\" class=\"cmsms_divider solid\"><\/div>\n<div class=\"cmsms_text\">\n<h2 style=\"text-align: center\">Geopr\u016fvodce<\/h2>\n<\/div>\n\n<div id=\"cmsms_divider_69dec9179b1db\" class=\"cmsms_divider solid\"><\/div>\n<div class=\"cmsms_text\">\n<p style=\"text-align: center\">Prezentace ze \u0161kolen\u00ed Geopr\u016fvodce NG\u017dH z 8.3. 2013 naleznete v sekci <a href=\"\/cs\/ke-stazeni\">Ke sta\u017een\u00ed<\/a>.<\/p>\n<p style=\"text-align: center\"><strong><u>Z d\u016fvod\u016f napln\u011bn\u00ed kapacity nen\u00ed ji\u017e registrace nov\u00fdch geopr\u016fvodc\u016f mo\u017en\u00e1.<\/u><\/strong><\/p>\n<p style=\"text-align: center\">\u0160kolen\u00ed je&nbsp;ur\u010deno v\u0161em z\u00e1jemc\u016fm o&nbsp;\u017delezn\u00e9 hory a&nbsp;jejich okol\u00ed, kte\u0159\u00ed jsou ochotni se&nbsp;u\u010dit nov\u00fdm v\u011bcem a&nbsp;neboj\u00ed se&nbsp;p\u0159ed\u00e1vat informace dal\u0161\u00edm lidem. V\u011bkov\u00fd limit nen\u00ed stanoven, \u00fa\u010dastnit se&nbsp;mohu jak studenti st\u0159edn\u00edch \u010di&nbsp;vysok\u00fdch \u0161kol, tak&nbsp;i&nbsp;z\u00e1jemci z&nbsp;\u0159ad penzist\u016f. Kapacita \u0161kolen\u00ed je&nbsp;p\u0159ibli\u017en\u011b 50 osob.<\/p>\n<\/div>\n<div class=\"aligncenter\">\n<div class=\"cmsms_img  cmsms_image_c\">\n<a href=\"\/wp-content\/uploads\/sites\/2\/2018\/03\/pozvanka-na-seminar-geopruvodce.pdf\" target=\"_blank\"><img decoding=\"async\" src=\"https:\/\/www.geoparkzh.cz\/cs\/wp-content\/uploads\/sites\/2\/2018\/02\/download-icon.png\" \/><\/a>\n<\/div>\n<\/div>\n<div class=\"cmsms_text\">\n<p style=\"text-align: center\"><a href=\"\/wp-content\/uploads\/sites\/2\/2018\/03\/pozvanka-na-seminar-geopruvodce.pdf\" target=\"_blank\" rel=\"noopener\">St\u00e1hn\u011bte si pozv\u00e1nku na semin\u00e1\u0159<\/a><\/p>\n<\/div>\n<\/div>\n<\/div>\n<\/div>\n<\/div>\n<\/div>\n<\/div>\n<div id=\"cmsms_row_69dec9179b8bd\" class=\"cmsms_row cmsms_color_scheme_default\">\n<div class=\"cmsms_row_outer_parent\">\n<div class=\"cmsms_row_outer\">\n<div class=\"cmsms_row_inner cmsms_row_fullwidth\">\n<div class=\"cmsms_row_margin\">\n<div class=\"cmsms_column one_first\">\n<div class=\"cmsms_text\">\n<p style=\"text-align: center\">Certifikace geopr\u016fvodc\u016f bude m\u00edt n\u011bkolik krok\u016f. Nejprve prob\u011bhne jednodenn\u00ed \u0161kolen\u00ed, kde&nbsp;budou formou p\u0159edn\u00e1\u0161ek prezentov\u00e1na t\u00e9mata geologick\u00e9ho a&nbsp;geoturistick\u00e9ho charakteru. \u00da\u010dastn\u00edci semin\u00e1\u0159e obdr\u017e\u00ed \u0159adu studijn\u00edch materi\u00e1l\u016f pro&nbsp;samostatn\u00e9 studium. N\u00e1sleduj\u00ed dv\u011b exkurze, v\u017edy na&nbsp;r\u016fzn\u00e1 t\u00e9mata. Od&nbsp;\u00fa\u010dastn\u00edk\u016f bude vy\u017eadov\u00e1na <strong>\u00fa\u010dast minim\u00e1ln\u011b na&nbsp;jedn\u00e9 exkurzi<\/strong>. Samostudium bude z\u00e1rove\u0148 prob\u00edhat na&nbsp;elektronick\u00e9m \u0161kol\u00edc\u00edm port\u00e1lu Univerzity Hradec Kr\u00e1lov\u00e9, kde&nbsp;budou \u00fa\u010dastn\u00edci muset proj\u00edt povinn\u00fdm testem.&nbsp;Ob\u010derstven\u00ed na&nbsp;exkurz\u00edch a&nbsp;semin\u00e1\u0159\u00edch&nbsp;je&nbsp;zaji\u0161t\u011bno.<\/p>\n<p style=\"text-align: center\"><strong>Semin\u00e1\u0159 ani exkurze nejsou zpoplatn\u011bny!<\/strong><\/p>\n<p style=\"text-align: center\">Ve&nbsp;vybran\u00fdch term\u00ednech bude cel\u00fd <strong>kurz ukon\u010den certifika\u010dn\u00ed \u00fastn\u00ed zkou\u0161kou<\/strong>, kde&nbsp;budou ov\u011b\u0159eny schopnosti a&nbsp;znalosti jednotliv\u00fdch&nbsp;\u00fa\u010dastn\u00edk\u016f.<\/p>\n<p style=\"text-align: center\">Dr\u017eitel certifik\u00e1tu \u201eGeopr\u016fvodce N\u00e1rodn\u00edho geoparku \u017delezn\u00e9 hory\u201c bude opr\u00e1vn\u011bn prov\u00e1zet turisty v&nbsp;r\u00e1mci turistick\u00fdch bal\u00ed\u010dk\u016f po&nbsp;\u00fazem\u00ed N\u00e1rodn\u00edho geoparku \u017delezn\u00e9 hory. Za&nbsp;pr\u016fvodcovskou \u010dinnost bude m\u00edt n\u00e1rok na&nbsp;finan\u010dn\u00ed odm\u011bnu&nbsp;dle nastaven\u00fdch pravidel&nbsp;a&nbsp;cen.<\/p>\n<p style=\"text-align: center\">Certifikovan\u00fd <strong>geopr\u016fvodce<\/strong> bude ve&nbsp;sv\u00fdch aktivit\u00e1ch <strong>pln\u011b pod\u0159\u00edzen veden\u00ed N\u00e1rodn\u00edho geoparku \u017delezn\u00e9 hory<\/strong> a&nbsp;nen\u00ed opr\u00e1vn\u011bn vyv\u00edjet vlastn\u00ed komer\u010dn\u00ed aktivity bez p\u0159edchoz\u00ed dohody s&nbsp;veden\u00edm geoparku. Poru\u0161en\u00ed tohoto pravidla m\u016f\u017ee v\u00e9st k&nbsp;odebr\u00e1n\u00ed certifik\u00e1tu.<\/p>\n<p style=\"text-align: center\">Geopr\u016fvodce mus\u00ed db\u00e1t z\u00e1kladn\u00edch pravidel slu\u0161n\u00e9ho chov\u00e1n\u00ed a&nbsp;dobr\u00fdch mrav\u016f, nesm\u00ed n\u00e1v\u0161t\u011bvn\u00edk\u016fm \u00famysln\u011b pod\u00e1vat myln\u00e9, zkreslen\u00e9 \u010di&nbsp;zcela chybn\u00e9 informace. Z\u00e1rove\u0148 mus\u00ed db\u00e1t na&nbsp;dobr\u00e9 jm\u00e9no N\u00e1rodn\u00edho geoparku \u017delezn\u00e9 hory a&nbsp;nesm\u00ed toto jm\u00e9no \u00famysln\u011b jakkoliv&nbsp;po\u0161kozovat.<\/p>\n<\/div>\n<\/div>\n<\/div>\n<\/div>\n<\/div>\n<\/div>\n<\/div>\n\n","protected":false},"excerpt":{"rendered":"","protected":false},"author":1,"featured_media":0,"parent":522,"menu_order":5,"comment_status":"closed","ping_status":"closed","template":"","meta":{"footnotes":""},"class_list":["post-1128","page","type-page","status-publish","hentry"],"_links":{"self":[{"href":"https:\/\/www.geoparkzh.cz\/cs\/wp-json\/wp\/v2\/pages\/1128"}],"collection":[{"href":"https:\/\/www.geoparkzh.cz\/cs\/wp-json\/wp\/v2\/pages"}],"about":[{"href":"https:\/\/www.geoparkzh.cz\/cs\/wp-json\/wp\/v2\/types\/page"}],"author":[{"embeddable":true,"href":"https:\/\/www.geoparkzh.cz\/cs\/wp-json\/wp\/v2\/users\/1"}],"replies":[{"embeddable":true,"href":"https:\/\/www.geoparkzh.cz\/cs\/wp-json\/wp\/v2\/comments?post=1128"}],"version-history":[{"count":26,"href":"https:\/\/www.geoparkzh.cz\/cs\/wp-json\/wp\/v2\/pages\/1128\/revisions"}],"predecessor-version":[{"id":2443,"href":"https:\/\/www.geoparkzh.cz\/cs\/wp-json\/wp\/v2\/pages\/1128\/revisions\/2443"}],"up":[{"embeddable":true,"href":"https:\/\/www.geoparkzh.cz\/cs\/wp-json\/wp\/v2\/pages\/522"}],"wp:attachment":[{"href":"https:\/\/www.geoparkzh.cz\/cs\/wp-json\/wp\/v2\/media?parent=1128"}],"curies":[{"name":"wp","href":"https:\/\/api.w.org\/{rel}","templated":true}]}}