{"id":1114,"date":"2018-02-27T17:13:54","date_gmt":"2018-02-27T16:13:54","guid":{"rendered":"https:\/\/www.geoparkzh.cz\/cs\/?page_id=1114"},"modified":"2019-02-24T09:08:30","modified_gmt":"2019-02-24T08:08:30","slug":"tipy-na-vylety","status":"publish","type":"page","link":"https:\/\/www.geoparkzh.cz\/cs\/geoturistika\/tipy-na-vylety\/","title":{"rendered":"Tipy na v\u00fdlety"},"content":{"rendered":"<style type=\"text\/css\"> \n#cmsms_row_69dec91799b1f .cmsms_row_outer_parent { \n\tpadding-top: 50px; \n} \n\n#cmsms_row_69dec91799b1f .cmsms_row_outer_parent { \n\tpadding-bottom: 0px; \n} \n\n \n#cmsms_row_69dec91799d48 .cmsms_row_outer_parent { \n\tpadding-top: 10px; \n} \n\n#cmsms_row_69dec91799d48 .cmsms_row_outer_parent { \n\tpadding-bottom: 10px; \n} \n\n \n#cmsms_divider_69dec91799e78 { \n\tpadding-top:10px; \n\tmargin-bottom:10px; \n} \n \n#cmsms_row_69dec91799efa .cmsms_row_outer_parent { \n\tpadding-top: 20px; \n} \n\n#cmsms_row_69dec91799efa .cmsms_row_outer_parent { \n\tpadding-bottom: 50px; \n} \n\n \n#cmsms_row_69dec9179a0a7 .cmsms_row_outer_parent { \n\tpadding-top: 0px; \n} \n\n#cmsms_row_69dec9179a0a7 .cmsms_row_outer_parent { \n\tpadding-bottom: 20px; \n} \n\n#cmsms_row_69dec9179a0a7 .cmsms_row_inner.cmsms_row_fullwidth { \n\tpadding-left:25%; \n} \n#cmsms_row_69dec9179a0a7 .cmsms_row_inner.cmsms_row_fullwidth { \n\tpadding-right:25%; \n} \n \n#cmsms_divider_69dec9179a169 { \n\tpadding-top:10px; \n\tmargin-bottom:10px; \n} \n \n#cmsms_divider_69dec9179a1d3 { \n\tpadding-top:0px; \n\tmargin-bottom:20px; \n} \n \n#cmsms_row_69dec9179a22e .cmsms_row_outer_parent { \n\tpadding-top: 0px; \n} \n\n#cmsms_row_69dec9179a22e .cmsms_row_outer_parent { \n\tpadding-bottom: 50px; \n} \n\n#cmsms_row_69dec9179a22e .cmsms_row_inner.cmsms_row_fullwidth { \n\tpadding-left:25%; \n} \n#cmsms_row_69dec9179a22e .cmsms_row_inner.cmsms_row_fullwidth { \n\tpadding-right:25%; \n} \n \n#cmsms_divider_69dec9179a368 { \n\tpadding-top:0px; \n\tmargin-bottom:20px; \n} \n \n#cmsms_row_69dec9179a40d .cmsms_row_outer_parent { \n\tpadding-top: 0px; \n} \n\n#cmsms_row_69dec9179a40d .cmsms_row_outer_parent { \n\tpadding-bottom: 50px; \n} \n\n#cmsms_row_69dec9179a40d .cmsms_row_inner.cmsms_row_fullwidth { \n\tpadding-left:25%; \n} \n#cmsms_row_69dec9179a40d .cmsms_row_inner.cmsms_row_fullwidth { \n\tpadding-right:25%; \n} \n \n#cmsms_divider_69dec9179a4e0 { \n\tpadding-top:0px; \n\tmargin-bottom:20px; \n} \n \n#cmsms_row_69dec9179a5d3 .cmsms_row_outer_parent { \n\tpadding-top: 0px; \n} \n\n#cmsms_row_69dec9179a5d3 .cmsms_row_outer_parent { \n\tpadding-bottom: 50px; \n} \n\n#cmsms_row_69dec9179a5d3 .cmsms_row_inner.cmsms_row_fullwidth { \n\tpadding-left:25%; \n} \n#cmsms_row_69dec9179a5d3 .cmsms_row_inner.cmsms_row_fullwidth { \n\tpadding-right:25%; \n} \n \n#cmsms_divider_69dec9179a705 { \n\tpadding-top:0px; \n\tmargin-bottom:20px; \n} \n<\/style><div id=\"cmsms_row_69dec91799b1f\" class=\"cmsms_row cmsms_color_scheme_default\">\n<div class=\"cmsms_row_outer_parent\">\n<div class=\"cmsms_row_outer\">\n<div class=\"cmsms_row_inner\">\n<div class=\"cmsms_row_margin\">\n<div class=\"cmsms_column one_first\">\n<div class=\"cmsms_text\">\n<h1 style=\"text-align: center\"><span style=\"color: #925683\">Geopark<\/span><span style=\"color: #000\"> &#8211; geoturistika<\/span><\/h1>\n<\/div>\n<\/div>\n<\/div>\n<\/div>\n<\/div>\n<\/div>\n<\/div>\n<div id=\"cmsms_row_69dec91799d48\" class=\"cmsms_row cmsms_color_scheme_default\">\n<div class=\"cmsms_row_outer_parent\">\n<div class=\"cmsms_row_outer\">\n<div class=\"cmsms_row_inner\">\n<div class=\"cmsms_row_margin\">\n<div class=\"cmsms_column one_first\">\n<div id=\"cmsms_divider_69dec91799e78\" class=\"cmsms_divider solid\"><\/div>\n<\/div>\n<\/div>\n<\/div>\n<\/div>\n<\/div>\n<\/div>\n<div id=\"cmsms_row_69dec91799efa\" class=\"cmsms_row cmsms_color_scheme_default\">\n<div class=\"cmsms_row_outer_parent\">\n<div class=\"cmsms_row_outer\">\n<div class=\"cmsms_row_inner\">\n<div class=\"cmsms_row_margin\">\n<div class=\"cmsms_column one_first\">\n<div class=\"cmsms_text nastred\">\n<p><a href=\"\/cs\/geoturistika\/informacni-centra\/\"><img decoding=\"async\" class=\"size-full aligncenter\" style=\"margin-right: 18px\" src=\"\/cs\/wp-content\/uploads\/sites\/2\/2018\/02\/informacni-centra.png\" alt=\"Informa\u010dn\u00ed centra\" \/><\/a> <a href=\"\/cs\/geoturistika\/stale-expozice\/\"><img decoding=\"async\" class=\"size-full aligncenter\" style=\"margin-right: 18px\" src=\"\/cs\/wp-content\/uploads\/sites\/2\/2018\/02\/stale-expozice.png\" alt=\"St\u00e1l\u00e1 expozice\" \/><\/a> <a href=\"\/cs\/geoturistika\/naucne-stezky\/\"><img decoding=\"async\" class=\"size-full aligncenter\" style=\"margin-right: 18px\" src=\"\/cs\/wp-content\/uploads\/sites\/2\/2018\/02\/naucne-stezky.png\" alt=\"Nau\u010dn\u00e9 stezky\" \/><\/a> <a href=\"\/cs\/geoturistika\/tipy-na-vylety\/\"><img decoding=\"async\" class=\"size-full aligncenter\" style=\"margin-right: 18px\" src=\"\/cs\/wp-content\/uploads\/sites\/2\/2018\/02\/tipy-na-vylety-on.png\" alt=\"Tipy na v\u00fdlety\" \/><\/a> <a href=\"\/cs\/geoturistika\/geopruvodce\/\"><img decoding=\"async\" class=\"size-full aligncenter\" style=\"margin-right: 18px\" src=\"\/cs\/wp-content\/uploads\/sites\/2\/2018\/02\/geopruvodce.png\" alt=\"Geopr\u016fvodce\" \/><\/a> <a href=\"\/cs\/geoturistika\/kde-se-to-tu-vzalo\/\"><img decoding=\"async\" class=\"size-full aligncenter\" style=\"margin-right: 18px;\" src=\"\/cs\/wp-content\/uploads\/sites\/2\/2018\/02\/kde-se-to-tu-vzalo.png\" alt=\"Kde se to tu vzalo\" \/><\/a><\/p>\n<\/div>\n<\/div>\n<\/div>\n<\/div>\n<\/div>\n<\/div>\n<\/div>\n<div id=\"cmsms_row_69dec9179a0a7\" class=\"cmsms_row cmsms_color_scheme_default\">\n<div class=\"cmsms_row_outer_parent\">\n<div class=\"cmsms_row_outer\">\n<div class=\"cmsms_row_inner cmsms_row_fullwidth\">\n<div class=\"cmsms_row_margin\">\n<div class=\"cmsms_column one_first\">\n<div id=\"cmsms_divider_69dec9179a169\" class=\"cmsms_divider solid\"><\/div>\n<div class=\"cmsms_text\">\n<h2 style=\"text-align: center\">Tipy na v\u00fdlety<\/h2>\n<\/div>\n\n<div id=\"cmsms_divider_69dec9179a1d3\" class=\"cmsms_divider solid\"><\/div>\n<\/div>\n<\/div>\n<\/div>\n<\/div>\n<\/div>\n<\/div>\n<div id=\"cmsms_row_69dec9179a22e\" class=\"cmsms_row cmsms_color_scheme_default\">\n<div class=\"cmsms_row_outer_parent\">\n<div class=\"cmsms_row_outer\">\n<div class=\"cmsms_row_inner cmsms_row_fullwidth\">\n<div class=\"cmsms_row_margin\">\n<div class=\"cmsms_column one_first\">\n<div class=\"cmsms_text\">\n<h2 style=\"text-align: center\"><strong>V\u00fdlety na Chrudimsku-Hlinecku<\/strong><\/h2>\n<p style=\"text-align: center\">Nev\u00edte kam na v\u00fdlety po Chrudimsku-Hlinecku? Tady je p\u00e1r tip\u016f:<\/p>\n<\/div>\n<div id=\"cmsms_divider_69dec9179a368\" class=\"cmsms_divider solid\"><\/div>\n<div class=\"cmsms_text\">\n<h3 style=\"text-align: center\">V\u00fdlety pro skupiny, cestovn\u00ed kancel\u00e1\u0159e a agentury<\/h3>\n<p style=\"text-align: center\">Pozn\u00e1vac\u00ed dvoudenn\u00ed v\u00fdlet v\u00e1s zavede na&nbsp;nejzaj\u00edmav\u011bj\u0161\u00ed m\u00edsta \u017delezn\u00fdch hor a&nbsp;podh\u016f\u0159\u00ed. Pod\u00edv\u00e1te se&nbsp;do&nbsp;loutk\u00e1\u0159sk\u00e9 Chrudimi nebo za&nbsp;starokladrubsk\u00fdm kon\u011bm. Atmosf\u00e9ra \u010das\u016f na\u0161ich babi\u010dek na&nbsp;v\u00e1s d\u00fdchne v&nbsp;jedn\u00e9 z&nbsp;nejnav\u0161t\u011bvovan\u011bj\u0161\u00edch pam\u00e1tek Pardubick\u00e9ho kraje, ve&nbsp;skanzenu lidov\u00e9 architektury na&nbsp;Vesel\u00e9m Kopci. V\u00edce info v&nbsp;n\u00ed\u017ee uveden\u00e9m let\u00e1ku.<br \/>\n<a href=\"\/cs\/wp-content\/uploads\/sites\/2\/2018\/02\/CK_vylety_web.pdf\"><img decoding=\"async\" src=\"\/cs\/wp-content\/uploads\/sites\/2\/2018\/02\/download-icon.png\" alt=\"Download\" \/><br \/>\nSt\u00e1hn\u011bte si PDF let\u00e1k zde&#8230;<\/a><\/p>\n<\/div>\n<\/div>\n<\/div>\n<\/div>\n<\/div>\n<\/div>\n<\/div>\n<div id=\"cmsms_row_69dec9179a40d\" class=\"cmsms_row cmsms_color_scheme_default\">\n<div class=\"cmsms_row_outer_parent\">\n<div class=\"cmsms_row_outer\">\n<div class=\"cmsms_row_inner cmsms_row_fullwidth\">\n<div class=\"cmsms_row_margin\">\n<div class=\"cmsms_column one_first\">\n<div id=\"cmsms_divider_69dec9179a4e0\" class=\"cmsms_divider solid\"><\/div>\n<div class=\"cmsms_text\">\n<h5 style=\"text-align: center\">V\u00fdlety v de\u0161ti<\/h5>\n<p style=\"text-align: center\">V&nbsp;p\u0159\u00edpad\u011b de\u0161tiv\u00e9ho po\u010das\u00ed v\u00e1m geopark nab\u00edz\u00ed n\u011bkolik muzejn\u00edch expozic. Vydejte se&nbsp;po&nbsp;stop\u00e1ch t\u011b\u017eby a&nbsp;zpracov\u00e1n\u00ed \u017euly na&nbsp;Skute\u010dsku, zav\u00edtejte do&nbsp;nitra star\u00e9 v\u00e1penn\u00e9 pece, p\u0159\u00edpadn\u011b se&nbsp;projd\u011bte po&nbsp;jedn\u00e9 z&nbsp;nejmlad\u0161\u00edch sopek v&nbsp;\u010cech\u00e1ch. V\u00edce info v&nbsp;n\u00ed\u017ee uveden\u00e9m let\u00e1ku.<br \/>\n<a href=\"\/cs\/wp-content\/uploads\/sites\/2\/2018\/02\/Vylety_v_desti.pdf\"><img decoding=\"async\" src=\"\/cs\/wp-content\/uploads\/sites\/2\/2018\/02\/download-icon.png\" alt=\"Download\" \/><br \/>\nSt\u00e1hn\u011bte si PDF let\u00e1k zde&#8230;<\/a><\/p>\n<\/div>\n<\/div>\n<\/div>\n<\/div>\n<\/div>\n<\/div>\n<\/div>\n<div id=\"cmsms_row_69dec9179a5d3\" class=\"cmsms_row cmsms_color_scheme_default\">\n<div class=\"cmsms_row_outer_parent\">\n<div class=\"cmsms_row_outer\">\n<div class=\"cmsms_row_inner cmsms_row_fullwidth\">\n<div class=\"cmsms_row_margin\">\n<div class=\"cmsms_column one_first\">\n<div id=\"cmsms_divider_69dec9179a705\" class=\"cmsms_divider solid\"><\/div>\n<div class=\"cmsms_text\">\n<h5 style=\"text-align: center\">Pond\u011bln\u00ed v\u00fdlety<\/h5>\n<p style=\"text-align: center\">Vydejte se&nbsp;na&nbsp;v\u00fdpravu do&nbsp;historie planety Zem\u011b. Nav\u0161tivte N\u00e1rodn\u00ed geopark \u017delezn\u00e9 hory. Geopark nen\u00ed jen&nbsp;sam\u00e9 kamen\u00ed, ale tak\u00e9 kultura, historie, p\u0159\u00edroda a&nbsp;z\u00e1bava. Geologie je&nbsp;v\u0161ude kolem n\u00e1s a&nbsp;proto j\u00ed nelze dokonce ani v&nbsp;pond\u011bl\u00ed uzav\u0159\u00edt. Geopark v\u00e1m nab\u00edz\u00ed \u0159adu tematick\u00fdch nau\u010dn\u00fdch stezek a&nbsp;velk\u00e9 mno\u017estv\u00ed zna\u010den\u00fdch lokalit. Vydejte se&nbsp;hledat kamenn\u00e1 st\u00e1da \u201epasouc\u00edch se\u201c kamenn\u00fdch blok\u016f nale\u0161t\u011bn\u00fdch hornin a&nbsp;za\u017eijte geologick\u00e9 p\u0159\u00edb\u011bhy pln\u00e9 dramatick\u00fdch z\u00e1pletek. V\u00edce info v&nbsp;n\u00ed\u017ee uveden\u00e9m let\u00e1ku.<br \/>\n<a href=\"\/cs\/wp-content\/uploads\/sites\/2\/2018\/02\/Pondelni_vylety.pdf\"><img decoding=\"async\" src=\"\/cs\/wp-content\/uploads\/sites\/2\/2018\/02\/download-icon.png\" alt=\"Download\" \/><br \/>\nSt\u00e1hn\u011bte si PDF let\u00e1k zde&#8230;<\/a><\/p>\n<\/div>\n<\/div>\n<\/div>\n<\/div>\n<\/div>\n<\/div>\n<\/div>\n\n","protected":false},"excerpt":{"rendered":"","protected":false},"author":1,"featured_media":0,"parent":522,"menu_order":4,"comment_status":"closed","ping_status":"closed","template":"","meta":{"footnotes":""},"class_list":["post-1114","page","type-page","status-publish","hentry"],"_links":{"self":[{"href":"https:\/\/www.geoparkzh.cz\/cs\/wp-json\/wp\/v2\/pages\/1114"}],"collection":[{"href":"https:\/\/www.geoparkzh.cz\/cs\/wp-json\/wp\/v2\/pages"}],"about":[{"href":"https:\/\/www.geoparkzh.cz\/cs\/wp-json\/wp\/v2\/types\/page"}],"author":[{"embeddable":true,"href":"https:\/\/www.geoparkzh.cz\/cs\/wp-json\/wp\/v2\/users\/1"}],"replies":[{"embeddable":true,"href":"https:\/\/www.geoparkzh.cz\/cs\/wp-json\/wp\/v2\/comments?post=1114"}],"version-history":[{"count":32,"href":"https:\/\/www.geoparkzh.cz\/cs\/wp-json\/wp\/v2\/pages\/1114\/revisions"}],"predecessor-version":[{"id":2442,"href":"https:\/\/www.geoparkzh.cz\/cs\/wp-json\/wp\/v2\/pages\/1114\/revisions\/2442"}],"up":[{"embeddable":true,"href":"https:\/\/www.geoparkzh.cz\/cs\/wp-json\/wp\/v2\/pages\/522"}],"wp:attachment":[{"href":"https:\/\/www.geoparkzh.cz\/cs\/wp-json\/wp\/v2\/media?parent=1114"}],"curies":[{"name":"wp","href":"https:\/\/api.w.org\/{rel}","templated":true}]}}